{"id":575,"date":"2016-08-18T11:13:17","date_gmt":"2016-08-18T11:13:17","guid":{"rendered":"http:\/\/csavoly.hu\/wp\/?page_id=575"},"modified":"2020-05-12T08:32:41","modified_gmt":"2020-05-12T06:32:41","slug":"bajai-jarasi-hivatal","status":"publish","type":"page","link":"https:\/\/csavoly.hu\/wp\/?page_id=575","title":{"rendered":"BAJAI J\u00c1R\u00c1SI HIVATAL"},"content":{"rendered":"<h1><a href=\"http:\/\/bkmkh.hu\/bajai_jarasi_hivatal\/a_jarasi_hivatal\/\">Bajai J\u00e1r\u00e1si Hivatal el\u00e9rhet\u0151s\u00e9gei, \u00fcgyf\u00e9lfogad\u00e1si ideje<\/a><\/h1>\n","protected":false},"excerpt":{"rendered":"<p>Bajai J\u00e1r\u00e1si Hivatal el\u00e9rhet\u0151s\u00e9gei, \u00fcgyf\u00e9lfogad\u00e1si ideje<\/p>\n","protected":false},"author":3,"featured_media":0,"parent":0,"menu_order":0,"comment_status":"closed","ping_status":"closed","template":"","meta":{"footnotes":""},"class_list":["post-575","page","type-page","status-publish","hentry"],"_links":{"self":[{"href":"https:\/\/csavoly.hu\/wp\/index.php?rest_route=\/wp\/v2\/pages\/575"}],"collection":[{"href":"https:\/\/csavoly.hu\/wp\/index.php?rest_route=\/wp\/v2\/pages"}],"about":[{"href":"https:\/\/csavoly.hu\/wp\/index.php?rest_route=\/wp\/v2\/types\/page"}],"author":[{"embeddable":true,"href":"https:\/\/csavoly.hu\/wp\/index.php?rest_route=\/wp\/v2\/users\/3"}],"replies":[{"embeddable":true,"href":"https:\/\/csavoly.hu\/wp\/index.php?rest_route=%2Fwp%2Fv2%2Fcomments&post=575"}],"version-history":[{"count":1,"href":"https:\/\/csavoly.hu\/wp\/index.php?rest_route=\/wp\/v2\/pages\/575\/revisions"}],"predecessor-version":[{"id":3096,"href":"https:\/\/csavoly.hu\/wp\/index.php?rest_route=\/wp\/v2\/pages\/575\/revisions\/3096"}],"wp:attachment":[{"href":"https:\/\/csavoly.hu\/wp\/index.php?rest_route=%2Fwp%2Fv2%2Fmedia&parent=575"}],"curies":[{"name":"wp","href":"https:\/\/api.w.org\/{rel}","templated":true}]}}