{"id":5860,"date":"2023-02-17T09:43:28","date_gmt":"2023-02-17T07:43:28","guid":{"rendered":"http:\/\/csavoly.hu\/wp\/?page_id=5860"},"modified":"2023-02-17T09:43:29","modified_gmt":"2023-02-17T07:43:29","slug":"eloadas-vidakovics-roza-eleterol","status":"publish","type":"page","link":"https:\/\/csavoly.hu\/wp\/?page_id=5860","title":{"rendered":"el\u0151ad\u00e1s vid\u00e1kovics r\u00f3za \u00e9let\u00e9r\u0151l"},"content":{"rendered":"\n<figure class=\"wp-block-image\"><a href=\"https:\/\/csavoly.hu\/wp\/wp-content\/uploads\/2023\/02\/331749410_589353179722282_6352521090362342837_n.jpg\" target=\"_blank\" rel=\"noreferrer noopener\"><img loading=\"lazy\" decoding=\"async\" width=\"3072\" height=\"2048\" src=\"https:\/\/csavoly.hu\/wp\/wp-content\/uploads\/2023\/02\/331749410_589353179722282_6352521090362342837_n.jpg\" alt=\"\" class=\"wp-image-5859\" srcset=\"https:\/\/csavoly.hu\/wp\/wp-content\/uploads\/2023\/02\/331749410_589353179722282_6352521090362342837_n.jpg 3072w, https:\/\/csavoly.hu\/wp\/wp-content\/uploads\/2023\/02\/331749410_589353179722282_6352521090362342837_n-768x512.jpg 768w\" sizes=\"(max-width: 3072px) 100vw, 3072px\" \/><\/a><\/figure>\n\n\n\n<figure class=\"wp-block-image\"><a href=\"https:\/\/csavoly.hu\/wp\/wp-content\/uploads\/2023\/02\/313371905_1289785741861602_40392187654605050_n.jpg\" target=\"_blank\" rel=\"noreferrer noopener\"><img loading=\"lazy\" decoding=\"async\" width=\"3072\" height=\"2048\" src=\"https:\/\/csavoly.hu\/wp\/wp-content\/uploads\/2023\/02\/313371905_1289785741861602_40392187654605050_n.jpg\" alt=\"\" class=\"wp-image-5858\" srcset=\"https:\/\/csavoly.hu\/wp\/wp-content\/uploads\/2023\/02\/313371905_1289785741861602_40392187654605050_n.jpg 3072w, https:\/\/csavoly.hu\/wp\/wp-content\/uploads\/2023\/02\/313371905_1289785741861602_40392187654605050_n-768x512.jpg 768w\" sizes=\"(max-width: 3072px) 100vw, 3072px\" \/><\/a><\/figure>\n\n\n\n<figure class=\"wp-block-image\"><a href=\"https:\/\/csavoly.hu\/wp\/wp-content\/uploads\/2023\/02\/331701196_721802599349974_4386688839555374987_n.jpg\" target=\"_blank\" rel=\"noreferrer noopener\"><img loading=\"lazy\" decoding=\"async\" width=\"3072\" height=\"2048\" src=\"https:\/\/csavoly.hu\/wp\/wp-content\/uploads\/2023\/02\/331701196_721802599349974_4386688839555374987_n.jpg\" alt=\"\" class=\"wp-image-5857\" srcset=\"https:\/\/csavoly.hu\/wp\/wp-content\/uploads\/2023\/02\/331701196_721802599349974_4386688839555374987_n.jpg 3072w, https:\/\/csavoly.hu\/wp\/wp-content\/uploads\/2023\/02\/331701196_721802599349974_4386688839555374987_n-768x512.jpg 768w\" sizes=\"(max-width: 3072px) 100vw, 3072px\" \/><\/a><\/figure>\n\n\n\n<figure class=\"wp-block-image\"><a href=\"https:\/\/csavoly.hu\/wp\/wp-content\/uploads\/2023\/02\/314667762_793268555109391_1573597035904350914_n.jpg\" target=\"_blank\" rel=\"noreferrer noopener\"><img loading=\"lazy\" decoding=\"async\" width=\"3072\" height=\"2048\" src=\"https:\/\/csavoly.hu\/wp\/wp-content\/uploads\/2023\/02\/314667762_793268555109391_1573597035904350914_n.jpg\" alt=\"\" class=\"wp-image-5856\" srcset=\"https:\/\/csavoly.hu\/wp\/wp-content\/uploads\/2023\/02\/314667762_793268555109391_1573597035904350914_n.jpg 3072w, https:\/\/csavoly.hu\/wp\/wp-content\/uploads\/2023\/02\/314667762_793268555109391_1573597035904350914_n-768x512.jpg 768w\" sizes=\"(max-width: 3072px) 100vw, 3072px\" \/><\/a><\/figure>\n\n\n\n<figure class=\"wp-block-image\"><a href=\"https:\/\/csavoly.hu\/wp\/wp-content\/uploads\/2023\/02\/326628507_6237703329593871_2108528594275728740_n.jpg\" target=\"_blank\" rel=\"noreferrer noopener\"><img loading=\"lazy\" decoding=\"async\" width=\"3072\" height=\"2048\" src=\"https:\/\/csavoly.hu\/wp\/wp-content\/uploads\/2023\/02\/326628507_6237703329593871_2108528594275728740_n.jpg\" alt=\"\" class=\"wp-image-5855\" srcset=\"https:\/\/csavoly.hu\/wp\/wp-content\/uploads\/2023\/02\/326628507_6237703329593871_2108528594275728740_n.jpg 3072w, https:\/\/csavoly.hu\/wp\/wp-content\/uploads\/2023\/02\/326628507_6237703329593871_2108528594275728740_n-768x512.jpg 768w\" sizes=\"(max-width: 3072px) 100vw, 3072px\" \/><\/a><\/figure>\n<div class=\"pvc_clear\"><\/div><p id=\"pvc_stats_5860\" class=\"pvc_stats all  \" data-element-id=\"5860\" style=\"\"><i class=\"pvc-stats-icon medium\" aria-hidden=\"true\"><svg aria-hidden=\"true\" focusable=\"false\" data-prefix=\"far\" data-icon=\"chart-bar\" role=\"img\" xmlns=\"http:\/\/www.w3.org\/2000\/svg\" viewBox=\"0 0 512 512\" class=\"svg-inline--fa fa-chart-bar fa-w-16 fa-2x\"><path fill=\"currentColor\" d=\"M396.8 352h22.4c6.4 0 12.8-6.4 12.8-12.8V108.8c0-6.4-6.4-12.8-12.8-12.8h-22.4c-6.4 0-12.8 6.4-12.8 12.8v230.4c0 6.4 6.4 12.8 12.8 12.8zm-192 0h22.4c6.4 0 12.8-6.4 12.8-12.8V140.8c0-6.4-6.4-12.8-12.8-12.8h-22.4c-6.4 0-12.8 6.4-12.8 12.8v198.4c0 6.4 6.4 12.8 12.8 12.8zm96 0h22.4c6.4 0 12.8-6.4 12.8-12.8V204.8c0-6.4-6.4-12.8-12.8-12.8h-22.4c-6.4 0-12.8 6.4-12.8 12.8v134.4c0 6.4 6.4 12.8 12.8 12.8zM496 400H48V80c0-8.84-7.16-16-16-16H16C7.16 64 0 71.16 0 80v336c0 17.67 14.33 32 32 32h464c8.84 0 16-7.16 16-16v-16c0-8.84-7.16-16-16-16zm-387.2-48h22.4c6.4 0 12.8-6.4 12.8-12.8v-70.4c0-6.4-6.4-12.8-12.8-12.8h-22.4c-6.4 0-12.8 6.4-12.8 12.8v70.4c0 6.4 6.4 12.8 12.8 12.8z\" class=\"\"><\/path><\/svg><\/i> <img loading=\"lazy\" decoding=\"async\" width=\"16\" height=\"16\" alt=\"Loading\" src=\"https:\/\/csavoly.hu\/wp\/wp-content\/plugins\/page-views-count\/ajax-loader-2x.gif\" border=0 \/><\/p><div class=\"pvc_clear\"><\/div>","protected":false},"excerpt":{"rendered":"<div class=\"pvc_clear\"><\/div>\n<p id=\"pvc_stats_5860\" class=\"pvc_stats all  \" data-element-id=\"5860\" style=\"\"><i class=\"pvc-stats-icon medium\" aria-hidden=\"true\"><svg aria-hidden=\"true\" focusable=\"false\" data-prefix=\"far\" data-icon=\"chart-bar\" role=\"img\" xmlns=\"http:\/\/www.w3.org\/2000\/svg\" viewBox=\"0 0 512 512\" class=\"svg-inline--fa fa-chart-bar fa-w-16 fa-2x\"><path fill=\"currentColor\" d=\"M396.8 352h22.4c6.4 0 12.8-6.4 12.8-12.8V108.8c0-6.4-6.4-12.8-12.8-12.8h-22.4c-6.4 0-12.8 6.4-12.8 12.8v230.4c0 6.4 6.4 12.8 12.8 12.8zm-192 0h22.4c6.4 0 12.8-6.4 12.8-12.8V140.8c0-6.4-6.4-12.8-12.8-12.8h-22.4c-6.4 0-12.8 6.4-12.8 12.8v198.4c0 6.4 6.4 12.8 12.8 12.8zm96 0h22.4c6.4 0 12.8-6.4 12.8-12.8V204.8c0-6.4-6.4-12.8-12.8-12.8h-22.4c-6.4 0-12.8 6.4-12.8 12.8v134.4c0 6.4 6.4 12.8 12.8 12.8zM496 400H48V80c0-8.84-7.16-16-16-16H16C7.16 64 0 71.16 0 80v336c0 17.67 14.33 32 32 32h464c8.84 0 16-7.16 16-16v-16c0-8.84-7.16-16-16-16zm-387.2-48h22.4c6.4 0 12.8-6.4 12.8-12.8v-70.4c0-6.4-6.4-12.8-12.8-12.8h-22.4c-6.4 0-12.8 6.4-12.8 12.8v70.4c0 6.4 6.4 12.8 12.8 12.8z\" class=\"\"><\/path><\/svg><\/i> <img loading=\"lazy\" decoding=\"async\" width=\"16\" height=\"16\" alt=\"Loading\" src=\"https:\/\/csavoly.hu\/wp\/wp-content\/plugins\/page-views-count\/ajax-loader-2x.gif\" border=0 \/><\/p>\n<div class=\"pvc_clear\"><\/div>\n","protected":false},"author":3,"featured_media":0,"parent":0,"menu_order":0,"comment_status":"closed","ping_status":"closed","template":"","meta":{"footnotes":""},"class_list":["post-5860","page","type-page","status-publish","hentry"],"_links":{"self":[{"href":"https:\/\/csavoly.hu\/wp\/index.php?rest_route=\/wp\/v2\/pages\/5860"}],"collection":[{"href":"https:\/\/csavoly.hu\/wp\/index.php?rest_route=\/wp\/v2\/pages"}],"about":[{"href":"https:\/\/csavoly.hu\/wp\/index.php?rest_route=\/wp\/v2\/types\/page"}],"author":[{"embeddable":true,"href":"https:\/\/csavoly.hu\/wp\/index.php?rest_route=\/wp\/v2\/users\/3"}],"replies":[{"embeddable":true,"href":"https:\/\/csavoly.hu\/wp\/index.php?rest_route=%2Fwp%2Fv2%2Fcomments&post=5860"}],"version-history":[{"count":1,"href":"https:\/\/csavoly.hu\/wp\/index.php?rest_route=\/wp\/v2\/pages\/5860\/revisions"}],"predecessor-version":[{"id":5861,"href":"https:\/\/csavoly.hu\/wp\/index.php?rest_route=\/wp\/v2\/pages\/5860\/revisions\/5861"}],"wp:attachment":[{"href":"https:\/\/csavoly.hu\/wp\/index.php?rest_route=%2Fwp%2Fv2%2Fmedia&parent=5860"}],"curies":[{"name":"wp","href":"https:\/\/api.w.org\/{rel}","templated":true}]}}