{"id":5871,"date":"2023-02-17T11:13:31","date_gmt":"2023-02-17T09:13:31","guid":{"rendered":"http:\/\/csavoly.hu\/wp\/?page_id=5871"},"modified":"2023-02-17T11:13:32","modified_gmt":"2023-02-17T09:13:32","slug":"kirandulas-senj-varosaban-eloadas","status":"publish","type":"page","link":"https:\/\/csavoly.hu\/wp\/?page_id=5871","title":{"rendered":"&#8222;kir\u00e1ndul\u00e1s Senj v\u00e1ros\u00e1ban&#8221; el\u0151ad\u00e1s"},"content":{"rendered":"\n<figure class=\"wp-block-image\"><a href=\"https:\/\/csavoly.hu\/wp\/wp-content\/uploads\/2023\/02\/310939663_393190359693510_4995378111088484533_n.jpg\" target=\"_blank\" rel=\"noreferrer noopener\"><img loading=\"lazy\" decoding=\"async\" width=\"3072\" height=\"2048\" src=\"https:\/\/csavoly.hu\/wp\/wp-content\/uploads\/2023\/02\/310939663_393190359693510_4995378111088484533_n.jpg\" alt=\"\" class=\"wp-image-5870\" srcset=\"https:\/\/csavoly.hu\/wp\/wp-content\/uploads\/2023\/02\/310939663_393190359693510_4995378111088484533_n.jpg 3072w, https:\/\/csavoly.hu\/wp\/wp-content\/uploads\/2023\/02\/310939663_393190359693510_4995378111088484533_n-768x512.jpg 768w\" sizes=\"(max-width: 3072px) 100vw, 3072px\" \/><\/a><\/figure>\n\n\n\n<figure class=\"wp-block-image\"><a href=\"https:\/\/csavoly.hu\/wp\/wp-content\/uploads\/2023\/02\/331129497_692657045938375_8337291681556243892_n.jpg\" target=\"_blank\" rel=\"noreferrer noopener\"><img loading=\"lazy\" decoding=\"async\" width=\"3072\" height=\"2048\" src=\"https:\/\/csavoly.hu\/wp\/wp-content\/uploads\/2023\/02\/331129497_692657045938375_8337291681556243892_n.jpg\" alt=\"\" class=\"wp-image-5869\" srcset=\"https:\/\/csavoly.hu\/wp\/wp-content\/uploads\/2023\/02\/331129497_692657045938375_8337291681556243892_n.jpg 3072w, https:\/\/csavoly.hu\/wp\/wp-content\/uploads\/2023\/02\/331129497_692657045938375_8337291681556243892_n-768x512.jpg 768w\" sizes=\"(max-width: 3072px) 100vw, 3072px\" \/><\/a><\/figure>\n\n\n\n<figure class=\"wp-block-image\"><a href=\"https:\/\/csavoly.hu\/wp\/wp-content\/uploads\/2023\/02\/310803232_799686171373933_4729374965178468833_n.jpg\" target=\"_blank\" rel=\"noreferrer noopener\"><img loading=\"lazy\" decoding=\"async\" width=\"3072\" height=\"2048\" src=\"https:\/\/csavoly.hu\/wp\/wp-content\/uploads\/2023\/02\/310803232_799686171373933_4729374965178468833_n.jpg\" alt=\"\" class=\"wp-image-5868\" srcset=\"https:\/\/csavoly.hu\/wp\/wp-content\/uploads\/2023\/02\/310803232_799686171373933_4729374965178468833_n.jpg 3072w, https:\/\/csavoly.hu\/wp\/wp-content\/uploads\/2023\/02\/310803232_799686171373933_4729374965178468833_n-768x512.jpg 768w\" sizes=\"(max-width: 3072px) 100vw, 3072px\" \/><\/a><\/figure>\n\n\n\n<figure class=\"wp-block-image\"><a href=\"https:\/\/csavoly.hu\/wp\/wp-content\/uploads\/2023\/02\/330778075_783791196702076_3977682790049011799_n.jpg\" target=\"_blank\" rel=\"noreferrer noopener\"><img loading=\"lazy\" decoding=\"async\" width=\"3072\" height=\"2048\" src=\"https:\/\/csavoly.hu\/wp\/wp-content\/uploads\/2023\/02\/330778075_783791196702076_3977682790049011799_n.jpg\" alt=\"\" class=\"wp-image-5867\" srcset=\"https:\/\/csavoly.hu\/wp\/wp-content\/uploads\/2023\/02\/330778075_783791196702076_3977682790049011799_n.jpg 3072w, https:\/\/csavoly.hu\/wp\/wp-content\/uploads\/2023\/02\/330778075_783791196702076_3977682790049011799_n-768x512.jpg 768w\" sizes=\"(max-width: 3072px) 100vw, 3072px\" \/><\/a><\/figure>\n\n\n\n<figure class=\"wp-block-image\"><a href=\"https:\/\/csavoly.hu\/wp\/wp-content\/uploads\/2023\/02\/330955680_923022105411601_2576311258387065918_n.jpg\" target=\"_blank\" rel=\"noreferrer noopener\"><img loading=\"lazy\" decoding=\"async\" width=\"3072\" height=\"2048\" src=\"https:\/\/csavoly.hu\/wp\/wp-content\/uploads\/2023\/02\/330955680_923022105411601_2576311258387065918_n.jpg\" alt=\"\" class=\"wp-image-5866\" srcset=\"https:\/\/csavoly.hu\/wp\/wp-content\/uploads\/2023\/02\/330955680_923022105411601_2576311258387065918_n.jpg 3072w, https:\/\/csavoly.hu\/wp\/wp-content\/uploads\/2023\/02\/330955680_923022105411601_2576311258387065918_n-768x512.jpg 768w\" sizes=\"(max-width: 3072px) 100vw, 3072px\" \/><\/a><\/figure>\n<div class=\"pvc_clear\"><\/div><p id=\"pvc_stats_5871\" class=\"pvc_stats all  \" data-element-id=\"5871\" style=\"\"><i class=\"pvc-stats-icon medium\" aria-hidden=\"true\"><svg aria-hidden=\"true\" focusable=\"false\" data-prefix=\"far\" data-icon=\"chart-bar\" role=\"img\" xmlns=\"http:\/\/www.w3.org\/2000\/svg\" viewBox=\"0 0 512 512\" class=\"svg-inline--fa fa-chart-bar fa-w-16 fa-2x\"><path fill=\"currentColor\" d=\"M396.8 352h22.4c6.4 0 12.8-6.4 12.8-12.8V108.8c0-6.4-6.4-12.8-12.8-12.8h-22.4c-6.4 0-12.8 6.4-12.8 12.8v230.4c0 6.4 6.4 12.8 12.8 12.8zm-192 0h22.4c6.4 0 12.8-6.4 12.8-12.8V140.8c0-6.4-6.4-12.8-12.8-12.8h-22.4c-6.4 0-12.8 6.4-12.8 12.8v198.4c0 6.4 6.4 12.8 12.8 12.8zm96 0h22.4c6.4 0 12.8-6.4 12.8-12.8V204.8c0-6.4-6.4-12.8-12.8-12.8h-22.4c-6.4 0-12.8 6.4-12.8 12.8v134.4c0 6.4 6.4 12.8 12.8 12.8zM496 400H48V80c0-8.84-7.16-16-16-16H16C7.16 64 0 71.16 0 80v336c0 17.67 14.33 32 32 32h464c8.84 0 16-7.16 16-16v-16c0-8.84-7.16-16-16-16zm-387.2-48h22.4c6.4 0 12.8-6.4 12.8-12.8v-70.4c0-6.4-6.4-12.8-12.8-12.8h-22.4c-6.4 0-12.8 6.4-12.8 12.8v70.4c0 6.4 6.4 12.8 12.8 12.8z\" class=\"\"><\/path><\/svg><\/i> <img loading=\"lazy\" decoding=\"async\" width=\"16\" height=\"16\" alt=\"Loading\" src=\"https:\/\/csavoly.hu\/wp\/wp-content\/plugins\/page-views-count\/ajax-loader-2x.gif\" border=0 \/><\/p><div class=\"pvc_clear\"><\/div>","protected":false},"excerpt":{"rendered":"<div class=\"pvc_clear\"><\/div>\n<p id=\"pvc_stats_5871\" class=\"pvc_stats all  \" data-element-id=\"5871\" style=\"\"><i class=\"pvc-stats-icon medium\" aria-hidden=\"true\"><svg aria-hidden=\"true\" focusable=\"false\" data-prefix=\"far\" data-icon=\"chart-bar\" role=\"img\" xmlns=\"http:\/\/www.w3.org\/2000\/svg\" viewBox=\"0 0 512 512\" class=\"svg-inline--fa fa-chart-bar fa-w-16 fa-2x\"><path fill=\"currentColor\" d=\"M396.8 352h22.4c6.4 0 12.8-6.4 12.8-12.8V108.8c0-6.4-6.4-12.8-12.8-12.8h-22.4c-6.4 0-12.8 6.4-12.8 12.8v230.4c0 6.4 6.4 12.8 12.8 12.8zm-192 0h22.4c6.4 0 12.8-6.4 12.8-12.8V140.8c0-6.4-6.4-12.8-12.8-12.8h-22.4c-6.4 0-12.8 6.4-12.8 12.8v198.4c0 6.4 6.4 12.8 12.8 12.8zm96 0h22.4c6.4 0 12.8-6.4 12.8-12.8V204.8c0-6.4-6.4-12.8-12.8-12.8h-22.4c-6.4 0-12.8 6.4-12.8 12.8v134.4c0 6.4 6.4 12.8 12.8 12.8zM496 400H48V80c0-8.84-7.16-16-16-16H16C7.16 64 0 71.16 0 80v336c0 17.67 14.33 32 32 32h464c8.84 0 16-7.16 16-16v-16c0-8.84-7.16-16-16-16zm-387.2-48h22.4c6.4 0 12.8-6.4 12.8-12.8v-70.4c0-6.4-6.4-12.8-12.8-12.8h-22.4c-6.4 0-12.8 6.4-12.8 12.8v70.4c0 6.4 6.4 12.8 12.8 12.8z\" class=\"\"><\/path><\/svg><\/i> <img loading=\"lazy\" decoding=\"async\" width=\"16\" height=\"16\" alt=\"Loading\" src=\"https:\/\/csavoly.hu\/wp\/wp-content\/plugins\/page-views-count\/ajax-loader-2x.gif\" border=0 \/><\/p>\n<div class=\"pvc_clear\"><\/div>\n","protected":false},"author":3,"featured_media":0,"parent":0,"menu_order":0,"comment_status":"closed","ping_status":"closed","template":"","meta":{"footnotes":""},"class_list":["post-5871","page","type-page","status-publish","hentry"],"_links":{"self":[{"href":"https:\/\/csavoly.hu\/wp\/index.php?rest_route=\/wp\/v2\/pages\/5871"}],"collection":[{"href":"https:\/\/csavoly.hu\/wp\/index.php?rest_route=\/wp\/v2\/pages"}],"about":[{"href":"https:\/\/csavoly.hu\/wp\/index.php?rest_route=\/wp\/v2\/types\/page"}],"author":[{"embeddable":true,"href":"https:\/\/csavoly.hu\/wp\/index.php?rest_route=\/wp\/v2\/users\/3"}],"replies":[{"embeddable":true,"href":"https:\/\/csavoly.hu\/wp\/index.php?rest_route=%2Fwp%2Fv2%2Fcomments&post=5871"}],"version-history":[{"count":1,"href":"https:\/\/csavoly.hu\/wp\/index.php?rest_route=\/wp\/v2\/pages\/5871\/revisions"}],"predecessor-version":[{"id":5872,"href":"https:\/\/csavoly.hu\/wp\/index.php?rest_route=\/wp\/v2\/pages\/5871\/revisions\/5872"}],"wp:attachment":[{"href":"https:\/\/csavoly.hu\/wp\/index.php?rest_route=%2Fwp%2Fv2%2Fmedia&parent=5871"}],"curies":[{"name":"wp","href":"https:\/\/api.w.org\/{rel}","templated":true}]}}