{"id":607,"date":"2016-08-24T11:18:14","date_gmt":"2016-08-24T11:18:14","guid":{"rendered":"http:\/\/csavoly.hu\/wp\/?page_id=607"},"modified":"2016-08-24T11:18:14","modified_gmt":"2016-08-24T11:18:14","slug":"csaladi-nap-life-fesztival","status":"publish","type":"page","link":"https:\/\/csavoly.hu\/wp\/?page_id=607","title":{"rendered":"CSAL\u00c1DI NAP &#038; LIFE FESZTIV\u00c1L"},"content":{"rendered":"<p>Imm\u00e1ron negyedik alkalommal szervezt\u00fck meg az IKSZT udvar\u00e1n a minden \u00e9vben augusztus 20-hoz k\u00f6thet\u0151 csal\u00e1di napunkat, ahol egy igazi boh\u00f3c sz\u00f3rakoztatta a gyerekeket, majd lufikat hajtogatott eg\u00e9szen estig. Eg\u00e9sz d\u00e9lut\u00e1n n\u00e9pi j\u00e1t\u00e9kokkal j\u00e1tszhattak a kis lurk\u00f3k, a fel\u00e1ll\u00edtott trambulinon ugr\u00e1lhattak, \u00e9s igazi western hangulatban \u00e9rezhett\u00e9k j\u00f3l magukat eg\u00e9sz d\u00e9lut\u00e1n a disz\u00edt\u00e9snak k\u00f6sz\u00f6nhet\u0151en. Ingyen limon\u00e1d\u00e9val, \u00e9s a m\u00e1r megszokott ingyen l\u00e1ngossal, -amit k\u00fcl\u00f6n k\u00f6sz\u00f6n\u00fcnk ism\u00e9t R\u00e1cz Ferinek \u00e9s csapat\u00e1nak-, v\u00e1rtunk nagy szeretettel k\u00f6zs\u00e9g\u00fcnk apraj\u00e1t-nagyj\u00e1t.<\/p>\n<p><a href=\"https:\/\/csavoly.hu\/wp\/wp-content\/uploads\/2016\/08\/DSCF2605.jpg\"><img loading=\"lazy\" decoding=\"async\" class=\"alignnone size-medium wp-image-596\" src=\"https:\/\/csavoly.hu\/wp\/wp-content\/uploads\/2016\/08\/DSCF2605-300x225.jpg\" alt=\"DSCF2605\" width=\"300\" height=\"225\" srcset=\"https:\/\/csavoly.hu\/wp\/wp-content\/uploads\/2016\/08\/DSCF2605-300x225.jpg 300w, https:\/\/csavoly.hu\/wp\/wp-content\/uploads\/2016\/08\/DSCF2605-1024x768.jpg 1024w, https:\/\/csavoly.hu\/wp\/wp-content\/uploads\/2016\/08\/DSCF2605.jpg 2048w\" sizes=\"(max-width: 300px) 100vw, 300px\" \/><\/a><a href=\"https:\/\/csavoly.hu\/wp\/wp-content\/uploads\/2016\/08\/DSCF2607.jpg\"><img loading=\"lazy\" decoding=\"async\" class=\"alignnone size-medium wp-image-597\" src=\"https:\/\/csavoly.hu\/wp\/wp-content\/uploads\/2016\/08\/DSCF2607-300x225.jpg\" alt=\"DSCF2607\" width=\"300\" height=\"225\" srcset=\"https:\/\/csavoly.hu\/wp\/wp-content\/uploads\/2016\/08\/DSCF2607-300x225.jpg 300w, https:\/\/csavoly.hu\/wp\/wp-content\/uploads\/2016\/08\/DSCF2607-1024x768.jpg 1024w, https:\/\/csavoly.hu\/wp\/wp-content\/uploads\/2016\/08\/DSCF2607.jpg 2048w\" sizes=\"(max-width: 300px) 100vw, 300px\" \/><\/a><a href=\"https:\/\/csavoly.hu\/wp\/wp-content\/uploads\/2016\/08\/DSCF2614.jpg\"><img loading=\"lazy\" decoding=\"async\" class=\"alignnone size-medium wp-image-598\" src=\"https:\/\/csavoly.hu\/wp\/wp-content\/uploads\/2016\/08\/DSCF2614-300x225.jpg\" alt=\"DSCF2614\" width=\"300\" height=\"225\" srcset=\"https:\/\/csavoly.hu\/wp\/wp-content\/uploads\/2016\/08\/DSCF2614-300x225.jpg 300w, https:\/\/csavoly.hu\/wp\/wp-content\/uploads\/2016\/08\/DSCF2614-1024x768.jpg 1024w, https:\/\/csavoly.hu\/wp\/wp-content\/uploads\/2016\/08\/DSCF2614.jpg 2048w\" sizes=\"(max-width: 300px) 100vw, 300px\" \/><\/a><a href=\"https:\/\/csavoly.hu\/wp\/wp-content\/uploads\/2016\/08\/DSCF2622.jpg\"><img loading=\"lazy\" decoding=\"async\" class=\"alignnone size-medium wp-image-599\" src=\"https:\/\/csavoly.hu\/wp\/wp-content\/uploads\/2016\/08\/DSCF2622-300x225.jpg\" alt=\"DSCF2622\" width=\"300\" height=\"225\" srcset=\"https:\/\/csavoly.hu\/wp\/wp-content\/uploads\/2016\/08\/DSCF2622-300x225.jpg 300w, https:\/\/csavoly.hu\/wp\/wp-content\/uploads\/2016\/08\/DSCF2622-1024x768.jpg 1024w, https:\/\/csavoly.hu\/wp\/wp-content\/uploads\/2016\/08\/DSCF2622.jpg 2048w\" sizes=\"(max-width: 300px) 100vw, 300px\" \/><\/a><a href=\"https:\/\/csavoly.hu\/wp\/wp-content\/uploads\/2016\/08\/DSCF2624.jpg\"><img loading=\"lazy\" decoding=\"async\" class=\"alignnone size-medium wp-image-600\" src=\"https:\/\/csavoly.hu\/wp\/wp-content\/uploads\/2016\/08\/DSCF2624-300x225.jpg\" alt=\"DSCF2624\" width=\"300\" height=\"225\" srcset=\"https:\/\/csavoly.hu\/wp\/wp-content\/uploads\/2016\/08\/DSCF2624-300x225.jpg 300w, https:\/\/csavoly.hu\/wp\/wp-content\/uploads\/2016\/08\/DSCF2624-1024x768.jpg 1024w, https:\/\/csavoly.hu\/wp\/wp-content\/uploads\/2016\/08\/DSCF2624.jpg 2048w\" sizes=\"(max-width: 300px) 100vw, 300px\" \/><\/a><a href=\"https:\/\/csavoly.hu\/wp\/wp-content\/uploads\/2016\/08\/DSCF2642.jpg\"><img loading=\"lazy\" decoding=\"async\" class=\"alignnone size-medium wp-image-601\" src=\"https:\/\/csavoly.hu\/wp\/wp-content\/uploads\/2016\/08\/DSCF2642-300x225.jpg\" alt=\"DSCF2642\" width=\"300\" height=\"225\" srcset=\"https:\/\/csavoly.hu\/wp\/wp-content\/uploads\/2016\/08\/DSCF2642-300x225.jpg 300w, https:\/\/csavoly.hu\/wp\/wp-content\/uploads\/2016\/08\/DSCF2642-1024x768.jpg 1024w, https:\/\/csavoly.hu\/wp\/wp-content\/uploads\/2016\/08\/DSCF2642.jpg 2048w\" sizes=\"(max-width: 300px) 100vw, 300px\" \/><\/a><\/p>\n<p>Az idei \u00e9vben el\u0151sz\u00f6r eg\u00e9sz\u00edtett\u00fck ki csal\u00e1di napunkat egy \u00e9jszak\u00e1ba ny\u00fal\u00f3 kis fesztiv\u00e1llal, ahol zenekarok adtak koncertet, ut\u00e1na pedig retro bulival z\u00e1rult a program. Fell\u00e9pett ezen az est\u00e9n a F\u00c9RGEK zenekar, majd \u0151ket k\u00f6vette a BAD TIMES zenekar Baj\u00e1r\u00f3l. K\u00f6sz\u00f6nj\u00fck sz\u00e9pen nekik is, hogy ilyen j\u00f3 hangulatot teremtettek.<\/p>\n<p><a href=\"https:\/\/csavoly.hu\/wp\/wp-content\/uploads\/2016\/08\/DSCF2646.jpg\"><img loading=\"lazy\" decoding=\"async\" class=\"alignnone size-medium wp-image-602\" src=\"https:\/\/csavoly.hu\/wp\/wp-content\/uploads\/2016\/08\/DSCF2646-300x225.jpg\" alt=\"DSCF2646\" width=\"300\" height=\"225\" srcset=\"https:\/\/csavoly.hu\/wp\/wp-content\/uploads\/2016\/08\/DSCF2646-300x225.jpg 300w, https:\/\/csavoly.hu\/wp\/wp-content\/uploads\/2016\/08\/DSCF2646-1024x768.jpg 1024w, https:\/\/csavoly.hu\/wp\/wp-content\/uploads\/2016\/08\/DSCF2646.jpg 2048w\" sizes=\"(max-width: 300px) 100vw, 300px\" \/><\/a><a href=\"https:\/\/csavoly.hu\/wp\/wp-content\/uploads\/2016\/08\/DSCF2651.jpg\"><img loading=\"lazy\" decoding=\"async\" class=\"alignnone size-medium wp-image-603\" src=\"https:\/\/csavoly.hu\/wp\/wp-content\/uploads\/2016\/08\/DSCF2651-300x225.jpg\" alt=\"DSCF2651\" width=\"300\" height=\"225\" srcset=\"https:\/\/csavoly.hu\/wp\/wp-content\/uploads\/2016\/08\/DSCF2651-300x225.jpg 300w, https:\/\/csavoly.hu\/wp\/wp-content\/uploads\/2016\/08\/DSCF2651-1024x768.jpg 1024w, https:\/\/csavoly.hu\/wp\/wp-content\/uploads\/2016\/08\/DSCF2651.jpg 2048w\" sizes=\"(max-width: 300px) 100vw, 300px\" \/><\/a><a href=\"https:\/\/csavoly.hu\/wp\/wp-content\/uploads\/2016\/08\/DSCF2661.jpg\"><img loading=\"lazy\" decoding=\"async\" class=\"alignnone size-medium wp-image-604\" src=\"https:\/\/csavoly.hu\/wp\/wp-content\/uploads\/2016\/08\/DSCF2661-300x225.jpg\" alt=\"DSCF2661\" width=\"300\" height=\"225\" srcset=\"https:\/\/csavoly.hu\/wp\/wp-content\/uploads\/2016\/08\/DSCF2661-300x225.jpg 300w, https:\/\/csavoly.hu\/wp\/wp-content\/uploads\/2016\/08\/DSCF2661-1024x768.jpg 1024w, https:\/\/csavoly.hu\/wp\/wp-content\/uploads\/2016\/08\/DSCF2661.jpg 2048w\" sizes=\"(max-width: 300px) 100vw, 300px\" \/><\/a><a href=\"https:\/\/csavoly.hu\/wp\/wp-content\/uploads\/2016\/08\/DSCF2675.jpg\"><img loading=\"lazy\" decoding=\"async\" class=\"alignnone size-medium wp-image-605\" src=\"https:\/\/csavoly.hu\/wp\/wp-content\/uploads\/2016\/08\/DSCF2675-300x225.jpg\" alt=\"DSCF2675\" width=\"300\" height=\"225\" srcset=\"https:\/\/csavoly.hu\/wp\/wp-content\/uploads\/2016\/08\/DSCF2675-300x225.jpg 300w, https:\/\/csavoly.hu\/wp\/wp-content\/uploads\/2016\/08\/DSCF2675-1024x768.jpg 1024w, https:\/\/csavoly.hu\/wp\/wp-content\/uploads\/2016\/08\/DSCF2675.jpg 2048w\" sizes=\"(max-width: 300px) 100vw, 300px\" \/><\/a><a href=\"https:\/\/csavoly.hu\/wp\/wp-content\/uploads\/2016\/08\/DSCF2681.jpg\"><img loading=\"lazy\" decoding=\"async\" class=\"alignnone size-medium wp-image-606\" src=\"https:\/\/csavoly.hu\/wp\/wp-content\/uploads\/2016\/08\/DSCF2681-300x225.jpg\" alt=\"DSCF2681\" width=\"300\" height=\"225\" srcset=\"https:\/\/csavoly.hu\/wp\/wp-content\/uploads\/2016\/08\/DSCF2681-300x225.jpg 300w, https:\/\/csavoly.hu\/wp\/wp-content\/uploads\/2016\/08\/DSCF2681-1024x768.jpg 1024w, https:\/\/csavoly.hu\/wp\/wp-content\/uploads\/2016\/08\/DSCF2681.jpg 2048w\" sizes=\"(max-width: 300px) 100vw, 300px\" \/><\/a><\/p>\n<p>Szeretn\u00e9nk megk\u00f6sz\u00f6nni mindenkinek, hogy megtiszteltek jelenl\u00e9t\u00fckkel, \u00e9s elj\u00f6ttek. K\u00fcl\u00f6n k\u00f6sz\u00f6nj\u00fck mindenkinek a munk\u00e1j\u00e1t, akik valamilyen form\u00e1ban seg\u00edtettek ezen rendezv\u00e9ny lebonyol\u00edt\u00e1s\u00e1ban.<\/p>\n<p>J\u00f6v\u0151re folytat\u00e1sa k\u00f6vetkezik&#8230; \ud83d\ude42<\/p>\n<div class=\"pvc_clear\"><\/div>\n<p id=\"pvc_stats_607\" class=\"pvc_stats all  \" data-element-id=\"607\" style=\"\"><i class=\"pvc-stats-icon medium\" aria-hidden=\"true\"><svg aria-hidden=\"true\" focusable=\"false\" data-prefix=\"far\" data-icon=\"chart-bar\" role=\"img\" xmlns=\"http:\/\/www.w3.org\/2000\/svg\" viewBox=\"0 0 512 512\" class=\"svg-inline--fa fa-chart-bar fa-w-16 fa-2x\"><path fill=\"currentColor\" d=\"M396.8 352h22.4c6.4 0 12.8-6.4 12.8-12.8V108.8c0-6.4-6.4-12.8-12.8-12.8h-22.4c-6.4 0-12.8 6.4-12.8 12.8v230.4c0 6.4 6.4 12.8 12.8 12.8zm-192 0h22.4c6.4 0 12.8-6.4 12.8-12.8V140.8c0-6.4-6.4-12.8-12.8-12.8h-22.4c-6.4 0-12.8 6.4-12.8 12.8v198.4c0 6.4 6.4 12.8 12.8 12.8zm96 0h22.4c6.4 0 12.8-6.4 12.8-12.8V204.8c0-6.4-6.4-12.8-12.8-12.8h-22.4c-6.4 0-12.8 6.4-12.8 12.8v134.4c0 6.4 6.4 12.8 12.8 12.8zM496 400H48V80c0-8.84-7.16-16-16-16H16C7.16 64 0 71.16 0 80v336c0 17.67 14.33 32 32 32h464c8.84 0 16-7.16 16-16v-16c0-8.84-7.16-16-16-16zm-387.2-48h22.4c6.4 0 12.8-6.4 12.8-12.8v-70.4c0-6.4-6.4-12.8-12.8-12.8h-22.4c-6.4 0-12.8 6.4-12.8 12.8v70.4c0 6.4 6.4 12.8 12.8 12.8z\" class=\"\"><\/path><\/svg><\/i> <img loading=\"lazy\" decoding=\"async\" width=\"16\" height=\"16\" alt=\"Loading\" src=\"https:\/\/csavoly.hu\/wp\/wp-content\/plugins\/page-views-count\/ajax-loader-2x.gif\" border=0 \/><\/p>\n<div class=\"pvc_clear\"><\/div>\n","protected":false},"excerpt":{"rendered":"<p>Imm\u00e1ron negyedik alkalommal szervezt\u00fck meg az IKSZT udvar\u00e1n a minden \u00e9vben augusztus 20-hoz k\u00f6thet\u0151 csal\u00e1di napunkat, ahol egy igazi boh\u00f3c sz\u00f3rakoztatta a gyerekeket, majd lufikat hajtogatott eg\u00e9szen estig. Eg\u00e9sz d\u00e9lut\u00e1n n\u00e9pi j\u00e1t\u00e9kokkal j\u00e1tszhattak a kis lurk\u00f3k, a fel\u00e1ll\u00edtott trambulinon ugr\u00e1lhattak, \u00e9s igazi western hangulatban \u00e9rezhett\u00e9k j\u00f3l magukat eg\u00e9sz d\u00e9lut\u00e1n a disz\u00edt\u00e9snak k\u00f6sz\u00f6nhet\u0151en. Ingyen limon\u00e1d\u00e9val, \u00e9s &hellip; <a href=\"https:\/\/csavoly.hu\/wp\/?page_id=607\" class=\"more-link\"><span class=\"screen-reader-text\">CSAL\u00c1DI NAP &#038; LIFE FESZTIV\u00c1L<\/span> b\u0151vebben&#8230; <span class=\"meta-nav\">&rarr;<\/span><\/a><\/p>\n<div class=\"pvc_clear\"><\/div>\n<p id=\"pvc_stats_607\" class=\"pvc_stats all  \" data-element-id=\"607\" style=\"\"><i class=\"pvc-stats-icon medium\" aria-hidden=\"true\"><svg aria-hidden=\"true\" focusable=\"false\" data-prefix=\"far\" data-icon=\"chart-bar\" role=\"img\" xmlns=\"http:\/\/www.w3.org\/2000\/svg\" viewBox=\"0 0 512 512\" class=\"svg-inline--fa fa-chart-bar fa-w-16 fa-2x\"><path fill=\"currentColor\" d=\"M396.8 352h22.4c6.4 0 12.8-6.4 12.8-12.8V108.8c0-6.4-6.4-12.8-12.8-12.8h-22.4c-6.4 0-12.8 6.4-12.8 12.8v230.4c0 6.4 6.4 12.8 12.8 12.8zm-192 0h22.4c6.4 0 12.8-6.4 12.8-12.8V140.8c0-6.4-6.4-12.8-12.8-12.8h-22.4c-6.4 0-12.8 6.4-12.8 12.8v198.4c0 6.4 6.4 12.8 12.8 12.8zm96 0h22.4c6.4 0 12.8-6.4 12.8-12.8V204.8c0-6.4-6.4-12.8-12.8-12.8h-22.4c-6.4 0-12.8 6.4-12.8 12.8v134.4c0 6.4 6.4 12.8 12.8 12.8zM496 400H48V80c0-8.84-7.16-16-16-16H16C7.16 64 0 71.16 0 80v336c0 17.67 14.33 32 32 32h464c8.84 0 16-7.16 16-16v-16c0-8.84-7.16-16-16-16zm-387.2-48h22.4c6.4 0 12.8-6.4 12.8-12.8v-70.4c0-6.4-6.4-12.8-12.8-12.8h-22.4c-6.4 0-12.8 6.4-12.8 12.8v70.4c0 6.4 6.4 12.8 12.8 12.8z\" class=\"\"><\/path><\/svg><\/i> <img loading=\"lazy\" decoding=\"async\" width=\"16\" height=\"16\" alt=\"Loading\" src=\"https:\/\/csavoly.hu\/wp\/wp-content\/plugins\/page-views-count\/ajax-loader-2x.gif\" border=0 \/><\/p>\n<div class=\"pvc_clear\"><\/div>\n","protected":false},"author":3,"featured_media":0,"parent":0,"menu_order":0,"comment_status":"closed","ping_status":"closed","template":"","meta":{"footnotes":""},"class_list":["post-607","page","type-page","status-publish","hentry"],"_links":{"self":[{"href":"https:\/\/csavoly.hu\/wp\/index.php?rest_route=\/wp\/v2\/pages\/607"}],"collection":[{"href":"https:\/\/csavoly.hu\/wp\/index.php?rest_route=\/wp\/v2\/pages"}],"about":[{"href":"https:\/\/csavoly.hu\/wp\/index.php?rest_route=\/wp\/v2\/types\/page"}],"author":[{"embeddable":true,"href":"https:\/\/csavoly.hu\/wp\/index.php?rest_route=\/wp\/v2\/users\/3"}],"replies":[{"embeddable":true,"href":"https:\/\/csavoly.hu\/wp\/index.php?rest_route=%2Fwp%2Fv2%2Fcomments&post=607"}],"version-history":[{"count":0,"href":"https:\/\/csavoly.hu\/wp\/index.php?rest_route=\/wp\/v2\/pages\/607\/revisions"}],"wp:attachment":[{"href":"https:\/\/csavoly.hu\/wp\/index.php?rest_route=%2Fwp%2Fv2%2Fmedia&parent=607"}],"curies":[{"name":"wp","href":"https:\/\/api.w.org\/{rel}","templated":true}]}}