{"id":6237,"date":"2023-08-10T10:01:04","date_gmt":"2023-08-10T08:01:04","guid":{"rendered":"http:\/\/csavoly.hu\/wp\/?page_id=6237"},"modified":"2023-08-10T10:01:04","modified_gmt":"2023-08-10T08:01:04","slug":"vii-evfolyam-1-szam-2021-10-22","status":"publish","type":"page","link":"https:\/\/csavoly.hu\/wp\/?page_id=6237","title":{"rendered":"VII. \u00e9vfolyam 1.sz\u00e1m &#8211; 2021.10.22."},"content":{"rendered":"\n<figure class=\"wp-block-image\"><a href=\"https:\/\/csavoly.hu\/wp\/wp-content\/uploads\/2023\/08\/\u00d6nkorm\u00e1nyzati-H\u00edrmon\u00f3-VII.-\u00e9vfolyam-1.-sz\u00e1m-01.jpg\" target=\"_blank\" rel=\"noreferrer noopener\"><img loading=\"lazy\" decoding=\"async\" width=\"1654\" height=\"2339\" src=\"https:\/\/csavoly.hu\/wp\/wp-content\/uploads\/2023\/08\/\u00d6nkorm\u00e1nyzati-H\u00edrmon\u00f3-VII.-\u00e9vfolyam-1.-sz\u00e1m-01.jpg\" alt=\"\" class=\"wp-image-6223\" srcset=\"https:\/\/csavoly.hu\/wp\/wp-content\/uploads\/2023\/08\/\u00d6nkorm\u00e1nyzati-H\u00edrmon\u00f3-VII.-\u00e9vfolyam-1.-sz\u00e1m-01.jpg 1654w, https:\/\/csavoly.hu\/wp\/wp-content\/uploads\/2023\/08\/\u00d6nkorm\u00e1nyzati-H\u00edrmon\u00f3-VII.-\u00e9vfolyam-1.-sz\u00e1m-01-768x1086.jpg 768w\" sizes=\"(max-width: 1654px) 100vw, 1654px\" \/><\/a><\/figure>\n\n\n\n<figure class=\"wp-block-image\"><a href=\"https:\/\/csavoly.hu\/wp\/wp-content\/uploads\/2023\/08\/\u00d6nkorm\u00e1nyzati-H\u00edrmon\u00f3-VII.-\u00e9vfolyam-1.-sz\u00e1m-02.jpg\" target=\"_blank\" rel=\"noreferrer noopener\"><img loading=\"lazy\" decoding=\"async\" width=\"1654\" height=\"2339\" src=\"https:\/\/csavoly.hu\/wp\/wp-content\/uploads\/2023\/08\/\u00d6nkorm\u00e1nyzati-H\u00edrmon\u00f3-VII.-\u00e9vfolyam-1.-sz\u00e1m-02.jpg\" alt=\"\" class=\"wp-image-6224\" srcset=\"https:\/\/csavoly.hu\/wp\/wp-content\/uploads\/2023\/08\/\u00d6nkorm\u00e1nyzati-H\u00edrmon\u00f3-VII.-\u00e9vfolyam-1.-sz\u00e1m-02.jpg 1654w, https:\/\/csavoly.hu\/wp\/wp-content\/uploads\/2023\/08\/\u00d6nkorm\u00e1nyzati-H\u00edrmon\u00f3-VII.-\u00e9vfolyam-1.-sz\u00e1m-02-768x1086.jpg 768w\" sizes=\"(max-width: 1654px) 100vw, 1654px\" \/><\/a><\/figure>\n\n\n\n<figure class=\"wp-block-image\"><a href=\"https:\/\/csavoly.hu\/wp\/wp-content\/uploads\/2023\/08\/\u00d6nkorm\u00e1nyzati-H\u00edrmon\u00f3-VII.-\u00e9vfolyam-1.-sz\u00e1m-03.jpg\" target=\"_blank\" rel=\"noreferrer noopener\"><img loading=\"lazy\" decoding=\"async\" width=\"1654\" height=\"2339\" src=\"https:\/\/csavoly.hu\/wp\/wp-content\/uploads\/2023\/08\/\u00d6nkorm\u00e1nyzati-H\u00edrmon\u00f3-VII.-\u00e9vfolyam-1.-sz\u00e1m-03.jpg\" alt=\"\" class=\"wp-image-6225\" srcset=\"https:\/\/csavoly.hu\/wp\/wp-content\/uploads\/2023\/08\/\u00d6nkorm\u00e1nyzati-H\u00edrmon\u00f3-VII.-\u00e9vfolyam-1.-sz\u00e1m-03.jpg 1654w, https:\/\/csavoly.hu\/wp\/wp-content\/uploads\/2023\/08\/\u00d6nkorm\u00e1nyzati-H\u00edrmon\u00f3-VII.-\u00e9vfolyam-1.-sz\u00e1m-03-768x1086.jpg 768w\" sizes=\"(max-width: 1654px) 100vw, 1654px\" \/><\/a><\/figure>\n\n\n\n<figure class=\"wp-block-image\"><a href=\"https:\/\/csavoly.hu\/wp\/wp-content\/uploads\/2023\/08\/\u00d6nkorm\u00e1nyzati-H\u00edrmon\u00f3-VII.-\u00e9vfolyam-1.-sz\u00e1m-04.jpg\" target=\"_blank\" rel=\"noreferrer noopener\"><img loading=\"lazy\" decoding=\"async\" width=\"1654\" height=\"2339\" src=\"https:\/\/csavoly.hu\/wp\/wp-content\/uploads\/2023\/08\/\u00d6nkorm\u00e1nyzati-H\u00edrmon\u00f3-VII.-\u00e9vfolyam-1.-sz\u00e1m-04.jpg\" alt=\"\" class=\"wp-image-6226\" srcset=\"https:\/\/csavoly.hu\/wp\/wp-content\/uploads\/2023\/08\/\u00d6nkorm\u00e1nyzati-H\u00edrmon\u00f3-VII.-\u00e9vfolyam-1.-sz\u00e1m-04.jpg 1654w, https:\/\/csavoly.hu\/wp\/wp-content\/uploads\/2023\/08\/\u00d6nkorm\u00e1nyzati-H\u00edrmon\u00f3-VII.-\u00e9vfolyam-1.-sz\u00e1m-04-768x1086.jpg 768w\" sizes=\"(max-width: 1654px) 100vw, 1654px\" \/><\/a><\/figure>\n\n\n\n<figure class=\"wp-block-image\"><a href=\"https:\/\/csavoly.hu\/wp\/wp-content\/uploads\/2023\/08\/\u00d6nkorm\u00e1nyzati-H\u00edrmon\u00f3-VII.-\u00e9vfolyam-1.-sz\u00e1m-05.jpg\" target=\"_blank\" rel=\"noreferrer noopener\"><img loading=\"lazy\" decoding=\"async\" width=\"1654\" height=\"2339\" src=\"https:\/\/csavoly.hu\/wp\/wp-content\/uploads\/2023\/08\/\u00d6nkorm\u00e1nyzati-H\u00edrmon\u00f3-VII.-\u00e9vfolyam-1.-sz\u00e1m-05.jpg\" alt=\"\" class=\"wp-image-6227\" srcset=\"https:\/\/csavoly.hu\/wp\/wp-content\/uploads\/2023\/08\/\u00d6nkorm\u00e1nyzati-H\u00edrmon\u00f3-VII.-\u00e9vfolyam-1.-sz\u00e1m-05.jpg 1654w, https:\/\/csavoly.hu\/wp\/wp-content\/uploads\/2023\/08\/\u00d6nkorm\u00e1nyzati-H\u00edrmon\u00f3-VII.-\u00e9vfolyam-1.-sz\u00e1m-05-768x1086.jpg 768w\" sizes=\"(max-width: 1654px) 100vw, 1654px\" \/><\/a><\/figure>\n\n\n\n<figure class=\"wp-block-image\"><a href=\"https:\/\/csavoly.hu\/wp\/wp-content\/uploads\/2023\/08\/\u00d6nkorm\u00e1nyzati-H\u00edrmon\u00f3-VII.-\u00e9vfolyam-1.-sz\u00e1m-06.jpg\" target=\"_blank\" rel=\"noreferrer noopener\"><img loading=\"lazy\" decoding=\"async\" width=\"1654\" height=\"2339\" src=\"https:\/\/csavoly.hu\/wp\/wp-content\/uploads\/2023\/08\/\u00d6nkorm\u00e1nyzati-H\u00edrmon\u00f3-VII.-\u00e9vfolyam-1.-sz\u00e1m-06.jpg\" alt=\"\" class=\"wp-image-6228\" srcset=\"https:\/\/csavoly.hu\/wp\/wp-content\/uploads\/2023\/08\/\u00d6nkorm\u00e1nyzati-H\u00edrmon\u00f3-VII.-\u00e9vfolyam-1.-sz\u00e1m-06.jpg 1654w, https:\/\/csavoly.hu\/wp\/wp-content\/uploads\/2023\/08\/\u00d6nkorm\u00e1nyzati-H\u00edrmon\u00f3-VII.-\u00e9vfolyam-1.-sz\u00e1m-06-768x1086.jpg 768w\" sizes=\"(max-width: 1654px) 100vw, 1654px\" \/><\/a><\/figure>\n\n\n\n<figure class=\"wp-block-image\"><a href=\"https:\/\/csavoly.hu\/wp\/wp-content\/uploads\/2023\/08\/\u00d6nkorm\u00e1nyzati-H\u00edrmon\u00f3-VII.-\u00e9vfolyam-1.-sz\u00e1m-07.jpg\" target=\"_blank\" rel=\"noreferrer noopener\"><img loading=\"lazy\" decoding=\"async\" width=\"1654\" height=\"2339\" src=\"https:\/\/csavoly.hu\/wp\/wp-content\/uploads\/2023\/08\/\u00d6nkorm\u00e1nyzati-H\u00edrmon\u00f3-VII.-\u00e9vfolyam-1.-sz\u00e1m-07.jpg\" alt=\"\" class=\"wp-image-6229\" srcset=\"https:\/\/csavoly.hu\/wp\/wp-content\/uploads\/2023\/08\/\u00d6nkorm\u00e1nyzati-H\u00edrmon\u00f3-VII.-\u00e9vfolyam-1.-sz\u00e1m-07.jpg 1654w, https:\/\/csavoly.hu\/wp\/wp-content\/uploads\/2023\/08\/\u00d6nkorm\u00e1nyzati-H\u00edrmon\u00f3-VII.-\u00e9vfolyam-1.-sz\u00e1m-07-768x1086.jpg 768w\" sizes=\"(max-width: 1654px) 100vw, 1654px\" \/><\/a><\/figure>\n\n\n\n<figure class=\"wp-block-image\"><a href=\"https:\/\/csavoly.hu\/wp\/wp-content\/uploads\/2023\/08\/\u00d6nkorm\u00e1nyzati-H\u00edrmon\u00f3-VII.-\u00e9vfolyam-1.-sz\u00e1m-08.jpg\" target=\"_blank\" rel=\"noreferrer noopener\"><img loading=\"lazy\" decoding=\"async\" width=\"1654\" height=\"2339\" src=\"https:\/\/csavoly.hu\/wp\/wp-content\/uploads\/2023\/08\/\u00d6nkorm\u00e1nyzati-H\u00edrmon\u00f3-VII.-\u00e9vfolyam-1.-sz\u00e1m-08.jpg\" alt=\"\" class=\"wp-image-6230\" srcset=\"https:\/\/csavoly.hu\/wp\/wp-content\/uploads\/2023\/08\/\u00d6nkorm\u00e1nyzati-H\u00edrmon\u00f3-VII.-\u00e9vfolyam-1.-sz\u00e1m-08.jpg 1654w, https:\/\/csavoly.hu\/wp\/wp-content\/uploads\/2023\/08\/\u00d6nkorm\u00e1nyzati-H\u00edrmon\u00f3-VII.-\u00e9vfolyam-1.-sz\u00e1m-08-768x1086.jpg 768w\" sizes=\"(max-width: 1654px) 100vw, 1654px\" \/><\/a><\/figure>\n\n\n\n<figure class=\"wp-block-image\"><a href=\"https:\/\/csavoly.hu\/wp\/wp-content\/uploads\/2023\/08\/\u00d6nkorm\u00e1nyzati-H\u00edrmon\u00f3-VII.-\u00e9vfolyam-1.-sz\u00e1m-09.jpg\" target=\"_blank\" rel=\"noreferrer noopener\"><img loading=\"lazy\" decoding=\"async\" width=\"1654\" height=\"2339\" src=\"https:\/\/csavoly.hu\/wp\/wp-content\/uploads\/2023\/08\/\u00d6nkorm\u00e1nyzati-H\u00edrmon\u00f3-VII.-\u00e9vfolyam-1.-sz\u00e1m-09.jpg\" alt=\"\" class=\"wp-image-6231\" srcset=\"https:\/\/csavoly.hu\/wp\/wp-content\/uploads\/2023\/08\/\u00d6nkorm\u00e1nyzati-H\u00edrmon\u00f3-VII.-\u00e9vfolyam-1.-sz\u00e1m-09.jpg 1654w, https:\/\/csavoly.hu\/wp\/wp-content\/uploads\/2023\/08\/\u00d6nkorm\u00e1nyzati-H\u00edrmon\u00f3-VII.-\u00e9vfolyam-1.-sz\u00e1m-09-768x1086.jpg 768w\" sizes=\"(max-width: 1654px) 100vw, 1654px\" \/><\/a><\/figure>\n\n\n\n<figure class=\"wp-block-image\"><a href=\"https:\/\/csavoly.hu\/wp\/wp-content\/uploads\/2023\/08\/\u00d6nkorm\u00e1nyzati-H\u00edrmon\u00f3-VII.-\u00e9vfolyam-1.-sz\u00e1m-10.jpg\" target=\"_blank\" rel=\"noreferrer noopener\"><img loading=\"lazy\" decoding=\"async\" width=\"1654\" height=\"2339\" src=\"https:\/\/csavoly.hu\/wp\/wp-content\/uploads\/2023\/08\/\u00d6nkorm\u00e1nyzati-H\u00edrmon\u00f3-VII.-\u00e9vfolyam-1.-sz\u00e1m-10.jpg\" alt=\"\" class=\"wp-image-6232\" srcset=\"https:\/\/csavoly.hu\/wp\/wp-content\/uploads\/2023\/08\/\u00d6nkorm\u00e1nyzati-H\u00edrmon\u00f3-VII.-\u00e9vfolyam-1.-sz\u00e1m-10.jpg 1654w, https:\/\/csavoly.hu\/wp\/wp-content\/uploads\/2023\/08\/\u00d6nkorm\u00e1nyzati-H\u00edrmon\u00f3-VII.-\u00e9vfolyam-1.-sz\u00e1m-10-768x1086.jpg 768w\" sizes=\"(max-width: 1654px) 100vw, 1654px\" \/><\/a><\/figure>\n\n\n\n<figure class=\"wp-block-image\"><a href=\"https:\/\/csavoly.hu\/wp\/wp-content\/uploads\/2023\/08\/\u00d6nkorm\u00e1nyzati-H\u00edrmon\u00f3-VII.-\u00e9vfolyam-1.-sz\u00e1m-11.jpg\" target=\"_blank\" rel=\"noreferrer noopener\"><img loading=\"lazy\" decoding=\"async\" width=\"1654\" height=\"2339\" src=\"https:\/\/csavoly.hu\/wp\/wp-content\/uploads\/2023\/08\/\u00d6nkorm\u00e1nyzati-H\u00edrmon\u00f3-VII.-\u00e9vfolyam-1.-sz\u00e1m-11.jpg\" alt=\"\" class=\"wp-image-6233\" srcset=\"https:\/\/csavoly.hu\/wp\/wp-content\/uploads\/2023\/08\/\u00d6nkorm\u00e1nyzati-H\u00edrmon\u00f3-VII.-\u00e9vfolyam-1.-sz\u00e1m-11.jpg 1654w, https:\/\/csavoly.hu\/wp\/wp-content\/uploads\/2023\/08\/\u00d6nkorm\u00e1nyzati-H\u00edrmon\u00f3-VII.-\u00e9vfolyam-1.-sz\u00e1m-11-768x1086.jpg 768w\" sizes=\"(max-width: 1654px) 100vw, 1654px\" \/><\/a><\/figure>\n\n\n\n<figure class=\"wp-block-image\"><a href=\"https:\/\/csavoly.hu\/wp\/wp-content\/uploads\/2023\/08\/\u00d6nkorm\u00e1nyzati-H\u00edrmon\u00f3-VII.-\u00e9vfolyam-1.-sz\u00e1m-12.jpg\" target=\"_blank\" rel=\"noreferrer noopener\"><img loading=\"lazy\" decoding=\"async\" width=\"1654\" height=\"2339\" src=\"https:\/\/csavoly.hu\/wp\/wp-content\/uploads\/2023\/08\/\u00d6nkorm\u00e1nyzati-H\u00edrmon\u00f3-VII.-\u00e9vfolyam-1.-sz\u00e1m-12.jpg\" alt=\"\" class=\"wp-image-6234\" srcset=\"https:\/\/csavoly.hu\/wp\/wp-content\/uploads\/2023\/08\/\u00d6nkorm\u00e1nyzati-H\u00edrmon\u00f3-VII.-\u00e9vfolyam-1.-sz\u00e1m-12.jpg 1654w, https:\/\/csavoly.hu\/wp\/wp-content\/uploads\/2023\/08\/\u00d6nkorm\u00e1nyzati-H\u00edrmon\u00f3-VII.-\u00e9vfolyam-1.-sz\u00e1m-12-768x1086.jpg 768w\" sizes=\"(max-width: 1654px) 100vw, 1654px\" \/><\/a><\/figure>\n\n\n\n<figure class=\"wp-block-image\"><a href=\"https:\/\/csavoly.hu\/wp\/wp-content\/uploads\/2023\/08\/\u00d6nkorm\u00e1nyzati-H\u00edrmon\u00f3-VII.-\u00e9vfolyam-1.-sz\u00e1m-13.jpg\" target=\"_blank\" rel=\"noreferrer noopener\"><img loading=\"lazy\" decoding=\"async\" width=\"1654\" height=\"2339\" src=\"https:\/\/csavoly.hu\/wp\/wp-content\/uploads\/2023\/08\/\u00d6nkorm\u00e1nyzati-H\u00edrmon\u00f3-VII.-\u00e9vfolyam-1.-sz\u00e1m-13.jpg\" alt=\"\" class=\"wp-image-6235\" srcset=\"https:\/\/csavoly.hu\/wp\/wp-content\/uploads\/2023\/08\/\u00d6nkorm\u00e1nyzati-H\u00edrmon\u00f3-VII.-\u00e9vfolyam-1.-sz\u00e1m-13.jpg 1654w, https:\/\/csavoly.hu\/wp\/wp-content\/uploads\/2023\/08\/\u00d6nkorm\u00e1nyzati-H\u00edrmon\u00f3-VII.-\u00e9vfolyam-1.-sz\u00e1m-13-768x1086.jpg 768w\" sizes=\"(max-width: 1654px) 100vw, 1654px\" \/><\/a><\/figure>\n\n\n\n<figure class=\"wp-block-image\"><a href=\"https:\/\/csavoly.hu\/wp\/wp-content\/uploads\/2023\/08\/\u00d6nkorm\u00e1nyzati-H\u00edrmon\u00f3-VII.-\u00e9vfolyam-1.-sz\u00e1m-14.jpg\" target=\"_blank\" rel=\"noreferrer noopener\"><img loading=\"lazy\" decoding=\"async\" width=\"1654\" height=\"2339\" src=\"https:\/\/csavoly.hu\/wp\/wp-content\/uploads\/2023\/08\/\u00d6nkorm\u00e1nyzati-H\u00edrmon\u00f3-VII.-\u00e9vfolyam-1.-sz\u00e1m-14.jpg\" alt=\"\" class=\"wp-image-6236\" srcset=\"https:\/\/csavoly.hu\/wp\/wp-content\/uploads\/2023\/08\/\u00d6nkorm\u00e1nyzati-H\u00edrmon\u00f3-VII.-\u00e9vfolyam-1.-sz\u00e1m-14.jpg 1654w, https:\/\/csavoly.hu\/wp\/wp-content\/uploads\/2023\/08\/\u00d6nkorm\u00e1nyzati-H\u00edrmon\u00f3-VII.-\u00e9vfolyam-1.-sz\u00e1m-14-768x1086.jpg 768w\" sizes=\"(max-width: 1654px) 100vw, 1654px\" \/><\/a><\/figure>\n\n\n\n<figure class=\"wp-block-image\"><a href=\"https:\/\/csavoly.hu\/wp\/wp-content\/uploads\/2023\/08\/\u00d6nkorm\u00e1nyzati-H\u00edrmon\u00f3-VII.-\u00e9vfolyam-1.-sz\u00e1m-15.jpg\" target=\"_blank\" rel=\"noreferrer noopener\"><img loading=\"lazy\" decoding=\"async\" width=\"1654\" height=\"2339\" src=\"https:\/\/csavoly.hu\/wp\/wp-content\/uploads\/2023\/08\/\u00d6nkorm\u00e1nyzati-H\u00edrmon\u00f3-VII.-\u00e9vfolyam-1.-sz\u00e1m-15.jpg\" alt=\"\" class=\"wp-image-6238\" srcset=\"https:\/\/csavoly.hu\/wp\/wp-content\/uploads\/2023\/08\/\u00d6nkorm\u00e1nyzati-H\u00edrmon\u00f3-VII.-\u00e9vfolyam-1.-sz\u00e1m-15.jpg 1654w, https:\/\/csavoly.hu\/wp\/wp-content\/uploads\/2023\/08\/\u00d6nkorm\u00e1nyzati-H\u00edrmon\u00f3-VII.-\u00e9vfolyam-1.-sz\u00e1m-15-768x1086.jpg 768w\" sizes=\"(max-width: 1654px) 100vw, 1654px\" \/><\/a><\/figure>\n\n\n\n<figure class=\"wp-block-image\"><a href=\"https:\/\/csavoly.hu\/wp\/wp-content\/uploads\/2023\/08\/\u00d6nkorm\u00e1nyzati-H\u00edrmon\u00f3-VII.-\u00e9vfolyam-1.-sz\u00e1m-16.jpg\" target=\"_blank\" rel=\"noreferrer noopener\"><img loading=\"lazy\" decoding=\"async\" width=\"1654\" height=\"2339\" src=\"https:\/\/csavoly.hu\/wp\/wp-content\/uploads\/2023\/08\/\u00d6nkorm\u00e1nyzati-H\u00edrmon\u00f3-VII.-\u00e9vfolyam-1.-sz\u00e1m-16.jpg\" alt=\"\" class=\"wp-image-6239\" srcset=\"https:\/\/csavoly.hu\/wp\/wp-content\/uploads\/2023\/08\/\u00d6nkorm\u00e1nyzati-H\u00edrmon\u00f3-VII.-\u00e9vfolyam-1.-sz\u00e1m-16.jpg 1654w, https:\/\/csavoly.hu\/wp\/wp-content\/uploads\/2023\/08\/\u00d6nkorm\u00e1nyzati-H\u00edrmon\u00f3-VII.-\u00e9vfolyam-1.-sz\u00e1m-16-768x1086.jpg 768w\" sizes=\"(max-width: 1654px) 100vw, 1654px\" \/><\/a><\/figure>\n<div class=\"pvc_clear\"><\/div><p id=\"pvc_stats_6237\" class=\"pvc_stats all  \" data-element-id=\"6237\" style=\"\"><i class=\"pvc-stats-icon medium\" aria-hidden=\"true\"><svg aria-hidden=\"true\" focusable=\"false\" data-prefix=\"far\" data-icon=\"chart-bar\" role=\"img\" xmlns=\"http:\/\/www.w3.org\/2000\/svg\" viewBox=\"0 0 512 512\" class=\"svg-inline--fa fa-chart-bar fa-w-16 fa-2x\"><path fill=\"currentColor\" d=\"M396.8 352h22.4c6.4 0 12.8-6.4 12.8-12.8V108.8c0-6.4-6.4-12.8-12.8-12.8h-22.4c-6.4 0-12.8 6.4-12.8 12.8v230.4c0 6.4 6.4 12.8 12.8 12.8zm-192 0h22.4c6.4 0 12.8-6.4 12.8-12.8V140.8c0-6.4-6.4-12.8-12.8-12.8h-22.4c-6.4 0-12.8 6.4-12.8 12.8v198.4c0 6.4 6.4 12.8 12.8 12.8zm96 0h22.4c6.4 0 12.8-6.4 12.8-12.8V204.8c0-6.4-6.4-12.8-12.8-12.8h-22.4c-6.4 0-12.8 6.4-12.8 12.8v134.4c0 6.4 6.4 12.8 12.8 12.8zM496 400H48V80c0-8.84-7.16-16-16-16H16C7.16 64 0 71.16 0 80v336c0 17.67 14.33 32 32 32h464c8.84 0 16-7.16 16-16v-16c0-8.84-7.16-16-16-16zm-387.2-48h22.4c6.4 0 12.8-6.4 12.8-12.8v-70.4c0-6.4-6.4-12.8-12.8-12.8h-22.4c-6.4 0-12.8 6.4-12.8 12.8v70.4c0 6.4 6.4 12.8 12.8 12.8z\" class=\"\"><\/path><\/svg><\/i> <img loading=\"lazy\" decoding=\"async\" width=\"16\" height=\"16\" alt=\"Loading\" src=\"https:\/\/csavoly.hu\/wp\/wp-content\/plugins\/page-views-count\/ajax-loader-2x.gif\" border=0 \/><\/p><div class=\"pvc_clear\"><\/div>","protected":false},"excerpt":{"rendered":"<div class=\"pvc_clear\"><\/div>\n<p id=\"pvc_stats_6237\" class=\"pvc_stats all  \" data-element-id=\"6237\" style=\"\"><i class=\"pvc-stats-icon medium\" aria-hidden=\"true\"><svg aria-hidden=\"true\" focusable=\"false\" data-prefix=\"far\" data-icon=\"chart-bar\" role=\"img\" xmlns=\"http:\/\/www.w3.org\/2000\/svg\" viewBox=\"0 0 512 512\" class=\"svg-inline--fa fa-chart-bar fa-w-16 fa-2x\"><path fill=\"currentColor\" d=\"M396.8 352h22.4c6.4 0 12.8-6.4 12.8-12.8V108.8c0-6.4-6.4-12.8-12.8-12.8h-22.4c-6.4 0-12.8 6.4-12.8 12.8v230.4c0 6.4 6.4 12.8 12.8 12.8zm-192 0h22.4c6.4 0 12.8-6.4 12.8-12.8V140.8c0-6.4-6.4-12.8-12.8-12.8h-22.4c-6.4 0-12.8 6.4-12.8 12.8v198.4c0 6.4 6.4 12.8 12.8 12.8zm96 0h22.4c6.4 0 12.8-6.4 12.8-12.8V204.8c0-6.4-6.4-12.8-12.8-12.8h-22.4c-6.4 0-12.8 6.4-12.8 12.8v134.4c0 6.4 6.4 12.8 12.8 12.8zM496 400H48V80c0-8.84-7.16-16-16-16H16C7.16 64 0 71.16 0 80v336c0 17.67 14.33 32 32 32h464c8.84 0 16-7.16 16-16v-16c0-8.84-7.16-16-16-16zm-387.2-48h22.4c6.4 0 12.8-6.4 12.8-12.8v-70.4c0-6.4-6.4-12.8-12.8-12.8h-22.4c-6.4 0-12.8 6.4-12.8 12.8v70.4c0 6.4 6.4 12.8 12.8 12.8z\" class=\"\"><\/path><\/svg><\/i> <img loading=\"lazy\" decoding=\"async\" width=\"16\" height=\"16\" alt=\"Loading\" src=\"https:\/\/csavoly.hu\/wp\/wp-content\/plugins\/page-views-count\/ajax-loader-2x.gif\" border=0 \/><\/p>\n<div class=\"pvc_clear\"><\/div>\n","protected":false},"author":3,"featured_media":0,"parent":0,"menu_order":0,"comment_status":"closed","ping_status":"closed","template":"","meta":{"footnotes":""},"class_list":["post-6237","page","type-page","status-publish","hentry"],"_links":{"self":[{"href":"https:\/\/csavoly.hu\/wp\/index.php?rest_route=\/wp\/v2\/pages\/6237"}],"collection":[{"href":"https:\/\/csavoly.hu\/wp\/index.php?rest_route=\/wp\/v2\/pages"}],"about":[{"href":"https:\/\/csavoly.hu\/wp\/index.php?rest_route=\/wp\/v2\/types\/page"}],"author":[{"embeddable":true,"href":"https:\/\/csavoly.hu\/wp\/index.php?rest_route=\/wp\/v2\/users\/3"}],"replies":[{"embeddable":true,"href":"https:\/\/csavoly.hu\/wp\/index.php?rest_route=%2Fwp%2Fv2%2Fcomments&post=6237"}],"version-history":[{"count":1,"href":"https:\/\/csavoly.hu\/wp\/index.php?rest_route=\/wp\/v2\/pages\/6237\/revisions"}],"predecessor-version":[{"id":6240,"href":"https:\/\/csavoly.hu\/wp\/index.php?rest_route=\/wp\/v2\/pages\/6237\/revisions\/6240"}],"wp:attachment":[{"href":"https:\/\/csavoly.hu\/wp\/index.php?rest_route=%2Fwp%2Fv2%2Fmedia&parent=6237"}],"curies":[{"name":"wp","href":"https:\/\/api.w.org\/{rel}","templated":true}]}}