{"id":6302,"date":"2023-08-29T13:42:01","date_gmt":"2023-08-29T11:42:01","guid":{"rendered":"http:\/\/csavoly.hu\/wp\/?page_id=6302"},"modified":"2023-08-29T13:42:02","modified_gmt":"2023-08-29T11:42:02","slug":"vi-evfolyam-1-szam-2020-04-07","status":"publish","type":"page","link":"https:\/\/csavoly.hu\/wp\/?page_id=6302","title":{"rendered":"VI. \u00c9VFOLYAM 1.SZ\u00c1M \u2013 2020.04.07."},"content":{"rendered":"\n<figure class=\"wp-block-image\"><a href=\"https:\/\/csavoly.hu\/wp\/wp-content\/uploads\/2023\/08\/\u00d6nkorm\u00e1nyzati-H\u00edrmond\u00f3-2020.-\u00e9v-1.-sz\u00e1m-nyomdak\u00e9sz3-1.jpg\" target=\"_blank\" rel=\"noreferrer noopener\"><img loading=\"lazy\" decoding=\"async\" width=\"1654\" height=\"2339\" src=\"https:\/\/csavoly.hu\/wp\/wp-content\/uploads\/2023\/08\/\u00d6nkorm\u00e1nyzati-H\u00edrmond\u00f3-2020.-\u00e9v-1.-sz\u00e1m-nyomdak\u00e9sz3-1.jpg\" alt=\"\" class=\"wp-image-6294\" srcset=\"https:\/\/csavoly.hu\/wp\/wp-content\/uploads\/2023\/08\/\u00d6nkorm\u00e1nyzati-H\u00edrmond\u00f3-2020.-\u00e9v-1.-sz\u00e1m-nyomdak\u00e9sz3-1.jpg 1654w, https:\/\/csavoly.hu\/wp\/wp-content\/uploads\/2023\/08\/\u00d6nkorm\u00e1nyzati-H\u00edrmond\u00f3-2020.-\u00e9v-1.-sz\u00e1m-nyomdak\u00e9sz3-1-768x1086.jpg 768w\" sizes=\"(max-width: 1654px) 100vw, 1654px\" \/><\/a><\/figure>\n\n\n\n<figure class=\"wp-block-image\"><a href=\"https:\/\/csavoly.hu\/wp\/wp-content\/uploads\/2023\/08\/\u00d6nkorm\u00e1nyzati-H\u00edrmond\u00f3-2020.-\u00e9v-1.-sz\u00e1m-nyomdak\u00e9sz3-2.jpg\" target=\"_blank\" rel=\"noreferrer noopener\"><img loading=\"lazy\" decoding=\"async\" width=\"1654\" height=\"2339\" src=\"https:\/\/csavoly.hu\/wp\/wp-content\/uploads\/2023\/08\/\u00d6nkorm\u00e1nyzati-H\u00edrmond\u00f3-2020.-\u00e9v-1.-sz\u00e1m-nyomdak\u00e9sz3-2.jpg\" alt=\"\" class=\"wp-image-6295\" srcset=\"https:\/\/csavoly.hu\/wp\/wp-content\/uploads\/2023\/08\/\u00d6nkorm\u00e1nyzati-H\u00edrmond\u00f3-2020.-\u00e9v-1.-sz\u00e1m-nyomdak\u00e9sz3-2.jpg 1654w, https:\/\/csavoly.hu\/wp\/wp-content\/uploads\/2023\/08\/\u00d6nkorm\u00e1nyzati-H\u00edrmond\u00f3-2020.-\u00e9v-1.-sz\u00e1m-nyomdak\u00e9sz3-2-768x1086.jpg 768w\" sizes=\"(max-width: 1654px) 100vw, 1654px\" \/><\/a><\/figure>\n\n\n\n<figure class=\"wp-block-image\"><a href=\"https:\/\/csavoly.hu\/wp\/wp-content\/uploads\/2023\/08\/\u00d6nkorm\u00e1nyzati-H\u00edrmond\u00f3-2020.-\u00e9v-1.-sz\u00e1m-nyomdak\u00e9sz3-3.jpg\" target=\"_blank\" rel=\"noreferrer noopener\"><img loading=\"lazy\" decoding=\"async\" width=\"1654\" height=\"2339\" src=\"https:\/\/csavoly.hu\/wp\/wp-content\/uploads\/2023\/08\/\u00d6nkorm\u00e1nyzati-H\u00edrmond\u00f3-2020.-\u00e9v-1.-sz\u00e1m-nyomdak\u00e9sz3-3.jpg\" alt=\"\" class=\"wp-image-6296\" srcset=\"https:\/\/csavoly.hu\/wp\/wp-content\/uploads\/2023\/08\/\u00d6nkorm\u00e1nyzati-H\u00edrmond\u00f3-2020.-\u00e9v-1.-sz\u00e1m-nyomdak\u00e9sz3-3.jpg 1654w, https:\/\/csavoly.hu\/wp\/wp-content\/uploads\/2023\/08\/\u00d6nkorm\u00e1nyzati-H\u00edrmond\u00f3-2020.-\u00e9v-1.-sz\u00e1m-nyomdak\u00e9sz3-3-768x1086.jpg 768w\" sizes=\"(max-width: 1654px) 100vw, 1654px\" \/><\/a><\/figure>\n\n\n\n<figure class=\"wp-block-image\"><a href=\"https:\/\/csavoly.hu\/wp\/wp-content\/uploads\/2023\/08\/\u00d6nkorm\u00e1nyzati-H\u00edrmond\u00f3-2020.-\u00e9v-1.-sz\u00e1m-nyomdak\u00e9sz3-4.jpg\" target=\"_blank\" rel=\"noreferrer noopener\"><img loading=\"lazy\" decoding=\"async\" width=\"1654\" height=\"2339\" src=\"https:\/\/csavoly.hu\/wp\/wp-content\/uploads\/2023\/08\/\u00d6nkorm\u00e1nyzati-H\u00edrmond\u00f3-2020.-\u00e9v-1.-sz\u00e1m-nyomdak\u00e9sz3-4.jpg\" alt=\"\" class=\"wp-image-6297\" srcset=\"https:\/\/csavoly.hu\/wp\/wp-content\/uploads\/2023\/08\/\u00d6nkorm\u00e1nyzati-H\u00edrmond\u00f3-2020.-\u00e9v-1.-sz\u00e1m-nyomdak\u00e9sz3-4.jpg 1654w, https:\/\/csavoly.hu\/wp\/wp-content\/uploads\/2023\/08\/\u00d6nkorm\u00e1nyzati-H\u00edrmond\u00f3-2020.-\u00e9v-1.-sz\u00e1m-nyomdak\u00e9sz3-4-768x1086.jpg 768w\" sizes=\"(max-width: 1654px) 100vw, 1654px\" \/><\/a><\/figure>\n\n\n\n<figure class=\"wp-block-image\"><a href=\"https:\/\/csavoly.hu\/wp\/wp-content\/uploads\/2023\/08\/\u00d6nkorm\u00e1nyzati-H\u00edrmond\u00f3-2020.-\u00e9v-1.-sz\u00e1m-nyomdak\u00e9sz3-5.jpg\" target=\"_blank\" rel=\"noreferrer noopener\"><img loading=\"lazy\" decoding=\"async\" width=\"1654\" height=\"2339\" src=\"https:\/\/csavoly.hu\/wp\/wp-content\/uploads\/2023\/08\/\u00d6nkorm\u00e1nyzati-H\u00edrmond\u00f3-2020.-\u00e9v-1.-sz\u00e1m-nyomdak\u00e9sz3-5.jpg\" alt=\"\" class=\"wp-image-6298\" srcset=\"https:\/\/csavoly.hu\/wp\/wp-content\/uploads\/2023\/08\/\u00d6nkorm\u00e1nyzati-H\u00edrmond\u00f3-2020.-\u00e9v-1.-sz\u00e1m-nyomdak\u00e9sz3-5.jpg 1654w, https:\/\/csavoly.hu\/wp\/wp-content\/uploads\/2023\/08\/\u00d6nkorm\u00e1nyzati-H\u00edrmond\u00f3-2020.-\u00e9v-1.-sz\u00e1m-nyomdak\u00e9sz3-5-768x1086.jpg 768w\" sizes=\"(max-width: 1654px) 100vw, 1654px\" \/><\/a><\/figure>\n\n\n\n<figure class=\"wp-block-image\"><a href=\"https:\/\/csavoly.hu\/wp\/wp-content\/uploads\/2023\/08\/\u00d6nkorm\u00e1nyzati-H\u00edrmond\u00f3-2020.-\u00e9v-1.-sz\u00e1m-nyomdak\u00e9sz3-6.jpg\" target=\"_blank\" rel=\"noreferrer noopener\"><img loading=\"lazy\" decoding=\"async\" width=\"1654\" height=\"2339\" src=\"https:\/\/csavoly.hu\/wp\/wp-content\/uploads\/2023\/08\/\u00d6nkorm\u00e1nyzati-H\u00edrmond\u00f3-2020.-\u00e9v-1.-sz\u00e1m-nyomdak\u00e9sz3-6.jpg\" alt=\"\" class=\"wp-image-6299\" srcset=\"https:\/\/csavoly.hu\/wp\/wp-content\/uploads\/2023\/08\/\u00d6nkorm\u00e1nyzati-H\u00edrmond\u00f3-2020.-\u00e9v-1.-sz\u00e1m-nyomdak\u00e9sz3-6.jpg 1654w, https:\/\/csavoly.hu\/wp\/wp-content\/uploads\/2023\/08\/\u00d6nkorm\u00e1nyzati-H\u00edrmond\u00f3-2020.-\u00e9v-1.-sz\u00e1m-nyomdak\u00e9sz3-6-768x1086.jpg 768w\" sizes=\"(max-width: 1654px) 100vw, 1654px\" \/><\/a><\/figure>\n\n\n\n<figure class=\"wp-block-image\"><a href=\"https:\/\/csavoly.hu\/wp\/wp-content\/uploads\/2023\/08\/\u00d6nkorm\u00e1nyzati-H\u00edrmond\u00f3-2020.-\u00e9v-1.-sz\u00e1m-nyomdak\u00e9sz3-7.jpg\" target=\"_blank\" rel=\"noreferrer noopener\"><img loading=\"lazy\" decoding=\"async\" width=\"1654\" height=\"2339\" src=\"https:\/\/csavoly.hu\/wp\/wp-content\/uploads\/2023\/08\/\u00d6nkorm\u00e1nyzati-H\u00edrmond\u00f3-2020.-\u00e9v-1.-sz\u00e1m-nyomdak\u00e9sz3-7.jpg\" alt=\"\" class=\"wp-image-6300\" srcset=\"https:\/\/csavoly.hu\/wp\/wp-content\/uploads\/2023\/08\/\u00d6nkorm\u00e1nyzati-H\u00edrmond\u00f3-2020.-\u00e9v-1.-sz\u00e1m-nyomdak\u00e9sz3-7.jpg 1654w, https:\/\/csavoly.hu\/wp\/wp-content\/uploads\/2023\/08\/\u00d6nkorm\u00e1nyzati-H\u00edrmond\u00f3-2020.-\u00e9v-1.-sz\u00e1m-nyomdak\u00e9sz3-7-768x1086.jpg 768w\" sizes=\"(max-width: 1654px) 100vw, 1654px\" \/><\/a><\/figure>\n\n\n\n<figure class=\"wp-block-image\"><a href=\"https:\/\/csavoly.hu\/wp\/wp-content\/uploads\/2023\/08\/\u00d6nkorm\u00e1nyzati-H\u00edrmond\u00f3-2020.-\u00e9v-1.-sz\u00e1m-nyomdak\u00e9sz3-8.jpg\" target=\"_blank\" rel=\"noreferrer noopener\"><img loading=\"lazy\" decoding=\"async\" width=\"1654\" height=\"2339\" src=\"https:\/\/csavoly.hu\/wp\/wp-content\/uploads\/2023\/08\/\u00d6nkorm\u00e1nyzati-H\u00edrmond\u00f3-2020.-\u00e9v-1.-sz\u00e1m-nyomdak\u00e9sz3-8.jpg\" alt=\"\" class=\"wp-image-6301\" srcset=\"https:\/\/csavoly.hu\/wp\/wp-content\/uploads\/2023\/08\/\u00d6nkorm\u00e1nyzati-H\u00edrmond\u00f3-2020.-\u00e9v-1.-sz\u00e1m-nyomdak\u00e9sz3-8.jpg 1654w, https:\/\/csavoly.hu\/wp\/wp-content\/uploads\/2023\/08\/\u00d6nkorm\u00e1nyzati-H\u00edrmond\u00f3-2020.-\u00e9v-1.-sz\u00e1m-nyomdak\u00e9sz3-8-768x1086.jpg 768w\" sizes=\"(max-width: 1654px) 100vw, 1654px\" \/><\/a><\/figure>\n<div class=\"pvc_clear\"><\/div><p id=\"pvc_stats_6302\" class=\"pvc_stats all  \" data-element-id=\"6302\" style=\"\"><i class=\"pvc-stats-icon medium\" aria-hidden=\"true\"><svg aria-hidden=\"true\" focusable=\"false\" data-prefix=\"far\" data-icon=\"chart-bar\" role=\"img\" xmlns=\"http:\/\/www.w3.org\/2000\/svg\" viewBox=\"0 0 512 512\" class=\"svg-inline--fa fa-chart-bar fa-w-16 fa-2x\"><path fill=\"currentColor\" d=\"M396.8 352h22.4c6.4 0 12.8-6.4 12.8-12.8V108.8c0-6.4-6.4-12.8-12.8-12.8h-22.4c-6.4 0-12.8 6.4-12.8 12.8v230.4c0 6.4 6.4 12.8 12.8 12.8zm-192 0h22.4c6.4 0 12.8-6.4 12.8-12.8V140.8c0-6.4-6.4-12.8-12.8-12.8h-22.4c-6.4 0-12.8 6.4-12.8 12.8v198.4c0 6.4 6.4 12.8 12.8 12.8zm96 0h22.4c6.4 0 12.8-6.4 12.8-12.8V204.8c0-6.4-6.4-12.8-12.8-12.8h-22.4c-6.4 0-12.8 6.4-12.8 12.8v134.4c0 6.4 6.4 12.8 12.8 12.8zM496 400H48V80c0-8.84-7.16-16-16-16H16C7.16 64 0 71.16 0 80v336c0 17.67 14.33 32 32 32h464c8.84 0 16-7.16 16-16v-16c0-8.84-7.16-16-16-16zm-387.2-48h22.4c6.4 0 12.8-6.4 12.8-12.8v-70.4c0-6.4-6.4-12.8-12.8-12.8h-22.4c-6.4 0-12.8 6.4-12.8 12.8v70.4c0 6.4 6.4 12.8 12.8 12.8z\" class=\"\"><\/path><\/svg><\/i> <img loading=\"lazy\" decoding=\"async\" width=\"16\" height=\"16\" alt=\"Loading\" src=\"https:\/\/csavoly.hu\/wp\/wp-content\/plugins\/page-views-count\/ajax-loader-2x.gif\" border=0 \/><\/p><div class=\"pvc_clear\"><\/div>","protected":false},"excerpt":{"rendered":"<div class=\"pvc_clear\"><\/div>\n<p id=\"pvc_stats_6302\" class=\"pvc_stats all  \" data-element-id=\"6302\" style=\"\"><i class=\"pvc-stats-icon medium\" aria-hidden=\"true\"><svg aria-hidden=\"true\" focusable=\"false\" data-prefix=\"far\" data-icon=\"chart-bar\" role=\"img\" xmlns=\"http:\/\/www.w3.org\/2000\/svg\" viewBox=\"0 0 512 512\" class=\"svg-inline--fa fa-chart-bar fa-w-16 fa-2x\"><path fill=\"currentColor\" d=\"M396.8 352h22.4c6.4 0 12.8-6.4 12.8-12.8V108.8c0-6.4-6.4-12.8-12.8-12.8h-22.4c-6.4 0-12.8 6.4-12.8 12.8v230.4c0 6.4 6.4 12.8 12.8 12.8zm-192 0h22.4c6.4 0 12.8-6.4 12.8-12.8V140.8c0-6.4-6.4-12.8-12.8-12.8h-22.4c-6.4 0-12.8 6.4-12.8 12.8v198.4c0 6.4 6.4 12.8 12.8 12.8zm96 0h22.4c6.4 0 12.8-6.4 12.8-12.8V204.8c0-6.4-6.4-12.8-12.8-12.8h-22.4c-6.4 0-12.8 6.4-12.8 12.8v134.4c0 6.4 6.4 12.8 12.8 12.8zM496 400H48V80c0-8.84-7.16-16-16-16H16C7.16 64 0 71.16 0 80v336c0 17.67 14.33 32 32 32h464c8.84 0 16-7.16 16-16v-16c0-8.84-7.16-16-16-16zm-387.2-48h22.4c6.4 0 12.8-6.4 12.8-12.8v-70.4c0-6.4-6.4-12.8-12.8-12.8h-22.4c-6.4 0-12.8 6.4-12.8 12.8v70.4c0 6.4 6.4 12.8 12.8 12.8z\" class=\"\"><\/path><\/svg><\/i> <img loading=\"lazy\" decoding=\"async\" width=\"16\" height=\"16\" alt=\"Loading\" src=\"https:\/\/csavoly.hu\/wp\/wp-content\/plugins\/page-views-count\/ajax-loader-2x.gif\" border=0 \/><\/p>\n<div class=\"pvc_clear\"><\/div>\n","protected":false},"author":3,"featured_media":0,"parent":0,"menu_order":0,"comment_status":"closed","ping_status":"closed","template":"","meta":{"footnotes":""},"class_list":["post-6302","page","type-page","status-publish","hentry"],"_links":{"self":[{"href":"https:\/\/csavoly.hu\/wp\/index.php?rest_route=\/wp\/v2\/pages\/6302"}],"collection":[{"href":"https:\/\/csavoly.hu\/wp\/index.php?rest_route=\/wp\/v2\/pages"}],"about":[{"href":"https:\/\/csavoly.hu\/wp\/index.php?rest_route=\/wp\/v2\/types\/page"}],"author":[{"embeddable":true,"href":"https:\/\/csavoly.hu\/wp\/index.php?rest_route=\/wp\/v2\/users\/3"}],"replies":[{"embeddable":true,"href":"https:\/\/csavoly.hu\/wp\/index.php?rest_route=%2Fwp%2Fv2%2Fcomments&post=6302"}],"version-history":[{"count":1,"href":"https:\/\/csavoly.hu\/wp\/index.php?rest_route=\/wp\/v2\/pages\/6302\/revisions"}],"predecessor-version":[{"id":6303,"href":"https:\/\/csavoly.hu\/wp\/index.php?rest_route=\/wp\/v2\/pages\/6302\/revisions\/6303"}],"wp:attachment":[{"href":"https:\/\/csavoly.hu\/wp\/index.php?rest_route=%2Fwp%2Fv2%2Fmedia&parent=6302"}],"curies":[{"name":"wp","href":"https:\/\/api.w.org\/{rel}","templated":true}]}}