{"id":637,"date":"2016-10-03T11:15:32","date_gmt":"2016-10-03T11:15:32","guid":{"rendered":"http:\/\/csavoly.hu\/wp\/?page_id=637"},"modified":"2020-05-12T09:13:08","modified_gmt":"2020-05-12T07:13:08","slug":"miniszteri-kituntetes-es-3-millio-forint-jutalom","status":"publish","type":"page","link":"https:\/\/csavoly.hu\/wp\/?page_id=637","title":{"rendered":"MINISZTERI KIT\u00dcNTET\u00c9S \u00c9S 3 MILLI\u00d3 FORINT JUTALOM"},"content":{"rendered":"<p>2015. december 4-\u00e9n, p\u00e9nteken d\u00e9lel\u0151tt a Bel\u00fcgyminiszt\u00e9rium M\u00e1rv\u00e1ny Aul\u00e1j\u00e1ban<br \/>\n\u201e A k\u00f6zfoglalkoztat\u00e1si programok megval\u00f3s\u00edt\u00e1s\u00e1ban ny\u00fajtott kiemelked\u0151 szakmai tev\u00e9kenys\u00e9ge elismer\u00e9s\u00e9\u00fcl\u201d<br \/>\nMiniszteri Elismer\u0151 Oklevelet vehetett \u00e1t Magyarorsz\u00e1g megy\u00e9ib\u0151l \u00e1tlagosan 2-2 polg\u00e1rmester, k\u00f6zt\u00fck Cs\u00e1voly\u00e9 is.<span class=\"text_exposed_show\"><br \/>\nNagyon sz\u00e9pen k\u00f6sz\u00f6n\u00f6m MINDENKINEK, hiszen ez csapatmunka volt!<br \/>\nTal\u00e1n el sem tudom mondani, milyen megtisztel\u0151 \u00e9rz\u00e9s volt, miut\u00e1n visszhangzott a patin\u00e1s \u00e9p\u00fclet d\u00edszcsarnok\u00e1nak falai k\u00f6z\u00f6tt a \u201eCs\u00e1voly K\u00f6zs\u00e9g \u00d6nkorm\u00e1nyzata\u201d kifejez\u00e9s, mindannak k\u00e9pviselet\u00e9ben, a meghat\u00f3dotts\u00e1g \u00e9s a b\u00fcszkes\u00e9g \u00e9rz\u00e9s\u00e9vel egy\u00fctt a sz\u00edvemben, fel\u00e1llni az els\u0151 sorb\u00f3l, \u00e9s \u00e1tvenni a nem mindennapi \u00e9rdemmel \u00e9s elismer\u00e9ssel j\u00e1r\u00f3 jutalmat.<br \/>\nA d\u00f6nt\u00e9st Dr. Pint\u00e9r S\u00e1ndor Bel\u00fcgyminiszter hagyta j\u00f3v\u00e1, t\u00f6bbek k\u00f6zt a J\u00e1r\u00e1si Munka\u00fcgyi K\u00f6zpontok \u00e9s Korm\u00e1nyhivatalok javaslatai alapj\u00e1n. A d\u00edszes cerem\u00f3nia keretei k\u00f6z\u00f6tt az okleveleket Pog\u00e1cs\u00e1s Tibor, a Bel\u00fcgyminiszt\u00e9rium \u00d6nkorm\u00e1nyzati \u00c1llamtitk\u00e1ra ny\u00fajtotta \u00e1t gratul\u00e1ci\u00f3j\u00e1val egybek\u00f6tve. Ezt k\u00f6vet\u0151en Dr. Hoffmann Imre K\u00f6zfoglalkoztat\u00e1si \u00e9s V\u00edz\u00fcgyi Helyettes \u00c1llamtitk\u00e1r szavaival z\u00e1rult a rendezv\u00e9ny.<br \/>\nIsm\u00e9telten k\u00f6sz\u00f6n\u00f6m minden egyes \u201efogasker\u00e9knek\u201d, akik hajtj\u00e1k a cs\u00e1volyi k\u00f6zfoglalkoztat\u00e1s kerekeit \u00e9s szeker\u00e9t, mindez n\u00e9lk\u00fcletek nem val\u00f3sulhatott volna meg! A kit\u00fcntet\u00e9ssel j\u00e1r\u00f3 nem kis \u00f6sszeget, a j\u00f3 gazda gondoss\u00e1g\u00e1val a 2016-os k\u00f6zmunka fejleszt\u00e9s\u00e9re sz\u00e1nom, \u00fagy gondolom, megvan a helye!<\/span><\/p>\n<p><a href=\"https:\/\/csavoly.hu\/wp\/wp-content\/uploads\/2015\/12\/12415832_645967718840099_1465850568_o.jpg\"><img loading=\"lazy\" decoding=\"async\" class=\"alignnone size-medium wp-image-374\" src=\"https:\/\/csavoly.hu\/wp\/wp-content\/uploads\/2015\/12\/12415832_645967718840099_1465850568_o-300x214.jpg\" alt=\"12415832_645967718840099_1465850568_o\" width=\"300\" height=\"214\" srcset=\"https:\/\/csavoly.hu\/wp\/wp-content\/uploads\/2015\/12\/12415832_645967718840099_1465850568_o-300x214.jpg 300w, https:\/\/csavoly.hu\/wp\/wp-content\/uploads\/2015\/12\/12415832_645967718840099_1465850568_o-1024x732.jpg 1024w, https:\/\/csavoly.hu\/wp\/wp-content\/uploads\/2015\/12\/12415832_645967718840099_1465850568_o.jpg 2048w\" sizes=\"(max-width: 300px) 100vw, 300px\" \/><\/a><a href=\"https:\/\/csavoly.hu\/wp\/wp-content\/uploads\/2015\/12\/12431476_645967575506780_1213514828_n.jpg\"><img loading=\"lazy\" decoding=\"async\" class=\"alignnone size-medium wp-image-375\" src=\"https:\/\/csavoly.hu\/wp\/wp-content\/uploads\/2015\/12\/12431476_645967575506780_1213514828_n-300x203.jpg\" alt=\"12431476_645967575506780_1213514828_n\" width=\"300\" height=\"203\" srcset=\"https:\/\/csavoly.hu\/wp\/wp-content\/uploads\/2015\/12\/12431476_645967575506780_1213514828_n-300x203.jpg 300w, https:\/\/csavoly.hu\/wp\/wp-content\/uploads\/2015\/12\/12431476_645967575506780_1213514828_n.jpg 900w\" sizes=\"(max-width: 300px) 100vw, 300px\" \/><\/a><a href=\"https:\/\/csavoly.hu\/wp\/wp-content\/uploads\/2015\/12\/12404991_645967642173440_1545740428_o.jpg\"><img loading=\"lazy\" decoding=\"async\" class=\"alignnone size-medium wp-image-373\" src=\"https:\/\/csavoly.hu\/wp\/wp-content\/uploads\/2015\/12\/12404991_645967642173440_1545740428_o-300x202.jpg\" alt=\"12404991_645967642173440_1545740428_o\" width=\"300\" height=\"202\" srcset=\"https:\/\/csavoly.hu\/wp\/wp-content\/uploads\/2015\/12\/12404991_645967642173440_1545740428_o-300x202.jpg 300w, https:\/\/csavoly.hu\/wp\/wp-content\/uploads\/2015\/12\/12404991_645967642173440_1545740428_o.jpg 1000w\" sizes=\"(max-width: 300px) 100vw, 300px\" \/><\/a><a href=\"https:\/\/csavoly.hu\/wp\/wp-content\/uploads\/2015\/12\/11053710_640042776099260_4153150279732806386_o.jpg\"><img loading=\"lazy\" decoding=\"async\" class=\"alignnone size-medium wp-image-349\" src=\"https:\/\/csavoly.hu\/wp\/wp-content\/uploads\/2015\/12\/11053710_640042776099260_4153150279732806386_o-300x225.jpg\" alt=\"11053710_640042776099260_4153150279732806386_o\" width=\"300\" height=\"225\" srcset=\"https:\/\/csavoly.hu\/wp\/wp-content\/uploads\/2015\/12\/11053710_640042776099260_4153150279732806386_o-300x225.jpg 300w, https:\/\/csavoly.hu\/wp\/wp-content\/uploads\/2015\/12\/11053710_640042776099260_4153150279732806386_o-1024x768.jpg 1024w, https:\/\/csavoly.hu\/wp\/wp-content\/uploads\/2015\/12\/11053710_640042776099260_4153150279732806386_o.jpg 2048w\" sizes=\"(max-width: 300px) 100vw, 300px\" \/><\/a><a href=\"https:\/\/csavoly.hu\/wp\/wp-content\/uploads\/2015\/12\/12309917_640042682765936_6230413657533781831_o.jpg\"><img loading=\"lazy\" decoding=\"async\" class=\"alignnone size-medium wp-image-348\" src=\"https:\/\/csavoly.hu\/wp\/wp-content\/uploads\/2015\/12\/12309917_640042682765936_6230413657533781831_o-300x168.jpg\" alt=\"12309917_640042682765936_6230413657533781831_o\" width=\"300\" height=\"168\" srcset=\"https:\/\/csavoly.hu\/wp\/wp-content\/uploads\/2015\/12\/12309917_640042682765936_6230413657533781831_o-300x168.jpg 300w, https:\/\/csavoly.hu\/wp\/wp-content\/uploads\/2015\/12\/12309917_640042682765936_6230413657533781831_o-1024x575.jpg 1024w, https:\/\/csavoly.hu\/wp\/wp-content\/uploads\/2015\/12\/12309917_640042682765936_6230413657533781831_o.jpg 1632w\" sizes=\"(max-width: 300px) 100vw, 300px\" \/><\/a><a href=\"https:\/\/csavoly.hu\/wp\/wp-content\/uploads\/2015\/12\/12314331_640042722765932_1366687872212733611_o.jpg\"><img loading=\"lazy\" decoding=\"async\" class=\"alignnone size-medium wp-image-347\" src=\"https:\/\/csavoly.hu\/wp\/wp-content\/uploads\/2015\/12\/12314331_640042722765932_1366687872212733611_o-300x225.jpg\" alt=\"12314331_640042722765932_1366687872212733611_o\" width=\"300\" height=\"225\" srcset=\"https:\/\/csavoly.hu\/wp\/wp-content\/uploads\/2015\/12\/12314331_640042722765932_1366687872212733611_o-300x225.jpg 300w, https:\/\/csavoly.hu\/wp\/wp-content\/uploads\/2015\/12\/12314331_640042722765932_1366687872212733611_o-1024x768.jpg 1024w, https:\/\/csavoly.hu\/wp\/wp-content\/uploads\/2015\/12\/12314331_640042722765932_1366687872212733611_o.jpg 2048w\" sizes=\"(max-width: 300px) 100vw, 300px\" \/><\/a><\/p>\n","protected":false},"excerpt":{"rendered":"<p>2015. december 4-\u00e9n, p\u00e9nteken d\u00e9lel\u0151tt a Bel\u00fcgyminiszt\u00e9rium M\u00e1rv\u00e1ny Aul\u00e1j\u00e1ban \u201e A k\u00f6zfoglalkoztat\u00e1si programok megval\u00f3s\u00edt\u00e1s\u00e1ban ny\u00fajtott kiemelked\u0151 szakmai tev\u00e9kenys\u00e9ge elismer\u00e9s\u00e9\u00fcl\u201d Miniszteri Elismer\u0151 Oklevelet vehetett \u00e1t Magyarorsz\u00e1g megy\u00e9ib\u0151l \u00e1tlagosan 2-2 polg\u00e1rmester, k\u00f6zt\u00fck Cs\u00e1voly\u00e9 is. Nagyon sz\u00e9pen k\u00f6sz\u00f6n\u00f6m MINDENKINEK, hiszen ez csapatmunka volt! Tal\u00e1n el sem tudom mondani, milyen megtisztel\u0151 \u00e9rz\u00e9s volt, miut\u00e1n visszhangzott a patin\u00e1s \u00e9p\u00fclet d\u00edszcsarnok\u00e1nak &hellip; <a href=\"https:\/\/csavoly.hu\/wp\/?page_id=637\" class=\"more-link\"><span class=\"screen-reader-text\">MINISZTERI KIT\u00dcNTET\u00c9S \u00c9S 3 MILLI\u00d3 FORINT JUTALOM<\/span> b\u0151vebben&#8230; <span class=\"meta-nav\">&rarr;<\/span><\/a><\/p>\n","protected":false},"author":3,"featured_media":0,"parent":0,"menu_order":0,"comment_status":"closed","ping_status":"closed","template":"","meta":{"footnotes":""},"class_list":["post-637","page","type-page","status-publish","hentry"],"_links":{"self":[{"href":"https:\/\/csavoly.hu\/wp\/index.php?rest_route=\/wp\/v2\/pages\/637"}],"collection":[{"href":"https:\/\/csavoly.hu\/wp\/index.php?rest_route=\/wp\/v2\/pages"}],"about":[{"href":"https:\/\/csavoly.hu\/wp\/index.php?rest_route=\/wp\/v2\/types\/page"}],"author":[{"embeddable":true,"href":"https:\/\/csavoly.hu\/wp\/index.php?rest_route=\/wp\/v2\/users\/3"}],"replies":[{"embeddable":true,"href":"https:\/\/csavoly.hu\/wp\/index.php?rest_route=%2Fwp%2Fv2%2Fcomments&post=637"}],"version-history":[{"count":1,"href":"https:\/\/csavoly.hu\/wp\/index.php?rest_route=\/wp\/v2\/pages\/637\/revisions"}],"predecessor-version":[{"id":3109,"href":"https:\/\/csavoly.hu\/wp\/index.php?rest_route=\/wp\/v2\/pages\/637\/revisions\/3109"}],"wp:attachment":[{"href":"https:\/\/csavoly.hu\/wp\/index.php?rest_route=%2Fwp%2Fv2%2Fmedia&parent=637"}],"curies":[{"name":"wp","href":"https:\/\/api.w.org\/{rel}","templated":true}]}}