{"id":6375,"date":"2023-09-20T11:37:35","date_gmt":"2023-09-20T09:37:35","guid":{"rendered":"http:\/\/csavoly.hu\/wp\/?page_id=6375"},"modified":"2023-09-20T11:46:47","modified_gmt":"2023-09-20T09:46:47","slug":"telepuleskepi-bejelentes-rendeltetesmodositas-cegtabla-kihelyezesekor","status":"publish","type":"page","link":"https:\/\/csavoly.hu\/wp\/?page_id=6375","title":{"rendered":"TELEP\u00dcL\u00c9SK\u00c9PI BEJELENT\u00c9S RENDELTET\u00c9SM\u00d3DOS\u00cdT\u00c1S, C\u00c9GT\u00c1BLA KIHELYEZ\u00c9SEKOR"},"content":{"rendered":"\n<figure class=\"wp-block-image\"><a href=\"https:\/\/csavoly.hu\/wp\/wp-content\/uploads\/2023\/09\/webre_T\u00e1j\u00e9koztat\u00f3-telep\u00fcl\u00e9sk\u00e9pi-bejelent\u00e9sr\u0151l-1.jpg\" target=\"_blank\" rel=\"noreferrer noopener\"><img loading=\"lazy\" decoding=\"async\" width=\"1654\" height=\"2339\" src=\"https:\/\/csavoly.hu\/wp\/wp-content\/uploads\/2023\/09\/webre_T\u00e1j\u00e9koztat\u00f3-telep\u00fcl\u00e9sk\u00e9pi-bejelent\u00e9sr\u0151l-1.jpg\" alt=\"\" class=\"wp-image-6379\" srcset=\"https:\/\/csavoly.hu\/wp\/wp-content\/uploads\/2023\/09\/webre_T\u00e1j\u00e9koztat\u00f3-telep\u00fcl\u00e9sk\u00e9pi-bejelent\u00e9sr\u0151l-1.jpg 1654w, https:\/\/csavoly.hu\/wp\/wp-content\/uploads\/2023\/09\/webre_T\u00e1j\u00e9koztat\u00f3-telep\u00fcl\u00e9sk\u00e9pi-bejelent\u00e9sr\u0151l-1-768x1086.jpg 768w\" sizes=\"(max-width: 1654px) 100vw, 1654px\" \/><\/a><\/figure>\n\n\n\n<figure class=\"wp-block-image\"><a href=\"https:\/\/csavoly.hu\/wp\/wp-content\/uploads\/2023\/09\/webre_T\u00e1j\u00e9koztat\u00f3-telep\u00fcl\u00e9sk\u00e9pi-bejelent\u00e9sr\u0151l-2.jpg\" target=\"_blank\" rel=\"noreferrer noopener\"><img loading=\"lazy\" decoding=\"async\" width=\"1654\" height=\"2339\" src=\"https:\/\/csavoly.hu\/wp\/wp-content\/uploads\/2023\/09\/webre_T\u00e1j\u00e9koztat\u00f3-telep\u00fcl\u00e9sk\u00e9pi-bejelent\u00e9sr\u0151l-2.jpg\" alt=\"\" class=\"wp-image-6380\" srcset=\"https:\/\/csavoly.hu\/wp\/wp-content\/uploads\/2023\/09\/webre_T\u00e1j\u00e9koztat\u00f3-telep\u00fcl\u00e9sk\u00e9pi-bejelent\u00e9sr\u0151l-2.jpg 1654w, https:\/\/csavoly.hu\/wp\/wp-content\/uploads\/2023\/09\/webre_T\u00e1j\u00e9koztat\u00f3-telep\u00fcl\u00e9sk\u00e9pi-bejelent\u00e9sr\u0151l-2-768x1086.jpg 768w\" sizes=\"(max-width: 1654px) 100vw, 1654px\" \/><\/a><\/figure>\n\n\n\n<figure class=\"wp-block-image\"><a href=\"https:\/\/csavoly.hu\/wp\/wp-content\/uploads\/2023\/09\/webre_T\u00e1j\u00e9koztat\u00f3-telep\u00fcl\u00e9sk\u00e9pi-bejelent\u00e9sr\u0151l-3.jpg\" target=\"_blank\" rel=\"noreferrer noopener\"><img loading=\"lazy\" decoding=\"async\" width=\"1654\" height=\"2339\" src=\"https:\/\/csavoly.hu\/wp\/wp-content\/uploads\/2023\/09\/webre_T\u00e1j\u00e9koztat\u00f3-telep\u00fcl\u00e9sk\u00e9pi-bejelent\u00e9sr\u0151l-3.jpg\" alt=\"\" class=\"wp-image-6376\" srcset=\"https:\/\/csavoly.hu\/wp\/wp-content\/uploads\/2023\/09\/webre_T\u00e1j\u00e9koztat\u00f3-telep\u00fcl\u00e9sk\u00e9pi-bejelent\u00e9sr\u0151l-3.jpg 1654w, https:\/\/csavoly.hu\/wp\/wp-content\/uploads\/2023\/09\/webre_T\u00e1j\u00e9koztat\u00f3-telep\u00fcl\u00e9sk\u00e9pi-bejelent\u00e9sr\u0151l-3-768x1086.jpg 768w\" sizes=\"(max-width: 1654px) 100vw, 1654px\" \/><\/a><\/figure>\n\n\n\n<figure class=\"wp-block-image\"><a href=\"https:\/\/csavoly.hu\/wp\/wp-content\/uploads\/2023\/09\/webre_T\u00e1j\u00e9koztat\u00f3-telep\u00fcl\u00e9sk\u00e9pi-bejelent\u00e9sr\u0151l-4.jpg\" target=\"_blank\" rel=\"noreferrer noopener\"><img loading=\"lazy\" decoding=\"async\" width=\"1654\" height=\"2339\" src=\"https:\/\/csavoly.hu\/wp\/wp-content\/uploads\/2023\/09\/webre_T\u00e1j\u00e9koztat\u00f3-telep\u00fcl\u00e9sk\u00e9pi-bejelent\u00e9sr\u0151l-4.jpg\" alt=\"\" class=\"wp-image-6377\" srcset=\"https:\/\/csavoly.hu\/wp\/wp-content\/uploads\/2023\/09\/webre_T\u00e1j\u00e9koztat\u00f3-telep\u00fcl\u00e9sk\u00e9pi-bejelent\u00e9sr\u0151l-4.jpg 1654w, https:\/\/csavoly.hu\/wp\/wp-content\/uploads\/2023\/09\/webre_T\u00e1j\u00e9koztat\u00f3-telep\u00fcl\u00e9sk\u00e9pi-bejelent\u00e9sr\u0151l-4-768x1086.jpg 768w\" sizes=\"(max-width: 1654px) 100vw, 1654px\" \/><\/a><\/figure>\n\n\n\n<figure class=\"wp-block-image\"><a href=\"https:\/\/csavoly.hu\/wp\/wp-content\/uploads\/2023\/09\/webre_T\u00e1j\u00e9koztat\u00f3-telep\u00fcl\u00e9sk\u00e9pi-bejelent\u00e9sr\u0151l-5.jpg\" target=\"_blank\" rel=\"noreferrer noopener\"><img loading=\"lazy\" decoding=\"async\" width=\"1654\" height=\"2339\" src=\"https:\/\/csavoly.hu\/wp\/wp-content\/uploads\/2023\/09\/webre_T\u00e1j\u00e9koztat\u00f3-telep\u00fcl\u00e9sk\u00e9pi-bejelent\u00e9sr\u0151l-5.jpg\" alt=\"\" class=\"wp-image-6378\" srcset=\"https:\/\/csavoly.hu\/wp\/wp-content\/uploads\/2023\/09\/webre_T\u00e1j\u00e9koztat\u00f3-telep\u00fcl\u00e9sk\u00e9pi-bejelent\u00e9sr\u0151l-5.jpg 1654w, https:\/\/csavoly.hu\/wp\/wp-content\/uploads\/2023\/09\/webre_T\u00e1j\u00e9koztat\u00f3-telep\u00fcl\u00e9sk\u00e9pi-bejelent\u00e9sr\u0151l-5-768x1086.jpg 768w\" sizes=\"(max-width: 1654px) 100vw, 1654px\" \/><\/a><\/figure>\n<div class=\"pvc_clear\"><\/div><p id=\"pvc_stats_6375\" class=\"pvc_stats all  \" data-element-id=\"6375\" style=\"\"><i class=\"pvc-stats-icon medium\" aria-hidden=\"true\"><svg aria-hidden=\"true\" focusable=\"false\" data-prefix=\"far\" data-icon=\"chart-bar\" role=\"img\" xmlns=\"http:\/\/www.w3.org\/2000\/svg\" viewBox=\"0 0 512 512\" class=\"svg-inline--fa fa-chart-bar fa-w-16 fa-2x\"><path fill=\"currentColor\" d=\"M396.8 352h22.4c6.4 0 12.8-6.4 12.8-12.8V108.8c0-6.4-6.4-12.8-12.8-12.8h-22.4c-6.4 0-12.8 6.4-12.8 12.8v230.4c0 6.4 6.4 12.8 12.8 12.8zm-192 0h22.4c6.4 0 12.8-6.4 12.8-12.8V140.8c0-6.4-6.4-12.8-12.8-12.8h-22.4c-6.4 0-12.8 6.4-12.8 12.8v198.4c0 6.4 6.4 12.8 12.8 12.8zm96 0h22.4c6.4 0 12.8-6.4 12.8-12.8V204.8c0-6.4-6.4-12.8-12.8-12.8h-22.4c-6.4 0-12.8 6.4-12.8 12.8v134.4c0 6.4 6.4 12.8 12.8 12.8zM496 400H48V80c0-8.84-7.16-16-16-16H16C7.16 64 0 71.16 0 80v336c0 17.67 14.33 32 32 32h464c8.84 0 16-7.16 16-16v-16c0-8.84-7.16-16-16-16zm-387.2-48h22.4c6.4 0 12.8-6.4 12.8-12.8v-70.4c0-6.4-6.4-12.8-12.8-12.8h-22.4c-6.4 0-12.8 6.4-12.8 12.8v70.4c0 6.4 6.4 12.8 12.8 12.8z\" class=\"\"><\/path><\/svg><\/i> <img loading=\"lazy\" decoding=\"async\" width=\"16\" height=\"16\" alt=\"Loading\" src=\"https:\/\/csavoly.hu\/wp\/wp-content\/plugins\/page-views-count\/ajax-loader-2x.gif\" border=0 \/><\/p><div class=\"pvc_clear\"><\/div>","protected":false},"excerpt":{"rendered":"<div class=\"pvc_clear\"><\/div>\n<p id=\"pvc_stats_6375\" class=\"pvc_stats all  \" data-element-id=\"6375\" style=\"\"><i class=\"pvc-stats-icon medium\" aria-hidden=\"true\"><svg aria-hidden=\"true\" focusable=\"false\" data-prefix=\"far\" data-icon=\"chart-bar\" role=\"img\" xmlns=\"http:\/\/www.w3.org\/2000\/svg\" viewBox=\"0 0 512 512\" class=\"svg-inline--fa fa-chart-bar fa-w-16 fa-2x\"><path fill=\"currentColor\" d=\"M396.8 352h22.4c6.4 0 12.8-6.4 12.8-12.8V108.8c0-6.4-6.4-12.8-12.8-12.8h-22.4c-6.4 0-12.8 6.4-12.8 12.8v230.4c0 6.4 6.4 12.8 12.8 12.8zm-192 0h22.4c6.4 0 12.8-6.4 12.8-12.8V140.8c0-6.4-6.4-12.8-12.8-12.8h-22.4c-6.4 0-12.8 6.4-12.8 12.8v198.4c0 6.4 6.4 12.8 12.8 12.8zm96 0h22.4c6.4 0 12.8-6.4 12.8-12.8V204.8c0-6.4-6.4-12.8-12.8-12.8h-22.4c-6.4 0-12.8 6.4-12.8 12.8v134.4c0 6.4 6.4 12.8 12.8 12.8zM496 400H48V80c0-8.84-7.16-16-16-16H16C7.16 64 0 71.16 0 80v336c0 17.67 14.33 32 32 32h464c8.84 0 16-7.16 16-16v-16c0-8.84-7.16-16-16-16zm-387.2-48h22.4c6.4 0 12.8-6.4 12.8-12.8v-70.4c0-6.4-6.4-12.8-12.8-12.8h-22.4c-6.4 0-12.8 6.4-12.8 12.8v70.4c0 6.4 6.4 12.8 12.8 12.8z\" class=\"\"><\/path><\/svg><\/i> <img loading=\"lazy\" decoding=\"async\" width=\"16\" height=\"16\" alt=\"Loading\" src=\"https:\/\/csavoly.hu\/wp\/wp-content\/plugins\/page-views-count\/ajax-loader-2x.gif\" border=0 \/><\/p>\n<div class=\"pvc_clear\"><\/div>\n","protected":false},"author":3,"featured_media":0,"parent":0,"menu_order":0,"comment_status":"closed","ping_status":"closed","template":"","meta":{"footnotes":""},"class_list":["post-6375","page","type-page","status-publish","hentry"],"_links":{"self":[{"href":"https:\/\/csavoly.hu\/wp\/index.php?rest_route=\/wp\/v2\/pages\/6375"}],"collection":[{"href":"https:\/\/csavoly.hu\/wp\/index.php?rest_route=\/wp\/v2\/pages"}],"about":[{"href":"https:\/\/csavoly.hu\/wp\/index.php?rest_route=\/wp\/v2\/types\/page"}],"author":[{"embeddable":true,"href":"https:\/\/csavoly.hu\/wp\/index.php?rest_route=\/wp\/v2\/users\/3"}],"replies":[{"embeddable":true,"href":"https:\/\/csavoly.hu\/wp\/index.php?rest_route=%2Fwp%2Fv2%2Fcomments&post=6375"}],"version-history":[{"count":3,"href":"https:\/\/csavoly.hu\/wp\/index.php?rest_route=\/wp\/v2\/pages\/6375\/revisions"}],"predecessor-version":[{"id":6387,"href":"https:\/\/csavoly.hu\/wp\/index.php?rest_route=\/wp\/v2\/pages\/6375\/revisions\/6387"}],"wp:attachment":[{"href":"https:\/\/csavoly.hu\/wp\/index.php?rest_route=%2Fwp%2Fv2%2Fmedia&parent=6375"}],"curies":[{"name":"wp","href":"https:\/\/api.w.org\/{rel}","templated":true}]}}