{"id":6568,"date":"2023-12-18T13:39:05","date_gmt":"2023-12-18T11:39:05","guid":{"rendered":"http:\/\/csavoly.hu\/wp\/?page_id=6568"},"modified":"2024-05-22T13:58:25","modified_gmt":"2024-05-22T11:58:25","slug":"csavolyi-horvat-nemzetisegi-iroda-energiahatekonysagi-felujitasa","status":"publish","type":"page","link":"https:\/\/csavoly.hu\/wp\/?page_id=6568","title":{"rendered":"Cs\u00e1volyi horv\u00e1t nemzetis\u00e9gi iroda energiahat\u00e9konys\u00e1gi fel\u00faj\u00edt\u00e1sa"},"content":{"rendered":"\n<figure class=\"wp-block-image\"><a href=\"https:\/\/csavoly.hu\/wp\/wp-content\/uploads\/2023\/12\/horv\u00e1t-p\u00e1ly\u00e1zat.jpg\" target=\"_blank\" rel=\"noreferrer noopener\"><img loading=\"lazy\" decoding=\"async\" width=\"2481\" height=\"1372\" src=\"https:\/\/csavoly.hu\/wp\/wp-content\/uploads\/2023\/12\/horv\u00e1t-p\u00e1ly\u00e1zat.jpg\" alt=\"\" class=\"wp-image-6573\" srcset=\"https:\/\/csavoly.hu\/wp\/wp-content\/uploads\/2023\/12\/horv\u00e1t-p\u00e1ly\u00e1zat.jpg 2481w, https:\/\/csavoly.hu\/wp\/wp-content\/uploads\/2023\/12\/horv\u00e1t-p\u00e1ly\u00e1zat-768x425.jpg 768w, https:\/\/csavoly.hu\/wp\/wp-content\/uploads\/2023\/12\/horv\u00e1t-p\u00e1ly\u00e1zat-672x372.jpg 672w\" sizes=\"(max-width: 2481px) 100vw, 2481px\" \/><\/a><\/figure>\n\n\n\n<figure class=\"wp-block-image\"><a href=\"https:\/\/csavoly.hu\/wp\/wp-content\/uploads\/2023\/12\/387499430_321736130775959_1022577375624206555_n.jpg\" target=\"_blank\" rel=\"noreferrer noopener\"><img loading=\"lazy\" decoding=\"async\" width=\"2048\" height=\"1366\" src=\"https:\/\/csavoly.hu\/wp\/wp-content\/uploads\/2023\/12\/387499430_321736130775959_1022577375624206555_n.jpg\" alt=\"\" class=\"wp-image-6575\" srcset=\"https:\/\/csavoly.hu\/wp\/wp-content\/uploads\/2023\/12\/387499430_321736130775959_1022577375624206555_n.jpg 2048w, https:\/\/csavoly.hu\/wp\/wp-content\/uploads\/2023\/12\/387499430_321736130775959_1022577375624206555_n-768x512.jpg 768w\" sizes=\"(max-width: 2048px) 100vw, 2048px\" \/><\/a><\/figure>\n\n\n\n<figure class=\"wp-block-image\"><a href=\"https:\/\/csavoly.hu\/wp\/wp-content\/uploads\/2023\/12\/387549618_213748548370278_4561955316719889604_n.jpg\" target=\"_blank\" rel=\"noreferrer noopener\"><img loading=\"lazy\" decoding=\"async\" width=\"2048\" height=\"1366\" src=\"https:\/\/csavoly.hu\/wp\/wp-content\/uploads\/2023\/12\/387549618_213748548370278_4561955316719889604_n.jpg\" alt=\"\" class=\"wp-image-6579\" srcset=\"https:\/\/csavoly.hu\/wp\/wp-content\/uploads\/2023\/12\/387549618_213748548370278_4561955316719889604_n.jpg 2048w, https:\/\/csavoly.hu\/wp\/wp-content\/uploads\/2023\/12\/387549618_213748548370278_4561955316719889604_n-768x512.jpg 768w\" sizes=\"(max-width: 2048px) 100vw, 2048px\" \/><\/a><\/figure>\n\n\n\n<figure class=\"wp-block-image\"><a href=\"https:\/\/csavoly.hu\/wp\/wp-content\/uploads\/2023\/12\/386897325_1057719665373592_1608544373246655940_n-1.jpg\" target=\"_blank\" rel=\"noreferrer noopener\"><img loading=\"lazy\" decoding=\"async\" width=\"1366\" height=\"2048\" src=\"https:\/\/csavoly.hu\/wp\/wp-content\/uploads\/2023\/12\/386897325_1057719665373592_1608544373246655940_n-1.jpg\" alt=\"\" class=\"wp-image-6580\" srcset=\"https:\/\/csavoly.hu\/wp\/wp-content\/uploads\/2023\/12\/386897325_1057719665373592_1608544373246655940_n-1.jpg 1366w, https:\/\/csavoly.hu\/wp\/wp-content\/uploads\/2023\/12\/386897325_1057719665373592_1608544373246655940_n-1-768x1151.jpg 768w\" sizes=\"(max-width: 1366px) 100vw, 1366px\" \/><\/a><\/figure>\n\n\n\n<figure class=\"wp-block-image\"><a href=\"https:\/\/csavoly.hu\/wp\/wp-content\/uploads\/2023\/12\/387484569_761955725764096_2458123936301982558_n.jpg\" target=\"_blank\" rel=\"noreferrer noopener\"><img loading=\"lazy\" decoding=\"async\" width=\"2048\" height=\"1366\" src=\"https:\/\/csavoly.hu\/wp\/wp-content\/uploads\/2023\/12\/387484569_761955725764096_2458123936301982558_n.jpg\" alt=\"\" class=\"wp-image-6578\" srcset=\"https:\/\/csavoly.hu\/wp\/wp-content\/uploads\/2023\/12\/387484569_761955725764096_2458123936301982558_n.jpg 2048w, https:\/\/csavoly.hu\/wp\/wp-content\/uploads\/2023\/12\/387484569_761955725764096_2458123936301982558_n-768x512.jpg 768w\" sizes=\"(max-width: 2048px) 100vw, 2048px\" \/><\/a><\/figure>\n\n\n\n<figure class=\"wp-block-image size-large\"><img decoding=\"async\" src=\"https:\/\/csavoly.hu\/wp\/wp-content\/uploads\/2024\/05\/20231020_112031-scaled-1.jpg\" alt=\"\"\/><\/figure>\n\n\n\n<figure class=\"wp-block-image size-large is-resized\"><img decoding=\"async\" src=\"https:\/\/csavoly.hu\/wp\/wp-content\/uploads\/2024\/05\/20240108_101149-scaled.jpg\" alt=\"\" style=\"width:800px;height:auto\"\/><\/figure>\n\n\n\n<figure class=\"wp-block-image size-large\"><img decoding=\"async\" src=\"https:\/\/csavoly.hu\/wp\/wp-content\/uploads\/2024\/05\/DSC_0236-scaled.jpg\" alt=\"\"\/><\/figure>\n\n\n\n<figure class=\"wp-block-image size-large\"><img decoding=\"async\" src=\"https:\/\/csavoly.hu\/wp\/wp-content\/uploads\/2024\/05\/DSC_0225a-scaled.jpg\" alt=\"\"\/><\/figure>\n\n\n\n<figure class=\"wp-block-image size-large\"><img decoding=\"async\" src=\"https:\/\/csavoly.hu\/wp\/wp-content\/uploads\/2024\/05\/DSC_0223-scaled.jpg\" alt=\"\"\/><\/figure>\n\n\n\n<figure class=\"wp-block-image size-large\"><img decoding=\"async\" src=\"https:\/\/csavoly.hu\/wp\/wp-content\/uploads\/2024\/05\/tabla-kozeli.jpeg\" alt=\"\"\/><\/figure>\n\n\n\n<figure class=\"wp-block-image size-large\"><img decoding=\"async\" src=\"https:\/\/csavoly.hu\/wp\/wp-content\/uploads\/2024\/05\/tabla-tavoli.jpeg\" alt=\"\"\/><\/figure>\n\n\n\n<figure class=\"wp-block-image\"><a href=\"https:\/\/csavoly.hu\/wp\/wp-content\/uploads\/2023\/12\/horv\u00e1t-p\u00e1ly\u00e1zat-alja.jpg\" target=\"_blank\" rel=\"noreferrer noopener\"><img loading=\"lazy\" decoding=\"async\" width=\"2481\" height=\"1464\" src=\"https:\/\/csavoly.hu\/wp\/wp-content\/uploads\/2023\/12\/horv\u00e1t-p\u00e1ly\u00e1zat-alja.jpg\" alt=\"\" class=\"wp-image-6572\" srcset=\"https:\/\/csavoly.hu\/wp\/wp-content\/uploads\/2023\/12\/horv\u00e1t-p\u00e1ly\u00e1zat-alja.jpg 2481w, https:\/\/csavoly.hu\/wp\/wp-content\/uploads\/2023\/12\/horv\u00e1t-p\u00e1ly\u00e1zat-alja-768x453.jpg 768w\" sizes=\"(max-width: 2481px) 100vw, 2481px\" \/><\/a><\/figure>\n<div class=\"pvc_clear\"><\/div><p id=\"pvc_stats_6568\" class=\"pvc_stats all  \" data-element-id=\"6568\" style=\"\"><i class=\"pvc-stats-icon medium\" aria-hidden=\"true\"><svg aria-hidden=\"true\" focusable=\"false\" data-prefix=\"far\" data-icon=\"chart-bar\" role=\"img\" xmlns=\"http:\/\/www.w3.org\/2000\/svg\" viewBox=\"0 0 512 512\" class=\"svg-inline--fa fa-chart-bar fa-w-16 fa-2x\"><path fill=\"currentColor\" d=\"M396.8 352h22.4c6.4 0 12.8-6.4 12.8-12.8V108.8c0-6.4-6.4-12.8-12.8-12.8h-22.4c-6.4 0-12.8 6.4-12.8 12.8v230.4c0 6.4 6.4 12.8 12.8 12.8zm-192 0h22.4c6.4 0 12.8-6.4 12.8-12.8V140.8c0-6.4-6.4-12.8-12.8-12.8h-22.4c-6.4 0-12.8 6.4-12.8 12.8v198.4c0 6.4 6.4 12.8 12.8 12.8zm96 0h22.4c6.4 0 12.8-6.4 12.8-12.8V204.8c0-6.4-6.4-12.8-12.8-12.8h-22.4c-6.4 0-12.8 6.4-12.8 12.8v134.4c0 6.4 6.4 12.8 12.8 12.8zM496 400H48V80c0-8.84-7.16-16-16-16H16C7.16 64 0 71.16 0 80v336c0 17.67 14.33 32 32 32h464c8.84 0 16-7.16 16-16v-16c0-8.84-7.16-16-16-16zm-387.2-48h22.4c6.4 0 12.8-6.4 12.8-12.8v-70.4c0-6.4-6.4-12.8-12.8-12.8h-22.4c-6.4 0-12.8 6.4-12.8 12.8v70.4c0 6.4 6.4 12.8 12.8 12.8z\" class=\"\"><\/path><\/svg><\/i> <img loading=\"lazy\" decoding=\"async\" width=\"16\" height=\"16\" alt=\"Loading\" src=\"https:\/\/csavoly.hu\/wp\/wp-content\/plugins\/page-views-count\/ajax-loader-2x.gif\" border=0 \/><\/p><div class=\"pvc_clear\"><\/div>","protected":false},"excerpt":{"rendered":"<div class=\"pvc_clear\"><\/div>\n<p id=\"pvc_stats_6568\" class=\"pvc_stats all  \" data-element-id=\"6568\" style=\"\"><i class=\"pvc-stats-icon medium\" aria-hidden=\"true\"><svg aria-hidden=\"true\" focusable=\"false\" data-prefix=\"far\" data-icon=\"chart-bar\" role=\"img\" xmlns=\"http:\/\/www.w3.org\/2000\/svg\" viewBox=\"0 0 512 512\" class=\"svg-inline--fa fa-chart-bar fa-w-16 fa-2x\"><path fill=\"currentColor\" d=\"M396.8 352h22.4c6.4 0 12.8-6.4 12.8-12.8V108.8c0-6.4-6.4-12.8-12.8-12.8h-22.4c-6.4 0-12.8 6.4-12.8 12.8v230.4c0 6.4 6.4 12.8 12.8 12.8zm-192 0h22.4c6.4 0 12.8-6.4 12.8-12.8V140.8c0-6.4-6.4-12.8-12.8-12.8h-22.4c-6.4 0-12.8 6.4-12.8 12.8v198.4c0 6.4 6.4 12.8 12.8 12.8zm96 0h22.4c6.4 0 12.8-6.4 12.8-12.8V204.8c0-6.4-6.4-12.8-12.8-12.8h-22.4c-6.4 0-12.8 6.4-12.8 12.8v134.4c0 6.4 6.4 12.8 12.8 12.8zM496 400H48V80c0-8.84-7.16-16-16-16H16C7.16 64 0 71.16 0 80v336c0 17.67 14.33 32 32 32h464c8.84 0 16-7.16 16-16v-16c0-8.84-7.16-16-16-16zm-387.2-48h22.4c6.4 0 12.8-6.4 12.8-12.8v-70.4c0-6.4-6.4-12.8-12.8-12.8h-22.4c-6.4 0-12.8 6.4-12.8 12.8v70.4c0 6.4 6.4 12.8 12.8 12.8z\" class=\"\"><\/path><\/svg><\/i> <img loading=\"lazy\" decoding=\"async\" width=\"16\" height=\"16\" alt=\"Loading\" src=\"https:\/\/csavoly.hu\/wp\/wp-content\/plugins\/page-views-count\/ajax-loader-2x.gif\" border=0 \/><\/p>\n<div class=\"pvc_clear\"><\/div>\n","protected":false},"author":3,"featured_media":0,"parent":0,"menu_order":0,"comment_status":"closed","ping_status":"closed","template":"","meta":{"footnotes":""},"class_list":["post-6568","page","type-page","status-publish","hentry"],"_links":{"self":[{"href":"https:\/\/csavoly.hu\/wp\/index.php?rest_route=\/wp\/v2\/pages\/6568"}],"collection":[{"href":"https:\/\/csavoly.hu\/wp\/index.php?rest_route=\/wp\/v2\/pages"}],"about":[{"href":"https:\/\/csavoly.hu\/wp\/index.php?rest_route=\/wp\/v2\/types\/page"}],"author":[{"embeddable":true,"href":"https:\/\/csavoly.hu\/wp\/index.php?rest_route=\/wp\/v2\/users\/3"}],"replies":[{"embeddable":true,"href":"https:\/\/csavoly.hu\/wp\/index.php?rest_route=%2Fwp%2Fv2%2Fcomments&post=6568"}],"version-history":[{"count":5,"href":"https:\/\/csavoly.hu\/wp\/index.php?rest_route=\/wp\/v2\/pages\/6568\/revisions"}],"predecessor-version":[{"id":6790,"href":"https:\/\/csavoly.hu\/wp\/index.php?rest_route=\/wp\/v2\/pages\/6568\/revisions\/6790"}],"wp:attachment":[{"href":"https:\/\/csavoly.hu\/wp\/index.php?rest_route=%2Fwp%2Fv2%2Fmedia&parent=6568"}],"curies":[{"name":"wp","href":"https:\/\/api.w.org\/{rel}","templated":true}]}}