{"id":6590,"date":"2023-12-22T10:13:26","date_gmt":"2023-12-22T08:13:26","guid":{"rendered":"http:\/\/csavoly.hu\/wp\/?page_id=6590"},"modified":"2025-05-19T10:31:09","modified_gmt":"2025-05-19T08:31:09","slug":"csavolyi-agglomeracio-szennyvizelvezetese-es-tisztitasa","status":"publish","type":"page","link":"https:\/\/csavoly.hu\/wp\/?page_id=6590","title":{"rendered":"Cs\u00e1volyi agglomer\u00e1ci\u00f3 szennyv\u00edzelvezet\u00e9se \u00e9s -tiszt\u00edt\u00e1sa"},"content":{"rendered":"\n<figure class=\"wp-block-image size-full\"><a href=\"https:\/\/csavoly.hu\/wp\/wp-content\/uploads\/2025\/05\/weblapra_csavoly_uj-projekt-azonositoval-1-1.jpg\" target=\"_blank\" rel=\"noreferrer noopener\"><img loading=\"lazy\" decoding=\"async\" width=\"1654\" height=\"2339\" src=\"https:\/\/csavoly.hu\/wp\/wp-content\/uploads\/2025\/05\/weblapra_csavoly_uj-projekt-azonositoval-1-1.jpg\" alt=\"\" class=\"wp-image-7732\" srcset=\"https:\/\/csavoly.hu\/wp\/wp-content\/uploads\/2025\/05\/weblapra_csavoly_uj-projekt-azonositoval-1-1.jpg 1654w, https:\/\/csavoly.hu\/wp\/wp-content\/uploads\/2025\/05\/weblapra_csavoly_uj-projekt-azonositoval-1-1-768x1086.jpg 768w, https:\/\/csavoly.hu\/wp\/wp-content\/uploads\/2025\/05\/weblapra_csavoly_uj-projekt-azonositoval-1-1-1086x1536.jpg 1086w, https:\/\/csavoly.hu\/wp\/wp-content\/uploads\/2025\/05\/weblapra_csavoly_uj-projekt-azonositoval-1-1-1448x2048.jpg 1448w\" sizes=\"(max-width: 1654px) 100vw, 1654px\" \/><\/a><\/figure>\n\n\n\n<figure class=\"wp-block-image size-full is-resized\"><a href=\"https:\/\/csavoly.hu\/wp\/wp-content\/uploads\/2025\/05\/weblapra_csavoly_uj-projekt-azonositoval-1-2.jpg\" target=\"_blank\" rel=\"noreferrer noopener\"><img loading=\"lazy\" decoding=\"async\" width=\"1654\" height=\"2339\" src=\"https:\/\/csavoly.hu\/wp\/wp-content\/uploads\/2025\/05\/weblapra_csavoly_uj-projekt-azonositoval-1-2.jpg\" alt=\"\" class=\"wp-image-7733\" style=\"width:800px;height:auto\" srcset=\"https:\/\/csavoly.hu\/wp\/wp-content\/uploads\/2025\/05\/weblapra_csavoly_uj-projekt-azonositoval-1-2.jpg 1654w, https:\/\/csavoly.hu\/wp\/wp-content\/uploads\/2025\/05\/weblapra_csavoly_uj-projekt-azonositoval-1-2-768x1086.jpg 768w, https:\/\/csavoly.hu\/wp\/wp-content\/uploads\/2025\/05\/weblapra_csavoly_uj-projekt-azonositoval-1-2-1086x1536.jpg 1086w, https:\/\/csavoly.hu\/wp\/wp-content\/uploads\/2025\/05\/weblapra_csavoly_uj-projekt-azonositoval-1-2-1448x2048.jpg 1448w\" sizes=\"(max-width: 1654px) 100vw, 1654px\" \/><\/a><\/figure>\n\n\n\n<figure class=\"wp-block-embed is-type-video is-provider-youtube wp-block-embed-youtube wp-embed-aspect-16-9 wp-has-aspect-ratio\"><div class=\"wp-block-embed__wrapper\">\n<iframe loading=\"lazy\" title=\"03 SZENNYVIZ PROJEKT FILM H 264\" width=\"474\" height=\"267\" src=\"https:\/\/www.youtube.com\/embed\/quOaFLGoZF8?feature=oembed\" frameborder=\"0\" allow=\"accelerometer; autoplay; clipboard-write; encrypted-media; gyroscope; picture-in-picture; web-share\" referrerpolicy=\"strict-origin-when-cross-origin\" allowfullscreen><\/iframe>\n<\/div><\/figure>\n\n\n\n<figure class=\"wp-block-image size-full\"><a href=\"https:\/\/csavoly.hu\/wp\/wp-content\/uploads\/2025\/05\/DSC08673-scaled.jpg\"><img loading=\"lazy\" decoding=\"async\" width=\"2560\" height=\"1710\" src=\"https:\/\/csavoly.hu\/wp\/wp-content\/uploads\/2025\/05\/DSC08673-scaled.jpg\" alt=\"\" class=\"wp-image-7735\" srcset=\"https:\/\/csavoly.hu\/wp\/wp-content\/uploads\/2025\/05\/DSC08673-scaled.jpg 2560w, https:\/\/csavoly.hu\/wp\/wp-content\/uploads\/2025\/05\/DSC08673-768x513.jpg 768w, https:\/\/csavoly.hu\/wp\/wp-content\/uploads\/2025\/05\/DSC08673-1536x1026.jpg 1536w, https:\/\/csavoly.hu\/wp\/wp-content\/uploads\/2025\/05\/DSC08673-2048x1368.jpg 2048w\" sizes=\"(max-width: 2560px) 100vw, 2560px\" \/><\/a><\/figure>\n\n\n\n<figure class=\"wp-block-image size-full\"><a href=\"https:\/\/csavoly.hu\/wp\/wp-content\/uploads\/2025\/05\/DSC08675-scaled.jpg\"><img loading=\"lazy\" decoding=\"async\" width=\"2560\" height=\"1710\" src=\"https:\/\/csavoly.hu\/wp\/wp-content\/uploads\/2025\/05\/DSC08675-scaled.jpg\" alt=\"\" class=\"wp-image-7736\" srcset=\"https:\/\/csavoly.hu\/wp\/wp-content\/uploads\/2025\/05\/DSC08675-scaled.jpg 2560w, https:\/\/csavoly.hu\/wp\/wp-content\/uploads\/2025\/05\/DSC08675-768x513.jpg 768w, https:\/\/csavoly.hu\/wp\/wp-content\/uploads\/2025\/05\/DSC08675-1536x1026.jpg 1536w, https:\/\/csavoly.hu\/wp\/wp-content\/uploads\/2025\/05\/DSC08675-2048x1368.jpg 2048w\" sizes=\"(max-width: 2560px) 100vw, 2560px\" \/><\/a><\/figure>\n\n\n\n<figure class=\"wp-block-image size-full\"><a href=\"https:\/\/csavoly.hu\/wp\/wp-content\/uploads\/2025\/05\/DSC08663-scaled.jpg\"><img loading=\"lazy\" decoding=\"async\" width=\"1710\" height=\"2560\" src=\"https:\/\/csavoly.hu\/wp\/wp-content\/uploads\/2025\/05\/DSC08663-scaled.jpg\" alt=\"\" class=\"wp-image-7737\" srcset=\"https:\/\/csavoly.hu\/wp\/wp-content\/uploads\/2025\/05\/DSC08663-scaled.jpg 1710w, https:\/\/csavoly.hu\/wp\/wp-content\/uploads\/2025\/05\/DSC08663-768x1150.jpg 768w, https:\/\/csavoly.hu\/wp\/wp-content\/uploads\/2025\/05\/DSC08663-1026x1536.jpg 1026w, https:\/\/csavoly.hu\/wp\/wp-content\/uploads\/2025\/05\/DSC08663-1368x2048.jpg 1368w\" sizes=\"(max-width: 1710px) 100vw, 1710px\" \/><\/a><\/figure>\n\n\n\n<figure class=\"wp-block-image size-full\"><a href=\"https:\/\/csavoly.hu\/wp\/wp-content\/uploads\/2025\/05\/DSC08667-scaled.jpg\"><img loading=\"lazy\" decoding=\"async\" width=\"2560\" height=\"1710\" src=\"https:\/\/csavoly.hu\/wp\/wp-content\/uploads\/2025\/05\/DSC08667-scaled.jpg\" alt=\"\" class=\"wp-image-7738\" srcset=\"https:\/\/csavoly.hu\/wp\/wp-content\/uploads\/2025\/05\/DSC08667-scaled.jpg 2560w, https:\/\/csavoly.hu\/wp\/wp-content\/uploads\/2025\/05\/DSC08667-768x513.jpg 768w, https:\/\/csavoly.hu\/wp\/wp-content\/uploads\/2025\/05\/DSC08667-1536x1026.jpg 1536w, https:\/\/csavoly.hu\/wp\/wp-content\/uploads\/2025\/05\/DSC08667-2048x1368.jpg 2048w\" sizes=\"(max-width: 2560px) 100vw, 2560px\" \/><\/a><\/figure>\n\n\n\n<figure class=\"wp-block-image size-full\"><a href=\"https:\/\/csavoly.hu\/wp\/wp-content\/uploads\/2025\/05\/DSC05500-scaled.jpg\"><img loading=\"lazy\" decoding=\"async\" width=\"2560\" height=\"1710\" src=\"https:\/\/csavoly.hu\/wp\/wp-content\/uploads\/2025\/05\/DSC05500-scaled.jpg\" alt=\"\" class=\"wp-image-7739\" srcset=\"https:\/\/csavoly.hu\/wp\/wp-content\/uploads\/2025\/05\/DSC05500-scaled.jpg 2560w, https:\/\/csavoly.hu\/wp\/wp-content\/uploads\/2025\/05\/DSC05500-768x513.jpg 768w, https:\/\/csavoly.hu\/wp\/wp-content\/uploads\/2025\/05\/DSC05500-1536x1026.jpg 1536w, https:\/\/csavoly.hu\/wp\/wp-content\/uploads\/2025\/05\/DSC05500-2048x1368.jpg 2048w\" sizes=\"(max-width: 2560px) 100vw, 2560px\" \/><\/a><\/figure>\n\n\n\n<figure class=\"wp-block-image size-full\"><a href=\"https:\/\/csavoly.hu\/wp\/wp-content\/uploads\/2025\/05\/DSC05538-scaled.jpg\"><img loading=\"lazy\" decoding=\"async\" width=\"2560\" height=\"1710\" src=\"https:\/\/csavoly.hu\/wp\/wp-content\/uploads\/2025\/05\/DSC05538-scaled.jpg\" alt=\"\" class=\"wp-image-7740\" srcset=\"https:\/\/csavoly.hu\/wp\/wp-content\/uploads\/2025\/05\/DSC05538-scaled.jpg 2560w, https:\/\/csavoly.hu\/wp\/wp-content\/uploads\/2025\/05\/DSC05538-768x513.jpg 768w, https:\/\/csavoly.hu\/wp\/wp-content\/uploads\/2025\/05\/DSC05538-1536x1026.jpg 1536w, https:\/\/csavoly.hu\/wp\/wp-content\/uploads\/2025\/05\/DSC05538-2048x1368.jpg 2048w\" sizes=\"(max-width: 2560px) 100vw, 2560px\" \/><\/a><\/figure>\n\n\n\n<figure class=\"wp-block-image size-full\"><a href=\"https:\/\/csavoly.hu\/wp\/wp-content\/uploads\/2025\/05\/DSC05448-scaled.jpg\"><img loading=\"lazy\" decoding=\"async\" width=\"2560\" height=\"1710\" src=\"https:\/\/csavoly.hu\/wp\/wp-content\/uploads\/2025\/05\/DSC05448-scaled.jpg\" alt=\"\" class=\"wp-image-7741\" srcset=\"https:\/\/csavoly.hu\/wp\/wp-content\/uploads\/2025\/05\/DSC05448-scaled.jpg 2560w, https:\/\/csavoly.hu\/wp\/wp-content\/uploads\/2025\/05\/DSC05448-768x513.jpg 768w, https:\/\/csavoly.hu\/wp\/wp-content\/uploads\/2025\/05\/DSC05448-1536x1026.jpg 1536w, https:\/\/csavoly.hu\/wp\/wp-content\/uploads\/2025\/05\/DSC05448-2048x1368.jpg 2048w\" sizes=\"(max-width: 2560px) 100vw, 2560px\" \/><\/a><\/figure>\n\n\n\n<figure class=\"wp-block-image size-full\"><a href=\"https:\/\/csavoly.hu\/wp\/wp-content\/uploads\/2025\/05\/DSC05475-scaled.jpg\"><img loading=\"lazy\" decoding=\"async\" width=\"2560\" height=\"1710\" src=\"https:\/\/csavoly.hu\/wp\/wp-content\/uploads\/2025\/05\/DSC05475-scaled.jpg\" alt=\"\" class=\"wp-image-7742\" srcset=\"https:\/\/csavoly.hu\/wp\/wp-content\/uploads\/2025\/05\/DSC05475-scaled.jpg 2560w, https:\/\/csavoly.hu\/wp\/wp-content\/uploads\/2025\/05\/DSC05475-768x513.jpg 768w, https:\/\/csavoly.hu\/wp\/wp-content\/uploads\/2025\/05\/DSC05475-1536x1026.jpg 1536w, https:\/\/csavoly.hu\/wp\/wp-content\/uploads\/2025\/05\/DSC05475-2048x1368.jpg 2048w\" sizes=\"(max-width: 2560px) 100vw, 2560px\" \/><\/a><\/figure>\n\n\n\n<figure class=\"wp-block-image size-full\"><a href=\"https:\/\/csavoly.hu\/wp\/wp-content\/uploads\/2025\/05\/DJI_0688-scaled.jpg\"><img loading=\"lazy\" decoding=\"async\" width=\"2560\" height=\"1920\" src=\"https:\/\/csavoly.hu\/wp\/wp-content\/uploads\/2025\/05\/DJI_0688-scaled.jpg\" alt=\"\" class=\"wp-image-7743\" srcset=\"https:\/\/csavoly.hu\/wp\/wp-content\/uploads\/2025\/05\/DJI_0688-scaled.jpg 2560w, https:\/\/csavoly.hu\/wp\/wp-content\/uploads\/2025\/05\/DJI_0688-768x576.jpg 768w, https:\/\/csavoly.hu\/wp\/wp-content\/uploads\/2025\/05\/DJI_0688-1536x1152.jpg 1536w, https:\/\/csavoly.hu\/wp\/wp-content\/uploads\/2025\/05\/DJI_0688-2048x1536.jpg 2048w\" sizes=\"(max-width: 2560px) 100vw, 2560px\" \/><\/a><\/figure>\n<div class=\"pvc_clear\"><\/div><p id=\"pvc_stats_6590\" class=\"pvc_stats all  \" data-element-id=\"6590\" style=\"\"><i class=\"pvc-stats-icon medium\" aria-hidden=\"true\"><svg aria-hidden=\"true\" focusable=\"false\" data-prefix=\"far\" data-icon=\"chart-bar\" role=\"img\" xmlns=\"http:\/\/www.w3.org\/2000\/svg\" viewBox=\"0 0 512 512\" class=\"svg-inline--fa fa-chart-bar fa-w-16 fa-2x\"><path fill=\"currentColor\" d=\"M396.8 352h22.4c6.4 0 12.8-6.4 12.8-12.8V108.8c0-6.4-6.4-12.8-12.8-12.8h-22.4c-6.4 0-12.8 6.4-12.8 12.8v230.4c0 6.4 6.4 12.8 12.8 12.8zm-192 0h22.4c6.4 0 12.8-6.4 12.8-12.8V140.8c0-6.4-6.4-12.8-12.8-12.8h-22.4c-6.4 0-12.8 6.4-12.8 12.8v198.4c0 6.4 6.4 12.8 12.8 12.8zm96 0h22.4c6.4 0 12.8-6.4 12.8-12.8V204.8c0-6.4-6.4-12.8-12.8-12.8h-22.4c-6.4 0-12.8 6.4-12.8 12.8v134.4c0 6.4 6.4 12.8 12.8 12.8zM496 400H48V80c0-8.84-7.16-16-16-16H16C7.16 64 0 71.16 0 80v336c0 17.67 14.33 32 32 32h464c8.84 0 16-7.16 16-16v-16c0-8.84-7.16-16-16-16zm-387.2-48h22.4c6.4 0 12.8-6.4 12.8-12.8v-70.4c0-6.4-6.4-12.8-12.8-12.8h-22.4c-6.4 0-12.8 6.4-12.8 12.8v70.4c0 6.4 6.4 12.8 12.8 12.8z\" class=\"\"><\/path><\/svg><\/i> <img loading=\"lazy\" decoding=\"async\" width=\"16\" height=\"16\" alt=\"Loading\" src=\"https:\/\/csavoly.hu\/wp\/wp-content\/plugins\/page-views-count\/ajax-loader-2x.gif\" border=0 \/><\/p><div class=\"pvc_clear\"><\/div>","protected":false},"excerpt":{"rendered":"<div class=\"pvc_clear\"><\/div>\n<p id=\"pvc_stats_6590\" class=\"pvc_stats all  \" data-element-id=\"6590\" style=\"\"><i class=\"pvc-stats-icon medium\" aria-hidden=\"true\"><svg aria-hidden=\"true\" focusable=\"false\" data-prefix=\"far\" data-icon=\"chart-bar\" role=\"img\" xmlns=\"http:\/\/www.w3.org\/2000\/svg\" viewBox=\"0 0 512 512\" class=\"svg-inline--fa fa-chart-bar fa-w-16 fa-2x\"><path fill=\"currentColor\" d=\"M396.8 352h22.4c6.4 0 12.8-6.4 12.8-12.8V108.8c0-6.4-6.4-12.8-12.8-12.8h-22.4c-6.4 0-12.8 6.4-12.8 12.8v230.4c0 6.4 6.4 12.8 12.8 12.8zm-192 0h22.4c6.4 0 12.8-6.4 12.8-12.8V140.8c0-6.4-6.4-12.8-12.8-12.8h-22.4c-6.4 0-12.8 6.4-12.8 12.8v198.4c0 6.4 6.4 12.8 12.8 12.8zm96 0h22.4c6.4 0 12.8-6.4 12.8-12.8V204.8c0-6.4-6.4-12.8-12.8-12.8h-22.4c-6.4 0-12.8 6.4-12.8 12.8v134.4c0 6.4 6.4 12.8 12.8 12.8zM496 400H48V80c0-8.84-7.16-16-16-16H16C7.16 64 0 71.16 0 80v336c0 17.67 14.33 32 32 32h464c8.84 0 16-7.16 16-16v-16c0-8.84-7.16-16-16-16zm-387.2-48h22.4c6.4 0 12.8-6.4 12.8-12.8v-70.4c0-6.4-6.4-12.8-12.8-12.8h-22.4c-6.4 0-12.8 6.4-12.8 12.8v70.4c0 6.4 6.4 12.8 12.8 12.8z\" class=\"\"><\/path><\/svg><\/i> <img loading=\"lazy\" decoding=\"async\" width=\"16\" height=\"16\" alt=\"Loading\" src=\"https:\/\/csavoly.hu\/wp\/wp-content\/plugins\/page-views-count\/ajax-loader-2x.gif\" border=0 \/><\/p>\n<div class=\"pvc_clear\"><\/div>\n","protected":false},"author":3,"featured_media":0,"parent":0,"menu_order":0,"comment_status":"closed","ping_status":"closed","template":"","meta":{"footnotes":""},"class_list":["post-6590","page","type-page","status-publish","hentry"],"_links":{"self":[{"href":"https:\/\/csavoly.hu\/wp\/index.php?rest_route=\/wp\/v2\/pages\/6590"}],"collection":[{"href":"https:\/\/csavoly.hu\/wp\/index.php?rest_route=\/wp\/v2\/pages"}],"about":[{"href":"https:\/\/csavoly.hu\/wp\/index.php?rest_route=\/wp\/v2\/types\/page"}],"author":[{"embeddable":true,"href":"https:\/\/csavoly.hu\/wp\/index.php?rest_route=\/wp\/v2\/users\/3"}],"replies":[{"embeddable":true,"href":"https:\/\/csavoly.hu\/wp\/index.php?rest_route=%2Fwp%2Fv2%2Fcomments&post=6590"}],"version-history":[{"count":5,"href":"https:\/\/csavoly.hu\/wp\/index.php?rest_route=\/wp\/v2\/pages\/6590\/revisions"}],"predecessor-version":[{"id":7745,"href":"https:\/\/csavoly.hu\/wp\/index.php?rest_route=\/wp\/v2\/pages\/6590\/revisions\/7745"}],"wp:attachment":[{"href":"https:\/\/csavoly.hu\/wp\/index.php?rest_route=%2Fwp%2Fv2%2Fmedia&parent=6590"}],"curies":[{"name":"wp","href":"https:\/\/api.w.org\/{rel}","templated":true}]}}