{"id":70,"date":"2015-09-23T07:50:52","date_gmt":"2015-09-23T07:50:52","guid":{"rendered":"http:\/\/csavoly.hu\/wp\/?p=70"},"modified":"2020-05-13T10:15:13","modified_gmt":"2020-05-13T08:15:13","slug":"polgarmesteri-hivatal","status":"publish","type":"page","link":"https:\/\/csavoly.hu\/wp\/?page_id=70","title":{"rendered":"Polg\u00e1rmesteri hivatal"},"content":{"rendered":"\n<div class=\"wp-block-image\"><figure class=\"aligncenter\"><img loading=\"lazy\" decoding=\"async\" width=\"2000\" height=\"1125\" src=\"https:\/\/csavoly.hu\/wp\/wp-content\/uploads\/2020\/05\/Hivatal.jpg\" alt=\"\" class=\"wp-image-3031\" srcset=\"https:\/\/csavoly.hu\/wp\/wp-content\/uploads\/2020\/05\/Hivatal.jpg 2000w, https:\/\/csavoly.hu\/wp\/wp-content\/uploads\/2020\/05\/Hivatal-768x432.jpg 768w\" sizes=\"(max-width: 2000px) 100vw, 2000px\" \/><\/figure><\/div>\n\n\n\n<p class=\"has-medium-font-size\"><a rel=\"noreferrer noopener\" aria-label=\"EL\u00c9RHET\u0150S\u00c9GEK (\u00faj f\u00fcl\u00f6n nyitja meg)\" href=\"https:\/\/csavoly.hu\/wp\/?p=83\" target=\"_blank\">EL\u00c9RHET\u0150S\u00c9GEK<\/a><\/p>\n\n\n\n<p class=\"has-medium-font-size\"><a rel=\"noreferrer noopener\" aria-label=\"NYOMTATV\u00c1NYOK (\u00faj f\u00fcl\u00f6n nyitja meg)\" href=\"https:\/\/csavoly.hu\/wp\/?page_id=457\" target=\"_blank\">NYOMTATV\u00c1NYOK<\/a><\/p>\n\n\n\n<p class=\"has-medium-font-size\"><a rel=\"noreferrer noopener\" aria-label=\"LET\u00d6LTHET\u0150 DOKUMENTUMOK (\u00faj f\u00fcl\u00f6n nyitja meg)\" href=\"https:\/\/csavoly.hu\/wp\/?page_id=455\" target=\"_blank\">LET\u00d6LTHET\u0150 DOKUMENTUMOK<\/a><\/p>\n\n\n\n<p class=\"has-medium-font-size\"><a rel=\"noreferrer noopener\" aria-label=\"MINISZTERI KIT\u00dcNTET\u00c9S 3 MILLI\u00d3 FORINT JUTALOM (\u00faj f\u00fcl\u00f6n nyitja meg)\" href=\"https:\/\/csavoly.hu\/wp\/?page_id=637\" target=\"_blank\">MINISZTERI KIT\u00dcNTET\u00c9S 3 MILLI\u00d3 FORINT JUTALOM<\/a><\/p>\n\n\n\n<p class=\"has-medium-font-size\"><a href=\"https:\/\/csavoly.hu\/wp\/?page_id=898\" target=\"_blank\" rel=\"noreferrer noopener\" aria-label=\"NYILV\u00c1NTART\u00c1SOK (\u00faj f\u00fcl\u00f6n nyitja meg)\">NYILV\u00c1NTART\u00c1SOK<\/a><\/p>\n","protected":false},"excerpt":{"rendered":"<p>EL\u00c9RHET\u0150S\u00c9GEK NYOMTATV\u00c1NYOK LET\u00d6LTHET\u0150 DOKUMENTUMOK MINISZTERI KIT\u00dcNTET\u00c9S 3 MILLI\u00d3 FORINT JUTALOM NYILV\u00c1NTART\u00c1SOK<\/p>\n","protected":false},"author":1,"featured_media":0,"parent":0,"menu_order":0,"comment_status":"closed","ping_status":"open","template":"","meta":{"footnotes":""},"class_list":["post-70","page","type-page","status-publish","hentry"],"_links":{"self":[{"href":"https:\/\/csavoly.hu\/wp\/index.php?rest_route=\/wp\/v2\/pages\/70"}],"collection":[{"href":"https:\/\/csavoly.hu\/wp\/index.php?rest_route=\/wp\/v2\/pages"}],"about":[{"href":"https:\/\/csavoly.hu\/wp\/index.php?rest_route=\/wp\/v2\/types\/page"}],"author":[{"embeddable":true,"href":"https:\/\/csavoly.hu\/wp\/index.php?rest_route=\/wp\/v2\/users\/1"}],"replies":[{"embeddable":true,"href":"https:\/\/csavoly.hu\/wp\/index.php?rest_route=%2Fwp%2Fv2%2Fcomments&post=70"}],"version-history":[{"count":6,"href":"https:\/\/csavoly.hu\/wp\/index.php?rest_route=\/wp\/v2\/pages\/70\/revisions"}],"predecessor-version":[{"id":3032,"href":"https:\/\/csavoly.hu\/wp\/index.php?rest_route=\/wp\/v2\/pages\/70\/revisions\/3032"}],"wp:attachment":[{"href":"https:\/\/csavoly.hu\/wp\/index.php?rest_route=%2Fwp%2Fv2%2Fmedia&parent=70"}],"curies":[{"name":"wp","href":"https:\/\/api.w.org\/{rel}","templated":true}]}}