{"id":7006,"date":"2024-09-19T10:58:26","date_gmt":"2024-09-19T08:58:26","guid":{"rendered":"https:\/\/csavoly.hu\/wp\/?page_id=7006"},"modified":"2024-09-30T09:15:28","modified_gmt":"2024-09-30T07:15:28","slug":"szervezeti-szemelyi-adatok","status":"publish","type":"page","link":"https:\/\/csavoly.hu\/wp\/?page_id=7006","title":{"rendered":"SZERVEZETI, SZEM\u00c9LYI ADATOK"},"content":{"rendered":"\n<p><a href=\"https:\/\/csavoly.hu\/wp\/?page_id=7015\">A k\u00f6zfeladatot ell\u00e1t\u00f3 szerv hivatalos neve, sz\u00e9khelye, postai c\u00edme, telefon- \u00e9s telefaxsz\u00e1ma, elektronikus lev\u00e9lc\u00edme, honlapja, \u00fcgyf\u00e9lszolg\u00e1lat\u00e1nak el\u00e9rhet\u0151s\u00e9gei<\/a><\/p>\n\n\n\n<p><a href=\"https:\/\/csavoly.hu\/wp\/?page_id=7017\">A k\u00f6zfeladatot ell\u00e1t\u00f3 szerv szervezeti fel\u00e9p\u00edt\u00e9se szervezeti egys\u00e9gek megjel\u00f6l\u00e9s\u00e9vel, az egyes szervezeti egys\u00e9gek feladatai<\/a><\/p>\n\n\n\n<p><a href=\"https:\/\/csavoly.hu\/wp\/?page_id=7019\">A k\u00f6zfeladatot ell\u00e1t\u00f3 szerv vezet\u0151inek \u00e9s az egyes szervezeti egys\u00e9gek vezet\u0151inek neve, beoszt\u00e1sa, el\u00e9rhet\u0151s\u00e9ge (telefon- \u00e9s telefaxsz\u00e1ma, elektronikus lev\u00e9lc\u00edme)<\/a><\/p>\n\n\n\n<p><a href=\"https:\/\/csavoly.hu\/wp\/?page_id=7021\">A szervezeten bel\u00fcl illet\u00e9kes \u00fcgyf\u00e9lkapcsolati vezet\u0151 neve, el\u00e9rhet\u0151s\u00e9ge (telefon- \u00e9s telefaxsz\u00e1ma, elektronikus lev\u00e9lc\u00edme) \u00e9s az \u00fcgyf\u00e9lfogad\u00e1si rend<\/a><\/p>\n\n\n\n<p><a href=\"https:\/\/csavoly.hu\/wp\/?page_id=7023\">Test\u00fcleti szerv eset\u00e9n a test\u00fclet l\u00e9tsz\u00e1ma, \u00f6sszet\u00e9tele, tagjainak neve, beoszt\u00e1sa, el\u00e9rhet\u0151s\u00e9ge<\/a><\/p>\n\n\n\n<p><a href=\"https:\/\/csavoly.hu\/wp\/?page_id=7025\">A k\u00f6zfeladatot ell\u00e1t\u00f3 szerv ir\u00e1ny\u00edt\u00e1sa, fel\u00fcgyelete vagy ellen\u0151rz\u00e9se alatt \u00e1ll\u00f3, vagy al\u00e1rendelts\u00e9g\u00e9ben m\u0171k\u00f6d\u0151 m\u00e1s k\u00f6zfeladatot ell\u00e1t\u00f3 szervek megnevez\u00e9se, \u00e9s 1. pontban meghat\u00e1rozott adatai<\/a><\/p>\n\n\n\n<p><a href=\"https:\/\/csavoly.hu\/wp\/?page_id=7027\">A k\u00f6zfeladatot ell\u00e1t\u00f3 szerv t\u00f6bbs\u00e9gi tulajdon\u00e1ban \u00e1ll\u00f3, illetve r\u00e9szv\u00e9tel\u00e9vel m\u0171k\u00f6d\u0151 gazd\u00e1lkod\u00f3 szervezet neve, sz\u00e9khelye, el\u00e9rhet\u0151s\u00e9ge (postai c\u00edme, telefon- \u00e9s telefaxsz\u00e1ma, elektronikus lev\u00e9lc\u00edme), tev\u00e9kenys\u00e9gi k\u00f6re, k\u00e9pvisel\u0151j\u00e9nek neve, a k\u00f6zfeladatot ell\u00e1t\u00f3 szerv r\u00e9szesed\u00e9s\u00e9nek m\u00e9rt\u00e9ke<\/a><\/p>\n\n\n\n<p><a href=\"https:\/\/csavoly.hu\/wp\/?page_id=7029\">A k\u00f6zfeladatot ell\u00e1t\u00f3 szerv \u00e1ltal alap\u00edtott k\u00f6zalap\u00edtv\u00e1nyok neve, sz\u00e9khelye, el\u00e9rhet\u0151s\u00e9ge (postai c\u00edme, telefon- \u00e9s telefaxsz\u00e1ma, elektronikus lev\u00e9lc\u00edme), alap\u00edt\u00f3 okirata, kezel\u0151 szerv\u00e9nek tagjai<\/a><\/p>\n\n\n\n<p><a href=\"https:\/\/csavoly.hu\/wp\/?page_id=7031\">A k\u00f6zfeladatot ell\u00e1t\u00f3 szerv \u00e1ltal alap\u00edtott k\u00f6lts\u00e9gvet\u00e9si szerv neve, sz\u00e9khelye, a k\u00f6lts\u00e9gvet\u00e9si szervet alap\u00edt\u00f3 jogszab\u00e1ly megjel\u00f6l\u00e9se, illetve az azt alap\u00edt\u00f3 hat\u00e1rozat, a k\u00f6lts\u00e9gvet\u00e9si szerv alap\u00edt\u00f3 okirata, vezet\u0151je, honlapj\u00e1nak el\u00e9rhet\u0151s\u00e9ge, m\u0171k\u00f6d\u00e9si enged\u00e9lye<\/a><\/p>\n\n\n\n<p><a href=\"https:\/\/csavoly.hu\/wp\/?page_id=7033\">A k\u00f6zfeladatot ell\u00e1t\u00f3 szerv \u00e1ltal alap\u00edtott lapok neve, a szerkeszt\u0151s\u00e9g \u00e9s kiad\u00f3 neve \u00e9s c\u00edme, valamint a f\u0151szerkeszt\u0151 neve<\/a><\/p>\n\n\n\n<p><a href=\"https:\/\/csavoly.hu\/wp\/?page_id=7035\">A k\u00f6zfeladatot ell\u00e1t\u00f3 szerv felettes, illetve fel\u00fcgyeleti szerv\u00e9nek, hat\u00f3s\u00e1gi d\u00f6nt\u00e9sei tekintet\u00e9ben a fellebbez\u00e9s elb\u00edr\u00e1l\u00e1s\u00e1ra jogosult szervnek, ennek hi\u00e1ny\u00e1ban a k\u00f6zfeladatot ell\u00e1t\u00f3 szerv felett t\u00f6rv\u00e9nyess\u00e9gi ellen\u0151rz\u00e9st gyakorl\u00f3 szervnek az 1. pontban meghat\u00e1rozott adatai<\/a><\/p>\n\n\n\n<p><\/p>\n<div class=\"pvc_clear\"><\/div><p id=\"pvc_stats_7006\" class=\"pvc_stats all  \" data-element-id=\"7006\" style=\"\"><i class=\"pvc-stats-icon medium\" aria-hidden=\"true\"><svg aria-hidden=\"true\" focusable=\"false\" data-prefix=\"far\" data-icon=\"chart-bar\" role=\"img\" xmlns=\"http:\/\/www.w3.org\/2000\/svg\" viewBox=\"0 0 512 512\" class=\"svg-inline--fa fa-chart-bar fa-w-16 fa-2x\"><path fill=\"currentColor\" d=\"M396.8 352h22.4c6.4 0 12.8-6.4 12.8-12.8V108.8c0-6.4-6.4-12.8-12.8-12.8h-22.4c-6.4 0-12.8 6.4-12.8 12.8v230.4c0 6.4 6.4 12.8 12.8 12.8zm-192 0h22.4c6.4 0 12.8-6.4 12.8-12.8V140.8c0-6.4-6.4-12.8-12.8-12.8h-22.4c-6.4 0-12.8 6.4-12.8 12.8v198.4c0 6.4 6.4 12.8 12.8 12.8zm96 0h22.4c6.4 0 12.8-6.4 12.8-12.8V204.8c0-6.4-6.4-12.8-12.8-12.8h-22.4c-6.4 0-12.8 6.4-12.8 12.8v134.4c0 6.4 6.4 12.8 12.8 12.8zM496 400H48V80c0-8.84-7.16-16-16-16H16C7.16 64 0 71.16 0 80v336c0 17.67 14.33 32 32 32h464c8.84 0 16-7.16 16-16v-16c0-8.84-7.16-16-16-16zm-387.2-48h22.4c6.4 0 12.8-6.4 12.8-12.8v-70.4c0-6.4-6.4-12.8-12.8-12.8h-22.4c-6.4 0-12.8 6.4-12.8 12.8v70.4c0 6.4 6.4 12.8 12.8 12.8z\" class=\"\"><\/path><\/svg><\/i> <img loading=\"lazy\" decoding=\"async\" width=\"16\" height=\"16\" alt=\"Loading\" src=\"https:\/\/csavoly.hu\/wp\/wp-content\/plugins\/page-views-count\/ajax-loader-2x.gif\" border=0 \/><\/p><div class=\"pvc_clear\"><\/div>","protected":false},"excerpt":{"rendered":"<p>A k\u00f6zfeladatot ell\u00e1t\u00f3 szerv hivatalos neve, sz\u00e9khelye, postai c\u00edme, telefon- \u00e9s telefaxsz\u00e1ma, elektronikus lev\u00e9lc\u00edme, honlapja, \u00fcgyf\u00e9lszolg\u00e1lat\u00e1nak el\u00e9rhet\u0151s\u00e9gei A k\u00f6zfeladatot ell\u00e1t\u00f3 szerv szervezeti fel\u00e9p\u00edt\u00e9se szervezeti egys\u00e9gek megjel\u00f6l\u00e9s\u00e9vel, az egyes szervezeti egys\u00e9gek feladatai A k\u00f6zfeladatot ell\u00e1t\u00f3 szerv vezet\u0151inek \u00e9s az egyes szervezeti egys\u00e9gek vezet\u0151inek neve, beoszt\u00e1sa, el\u00e9rhet\u0151s\u00e9ge (telefon- \u00e9s telefaxsz\u00e1ma, elektronikus lev\u00e9lc\u00edme) A szervezeten bel\u00fcl illet\u00e9kes \u00fcgyf\u00e9lkapcsolati &hellip; <a href=\"https:\/\/csavoly.hu\/wp\/?page_id=7006\" class=\"more-link\"><span class=\"screen-reader-text\">SZERVEZETI, SZEM\u00c9LYI ADATOK<\/span> b\u0151vebben&#8230; <span class=\"meta-nav\">&rarr;<\/span><\/a><\/p>\n<div class=\"pvc_clear\"><\/div>\n<p id=\"pvc_stats_7006\" class=\"pvc_stats all  \" data-element-id=\"7006\" style=\"\"><i class=\"pvc-stats-icon medium\" aria-hidden=\"true\"><svg aria-hidden=\"true\" focusable=\"false\" data-prefix=\"far\" data-icon=\"chart-bar\" role=\"img\" xmlns=\"http:\/\/www.w3.org\/2000\/svg\" viewBox=\"0 0 512 512\" class=\"svg-inline--fa fa-chart-bar fa-w-16 fa-2x\"><path fill=\"currentColor\" d=\"M396.8 352h22.4c6.4 0 12.8-6.4 12.8-12.8V108.8c0-6.4-6.4-12.8-12.8-12.8h-22.4c-6.4 0-12.8 6.4-12.8 12.8v230.4c0 6.4 6.4 12.8 12.8 12.8zm-192 0h22.4c6.4 0 12.8-6.4 12.8-12.8V140.8c0-6.4-6.4-12.8-12.8-12.8h-22.4c-6.4 0-12.8 6.4-12.8 12.8v198.4c0 6.4 6.4 12.8 12.8 12.8zm96 0h22.4c6.4 0 12.8-6.4 12.8-12.8V204.8c0-6.4-6.4-12.8-12.8-12.8h-22.4c-6.4 0-12.8 6.4-12.8 12.8v134.4c0 6.4 6.4 12.8 12.8 12.8zM496 400H48V80c0-8.84-7.16-16-16-16H16C7.16 64 0 71.16 0 80v336c0 17.67 14.33 32 32 32h464c8.84 0 16-7.16 16-16v-16c0-8.84-7.16-16-16-16zm-387.2-48h22.4c6.4 0 12.8-6.4 12.8-12.8v-70.4c0-6.4-6.4-12.8-12.8-12.8h-22.4c-6.4 0-12.8 6.4-12.8 12.8v70.4c0 6.4 6.4 12.8 12.8 12.8z\" class=\"\"><\/path><\/svg><\/i> <img loading=\"lazy\" decoding=\"async\" width=\"16\" height=\"16\" alt=\"Loading\" src=\"https:\/\/csavoly.hu\/wp\/wp-content\/plugins\/page-views-count\/ajax-loader-2x.gif\" border=0 \/><\/p>\n<div class=\"pvc_clear\"><\/div>\n","protected":false},"author":3,"featured_media":0,"parent":0,"menu_order":0,"comment_status":"closed","ping_status":"closed","template":"","meta":{"footnotes":""},"class_list":["post-7006","page","type-page","status-publish","hentry"],"_links":{"self":[{"href":"https:\/\/csavoly.hu\/wp\/index.php?rest_route=\/wp\/v2\/pages\/7006"}],"collection":[{"href":"https:\/\/csavoly.hu\/wp\/index.php?rest_route=\/wp\/v2\/pages"}],"about":[{"href":"https:\/\/csavoly.hu\/wp\/index.php?rest_route=\/wp\/v2\/types\/page"}],"author":[{"embeddable":true,"href":"https:\/\/csavoly.hu\/wp\/index.php?rest_route=\/wp\/v2\/users\/3"}],"replies":[{"embeddable":true,"href":"https:\/\/csavoly.hu\/wp\/index.php?rest_route=%2Fwp%2Fv2%2Fcomments&post=7006"}],"version-history":[{"count":13,"href":"https:\/\/csavoly.hu\/wp\/index.php?rest_route=\/wp\/v2\/pages\/7006\/revisions"}],"predecessor-version":[{"id":7214,"href":"https:\/\/csavoly.hu\/wp\/index.php?rest_route=\/wp\/v2\/pages\/7006\/revisions\/7214"}],"wp:attachment":[{"href":"https:\/\/csavoly.hu\/wp\/index.php?rest_route=%2Fwp%2Fv2%2Fmedia&parent=7006"}],"curies":[{"name":"wp","href":"https:\/\/api.w.org\/{rel}","templated":true}]}}