{"id":7010,"date":"2024-09-19T10:59:14","date_gmt":"2024-09-19T08:59:14","guid":{"rendered":"https:\/\/csavoly.hu\/wp\/?page_id=7010"},"modified":"2024-10-03T10:54:53","modified_gmt":"2024-10-03T08:54:53","slug":"gazdalkodasi-adatok","status":"publish","type":"page","link":"https:\/\/csavoly.hu\/wp\/?page_id=7010","title":{"rendered":"GAZD\u00c1LKOD\u00c1SI ADATOK"},"content":{"rendered":"\n<p><a href=\"https:\/\/csavoly.hu\/wp\/?page_id=7120\">A k\u00f6zfeladatot ell\u00e1t\u00f3 szerv \u00e9ves k\u00f6lts\u00e9gvet\u00e9se, sz\u00e1mviteli t\u00f6rv\u00e9ny szerint besz\u00e1mol\u00f3ja vagy \u00e9ves k\u00f6lts\u00e9gvet\u00e9s besz\u00e1mol\u00f3ja<\/a><\/p>\n\n\n\n<p><a href=\"https:\/\/csavoly.hu\/wp\/?page_id=7128\">A k\u00f6zfeladatot ell\u00e1t\u00f3 szervn\u00e9l foglalkoztatottak l\u00e9tsz\u00e1m\u00e1ra \u00e9s szem\u00e9lyi juttat\u00e1saira vonatkoz\u00f3 \u00f6sszes\u00edtett adatok, illetve \u00f6sszes\u00edtve a vezet\u0151k \u00e9s vezet\u0151 tiszts\u00e9gvisel\u0151k illetm\u00e9nye, munkab\u00e9re, \u00e9s rendszeres juttat\u00e1sai, valamint k\u00f6lts\u00e9gt\u00e9r\u00edt\u00e9se, az egy\u00e9b alkalmazottaknak ny\u00fajtott juttat\u00e1sok fajt\u00e1ja \u00e9s m\u00e9rt\u00e9ke \u00f6sszes\u00edtve.<\/a><\/p>\n\n\n\n<p><a href=\"https:\/\/csavoly.hu\/wp\/?page_id=7122\">A k\u00f6zfeladatot ell\u00e1t\u00f3 szerv \u00e1ltal ny\u00fajtott, az \u00e1llamh\u00e1ztart\u00e1sr\u00f3l sz\u00f3l\u00f3 t\u00f6rv\u00e9ny szerinti k\u00f6lts\u00e9gvet\u00e9si t\u00e1mogat\u00e1sok kedvezm\u00e9nyezettjeinek nev\u00e9re, a t\u00e1mogat\u00e1s c\u00e9lj\u00e1ra, \u00f6sszeg\u00e9re, tov\u00e1bb\u00e1 a t\u00e1mogat\u00e1si program megval\u00f3s\u00edt\u00e1si hely\u00e9re vonatkoz\u00f3 adatok, kiv\u00e9ve, ha a k\u00f6zz\u00e9t\u00e9tel el\u0151tt a k\u00f6lts\u00e9gvet\u00e9si t\u00e1mogat\u00e1st visszavonj\u00e1k vagy arr\u00f3l a kedvezm\u00e9nyezett lemond<\/a><\/p>\n\n\n\n<p><a href=\"https:\/\/csavoly.hu\/wp\/?page_id=7510\">Az \u00e1llamh\u00e1ztart\u00e1s p\u00e9nzeszk\u00f6zei felhaszn\u00e1l\u00e1s\u00e1val, az \u00e1llamh\u00e1ztart\u00e1shoz tartoz\u00f3 vagyonnal t\u00f6rt\u00e9n\u0151 gazd\u00e1lkod\u00e1ssal \u00f6sszef\u00fcgg\u0151, \u00f6tmilli\u00f3 forintot el\u00e9r\u0151 vagy azt meghalad\u00f3 \u00e9rt\u00e9k\u0171 \u00e1rubeszerz\u00e9sre, \u00e9p\u00edt\u00e9si beruh\u00e1z\u00e1sra, szolg\u00e1ltat\u00e1s megrendel\u00e9sre, vagyon \u00e9rt\u00e9kes\u00edt\u00e9sre, vagyonhasznos\u00edt\u00e1sra, vagyon vagy vagyoni \u00e9rt\u00e9k\u0171 jog \u00e1tad\u00e1s\u00e1ra, valamint koncesszi\u00f3ba ad\u00e1sra vonatkoz\u00f3 szerz\u0151d\u00e9sek megnevez\u00e9se (t\u00edpusa), t\u00e1rgya, a szerz\u0151d\u00e9st k\u00f6t\u0151 felek neve, a szerz\u0151d\u00e9s \u00e9rt\u00e9ke, hat\u00e1rozott id\u0151re k\u00f6t\u00f6tt szerz\u0151d\u00e9s eset\u00e9ben annak id\u0151tartama, valamint az eml\u00edtett adatok v\u00e1ltoz\u00e1sai, a v\u00e9delmi \u00e9s biztons\u00e1gi c\u00e9l\u00fa beszerz\u00e9sek adatai, \u00e9s a min\u0151s\u00edtett adatok, tov\u00e1bb\u00e1 a k\u00f6zbeszerz\u00e9sekr\u0151l sz\u00f3l\u00f3 2015. \u00e9vi CXLIII t\u00f6rv\u00e9ny 9. \u00a7 (1) bekezd\u00e9s b) pontja szerinti beszerz\u00e9sek, \u00e9s az azok eredm\u00e9nyek\u00e9ppen k\u00f6t\u00f6tt szerz\u0151d\u00e9sek adatai kiv\u00e9tel\u00e9vel. A szerz\u0151d\u00e9s \u00e9rt\u00e9ke alatt a szerz\u0151d\u00e9s t\u00e1rgy\u00e1\u00e9rt kik\u00f6t\u00f6tt \u2013 \u00e1ltal\u00e1nos forgalmi ad\u00f3 n\u00e9lk\u00fcl sz\u00e1m\u00edtott \u2013 ellenszolg\u00e1ltat\u00e1st kell \u00e9rteni, ingyenes \u00fcgylet eset\u00e9n a vagyon piaci vagy k\u00f6nyv szerinti \u00e9rt\u00e9ke k\u00f6z\u00fcl a magasabb \u00f6sszeget kell figyelembe venni. Az id\u0151szakonk\u00e9nt visszat\u00e9r\u0151 \u2013 egy \u00e9vn\u00e9l hosszabb id\u0151tartamra k\u00f6t\u00f6tt \u2013 szerz\u0151d\u00e9sekn\u00e9l az \u00e9rt\u00e9k kisz\u00e1m\u00edt\u00e1sakor az ellenszolg\u00e1ltat\u00e1s egy \u00e9vre sz\u00e1m\u00edtott \u00f6sszeg\u00e9t kell alapul venni. Az egy k\u00f6lts\u00e9gvet\u00e9si \u00e9vben ugyanazon szerz\u0151d\u0151 f\u00e9llel k\u00f6t\u00f6tt azonos t\u00e1rgy\u00fa szerz\u0151d\u00e9sek \u00e9rt\u00e9k\u00e9t egybe kell sz\u00e1m\u00edtani.<\/a><\/p>\n\n\n\n<p><a href=\"https:\/\/csavoly.hu\/wp\/?page_id=7132\">A koncesszi\u00f3r\u00f3l sz\u00f3l\u00f3 t\u00f6rv\u00e9nyben meghat\u00e1rozott nyilv\u00e1nos adatok (p\u00e1ly\u00e1zati ki\u00edr\u00e1sok, p\u00e1ly\u00e1z\u00f3k adatai, az elb\u00edr\u00e1l\u00e1sr\u00f3l k\u00e9sz\u00edtett eml\u00e9keztet\u0151k, p\u00e1ly\u00e1zat eredm\u00e9nye)<\/a><\/p>\n\n\n\n<p><a href=\"https:\/\/csavoly.hu\/wp\/?page_id=7130\">A k\u00f6zfeladatot ell\u00e1t\u00f3 szerv \u00e1ltal nem alapfeladatai ell\u00e1t\u00e1s\u00e1ra (\u00edgy k\u00fcl\u00f6n\u00f6sen egyes\u00fclet t\u00e1mogat\u00e1s\u00e1ra, foglalkoztatottai szakmai \u00e9s munkav\u00e1llal\u00f3i \u00e9rdek-k\u00e9pviseleti szervei sz\u00e1m\u00e1ra, foglalkoztatottjai, ell\u00e1tottjai oktat\u00e1si, kultur\u00e1lis, szoci\u00e1lis \u00e9s sporttev\u00e9kenys\u00e9get seg\u00edt\u0151 szervezet t\u00e1mogat\u00e1s\u00e1ra, alap\u00edtv\u00e1nyok \u00e1ltal ell\u00e1tott feladatokkal \u00f6sszef\u00fcgg\u0151 kifizet\u00e9sre) ford\u00edtott, \u00f6tmilli\u00f3 forintot meghalad\u00f3 kifizet\u00e9sek<\/a><\/p>\n\n\n\n<p><a href=\"https:\/\/csavoly.hu\/wp\/?page_id=7134\">Az Eur\u00f3pai Uni\u00f3 t\u00e1mogat\u00e1s\u00e1val megval\u00f3sul\u00f3 fejleszt\u00e9sek le\u00edr\u00e1sa, \u00e9s az azokra vonatkoz\u00f3 szerz\u0151d\u00e9sek<\/a><\/p>\n\n\n\n<p><a href=\"https:\/\/csavoly.hu\/wp\/?page_id=7126\">K\u00f6zbeszerz\u00e9si inform\u00e1ci\u00f3k (\u00e9ves terv, \u00f6sszegz\u00e9s az aj\u00e1nlatok elb\u00edr\u00e1l\u00e1s\u00e1r\u00f3l, a megk\u00f6t\u00f6tt szerz\u0151d\u00e9sekr\u0151l)<\/a><\/p>\n\n\n\n<p><\/p>\n<div class=\"pvc_clear\"><\/div><p id=\"pvc_stats_7010\" class=\"pvc_stats all  \" data-element-id=\"7010\" style=\"\"><i class=\"pvc-stats-icon medium\" aria-hidden=\"true\"><svg aria-hidden=\"true\" focusable=\"false\" data-prefix=\"far\" data-icon=\"chart-bar\" role=\"img\" xmlns=\"http:\/\/www.w3.org\/2000\/svg\" viewBox=\"0 0 512 512\" class=\"svg-inline--fa fa-chart-bar fa-w-16 fa-2x\"><path fill=\"currentColor\" d=\"M396.8 352h22.4c6.4 0 12.8-6.4 12.8-12.8V108.8c0-6.4-6.4-12.8-12.8-12.8h-22.4c-6.4 0-12.8 6.4-12.8 12.8v230.4c0 6.4 6.4 12.8 12.8 12.8zm-192 0h22.4c6.4 0 12.8-6.4 12.8-12.8V140.8c0-6.4-6.4-12.8-12.8-12.8h-22.4c-6.4 0-12.8 6.4-12.8 12.8v198.4c0 6.4 6.4 12.8 12.8 12.8zm96 0h22.4c6.4 0 12.8-6.4 12.8-12.8V204.8c0-6.4-6.4-12.8-12.8-12.8h-22.4c-6.4 0-12.8 6.4-12.8 12.8v134.4c0 6.4 6.4 12.8 12.8 12.8zM496 400H48V80c0-8.84-7.16-16-16-16H16C7.16 64 0 71.16 0 80v336c0 17.67 14.33 32 32 32h464c8.84 0 16-7.16 16-16v-16c0-8.84-7.16-16-16-16zm-387.2-48h22.4c6.4 0 12.8-6.4 12.8-12.8v-70.4c0-6.4-6.4-12.8-12.8-12.8h-22.4c-6.4 0-12.8 6.4-12.8 12.8v70.4c0 6.4 6.4 12.8 12.8 12.8z\" class=\"\"><\/path><\/svg><\/i> <img loading=\"lazy\" decoding=\"async\" width=\"16\" height=\"16\" alt=\"Loading\" src=\"https:\/\/csavoly.hu\/wp\/wp-content\/plugins\/page-views-count\/ajax-loader-2x.gif\" border=0 \/><\/p><div class=\"pvc_clear\"><\/div>","protected":false},"excerpt":{"rendered":"<p>A k\u00f6zfeladatot ell\u00e1t\u00f3 szerv \u00e9ves k\u00f6lts\u00e9gvet\u00e9se, sz\u00e1mviteli t\u00f6rv\u00e9ny szerint besz\u00e1mol\u00f3ja vagy \u00e9ves k\u00f6lts\u00e9gvet\u00e9s besz\u00e1mol\u00f3ja A k\u00f6zfeladatot ell\u00e1t\u00f3 szervn\u00e9l foglalkoztatottak l\u00e9tsz\u00e1m\u00e1ra \u00e9s szem\u00e9lyi juttat\u00e1saira vonatkoz\u00f3 \u00f6sszes\u00edtett adatok, illetve \u00f6sszes\u00edtve a vezet\u0151k \u00e9s vezet\u0151 tiszts\u00e9gvisel\u0151k illetm\u00e9nye, munkab\u00e9re, \u00e9s rendszeres juttat\u00e1sai, valamint k\u00f6lts\u00e9gt\u00e9r\u00edt\u00e9se, az egy\u00e9b alkalmazottaknak ny\u00fajtott juttat\u00e1sok fajt\u00e1ja \u00e9s m\u00e9rt\u00e9ke \u00f6sszes\u00edtve. A k\u00f6zfeladatot ell\u00e1t\u00f3 szerv \u00e1ltal ny\u00fajtott, &hellip; <a href=\"https:\/\/csavoly.hu\/wp\/?page_id=7010\" class=\"more-link\"><span class=\"screen-reader-text\">GAZD\u00c1LKOD\u00c1SI ADATOK<\/span> b\u0151vebben&#8230; <span class=\"meta-nav\">&rarr;<\/span><\/a><\/p>\n<div class=\"pvc_clear\"><\/div>\n<p id=\"pvc_stats_7010\" class=\"pvc_stats all  \" data-element-id=\"7010\" style=\"\"><i class=\"pvc-stats-icon medium\" aria-hidden=\"true\"><svg aria-hidden=\"true\" focusable=\"false\" data-prefix=\"far\" data-icon=\"chart-bar\" role=\"img\" xmlns=\"http:\/\/www.w3.org\/2000\/svg\" viewBox=\"0 0 512 512\" class=\"svg-inline--fa fa-chart-bar fa-w-16 fa-2x\"><path fill=\"currentColor\" d=\"M396.8 352h22.4c6.4 0 12.8-6.4 12.8-12.8V108.8c0-6.4-6.4-12.8-12.8-12.8h-22.4c-6.4 0-12.8 6.4-12.8 12.8v230.4c0 6.4 6.4 12.8 12.8 12.8zm-192 0h22.4c6.4 0 12.8-6.4 12.8-12.8V140.8c0-6.4-6.4-12.8-12.8-12.8h-22.4c-6.4 0-12.8 6.4-12.8 12.8v198.4c0 6.4 6.4 12.8 12.8 12.8zm96 0h22.4c6.4 0 12.8-6.4 12.8-12.8V204.8c0-6.4-6.4-12.8-12.8-12.8h-22.4c-6.4 0-12.8 6.4-12.8 12.8v134.4c0 6.4 6.4 12.8 12.8 12.8zM496 400H48V80c0-8.84-7.16-16-16-16H16C7.16 64 0 71.16 0 80v336c0 17.67 14.33 32 32 32h464c8.84 0 16-7.16 16-16v-16c0-8.84-7.16-16-16-16zm-387.2-48h22.4c6.4 0 12.8-6.4 12.8-12.8v-70.4c0-6.4-6.4-12.8-12.8-12.8h-22.4c-6.4 0-12.8 6.4-12.8 12.8v70.4c0 6.4 6.4 12.8 12.8 12.8z\" class=\"\"><\/path><\/svg><\/i> <img loading=\"lazy\" decoding=\"async\" width=\"16\" height=\"16\" alt=\"Loading\" src=\"https:\/\/csavoly.hu\/wp\/wp-content\/plugins\/page-views-count\/ajax-loader-2x.gif\" border=0 \/><\/p>\n<div class=\"pvc_clear\"><\/div>\n","protected":false},"author":3,"featured_media":0,"parent":0,"menu_order":0,"comment_status":"closed","ping_status":"closed","template":"","meta":{"footnotes":""},"class_list":["post-7010","page","type-page","status-publish","hentry"],"_links":{"self":[{"href":"https:\/\/csavoly.hu\/wp\/index.php?rest_route=\/wp\/v2\/pages\/7010"}],"collection":[{"href":"https:\/\/csavoly.hu\/wp\/index.php?rest_route=\/wp\/v2\/pages"}],"about":[{"href":"https:\/\/csavoly.hu\/wp\/index.php?rest_route=\/wp\/v2\/types\/page"}],"author":[{"embeddable":true,"href":"https:\/\/csavoly.hu\/wp\/index.php?rest_route=\/wp\/v2\/users\/3"}],"replies":[{"embeddable":true,"href":"https:\/\/csavoly.hu\/wp\/index.php?rest_route=%2Fwp%2Fv2%2Fcomments&post=7010"}],"version-history":[{"count":10,"href":"https:\/\/csavoly.hu\/wp\/index.php?rest_route=\/wp\/v2\/pages\/7010\/revisions"}],"predecessor-version":[{"id":7527,"href":"https:\/\/csavoly.hu\/wp\/index.php?rest_route=\/wp\/v2\/pages\/7010\/revisions\/7527"}],"wp:attachment":[{"href":"https:\/\/csavoly.hu\/wp\/index.php?rest_route=%2Fwp%2Fv2%2Fmedia&parent=7010"}],"curies":[{"name":"wp","href":"https:\/\/api.w.org\/{rel}","templated":true}]}}