{"id":7021,"date":"2024-09-19T11:03:24","date_gmt":"2024-09-19T09:03:24","guid":{"rendered":"https:\/\/csavoly.hu\/wp\/?page_id=7021"},"modified":"2024-09-30T08:26:59","modified_gmt":"2024-09-30T06:26:59","slug":"onkormanyzati-tulajdonu-gazdasagi-tarsasagok-adatai","status":"publish","type":"page","link":"https:\/\/csavoly.hu\/wp\/?page_id=7021","title":{"rendered":"A szervezeten bel\u00fcl illet\u00e9kes \u00fcgyf\u00e9lkapcsolati vezet\u0151 neve, el\u00e9rhet\u0151s\u00e9ge (telefon- \u00e9s telefaxsz\u00e1ma, elektronikus lev\u00e9lc\u00edme) \u00e9s az \u00fcgyf\u00e9lfogad\u00e1si rend"},"content":{"rendered":"\n<p><\/p>\n\n\n\n<p><\/p>\n\n\n\n<p>\u00dcgyf\u00e9lkapcsolati vezet\u0151k neve, el\u00e9rhet\u0151s\u00e9ge: l\u00e1sd a 3. pontban megjel\u00f6lt inform\u00e1ci\u00f3kat.<\/p>\n\n\n\n<p>A hivatal \u00fcgyf\u00e9lfogad\u00e1si ideje a k\u00f6vetkez\u0151:<\/p>\n\n\n\n<p>a) h\u00e9tf\u0151i, keddi, szerdai napokon 8:00 \u00f3r\u00e1t\u00f3l 12:00 \u00f3r\u00e1ig \u00e9s 13:00 \u00f3r\u00e1t\u00f3l 16:00 \u00f3r\u00e1ig,<\/p>\n\n\n\n<p>b) p\u00e9nteki napokon 8:00 \u00f3r\u00e1t\u00f3l 12:30 \u00f3r\u00e1ig<\/p>\n\n\n\n<p>tart, az ezen k\u00edv\u00fcli id\u0151szakban az \u00fcgyf\u00e9lfogad\u00e1s sz\u00fcnetel.<\/p>\n<div class=\"pvc_clear\"><\/div><p id=\"pvc_stats_7021\" class=\"pvc_stats all  \" data-element-id=\"7021\" style=\"\"><i class=\"pvc-stats-icon medium\" aria-hidden=\"true\"><svg aria-hidden=\"true\" focusable=\"false\" data-prefix=\"far\" data-icon=\"chart-bar\" role=\"img\" xmlns=\"http:\/\/www.w3.org\/2000\/svg\" viewBox=\"0 0 512 512\" class=\"svg-inline--fa fa-chart-bar fa-w-16 fa-2x\"><path fill=\"currentColor\" d=\"M396.8 352h22.4c6.4 0 12.8-6.4 12.8-12.8V108.8c0-6.4-6.4-12.8-12.8-12.8h-22.4c-6.4 0-12.8 6.4-12.8 12.8v230.4c0 6.4 6.4 12.8 12.8 12.8zm-192 0h22.4c6.4 0 12.8-6.4 12.8-12.8V140.8c0-6.4-6.4-12.8-12.8-12.8h-22.4c-6.4 0-12.8 6.4-12.8 12.8v198.4c0 6.4 6.4 12.8 12.8 12.8zm96 0h22.4c6.4 0 12.8-6.4 12.8-12.8V204.8c0-6.4-6.4-12.8-12.8-12.8h-22.4c-6.4 0-12.8 6.4-12.8 12.8v134.4c0 6.4 6.4 12.8 12.8 12.8zM496 400H48V80c0-8.84-7.16-16-16-16H16C7.16 64 0 71.16 0 80v336c0 17.67 14.33 32 32 32h464c8.84 0 16-7.16 16-16v-16c0-8.84-7.16-16-16-16zm-387.2-48h22.4c6.4 0 12.8-6.4 12.8-12.8v-70.4c0-6.4-6.4-12.8-12.8-12.8h-22.4c-6.4 0-12.8 6.4-12.8 12.8v70.4c0 6.4 6.4 12.8 12.8 12.8z\" class=\"\"><\/path><\/svg><\/i> <img loading=\"lazy\" decoding=\"async\" width=\"16\" height=\"16\" alt=\"Loading\" src=\"https:\/\/csavoly.hu\/wp\/wp-content\/plugins\/page-views-count\/ajax-loader-2x.gif\" border=0 \/><\/p><div class=\"pvc_clear\"><\/div>","protected":false},"excerpt":{"rendered":"<p>\u00dcgyf\u00e9lkapcsolati vezet\u0151k neve, el\u00e9rhet\u0151s\u00e9ge: l\u00e1sd a 3. pontban megjel\u00f6lt inform\u00e1ci\u00f3kat. A hivatal \u00fcgyf\u00e9lfogad\u00e1si ideje a k\u00f6vetkez\u0151: a) h\u00e9tf\u0151i, keddi, szerdai napokon 8:00 \u00f3r\u00e1t\u00f3l 12:00 \u00f3r\u00e1ig \u00e9s 13:00 \u00f3r\u00e1t\u00f3l 16:00 \u00f3r\u00e1ig, b) p\u00e9nteki napokon 8:00 \u00f3r\u00e1t\u00f3l 12:30 \u00f3r\u00e1ig tart, az ezen k\u00edv\u00fcli id\u0151szakban az \u00fcgyf\u00e9lfogad\u00e1s sz\u00fcnetel.<\/p>\n<div class=\"pvc_clear\"><\/div>\n<p id=\"pvc_stats_7021\" class=\"pvc_stats all  \" data-element-id=\"7021\" style=\"\"><i class=\"pvc-stats-icon medium\" aria-hidden=\"true\"><svg aria-hidden=\"true\" focusable=\"false\" data-prefix=\"far\" data-icon=\"chart-bar\" role=\"img\" xmlns=\"http:\/\/www.w3.org\/2000\/svg\" viewBox=\"0 0 512 512\" class=\"svg-inline--fa fa-chart-bar fa-w-16 fa-2x\"><path fill=\"currentColor\" d=\"M396.8 352h22.4c6.4 0 12.8-6.4 12.8-12.8V108.8c0-6.4-6.4-12.8-12.8-12.8h-22.4c-6.4 0-12.8 6.4-12.8 12.8v230.4c0 6.4 6.4 12.8 12.8 12.8zm-192 0h22.4c6.4 0 12.8-6.4 12.8-12.8V140.8c0-6.4-6.4-12.8-12.8-12.8h-22.4c-6.4 0-12.8 6.4-12.8 12.8v198.4c0 6.4 6.4 12.8 12.8 12.8zm96 0h22.4c6.4 0 12.8-6.4 12.8-12.8V204.8c0-6.4-6.4-12.8-12.8-12.8h-22.4c-6.4 0-12.8 6.4-12.8 12.8v134.4c0 6.4 6.4 12.8 12.8 12.8zM496 400H48V80c0-8.84-7.16-16-16-16H16C7.16 64 0 71.16 0 80v336c0 17.67 14.33 32 32 32h464c8.84 0 16-7.16 16-16v-16c0-8.84-7.16-16-16-16zm-387.2-48h22.4c6.4 0 12.8-6.4 12.8-12.8v-70.4c0-6.4-6.4-12.8-12.8-12.8h-22.4c-6.4 0-12.8 6.4-12.8 12.8v70.4c0 6.4 6.4 12.8 12.8 12.8z\" class=\"\"><\/path><\/svg><\/i> <img loading=\"lazy\" decoding=\"async\" width=\"16\" height=\"16\" alt=\"Loading\" src=\"https:\/\/csavoly.hu\/wp\/wp-content\/plugins\/page-views-count\/ajax-loader-2x.gif\" border=0 \/><\/p>\n<div class=\"pvc_clear\"><\/div>\n","protected":false},"author":3,"featured_media":0,"parent":0,"menu_order":0,"comment_status":"closed","ping_status":"closed","template":"","meta":{"footnotes":""},"class_list":["post-7021","page","type-page","status-publish","hentry"],"_links":{"self":[{"href":"https:\/\/csavoly.hu\/wp\/index.php?rest_route=\/wp\/v2\/pages\/7021"}],"collection":[{"href":"https:\/\/csavoly.hu\/wp\/index.php?rest_route=\/wp\/v2\/pages"}],"about":[{"href":"https:\/\/csavoly.hu\/wp\/index.php?rest_route=\/wp\/v2\/types\/page"}],"author":[{"embeddable":true,"href":"https:\/\/csavoly.hu\/wp\/index.php?rest_route=\/wp\/v2\/users\/3"}],"replies":[{"embeddable":true,"href":"https:\/\/csavoly.hu\/wp\/index.php?rest_route=%2Fwp%2Fv2%2Fcomments&post=7021"}],"version-history":[{"count":3,"href":"https:\/\/csavoly.hu\/wp\/index.php?rest_route=\/wp\/v2\/pages\/7021\/revisions"}],"predecessor-version":[{"id":7190,"href":"https:\/\/csavoly.hu\/wp\/index.php?rest_route=\/wp\/v2\/pages\/7021\/revisions\/7190"}],"wp:attachment":[{"href":"https:\/\/csavoly.hu\/wp\/index.php?rest_route=%2Fwp%2Fv2%2Fmedia&parent=7021"}],"curies":[{"name":"wp","href":"https:\/\/api.w.org\/{rel}","templated":true}]}}