{"id":7023,"date":"2024-09-19T11:04:01","date_gmt":"2024-09-19T09:04:01","guid":{"rendered":"https:\/\/csavoly.hu\/wp\/?page_id=7023"},"modified":"2024-09-30T08:31:10","modified_gmt":"2024-09-30T06:31:10","slug":"az-onkormanyzat-altal-alapitott-koltsegvetesi-szerv-adatai","status":"publish","type":"page","link":"https:\/\/csavoly.hu\/wp\/?page_id=7023","title":{"rendered":"Test\u00fcleti szerv eset\u00e9n a test\u00fclet l\u00e9tsz\u00e1ma, \u00f6sszet\u00e9tele, tagjainak neve, beoszt\u00e1sa, el\u00e9rhet\u0151s\u00e9ge"},"content":{"rendered":"\n<p><\/p>\n\n\n\n<p><strong>CS\u00c1VOLY K\u00d6ZS\u00c9GI \u00d6NKORM\u00c1NYZAT K\u00c9PVISEL\u0150-TEST\u00dcLETE<\/strong><\/p>\n\n\n\n<p>Polg\u00e1rmester:<\/p>\n\n\n\n<p>Csala J\u00f3zsefn\u00e9<\/p>\n\n\n\n<p>Tel.: +36 30\/530-75-07;<\/p>\n\n\n\n<p>e-mail: <a href=\"mailto:polgarmester@csavoly.hu\">polgarmester@csavoly.hu<\/a><\/p>\n\n\n\n<p>Alpolg\u00e1rmester:<\/p>\n\n\n\n<p>Ber\u00e9nyi Attila<\/p>\n\n\n\n<p>Tel: +36 30\/549-20-87;<\/p>\n\n\n\n<p>e-mail: <a href=\"mailto:speedy1981@gmail.com\">speedy1981@gmail.com<\/a><\/p>\n\n\n\n<p><a>K\u00e9pvisel\u0151k:<\/a><\/p>\n\n\n\n<p>Simity Ilona Erzs\u00e9bet<\/p>\n\n\n\n<p>Tel: +36 30\/664-22-76;<\/p>\n\n\n\n<p>e-mail: <a href=\"mailto:simityica@gmail.com\">simityica@gmail.com<\/a><\/p>\n\n\n\n<p>Keller Tam\u00e1s<\/p>\n\n\n\n<p>Tel: +36 20\/294-01-00;<\/p>\n\n\n\n<p>e-mail: <a href=\"mailto:kellybit@gmail.com\">kellybit@gmail.com<\/a><\/p>\n\n\n\n<p>R\u00e1tvai Dezs\u0151<\/p>\n\n\n\n<p>Tel: +36 70\/388-16-95;<\/p>\n\n\n\n<p>e-mail: <a href=\"mailto:ratvai.dezso@gmail.com\">ratvai.dezso@gmail.com<\/a><\/p>\n\n\n\n<p>R\u00e1tvain\u00e9 Zimmerer \u00c9va<\/p>\n\n\n\n<p>Tel: +36 70\/323-05-23;<\/p>\n\n\n\n<p>e-mail: <a href=\"mailto:eva.zimmerer70@gmail.com\">eva.zimmerer70@gmail.com<\/a><\/p>\n\n\n\n<p>Vojnovics Gerda<\/p>\n\n\n\n<p>Tel: +36 20\/582-80-62;<\/p>\n\n\n\n<p>e-mail: <a href=\"mailto:rgerda86@gmail.com\">rgerda86@gmail.com<\/a><\/p>\n\n\n\n<p><a href=\"https:\/\/www.allamkincstar.gov.hu\/Koltsegvetes\/Torzskonyvi_nyilvantartas\/ktorzs?pirId=724353&amp;subjectState=LIVE#localSearch\/resultTable\/datasheet\">https:\/\/www.allamkincstar.gov.hu\/Koltsegvetes\/Torzskonyvi_nyilvantartas\/ktorzs?pirId=724353&amp;subjectState=LIVE#localSearch\/resultTable\/datasheet<\/a><\/p>\n\n\n\n<p><strong>CS\u00c1VOLY K\u00d6ZS\u00c9GI \u00d6NKORM\u00c1NYZAT K\u00c9PVISEL\u00d6-TEST\u00dcLETE P\u00c9NZ\u00dcGYI BIZOTTS\u00c1GA:<\/strong><\/p>\n\n\n\n<p>Eln\u00f6k:<\/p>\n\n\n\n<p>Simity Ilona Erzs\u00e9bet<\/p>\n\n\n\n<p>Tel: +36 30\/664-22-76;<\/p>\n\n\n\n<p>e-mail: <a href=\"mailto:simityica@gmail.com\">simityica@gmail.com<\/a><\/p>\n\n\n\n<p>K\u00e9pvisel\u0151k:<\/p>\n\n\n\n<p>Keller Tam\u00e1s<\/p>\n\n\n\n<p>Tel: +36 20\/294-01-00;<\/p>\n\n\n\n<p>e-mail: <a href=\"mailto:kellybit@gmail.com\">kellybit@gmail.com<\/a><\/p>\n\n\n\n<p>R\u00e1tvai Dezs\u0151<\/p>\n\n\n\n<p>Tel: +36 70\/388-16-95;<\/p>\n\n\n\n<p>e-mail: <a href=\"mailto:ratvai.dezso@gmail.com\">ratvai.dezso@gmail.com<\/a><\/p>\n<div class=\"pvc_clear\"><\/div><p id=\"pvc_stats_7023\" class=\"pvc_stats all  \" data-element-id=\"7023\" style=\"\"><i class=\"pvc-stats-icon medium\" aria-hidden=\"true\"><svg aria-hidden=\"true\" focusable=\"false\" data-prefix=\"far\" data-icon=\"chart-bar\" role=\"img\" xmlns=\"http:\/\/www.w3.org\/2000\/svg\" viewBox=\"0 0 512 512\" class=\"svg-inline--fa fa-chart-bar fa-w-16 fa-2x\"><path fill=\"currentColor\" d=\"M396.8 352h22.4c6.4 0 12.8-6.4 12.8-12.8V108.8c0-6.4-6.4-12.8-12.8-12.8h-22.4c-6.4 0-12.8 6.4-12.8 12.8v230.4c0 6.4 6.4 12.8 12.8 12.8zm-192 0h22.4c6.4 0 12.8-6.4 12.8-12.8V140.8c0-6.4-6.4-12.8-12.8-12.8h-22.4c-6.4 0-12.8 6.4-12.8 12.8v198.4c0 6.4 6.4 12.8 12.8 12.8zm96 0h22.4c6.4 0 12.8-6.4 12.8-12.8V204.8c0-6.4-6.4-12.8-12.8-12.8h-22.4c-6.4 0-12.8 6.4-12.8 12.8v134.4c0 6.4 6.4 12.8 12.8 12.8zM496 400H48V80c0-8.84-7.16-16-16-16H16C7.16 64 0 71.16 0 80v336c0 17.67 14.33 32 32 32h464c8.84 0 16-7.16 16-16v-16c0-8.84-7.16-16-16-16zm-387.2-48h22.4c6.4 0 12.8-6.4 12.8-12.8v-70.4c0-6.4-6.4-12.8-12.8-12.8h-22.4c-6.4 0-12.8 6.4-12.8 12.8v70.4c0 6.4 6.4 12.8 12.8 12.8z\" class=\"\"><\/path><\/svg><\/i> <img loading=\"lazy\" decoding=\"async\" width=\"16\" height=\"16\" alt=\"Loading\" src=\"https:\/\/csavoly.hu\/wp\/wp-content\/plugins\/page-views-count\/ajax-loader-2x.gif\" border=0 \/><\/p><div class=\"pvc_clear\"><\/div>","protected":false},"excerpt":{"rendered":"<p>CS\u00c1VOLY K\u00d6ZS\u00c9GI \u00d6NKORM\u00c1NYZAT K\u00c9PVISEL\u0150-TEST\u00dcLETE Polg\u00e1rmester: Csala J\u00f3zsefn\u00e9 Tel.: +36 30\/530-75-07; e-mail: polgarmester@csavoly.hu Alpolg\u00e1rmester: Ber\u00e9nyi Attila Tel: +36 30\/549-20-87; e-mail: speedy1981@gmail.com K\u00e9pvisel\u0151k: Simity Ilona Erzs\u00e9bet Tel: +36 30\/664-22-76; e-mail: simityica@gmail.com Keller Tam\u00e1s Tel: +36 20\/294-01-00; e-mail: kellybit@gmail.com R\u00e1tvai Dezs\u0151 Tel: +36 70\/388-16-95; e-mail: ratvai.dezso@gmail.com R\u00e1tvain\u00e9 Zimmerer \u00c9va Tel: +36 70\/323-05-23; e-mail: eva.zimmerer70@gmail.com Vojnovics Gerda Tel: +36 &hellip; <a href=\"https:\/\/csavoly.hu\/wp\/?page_id=7023\" class=\"more-link\"><span class=\"screen-reader-text\">Test\u00fcleti szerv eset\u00e9n a test\u00fclet l\u00e9tsz\u00e1ma, \u00f6sszet\u00e9tele, tagjainak neve, beoszt\u00e1sa, el\u00e9rhet\u0151s\u00e9ge<\/span> b\u0151vebben&#8230; <span class=\"meta-nav\">&rarr;<\/span><\/a><\/p>\n<div class=\"pvc_clear\"><\/div>\n<p id=\"pvc_stats_7023\" class=\"pvc_stats all  \" data-element-id=\"7023\" style=\"\"><i class=\"pvc-stats-icon medium\" aria-hidden=\"true\"><svg aria-hidden=\"true\" focusable=\"false\" data-prefix=\"far\" data-icon=\"chart-bar\" role=\"img\" xmlns=\"http:\/\/www.w3.org\/2000\/svg\" viewBox=\"0 0 512 512\" class=\"svg-inline--fa fa-chart-bar fa-w-16 fa-2x\"><path fill=\"currentColor\" d=\"M396.8 352h22.4c6.4 0 12.8-6.4 12.8-12.8V108.8c0-6.4-6.4-12.8-12.8-12.8h-22.4c-6.4 0-12.8 6.4-12.8 12.8v230.4c0 6.4 6.4 12.8 12.8 12.8zm-192 0h22.4c6.4 0 12.8-6.4 12.8-12.8V140.8c0-6.4-6.4-12.8-12.8-12.8h-22.4c-6.4 0-12.8 6.4-12.8 12.8v198.4c0 6.4 6.4 12.8 12.8 12.8zm96 0h22.4c6.4 0 12.8-6.4 12.8-12.8V204.8c0-6.4-6.4-12.8-12.8-12.8h-22.4c-6.4 0-12.8 6.4-12.8 12.8v134.4c0 6.4 6.4 12.8 12.8 12.8zM496 400H48V80c0-8.84-7.16-16-16-16H16C7.16 64 0 71.16 0 80v336c0 17.67 14.33 32 32 32h464c8.84 0 16-7.16 16-16v-16c0-8.84-7.16-16-16-16zm-387.2-48h22.4c6.4 0 12.8-6.4 12.8-12.8v-70.4c0-6.4-6.4-12.8-12.8-12.8h-22.4c-6.4 0-12.8 6.4-12.8 12.8v70.4c0 6.4 6.4 12.8 12.8 12.8z\" class=\"\"><\/path><\/svg><\/i> <img loading=\"lazy\" decoding=\"async\" width=\"16\" height=\"16\" alt=\"Loading\" src=\"https:\/\/csavoly.hu\/wp\/wp-content\/plugins\/page-views-count\/ajax-loader-2x.gif\" border=0 \/><\/p>\n<div class=\"pvc_clear\"><\/div>\n","protected":false},"author":3,"featured_media":0,"parent":0,"menu_order":0,"comment_status":"closed","ping_status":"closed","template":"","meta":{"footnotes":""},"class_list":["post-7023","page","type-page","status-publish","hentry"],"_links":{"self":[{"href":"https:\/\/csavoly.hu\/wp\/index.php?rest_route=\/wp\/v2\/pages\/7023"}],"collection":[{"href":"https:\/\/csavoly.hu\/wp\/index.php?rest_route=\/wp\/v2\/pages"}],"about":[{"href":"https:\/\/csavoly.hu\/wp\/index.php?rest_route=\/wp\/v2\/types\/page"}],"author":[{"embeddable":true,"href":"https:\/\/csavoly.hu\/wp\/index.php?rest_route=\/wp\/v2\/users\/3"}],"replies":[{"embeddable":true,"href":"https:\/\/csavoly.hu\/wp\/index.php?rest_route=%2Fwp%2Fv2%2Fcomments&post=7023"}],"version-history":[{"count":3,"href":"https:\/\/csavoly.hu\/wp\/index.php?rest_route=\/wp\/v2\/pages\/7023\/revisions"}],"predecessor-version":[{"id":7192,"href":"https:\/\/csavoly.hu\/wp\/index.php?rest_route=\/wp\/v2\/pages\/7023\/revisions\/7192"}],"wp:attachment":[{"href":"https:\/\/csavoly.hu\/wp\/index.php?rest_route=%2Fwp%2Fv2%2Fmedia&parent=7023"}],"curies":[{"name":"wp","href":"https:\/\/api.w.org\/{rel}","templated":true}]}}