{"id":7031,"date":"2024-09-19T11:05:27","date_gmt":"2024-09-19T09:05:27","guid":{"rendered":"https:\/\/csavoly.hu\/wp\/?page_id=7031"},"modified":"2024-09-30T09:00:32","modified_gmt":"2024-09-30T07:00:32","slug":"felugyelt-szervek-adatai","status":"publish","type":"page","link":"https:\/\/csavoly.hu\/wp\/?page_id=7031","title":{"rendered":"A k\u00f6zfeladatot ell\u00e1t\u00f3 szerv \u00e1ltal alap\u00edtott k\u00f6lts\u00e9gvet\u00e9si szerv neve, sz\u00e9khelye, a k\u00f6lts\u00e9gvet\u00e9si szervet alap\u00edt\u00f3 jogszab\u00e1ly megjel\u00f6l\u00e9se, illetve az azt alap\u00edt\u00f3 hat\u00e1rozat, a k\u00f6lts\u00e9gvet\u00e9si szerv alap\u00edt\u00f3 okirata, vezet\u0151je, honlapj\u00e1nak el\u00e9rhet\u0151s\u00e9ge, m\u0171k\u00f6d\u00e9si enged\u00e9lye"},"content":{"rendered":"\n<p><\/p>\n\n\n\n<p><\/p>\n\n\n\n<p>Hivatalos n\u00e9v&nbsp;&nbsp;&nbsp;&nbsp;&nbsp;&nbsp;&nbsp;&nbsp;&nbsp;&nbsp;&nbsp;&nbsp;&nbsp; Cs\u00e1voly K\u00f6zs\u00e9gi \u00d6nkorm\u00e1nyzat<\/p>\n\n\n\n<p>Sz\u00e9khely&nbsp;&nbsp;&nbsp;&nbsp;&nbsp;&nbsp;&nbsp;&nbsp;&nbsp;&nbsp;&nbsp;&nbsp;&nbsp;&nbsp;&nbsp;&nbsp;&nbsp;&nbsp;&nbsp;&nbsp;&nbsp; 6448 Cs\u00e1voly, Arany J\u00e1nos utca 39.<\/p>\n\n\n\n<p>Postai c\u00edm&nbsp;&nbsp;&nbsp;&nbsp;&nbsp;&nbsp;&nbsp;&nbsp;&nbsp;&nbsp;&nbsp;&nbsp;&nbsp;&nbsp;&nbsp;&nbsp;&nbsp;&nbsp; 6448 Cs\u00e1voly, Arany J\u00e1nos utca 39.<\/p>\n\n\n\n<p>Telefonsz\u00e1m&nbsp;&nbsp;&nbsp;&nbsp;&nbsp;&nbsp;&nbsp;&nbsp;&nbsp;&nbsp;&nbsp;&nbsp;&nbsp;&nbsp;&nbsp; +36 79\/352-160<\/p>\n\n\n\n<p>Honlap&nbsp;&nbsp;&nbsp;&nbsp;&nbsp;&nbsp;&nbsp;&nbsp;&nbsp;&nbsp;&nbsp;&nbsp;&nbsp;&nbsp;&nbsp;&nbsp;&nbsp;&nbsp;&nbsp;&nbsp;&nbsp;&nbsp;&nbsp; <a href=\"https:\/\/csavoly.hu\/\">https:\/\/csavoly.hu\/<\/a><\/p>\n\n\n\n<p><a href=\"https:\/\/www.allamkincstar.gov.hu\/Koltsegvetes\/Torzskonyvi_nyilvantartas\/ktorzs?pirId=724353#datasheet\">https:\/\/www.allamkincstar.gov.hu\/Koltsegvetes\/Torzskonyvi_nyilvantartas\/ktorzs?pirId=724353#datasheet<\/a><\/p>\n\n\n\n<p><\/p>\n\n\n\n<p><\/p>\n\n\n\n<p>Hivatalos n\u00e9v&nbsp;&nbsp;&nbsp;&nbsp;&nbsp;&nbsp;&nbsp;&nbsp;&nbsp;&nbsp;&nbsp;&nbsp;&nbsp;&nbsp;&nbsp;&nbsp;&nbsp;&nbsp;&nbsp;&nbsp;&nbsp;&nbsp;&nbsp;&nbsp;&nbsp; Cs\u00e1volyi Napk\u00f6zi Otthonos \u00d3voda \u00e9s B\u00f6lcs\u0151de<\/p>\n\n\n\n<p>Sz\u00e9khely&nbsp;&nbsp;&nbsp;&nbsp;&nbsp;&nbsp;&nbsp;&nbsp;&nbsp;&nbsp;&nbsp;&nbsp;&nbsp;&nbsp;&nbsp;&nbsp;&nbsp;&nbsp;&nbsp;&nbsp;&nbsp;&nbsp;&nbsp;&nbsp;&nbsp;&nbsp;&nbsp;&nbsp;&nbsp;&nbsp;&nbsp;&nbsp;&nbsp; 6448 Cs\u00e1voly, Arany J\u00e1nos utca 23.<\/p>\n\n\n\n<p>Postai c\u00edm&nbsp;&nbsp;&nbsp;&nbsp;&nbsp;&nbsp;&nbsp;&nbsp;&nbsp;&nbsp;&nbsp;&nbsp;&nbsp;&nbsp;&nbsp;&nbsp;&nbsp;&nbsp;&nbsp;&nbsp;&nbsp;&nbsp;&nbsp;&nbsp;&nbsp;&nbsp;&nbsp;&nbsp;&nbsp;&nbsp; 6448 Cs\u00e1voly, Arany J\u00e1nos utca 23.<\/p>\n\n\n\n<p>Int\u00e9zm\u00e9nyvezet\u0151: &nbsp;&nbsp;&nbsp;&nbsp;&nbsp;&nbsp;&nbsp;&nbsp;&nbsp;&nbsp;&nbsp;&nbsp;&nbsp;&nbsp;&nbsp;&nbsp;&nbsp; N\u00e1nai Anik\u00f3<\/p>\n\n\n\n<p>Telefonsz\u00e1m&nbsp;&nbsp;&nbsp;&nbsp;&nbsp;&nbsp;&nbsp;&nbsp;&nbsp;&nbsp;&nbsp;&nbsp;&nbsp;&nbsp;&nbsp;&nbsp;&nbsp;&nbsp;&nbsp;&nbsp;&nbsp;&nbsp;&nbsp;&nbsp;&nbsp;&nbsp;&nbsp; +36 30\/877-85-18&nbsp;<\/p>\n\n\n\n<p>Elektronikus lev\u00e9lc\u00edme:&nbsp;&nbsp;&nbsp;&nbsp;&nbsp;&nbsp;&nbsp;&nbsp;&nbsp; csavolyovi@ gmail.com<\/p>\n\n\n\n<p><a href=\"https:\/\/www.allamkincstar.gov.hu\/Koltsegvetes\/Torzskonyvi_nyilvantartas\/ktorzs?pirId=814593&amp;subjectState=LIVE#localSearch\/resultTable\/datasheet\">https:\/\/www.allamkincstar.gov.hu\/Koltsegvetes\/Torzskonyvi_nyilvantartas\/ktorzs?pirId=814593&amp;subjectState=LIVE#localSearch\/resultTable\/datasheet<\/a><\/p>\n<div class=\"pvc_clear\"><\/div><p id=\"pvc_stats_7031\" class=\"pvc_stats all  \" data-element-id=\"7031\" style=\"\"><i class=\"pvc-stats-icon medium\" aria-hidden=\"true\"><svg aria-hidden=\"true\" focusable=\"false\" data-prefix=\"far\" data-icon=\"chart-bar\" role=\"img\" xmlns=\"http:\/\/www.w3.org\/2000\/svg\" viewBox=\"0 0 512 512\" class=\"svg-inline--fa fa-chart-bar fa-w-16 fa-2x\"><path fill=\"currentColor\" d=\"M396.8 352h22.4c6.4 0 12.8-6.4 12.8-12.8V108.8c0-6.4-6.4-12.8-12.8-12.8h-22.4c-6.4 0-12.8 6.4-12.8 12.8v230.4c0 6.4 6.4 12.8 12.8 12.8zm-192 0h22.4c6.4 0 12.8-6.4 12.8-12.8V140.8c0-6.4-6.4-12.8-12.8-12.8h-22.4c-6.4 0-12.8 6.4-12.8 12.8v198.4c0 6.4 6.4 12.8 12.8 12.8zm96 0h22.4c6.4 0 12.8-6.4 12.8-12.8V204.8c0-6.4-6.4-12.8-12.8-12.8h-22.4c-6.4 0-12.8 6.4-12.8 12.8v134.4c0 6.4 6.4 12.8 12.8 12.8zM496 400H48V80c0-8.84-7.16-16-16-16H16C7.16 64 0 71.16 0 80v336c0 17.67 14.33 32 32 32h464c8.84 0 16-7.16 16-16v-16c0-8.84-7.16-16-16-16zm-387.2-48h22.4c6.4 0 12.8-6.4 12.8-12.8v-70.4c0-6.4-6.4-12.8-12.8-12.8h-22.4c-6.4 0-12.8 6.4-12.8 12.8v70.4c0 6.4 6.4 12.8 12.8 12.8z\" class=\"\"><\/path><\/svg><\/i> <img loading=\"lazy\" decoding=\"async\" width=\"16\" height=\"16\" alt=\"Loading\" src=\"https:\/\/csavoly.hu\/wp\/wp-content\/plugins\/page-views-count\/ajax-loader-2x.gif\" border=0 \/><\/p><div class=\"pvc_clear\"><\/div>","protected":false},"excerpt":{"rendered":"<p>Hivatalos n\u00e9v&nbsp;&nbsp;&nbsp;&nbsp;&nbsp;&nbsp;&nbsp;&nbsp;&nbsp;&nbsp;&nbsp;&nbsp;&nbsp; Cs\u00e1voly K\u00f6zs\u00e9gi \u00d6nkorm\u00e1nyzat Sz\u00e9khely&nbsp;&nbsp;&nbsp;&nbsp;&nbsp;&nbsp;&nbsp;&nbsp;&nbsp;&nbsp;&nbsp;&nbsp;&nbsp;&nbsp;&nbsp;&nbsp;&nbsp;&nbsp;&nbsp;&nbsp;&nbsp; 6448 Cs\u00e1voly, Arany J\u00e1nos utca 39. Postai c\u00edm&nbsp;&nbsp;&nbsp;&nbsp;&nbsp;&nbsp;&nbsp;&nbsp;&nbsp;&nbsp;&nbsp;&nbsp;&nbsp;&nbsp;&nbsp;&nbsp;&nbsp;&nbsp; 6448 Cs\u00e1voly, Arany J\u00e1nos utca 39. Telefonsz\u00e1m&nbsp;&nbsp;&nbsp;&nbsp;&nbsp;&nbsp;&nbsp;&nbsp;&nbsp;&nbsp;&nbsp;&nbsp;&nbsp;&nbsp;&nbsp; +36 79\/352-160 Honlap&nbsp;&nbsp;&nbsp;&nbsp;&nbsp;&nbsp;&nbsp;&nbsp;&nbsp;&nbsp;&nbsp;&nbsp;&nbsp;&nbsp;&nbsp;&nbsp;&nbsp;&nbsp;&nbsp;&nbsp;&nbsp;&nbsp;&nbsp; https:\/\/csavoly.hu\/ https:\/\/www.allamkincstar.gov.hu\/Koltsegvetes\/Torzskonyvi_nyilvantartas\/ktorzs?pirId=724353#datasheet Hivatalos n\u00e9v&nbsp;&nbsp;&nbsp;&nbsp;&nbsp;&nbsp;&nbsp;&nbsp;&nbsp;&nbsp;&nbsp;&nbsp;&nbsp;&nbsp;&nbsp;&nbsp;&nbsp;&nbsp;&nbsp;&nbsp;&nbsp;&nbsp;&nbsp;&nbsp;&nbsp; Cs\u00e1volyi Napk\u00f6zi Otthonos \u00d3voda \u00e9s B\u00f6lcs\u0151de Sz\u00e9khely&nbsp;&nbsp;&nbsp;&nbsp;&nbsp;&nbsp;&nbsp;&nbsp;&nbsp;&nbsp;&nbsp;&nbsp;&nbsp;&nbsp;&nbsp;&nbsp;&nbsp;&nbsp;&nbsp;&nbsp;&nbsp;&nbsp;&nbsp;&nbsp;&nbsp;&nbsp;&nbsp;&nbsp;&nbsp;&nbsp;&nbsp;&nbsp;&nbsp; 6448 Cs\u00e1voly, Arany J\u00e1nos utca 23. Postai c\u00edm&nbsp;&nbsp;&nbsp;&nbsp;&nbsp;&nbsp;&nbsp;&nbsp;&nbsp;&nbsp;&nbsp;&nbsp;&nbsp;&nbsp;&nbsp;&nbsp;&nbsp;&nbsp;&nbsp;&nbsp;&nbsp;&nbsp;&nbsp;&nbsp;&nbsp;&nbsp;&nbsp;&nbsp;&nbsp;&nbsp; 6448 Cs\u00e1voly, Arany J\u00e1nos utca 23. Int\u00e9zm\u00e9nyvezet\u0151: &nbsp;&nbsp;&nbsp;&nbsp;&nbsp;&nbsp;&nbsp;&nbsp;&nbsp;&nbsp;&nbsp;&nbsp;&nbsp;&nbsp;&nbsp;&nbsp;&nbsp; N\u00e1nai Anik\u00f3 Telefonsz\u00e1m&nbsp;&nbsp;&nbsp;&nbsp;&nbsp;&nbsp;&nbsp;&nbsp;&nbsp;&nbsp;&nbsp;&nbsp;&nbsp;&nbsp;&nbsp;&nbsp;&nbsp;&nbsp;&nbsp;&nbsp;&nbsp;&nbsp;&nbsp;&nbsp;&nbsp;&nbsp;&nbsp; +36 &hellip; <a href=\"https:\/\/csavoly.hu\/wp\/?page_id=7031\" class=\"more-link\"><span class=\"screen-reader-text\">A k\u00f6zfeladatot ell\u00e1t\u00f3 szerv \u00e1ltal alap\u00edtott k\u00f6lts\u00e9gvet\u00e9si szerv neve, sz\u00e9khelye, a k\u00f6lts\u00e9gvet\u00e9si szervet alap\u00edt\u00f3 jogszab\u00e1ly megjel\u00f6l\u00e9se, illetve az azt alap\u00edt\u00f3 hat\u00e1rozat, a k\u00f6lts\u00e9gvet\u00e9si szerv alap\u00edt\u00f3 okirata, vezet\u0151je, honlapj\u00e1nak el\u00e9rhet\u0151s\u00e9ge, m\u0171k\u00f6d\u00e9si enged\u00e9lye<\/span> b\u0151vebben&#8230; <span class=\"meta-nav\">&rarr;<\/span><\/a><\/p>\n<div class=\"pvc_clear\"><\/div>\n<p id=\"pvc_stats_7031\" class=\"pvc_stats all  \" data-element-id=\"7031\" style=\"\"><i class=\"pvc-stats-icon medium\" aria-hidden=\"true\"><svg aria-hidden=\"true\" focusable=\"false\" data-prefix=\"far\" data-icon=\"chart-bar\" role=\"img\" xmlns=\"http:\/\/www.w3.org\/2000\/svg\" viewBox=\"0 0 512 512\" class=\"svg-inline--fa fa-chart-bar fa-w-16 fa-2x\"><path fill=\"currentColor\" d=\"M396.8 352h22.4c6.4 0 12.8-6.4 12.8-12.8V108.8c0-6.4-6.4-12.8-12.8-12.8h-22.4c-6.4 0-12.8 6.4-12.8 12.8v230.4c0 6.4 6.4 12.8 12.8 12.8zm-192 0h22.4c6.4 0 12.8-6.4 12.8-12.8V140.8c0-6.4-6.4-12.8-12.8-12.8h-22.4c-6.4 0-12.8 6.4-12.8 12.8v198.4c0 6.4 6.4 12.8 12.8 12.8zm96 0h22.4c6.4 0 12.8-6.4 12.8-12.8V204.8c0-6.4-6.4-12.8-12.8-12.8h-22.4c-6.4 0-12.8 6.4-12.8 12.8v134.4c0 6.4 6.4 12.8 12.8 12.8zM496 400H48V80c0-8.84-7.16-16-16-16H16C7.16 64 0 71.16 0 80v336c0 17.67 14.33 32 32 32h464c8.84 0 16-7.16 16-16v-16c0-8.84-7.16-16-16-16zm-387.2-48h22.4c6.4 0 12.8-6.4 12.8-12.8v-70.4c0-6.4-6.4-12.8-12.8-12.8h-22.4c-6.4 0-12.8 6.4-12.8 12.8v70.4c0 6.4 6.4 12.8 12.8 12.8z\" class=\"\"><\/path><\/svg><\/i> <img loading=\"lazy\" decoding=\"async\" width=\"16\" height=\"16\" alt=\"Loading\" src=\"https:\/\/csavoly.hu\/wp\/wp-content\/plugins\/page-views-count\/ajax-loader-2x.gif\" border=0 \/><\/p>\n<div class=\"pvc_clear\"><\/div>\n","protected":false},"author":3,"featured_media":0,"parent":0,"menu_order":0,"comment_status":"closed","ping_status":"closed","template":"","meta":{"footnotes":""},"class_list":["post-7031","page","type-page","status-publish","hentry"],"_links":{"self":[{"href":"https:\/\/csavoly.hu\/wp\/index.php?rest_route=\/wp\/v2\/pages\/7031"}],"collection":[{"href":"https:\/\/csavoly.hu\/wp\/index.php?rest_route=\/wp\/v2\/pages"}],"about":[{"href":"https:\/\/csavoly.hu\/wp\/index.php?rest_route=\/wp\/v2\/types\/page"}],"author":[{"embeddable":true,"href":"https:\/\/csavoly.hu\/wp\/index.php?rest_route=\/wp\/v2\/users\/3"}],"replies":[{"embeddable":true,"href":"https:\/\/csavoly.hu\/wp\/index.php?rest_route=%2Fwp%2Fv2%2Fcomments&post=7031"}],"version-history":[{"count":4,"href":"https:\/\/csavoly.hu\/wp\/index.php?rest_route=\/wp\/v2\/pages\/7031\/revisions"}],"predecessor-version":[{"id":7199,"href":"https:\/\/csavoly.hu\/wp\/index.php?rest_route=\/wp\/v2\/pages\/7031\/revisions\/7199"}],"wp:attachment":[{"href":"https:\/\/csavoly.hu\/wp\/index.php?rest_route=%2Fwp%2Fv2%2Fmedia&parent=7031"}],"curies":[{"name":"wp","href":"https:\/\/api.w.org\/{rel}","templated":true}]}}