{"id":7035,"date":"2024-09-19T11:06:18","date_gmt":"2024-09-19T09:06:18","guid":{"rendered":"https:\/\/csavoly.hu\/wp\/?page_id=7035"},"modified":"2024-09-30T09:06:40","modified_gmt":"2024-09-30T07:06:40","slug":"onkormanyzati-lapok-adatai","status":"publish","type":"page","link":"https:\/\/csavoly.hu\/wp\/?page_id=7035","title":{"rendered":"A k\u00f6zfeladatot ell\u00e1t\u00f3 szerv felettes, illetve fel\u00fcgyeleti szerv\u00e9nek, hat\u00f3s\u00e1gi d\u00f6nt\u00e9sei tekintet\u00e9ben a fellebbez\u00e9s elb\u00edr\u00e1l\u00e1s\u00e1ra jogosult szervnek, ennek hi\u00e1ny\u00e1ban a k\u00f6zfeladatot ell\u00e1t\u00f3 szerv felett t\u00f6rv\u00e9nyess\u00e9gi ellen\u0151rz\u00e9st gyakorl\u00f3 szervnek az 1. pontban meghat\u00e1rozott adatai:"},"content":{"rendered":"\n<p><\/p>\n\n\n\n<p>&nbsp;B\u00e1cs-Kiskun V\u00e1rmegyei Korm\u00e1nyhivatal<\/p>\n\n\n\n<p>C\u00edm:&nbsp;6000 Kecskem\u00e9t, De\u00e1k Ferenc t\u00e9r 3.<\/p>\n\n\n\n<p>Levelez\u00e9si c\u00edm:&nbsp;6001 Kecskem\u00e9t, Pf. 226.<\/p>\n\n\n\n<p>E-mail c\u00edm:&nbsp;<a href=\"mailto:hivatal@bacs.gov.hu\">hivatal@bacs.gov.hu<\/a><\/p>\n\n\n\n<p>Honlapja:&nbsp;<a href=\"https:\/\/www.kormanyhivatal.hu\/hu\/bacs-kiskun\">https:\/\/www.kormanyhivatal.hu\/hu\/bacs-kiskun<\/a><\/p>\n\n\n\n<p>Telefon:&nbsp;+36 76\/513-713<\/p>\n\n\n\n<p>\u00dcgyf\u00e9lfogad\u00e1s:<\/p>\n\n\n\n<p><strong>h\u00e9tf\u0151 &#8211; cs\u00fct\u00f6rt\u00f6k:&nbsp;<\/strong>7:30-16:00<\/p>\n\n\n\n<p><strong>p\u00e9ntek:&nbsp;<\/strong>8:00-14:00<\/p>\n<div class=\"pvc_clear\"><\/div><p id=\"pvc_stats_7035\" class=\"pvc_stats all  \" data-element-id=\"7035\" style=\"\"><i class=\"pvc-stats-icon medium\" aria-hidden=\"true\"><svg aria-hidden=\"true\" focusable=\"false\" data-prefix=\"far\" data-icon=\"chart-bar\" role=\"img\" xmlns=\"http:\/\/www.w3.org\/2000\/svg\" viewBox=\"0 0 512 512\" class=\"svg-inline--fa fa-chart-bar fa-w-16 fa-2x\"><path fill=\"currentColor\" d=\"M396.8 352h22.4c6.4 0 12.8-6.4 12.8-12.8V108.8c0-6.4-6.4-12.8-12.8-12.8h-22.4c-6.4 0-12.8 6.4-12.8 12.8v230.4c0 6.4 6.4 12.8 12.8 12.8zm-192 0h22.4c6.4 0 12.8-6.4 12.8-12.8V140.8c0-6.4-6.4-12.8-12.8-12.8h-22.4c-6.4 0-12.8 6.4-12.8 12.8v198.4c0 6.4 6.4 12.8 12.8 12.8zm96 0h22.4c6.4 0 12.8-6.4 12.8-12.8V204.8c0-6.4-6.4-12.8-12.8-12.8h-22.4c-6.4 0-12.8 6.4-12.8 12.8v134.4c0 6.4 6.4 12.8 12.8 12.8zM496 400H48V80c0-8.84-7.16-16-16-16H16C7.16 64 0 71.16 0 80v336c0 17.67 14.33 32 32 32h464c8.84 0 16-7.16 16-16v-16c0-8.84-7.16-16-16-16zm-387.2-48h22.4c6.4 0 12.8-6.4 12.8-12.8v-70.4c0-6.4-6.4-12.8-12.8-12.8h-22.4c-6.4 0-12.8 6.4-12.8 12.8v70.4c0 6.4 6.4 12.8 12.8 12.8z\" class=\"\"><\/path><\/svg><\/i> <img loading=\"lazy\" decoding=\"async\" width=\"16\" height=\"16\" alt=\"Loading\" src=\"https:\/\/csavoly.hu\/wp\/wp-content\/plugins\/page-views-count\/ajax-loader-2x.gif\" border=0 \/><\/p><div class=\"pvc_clear\"><\/div>","protected":false},"excerpt":{"rendered":"<p>&nbsp;B\u00e1cs-Kiskun V\u00e1rmegyei Korm\u00e1nyhivatal C\u00edm:&nbsp;6000 Kecskem\u00e9t, De\u00e1k Ferenc t\u00e9r 3. Levelez\u00e9si c\u00edm:&nbsp;6001 Kecskem\u00e9t, Pf. 226. E-mail c\u00edm:&nbsp;hivatal@bacs.gov.hu Honlapja:&nbsp;https:\/\/www.kormanyhivatal.hu\/hu\/bacs-kiskun Telefon:&nbsp;+36 76\/513-713 \u00dcgyf\u00e9lfogad\u00e1s: h\u00e9tf\u0151 &#8211; cs\u00fct\u00f6rt\u00f6k:&nbsp;7:30-16:00 p\u00e9ntek:&nbsp;8:00-14:00<\/p>\n<div class=\"pvc_clear\"><\/div>\n<p id=\"pvc_stats_7035\" class=\"pvc_stats all  \" data-element-id=\"7035\" style=\"\"><i class=\"pvc-stats-icon medium\" aria-hidden=\"true\"><svg aria-hidden=\"true\" focusable=\"false\" data-prefix=\"far\" data-icon=\"chart-bar\" role=\"img\" xmlns=\"http:\/\/www.w3.org\/2000\/svg\" viewBox=\"0 0 512 512\" class=\"svg-inline--fa fa-chart-bar fa-w-16 fa-2x\"><path fill=\"currentColor\" d=\"M396.8 352h22.4c6.4 0 12.8-6.4 12.8-12.8V108.8c0-6.4-6.4-12.8-12.8-12.8h-22.4c-6.4 0-12.8 6.4-12.8 12.8v230.4c0 6.4 6.4 12.8 12.8 12.8zm-192 0h22.4c6.4 0 12.8-6.4 12.8-12.8V140.8c0-6.4-6.4-12.8-12.8-12.8h-22.4c-6.4 0-12.8 6.4-12.8 12.8v198.4c0 6.4 6.4 12.8 12.8 12.8zm96 0h22.4c6.4 0 12.8-6.4 12.8-12.8V204.8c0-6.4-6.4-12.8-12.8-12.8h-22.4c-6.4 0-12.8 6.4-12.8 12.8v134.4c0 6.4 6.4 12.8 12.8 12.8zM496 400H48V80c0-8.84-7.16-16-16-16H16C7.16 64 0 71.16 0 80v336c0 17.67 14.33 32 32 32h464c8.84 0 16-7.16 16-16v-16c0-8.84-7.16-16-16-16zm-387.2-48h22.4c6.4 0 12.8-6.4 12.8-12.8v-70.4c0-6.4-6.4-12.8-12.8-12.8h-22.4c-6.4 0-12.8 6.4-12.8 12.8v70.4c0 6.4 6.4 12.8 12.8 12.8z\" class=\"\"><\/path><\/svg><\/i> <img loading=\"lazy\" decoding=\"async\" width=\"16\" height=\"16\" alt=\"Loading\" src=\"https:\/\/csavoly.hu\/wp\/wp-content\/plugins\/page-views-count\/ajax-loader-2x.gif\" border=0 \/><\/p>\n<div class=\"pvc_clear\"><\/div>\n","protected":false},"author":3,"featured_media":0,"parent":0,"menu_order":0,"comment_status":"closed","ping_status":"closed","template":"","meta":{"footnotes":""},"class_list":["post-7035","page","type-page","status-publish","hentry"],"_links":{"self":[{"href":"https:\/\/csavoly.hu\/wp\/index.php?rest_route=\/wp\/v2\/pages\/7035"}],"collection":[{"href":"https:\/\/csavoly.hu\/wp\/index.php?rest_route=\/wp\/v2\/pages"}],"about":[{"href":"https:\/\/csavoly.hu\/wp\/index.php?rest_route=\/wp\/v2\/types\/page"}],"author":[{"embeddable":true,"href":"https:\/\/csavoly.hu\/wp\/index.php?rest_route=\/wp\/v2\/users\/3"}],"replies":[{"embeddable":true,"href":"https:\/\/csavoly.hu\/wp\/index.php?rest_route=%2Fwp%2Fv2%2Fcomments&post=7035"}],"version-history":[{"count":2,"href":"https:\/\/csavoly.hu\/wp\/index.php?rest_route=\/wp\/v2\/pages\/7035\/revisions"}],"predecessor-version":[{"id":7202,"href":"https:\/\/csavoly.hu\/wp\/index.php?rest_route=\/wp\/v2\/pages\/7035\/revisions\/7202"}],"wp:attachment":[{"href":"https:\/\/csavoly.hu\/wp\/index.php?rest_route=%2Fwp%2Fv2%2Fmedia&parent=7035"}],"curies":[{"name":"wp","href":"https:\/\/api.w.org\/{rel}","templated":true}]}}