{"id":7048,"date":"2024-09-19T11:18:32","date_gmt":"2024-09-19T09:18:32","guid":{"rendered":"https:\/\/csavoly.hu\/wp\/?page_id=7048"},"modified":"2024-09-30T10:23:46","modified_gmt":"2024-09-30T08:23:46","slug":"az-onkormanyzati-mukodes-alapveto-jogszabalyai-alaptorveny-motv-szmsz-ugyrend-adatvedelmi-szabalyzat-kozzetetel-es-adatigenyles-eljarasrendje","status":"publish","type":"page","link":"https:\/\/csavoly.hu\/wp\/?page_id=7048","title":{"rendered":"A k\u00f6zfeladatot ell\u00e1t\u00f3 szerv feladat\u00e1t, hat\u00e1sk\u00f6r\u00e9t \u00e9s alaptev\u00e9kenys\u00e9g\u00e9t meghat\u00e1roz\u00f3, a szervre vonatkoz\u00f3 alapvet\u0151 jogszab\u00e1lyok, k\u00f6zjogi szervezetszab\u00e1lyoz\u00f3 eszk\u00f6z\u00f6k, valamint a szervezeti \u00e9s m\u0171k\u00f6d\u00e9si szab\u00e1lyzat vagy \u00fcgyrend, az adatv\u00e9delmi \u00e9s adatbiztons\u00e1gi szab\u00e1lyzat hat\u00e1lyos \u00e9s teljes sz\u00f6vege"},"content":{"rendered":"\n<p><\/p>\n\n\n\n<p><strong>1.1. &nbsp;K\u00f6zfeladatot ell\u00e1t\u00f3 szerv feladat\u00e1t, hat\u00e1sk\u00f6r\u00e9t, \u00e9s alaptev\u00e9kenys\u00e9g\u00e9t meghat\u00e1roz\u00f3 a szervre vonatkoz\u00f3 alapvet\u0151 jogszab\u00e1lyok, \u00e1llami ir\u00e1ny\u00edt\u00e1s egy\u00e9b jogi eszk\u00f6zei:<\/strong><\/p>\n\n\n\n<p>Magyarorsz\u00e1g Alapt\u00f6rv\u00e9nye<\/p>\n\n\n\n<p>2011. \u00e9vi CLXXXIX. t\u00f6rv\u00e9ny Magyarorsz\u00e1g helyi \u00f6nkorm\u00e1nyzatair\u00f3l<\/p>\n\n\n\n<p>2013. \u00e9vi V. t\u00f6rv\u00e9ny a Polg\u00e1ri T\u00f6rv\u00e9nyk\u00f6nyvr\u0151l<\/p>\n\n\n\n<p>2004. \u00e9vi CXL. t\u00f6rv\u00e9ny a k\u00f6zigazgat\u00e1si hat\u00f3s\u00e1gi elj\u00e1r\u00e1s \u00e9s szolg\u00e1ltat\u00e1s \u00e1ltal\u00e1nos szab\u00e1lyair\u00f3l<\/p>\n\n\n\n<p>2011. \u00e9vi CXCIX. t\u00f6rv\u00e9ny a k\u00f6zszolg\u00e1lati tisztvisel\u0151kr\u0151l<\/p>\n\n\n\n<p>1992. \u00e9vi XXXIII. t\u00f6rv\u00e9ny a k\u00f6zalkalmazottak jog\u00e1ll\u00e1s\u00e1r\u00f3l<\/p>\n\n\n\n<p>2012. \u00e9vi I. t\u00f6rv\u00e9ny a munka t\u00f6rv\u00e9nyk\u00f6nyv\u00e9r\u0151l<\/p>\n\n\n\n<p>2000. \u00e9vi C. t\u00f6rv\u00e9ny a sz\u00e1mvitelr\u0151l<\/p>\n\n\n\n<p>2010. \u00e9vi CXXX. t\u00f6rv\u00e9ny a jogalkot\u00e1sr\u00f3l<\/p>\n\n\n\n<p>2015. \u00e9vi CXLIII. t\u00f6rv\u00e9ny a k\u00f6zbeszerz\u00e9sekr\u0151l<\/p>\n\n\n\n<p>2011. \u00e9vi CXCIV. t\u00f6rv\u00e9ny Magyarorsz\u00e1g gazdas\u00e1gi stabilit\u00e1s\u00e1r\u00f3l<\/p>\n\n\n\n<p>2011. \u00e9vi CXCV. t\u00f6rv\u00e9ny az \u00e1llamh\u00e1ztart\u00e1sr\u00f3l<\/p>\n\n\n\n<p>2011. \u00e9vi CXCVI. t\u00f6rv\u00e9ny a nemzeti vagyonr\u00f3l<\/p>\n\n\n\n<p>2003. \u00e9vi XCII. t\u00f6rv\u00e9ny az ad\u00f3z\u00e1s rendj\u00e9r\u0151l<\/p>\n\n\n\n<p>1990. \u00e9vi C. t\u00f6rv\u00e9ny a helyi ad\u00f3kr\u00f3l<\/p>\n\n\n\n<p>2011. \u00e9vi CXII. t\u00f6rv\u00e9ny az inform\u00e1ci\u00f3s \u00f6nrendelkez\u00e9si jogr\u00f3l \u00e9s az inform\u00e1ci\u00f3szabads\u00e1gr\u00f3l<\/p>\n\n\n\n<p>Magyarorsz\u00e1g t\u00e1rgy\u00e9vi k\u00f6zponti k\u00f6lts\u00e9gvet\u00e9s\u00e9r\u0151l sz\u00f3l\u00f3 t\u00f6rv\u00e9ny<\/p>\n\n\n\n<p>Cs\u00e1voly K\u00f6zs\u00e9gi \u00d6nkorm\u00e1nyzat K\u00e9pvisel\u0151-test\u00fclet\u00e9nek t\u00e1rgy\u00e9vi \u00f6nkorm\u00e1nyzati rendelete az \u00f6nkorm\u00e1nyzat \u00e9vi k\u00f6lts\u00e9gvet\u00e9s\u00e9r\u0151l<\/p>\n\n\n\n<p><a href=\"https:\/\/or.njt.hu\/eli\/724353\/r\/2024\/1\/2024-03-03\">https:\/\/or.njt.hu\/eli\/724353\/r\/2024\/1\/2024-03-03<\/a><\/p>\n\n\n\n<p>Cs\u00e1voly K\u00f6zs\u00e9gi \u00d6nkorm\u00e1nyzat K\u00e9pvisel\u0151-test\u00fclet\u00e9nek a helyi ad\u00f3kr\u00f3l sz\u00f3l\u00f3 <strong>5\/2018 (II.26.)<\/strong><\/p>\n\n\n\n<p>\u00f6nkorm\u00e1nyzati rendelete<\/p>\n\n\n\n<p><a href=\"https:\/\/or.njt.hu\/eli\/724353\/r\/2018\/5\">https:\/\/or.njt.hu\/eli\/724353\/r\/2018\/5<\/a><\/p>\n\n\n\n<p>Cs\u00e1voly K\u00f6zs\u00e9gi \u00d6nkorm\u00e1nyzat K\u00e9pvisel\u0151-test\u00fclet\u00e9nek <strong>a K\u00e9pvisel\u0151-test\u00fclet Szervezeti \u00e9s M\u0171k\u00f6d\u00e9si Szab\u00e1lyzat\u00e1r\u00f3l <\/strong>sz\u00f3l\u00f3 <strong>10\/2019 (XII.19..) <\/strong>\u00f6nkorm\u00e1nyzati rendelete<\/p>\n\n\n\n<p><a href=\"https:\/\/or.njt.hu\/eli\/724353\/r\/2019\/10\">https:\/\/or.njt.hu\/eli\/724353\/r\/2019\/10<\/a><\/p>\n\n\n\n<p><strong>Fels\u0151szentiv\u00e1ni K\u00f6z\u00f6s \u00d6nkorm\u00e1nyzati Hivatal Szervezeti \u00e9s M\u0171k\u00f6d\u00e9si Szab\u00e1lyzat\u00e1r\u00f3l sz\u00f3l\u00f3 4\/2020.(II.24.) jegyz\u0151i utas\u00edt\u00e1s<\/strong><\/p>\n\n\n\n<p><strong>Fels\u0151szentiv\u00e1ni K\u00f6z\u00f6s \u00d6nkorm\u00e1nyzati Hivatal egys\u00e9ges k\u00f6zszolg\u00e1lati szab\u00e1lyzat\u00e1r\u00f3l sz\u00f3l\u00f3 3\/2019.(V.29.) jegyz\u0151i utas\u00edt\u00e1s<\/strong><\/p>\n\n\n\n<div data-wp-interactive=\"core\/file\" class=\"wp-block-file\"><object data-wp-bind--hidden=\"!state.hasPdfPreview\"  class=\"wp-block-file__embed\" data=\"https:\/\/csavoly.hu\/wp\/wp-content\/uploads\/2024\/09\/3-2019.V.29._EKSZ_2020.11.11-tol-osszefuzott-kesz.pdf\" type=\"application\/pdf\" style=\"width:100%;height:600px\" aria-label=\"3-2019.(V.29.)_EKSZ_2020.11.11-t\u0151l \u00f6sszef\u0171z\u00f6tt  be\u00e1gyaz\u00e1sa\"><\/object><a id=\"wp-block-file--media-20624cef-0756-4ac8-a0f9-9ab75ae0dfcf\" href=\"https:\/\/csavoly.hu\/wp\/wp-content\/uploads\/2024\/09\/3-2019.V.29._EKSZ_2020.11.11-tol-osszefuzott-kesz.pdf\">3-2019.(V.29.)_EKSZ_2020.11.11-t\u0151l \u00f6sszef\u0171z\u00f6tt <\/a><a href=\"https:\/\/csavoly.hu\/wp\/wp-content\/uploads\/2024\/09\/3-2019.V.29._EKSZ_2020.11.11-tol-osszefuzott-kesz.pdf\" class=\"wp-block-file__button wp-element-button\" download aria-describedby=\"wp-block-file--media-20624cef-0756-4ac8-a0f9-9ab75ae0dfcf\">Let\u00f6lt\u00e9s<\/a><\/div>\n\n\n\n<p><\/p>\n\n\n\n<p>A hivatal tev\u00e9kenys\u00e9g\u00e9t meghat\u00e1roz\u00f3 jogszab\u00e1lyok a fentieken t\u00fal: a mindenkor hat\u00e1lyos \u00e1gazati jogszab\u00e1lyok \u00e9s \u00f6nkorm\u00e1nyzati rendeletek.<\/p>\n\n\n\n<p><strong><br>1.2.&nbsp;<\/strong>Cs\u00e1voly K\u00f6zs\u00e9gi \u00d6nkorm\u00e1nyzat K\u00e9pvisel\u0151-test\u00fclet\u00e9nek <strong>a K\u00e9pvisel\u0151-test\u00fclet Szervezeti \u00e9s M\u0171k\u00f6d\u00e9si Szab\u00e1lyzat\u00e1r\u00f3l <\/strong>sz\u00f3l\u00f3 <strong>10\/2019 (XII.19..) <\/strong>\u00f6nkorm\u00e1nyzati rendelete<\/p>\n\n\n\n<p><a href=\"https:\/\/or.njt.hu\/eli\/724353\/r\/2019\/10\">https:\/\/or.njt.hu\/eli\/724353\/r\/2019\/10<\/a><\/p>\n\n\n\n<p>A k\u00f6z\u00e9rdek\u0171 adatoknak \u00e9s a k\u00f6z\u00e9rdekb\u0151l nyilv\u00e1nos adatoknak az \u00f6nkorm\u00e1nyzat honlapj\u00e1n t\u00f6rt\u00e9n\u0151 k\u00f6zz\u00e9t\u00e9tel\u00e9r\u0151l, a k\u00f6z\u00e9rdek\u0171 adatok megismer\u00e9s\u00e9re ir\u00e1nyul\u00f3 ig\u00e9nyek teljes\u00edt\u00e9si rendj\u00e9nek szab\u00e1lyair\u00f3l, valamint az egy\u00e9b k\u00f6zz\u00e9t\u00e9teli m\u00f3dokr\u00f3l sz\u00f3l\u00f3 1\/2021. polg\u00e1rmesteri-jegyz\u0151i utas\u00edt\u00e1s<\/p>\n\n\n\n<div data-wp-interactive=\"core\/file\" class=\"wp-block-file\"><object data-wp-bind--hidden=\"!state.hasPdfPreview\"  class=\"wp-block-file__embed\" data=\"https:\/\/csavoly.hu\/wp\/wp-content\/uploads\/2024\/09\/Kozerdeku-adatok-szabalyzat-kesz.pdf\" type=\"application\/pdf\" style=\"width:100%;height:600px\" aria-label=\"K\u00f6z\u00e9rdek\u0171 adatok szab\u00e1lyzat  be\u00e1gyaz\u00e1sa\"><\/object><a id=\"wp-block-file--media-99f04b87-2cfc-461e-adff-b6907e65ac48\" href=\"https:\/\/csavoly.hu\/wp\/wp-content\/uploads\/2024\/09\/Kozerdeku-adatok-szabalyzat-kesz.pdf\">K\u00f6z\u00e9rdek\u0171 adatok szab\u00e1lyzat <\/a><a href=\"https:\/\/csavoly.hu\/wp\/wp-content\/uploads\/2024\/09\/Kozerdeku-adatok-szabalyzat-kesz.pdf\" class=\"wp-block-file__button wp-element-button\" download aria-describedby=\"wp-block-file--media-99f04b87-2cfc-461e-adff-b6907e65ac48\">Let\u00f6lt\u00e9s<\/a><\/div>\n<div class=\"pvc_clear\"><\/div><p id=\"pvc_stats_7048\" class=\"pvc_stats all  \" data-element-id=\"7048\" style=\"\"><i class=\"pvc-stats-icon medium\" aria-hidden=\"true\"><svg aria-hidden=\"true\" focusable=\"false\" data-prefix=\"far\" data-icon=\"chart-bar\" role=\"img\" xmlns=\"http:\/\/www.w3.org\/2000\/svg\" viewBox=\"0 0 512 512\" class=\"svg-inline--fa fa-chart-bar fa-w-16 fa-2x\"><path fill=\"currentColor\" d=\"M396.8 352h22.4c6.4 0 12.8-6.4 12.8-12.8V108.8c0-6.4-6.4-12.8-12.8-12.8h-22.4c-6.4 0-12.8 6.4-12.8 12.8v230.4c0 6.4 6.4 12.8 12.8 12.8zm-192 0h22.4c6.4 0 12.8-6.4 12.8-12.8V140.8c0-6.4-6.4-12.8-12.8-12.8h-22.4c-6.4 0-12.8 6.4-12.8 12.8v198.4c0 6.4 6.4 12.8 12.8 12.8zm96 0h22.4c6.4 0 12.8-6.4 12.8-12.8V204.8c0-6.4-6.4-12.8-12.8-12.8h-22.4c-6.4 0-12.8 6.4-12.8 12.8v134.4c0 6.4 6.4 12.8 12.8 12.8zM496 400H48V80c0-8.84-7.16-16-16-16H16C7.16 64 0 71.16 0 80v336c0 17.67 14.33 32 32 32h464c8.84 0 16-7.16 16-16v-16c0-8.84-7.16-16-16-16zm-387.2-48h22.4c6.4 0 12.8-6.4 12.8-12.8v-70.4c0-6.4-6.4-12.8-12.8-12.8h-22.4c-6.4 0-12.8 6.4-12.8 12.8v70.4c0 6.4 6.4 12.8 12.8 12.8z\" class=\"\"><\/path><\/svg><\/i> <img loading=\"lazy\" decoding=\"async\" width=\"16\" height=\"16\" alt=\"Loading\" src=\"https:\/\/csavoly.hu\/wp\/wp-content\/plugins\/page-views-count\/ajax-loader-2x.gif\" border=0 \/><\/p><div class=\"pvc_clear\"><\/div>","protected":false},"excerpt":{"rendered":"<p>1.1. &nbsp;K\u00f6zfeladatot ell\u00e1t\u00f3 szerv feladat\u00e1t, hat\u00e1sk\u00f6r\u00e9t, \u00e9s alaptev\u00e9kenys\u00e9g\u00e9t meghat\u00e1roz\u00f3 a szervre vonatkoz\u00f3 alapvet\u0151 jogszab\u00e1lyok, \u00e1llami ir\u00e1ny\u00edt\u00e1s egy\u00e9b jogi eszk\u00f6zei: Magyarorsz\u00e1g Alapt\u00f6rv\u00e9nye 2011. \u00e9vi CLXXXIX. t\u00f6rv\u00e9ny Magyarorsz\u00e1g helyi \u00f6nkorm\u00e1nyzatair\u00f3l 2013. \u00e9vi V. t\u00f6rv\u00e9ny a Polg\u00e1ri T\u00f6rv\u00e9nyk\u00f6nyvr\u0151l 2004. \u00e9vi CXL. t\u00f6rv\u00e9ny a k\u00f6zigazgat\u00e1si hat\u00f3s\u00e1gi elj\u00e1r\u00e1s \u00e9s szolg\u00e1ltat\u00e1s \u00e1ltal\u00e1nos szab\u00e1lyair\u00f3l 2011. \u00e9vi CXCIX. t\u00f6rv\u00e9ny a k\u00f6zszolg\u00e1lati tisztvisel\u0151kr\u0151l 1992. &hellip; <a href=\"https:\/\/csavoly.hu\/wp\/?page_id=7048\" class=\"more-link\"><span class=\"screen-reader-text\">A k\u00f6zfeladatot ell\u00e1t\u00f3 szerv feladat\u00e1t, hat\u00e1sk\u00f6r\u00e9t \u00e9s alaptev\u00e9kenys\u00e9g\u00e9t meghat\u00e1roz\u00f3, a szervre vonatkoz\u00f3 alapvet\u0151 jogszab\u00e1lyok, k\u00f6zjogi szervezetszab\u00e1lyoz\u00f3 eszk\u00f6z\u00f6k, valamint a szervezeti \u00e9s m\u0171k\u00f6d\u00e9si szab\u00e1lyzat vagy \u00fcgyrend, az adatv\u00e9delmi \u00e9s adatbiztons\u00e1gi szab\u00e1lyzat hat\u00e1lyos \u00e9s teljes sz\u00f6vege<\/span> b\u0151vebben&#8230; <span class=\"meta-nav\">&rarr;<\/span><\/a><\/p>\n<div class=\"pvc_clear\"><\/div>\n<p id=\"pvc_stats_7048\" class=\"pvc_stats all  \" data-element-id=\"7048\" style=\"\"><i class=\"pvc-stats-icon medium\" aria-hidden=\"true\"><svg aria-hidden=\"true\" focusable=\"false\" data-prefix=\"far\" data-icon=\"chart-bar\" role=\"img\" xmlns=\"http:\/\/www.w3.org\/2000\/svg\" viewBox=\"0 0 512 512\" class=\"svg-inline--fa fa-chart-bar fa-w-16 fa-2x\"><path fill=\"currentColor\" d=\"M396.8 352h22.4c6.4 0 12.8-6.4 12.8-12.8V108.8c0-6.4-6.4-12.8-12.8-12.8h-22.4c-6.4 0-12.8 6.4-12.8 12.8v230.4c0 6.4 6.4 12.8 12.8 12.8zm-192 0h22.4c6.4 0 12.8-6.4 12.8-12.8V140.8c0-6.4-6.4-12.8-12.8-12.8h-22.4c-6.4 0-12.8 6.4-12.8 12.8v198.4c0 6.4 6.4 12.8 12.8 12.8zm96 0h22.4c6.4 0 12.8-6.4 12.8-12.8V204.8c0-6.4-6.4-12.8-12.8-12.8h-22.4c-6.4 0-12.8 6.4-12.8 12.8v134.4c0 6.4 6.4 12.8 12.8 12.8zM496 400H48V80c0-8.84-7.16-16-16-16H16C7.16 64 0 71.16 0 80v336c0 17.67 14.33 32 32 32h464c8.84 0 16-7.16 16-16v-16c0-8.84-7.16-16-16-16zm-387.2-48h22.4c6.4 0 12.8-6.4 12.8-12.8v-70.4c0-6.4-6.4-12.8-12.8-12.8h-22.4c-6.4 0-12.8 6.4-12.8 12.8v70.4c0 6.4 6.4 12.8 12.8 12.8z\" class=\"\"><\/path><\/svg><\/i> <img loading=\"lazy\" decoding=\"async\" width=\"16\" height=\"16\" alt=\"Loading\" src=\"https:\/\/csavoly.hu\/wp\/wp-content\/plugins\/page-views-count\/ajax-loader-2x.gif\" border=0 \/><\/p>\n<div class=\"pvc_clear\"><\/div>\n","protected":false},"author":3,"featured_media":0,"parent":0,"menu_order":0,"comment_status":"closed","ping_status":"closed","template":"","meta":{"footnotes":""},"class_list":["post-7048","page","type-page","status-publish","hentry"],"_links":{"self":[{"href":"https:\/\/csavoly.hu\/wp\/index.php?rest_route=\/wp\/v2\/pages\/7048"}],"collection":[{"href":"https:\/\/csavoly.hu\/wp\/index.php?rest_route=\/wp\/v2\/pages"}],"about":[{"href":"https:\/\/csavoly.hu\/wp\/index.php?rest_route=\/wp\/v2\/types\/page"}],"author":[{"embeddable":true,"href":"https:\/\/csavoly.hu\/wp\/index.php?rest_route=\/wp\/v2\/users\/3"}],"replies":[{"embeddable":true,"href":"https:\/\/csavoly.hu\/wp\/index.php?rest_route=%2Fwp%2Fv2%2Fcomments&post=7048"}],"version-history":[{"count":2,"href":"https:\/\/csavoly.hu\/wp\/index.php?rest_route=\/wp\/v2\/pages\/7048\/revisions"}],"predecessor-version":[{"id":7219,"href":"https:\/\/csavoly.hu\/wp\/index.php?rest_route=\/wp\/v2\/pages\/7048\/revisions\/7219"}],"wp:attachment":[{"href":"https:\/\/csavoly.hu\/wp\/index.php?rest_route=%2Fwp%2Fv2%2Fmedia&parent=7048"}],"curies":[{"name":"wp","href":"https:\/\/api.w.org\/{rel}","templated":true}]}}