{"id":7052,"date":"2024-09-19T11:19:34","date_gmt":"2024-09-19T09:19:34","guid":{"rendered":"https:\/\/csavoly.hu\/wp\/?page_id=7052"},"modified":"2024-09-30T10:50:37","modified_gmt":"2024-09-30T08:50:37","slug":"nyilvanos-kiadvanyok-es-hozzaferesuk-modja","status":"publish","type":"page","link":"https:\/\/csavoly.hu\/wp\/?page_id=7052","title":{"rendered":"A k\u00f6zfeladatot ell\u00e1t\u00f3 szerv nyilv\u00e1nos kiadv\u00e1nyainak c\u00edme, t\u00e9m\u00e1ja, a hozz\u00e1f\u00e9r\u00e9s m\u00f3dja, a kiadv\u00e1ny ingyeness\u00e9ge, illetve a k\u00f6lts\u00e9gt\u00e9r\u00edt\u00e9s m\u00e9rt\u00e9ke"},"content":{"rendered":"\n<p><\/p>\n\n\n\n<p>\u00d6nkorm\u00e1nyzati H\u00edrmond\u00f3 \u2013 \u00e9vente k\u00e9tszer jelenik meg<\/p>\n\n\n\n<p>Cs\u00e1voly K\u00f6zs\u00e9gi \u00d6nkorm\u00e1nyzat hivatalos lapja<\/p>\n\n\n\n<p>Kiadja: Cs\u00e1voly K\u00f6zs\u00e9gi \u00d6nkorm\u00e1nyzat<\/p>\n\n\n\n<p>Felel\u0151s kiad\u00f3: Cs\u00e1voly K\u00f6zs\u00e9g K\u00e9pvisel\u0151-test\u00fclete&nbsp;<\/p>\n\n\n\n<p>Szerkeszt\u0151\/t\u00f6rdel\u0151: \u00c1bel Gy\u00f6rgy<\/p>\n\n\n\n<p>Telefon: 06-79\/352-160&nbsp; E-mail: <a href=\"mailto:iksztcsavoly@gmail.com\">iksztcsavoly@gmail.com<\/a><\/p>\n\n\n\n<p>ingyenes<\/p>\n<div class=\"pvc_clear\"><\/div><p id=\"pvc_stats_7052\" class=\"pvc_stats all  \" data-element-id=\"7052\" style=\"\"><i class=\"pvc-stats-icon medium\" aria-hidden=\"true\"><svg aria-hidden=\"true\" focusable=\"false\" data-prefix=\"far\" data-icon=\"chart-bar\" role=\"img\" xmlns=\"http:\/\/www.w3.org\/2000\/svg\" viewBox=\"0 0 512 512\" class=\"svg-inline--fa fa-chart-bar fa-w-16 fa-2x\"><path fill=\"currentColor\" d=\"M396.8 352h22.4c6.4 0 12.8-6.4 12.8-12.8V108.8c0-6.4-6.4-12.8-12.8-12.8h-22.4c-6.4 0-12.8 6.4-12.8 12.8v230.4c0 6.4 6.4 12.8 12.8 12.8zm-192 0h22.4c6.4 0 12.8-6.4 12.8-12.8V140.8c0-6.4-6.4-12.8-12.8-12.8h-22.4c-6.4 0-12.8 6.4-12.8 12.8v198.4c0 6.4 6.4 12.8 12.8 12.8zm96 0h22.4c6.4 0 12.8-6.4 12.8-12.8V204.8c0-6.4-6.4-12.8-12.8-12.8h-22.4c-6.4 0-12.8 6.4-12.8 12.8v134.4c0 6.4 6.4 12.8 12.8 12.8zM496 400H48V80c0-8.84-7.16-16-16-16H16C7.16 64 0 71.16 0 80v336c0 17.67 14.33 32 32 32h464c8.84 0 16-7.16 16-16v-16c0-8.84-7.16-16-16-16zm-387.2-48h22.4c6.4 0 12.8-6.4 12.8-12.8v-70.4c0-6.4-6.4-12.8-12.8-12.8h-22.4c-6.4 0-12.8 6.4-12.8 12.8v70.4c0 6.4 6.4 12.8 12.8 12.8z\" class=\"\"><\/path><\/svg><\/i> <img loading=\"lazy\" decoding=\"async\" width=\"16\" height=\"16\" alt=\"Loading\" src=\"https:\/\/csavoly.hu\/wp\/wp-content\/plugins\/page-views-count\/ajax-loader-2x.gif\" border=0 \/><\/p><div class=\"pvc_clear\"><\/div>","protected":false},"excerpt":{"rendered":"<p>\u00d6nkorm\u00e1nyzati H\u00edrmond\u00f3 \u2013 \u00e9vente k\u00e9tszer jelenik meg Cs\u00e1voly K\u00f6zs\u00e9gi \u00d6nkorm\u00e1nyzat hivatalos lapja Kiadja: Cs\u00e1voly K\u00f6zs\u00e9gi \u00d6nkorm\u00e1nyzat Felel\u0151s kiad\u00f3: Cs\u00e1voly K\u00f6zs\u00e9g K\u00e9pvisel\u0151-test\u00fclete&nbsp; Szerkeszt\u0151\/t\u00f6rdel\u0151: \u00c1bel Gy\u00f6rgy Telefon: 06-79\/352-160&nbsp; E-mail: iksztcsavoly@gmail.com ingyenes<\/p>\n<div class=\"pvc_clear\"><\/div>\n<p id=\"pvc_stats_7052\" class=\"pvc_stats all  \" data-element-id=\"7052\" style=\"\"><i class=\"pvc-stats-icon medium\" aria-hidden=\"true\"><svg aria-hidden=\"true\" focusable=\"false\" data-prefix=\"far\" data-icon=\"chart-bar\" role=\"img\" xmlns=\"http:\/\/www.w3.org\/2000\/svg\" viewBox=\"0 0 512 512\" class=\"svg-inline--fa fa-chart-bar fa-w-16 fa-2x\"><path fill=\"currentColor\" d=\"M396.8 352h22.4c6.4 0 12.8-6.4 12.8-12.8V108.8c0-6.4-6.4-12.8-12.8-12.8h-22.4c-6.4 0-12.8 6.4-12.8 12.8v230.4c0 6.4 6.4 12.8 12.8 12.8zm-192 0h22.4c6.4 0 12.8-6.4 12.8-12.8V140.8c0-6.4-6.4-12.8-12.8-12.8h-22.4c-6.4 0-12.8 6.4-12.8 12.8v198.4c0 6.4 6.4 12.8 12.8 12.8zm96 0h22.4c6.4 0 12.8-6.4 12.8-12.8V204.8c0-6.4-6.4-12.8-12.8-12.8h-22.4c-6.4 0-12.8 6.4-12.8 12.8v134.4c0 6.4 6.4 12.8 12.8 12.8zM496 400H48V80c0-8.84-7.16-16-16-16H16C7.16 64 0 71.16 0 80v336c0 17.67 14.33 32 32 32h464c8.84 0 16-7.16 16-16v-16c0-8.84-7.16-16-16-16zm-387.2-48h22.4c6.4 0 12.8-6.4 12.8-12.8v-70.4c0-6.4-6.4-12.8-12.8-12.8h-22.4c-6.4 0-12.8 6.4-12.8 12.8v70.4c0 6.4 6.4 12.8 12.8 12.8z\" class=\"\"><\/path><\/svg><\/i> <img loading=\"lazy\" decoding=\"async\" width=\"16\" height=\"16\" alt=\"Loading\" src=\"https:\/\/csavoly.hu\/wp\/wp-content\/plugins\/page-views-count\/ajax-loader-2x.gif\" border=0 \/><\/p>\n<div class=\"pvc_clear\"><\/div>\n","protected":false},"author":3,"featured_media":0,"parent":0,"menu_order":0,"comment_status":"closed","ping_status":"closed","template":"","meta":{"footnotes":""},"class_list":["post-7052","page","type-page","status-publish","hentry"],"_links":{"self":[{"href":"https:\/\/csavoly.hu\/wp\/index.php?rest_route=\/wp\/v2\/pages\/7052"}],"collection":[{"href":"https:\/\/csavoly.hu\/wp\/index.php?rest_route=\/wp\/v2\/pages"}],"about":[{"href":"https:\/\/csavoly.hu\/wp\/index.php?rest_route=\/wp\/v2\/types\/page"}],"author":[{"embeddable":true,"href":"https:\/\/csavoly.hu\/wp\/index.php?rest_route=\/wp\/v2\/users\/3"}],"replies":[{"embeddable":true,"href":"https:\/\/csavoly.hu\/wp\/index.php?rest_route=%2Fwp%2Fv2%2Fcomments&post=7052"}],"version-history":[{"count":2,"href":"https:\/\/csavoly.hu\/wp\/index.php?rest_route=\/wp\/v2\/pages\/7052\/revisions"}],"predecessor-version":[{"id":7223,"href":"https:\/\/csavoly.hu\/wp\/index.php?rest_route=\/wp\/v2\/pages\/7052\/revisions\/7223"}],"wp:attachment":[{"href":"https:\/\/csavoly.hu\/wp\/index.php?rest_route=%2Fwp%2Fv2%2Fmedia&parent=7052"}],"curies":[{"name":"wp","href":"https:\/\/api.w.org\/{rel}","templated":true}]}}