{"id":7054,"date":"2024-09-19T11:19:54","date_gmt":"2024-09-19T09:19:54","guid":{"rendered":"https:\/\/csavoly.hu\/wp\/?page_id=7054"},"modified":"2024-09-30T10:29:45","modified_gmt":"2024-09-30T08:29:45","slug":"onkent-vallalt-feladatok","status":"publish","type":"page","link":"https:\/\/csavoly.hu\/wp\/?page_id=7054","title":{"rendered":"A helyi \u00f6nkorm\u00e1nyzat \u00f6nk\u00e9nt v\u00e1llalt feladatai\u00a0"},"content":{"rendered":"\n<p><\/p>\n\n\n\n<p><strong>1. Az M\u00f6tv. 10. \u00a7 (2) bekezd\u00e9se szerinti \u00f6nkorm\u00e1nyzati fakultat\u00edv feladatell\u00e1t\u00e1s <\/strong>(Az<\/p>\n\n\n\n<p>adatszolg\u00e1ltat\u00e1s a <strong>2023. <\/strong>\u00e9vre vonatkozik.)<\/p>\n\n\n\n<p><strong>\u00dajsz\u00fcl\u00f6tt gyermek fogad\u00e1s\u00e1ra t\u00e1mogat\u00e1s ny\u00fajt\u00e1sa<\/strong><\/p>\n\n\n\n<p><strong><u>136\/2021.(X.14.) \u00d6h<\/u><\/strong><em> hat\u00e1rozat alapj\u00e1n minden \u00e9vben a k\u00f6lts\u00e9gvet\u00e9sbe be\u00e9p\u00edtve:<\/em><\/p>\n\n\n\n<p><em>11\/2023.(X.25.) \u00f6nkorm\u00e1nyzati rendelet 2. mell\u00e9klet\u00e9nek 57. sora <\/em>Egy\u00e9b nem int\u00e9zm\u00e9nyi ell\u00e1t\u00e1sok&nbsp;&nbsp; K48 terh\u00e9re.<\/p>\n\n\n\n<p><strong>Cs\u00e1volyi ingatlanok fel\u00faj\u00edt\u00e1sa<\/strong><em>&nbsp;&nbsp;&nbsp;&nbsp;&nbsp;&nbsp;&nbsp;&nbsp;&nbsp;&nbsp;&nbsp;&nbsp;&nbsp;&nbsp;&nbsp;&nbsp;&nbsp;&nbsp;&nbsp;&nbsp;<\/em><\/p>\n\n\n\n<p><em>11\/2023.(X.25.) \u00f6nkorm\u00e1nyzati rendelet 5. mell\u00e9klet\u00e9nek 4. sora, saj\u00e1t forr\u00e1sb\u00f3l a saj\u00e1t tulajdon\u00fa ingatlanok sz\u00fcks\u00e9gszer\u0171 fel\u00faj\u00edt\u00e1sa tervezett.<\/em><\/p>\n\n\n\n<p><strong>&nbsp;&nbsp;&nbsp;&nbsp; Fogorvosi \u00fcgyelet 2023. \u00e9vi t\u00e1mogat\u00e1sa<\/strong><\/p>\n\n\n\n<p>&nbsp;&nbsp;&nbsp;&nbsp;&nbsp; 5\/2023.(I.26.) \u00d6h. hat\u00e1rozat&nbsp;&nbsp;&nbsp;&nbsp;&nbsp;&nbsp;&nbsp;&nbsp;&nbsp;&nbsp;&nbsp;&nbsp;&nbsp;&nbsp;&nbsp;&nbsp;&nbsp;&nbsp;&nbsp;&nbsp;&nbsp;&nbsp;&nbsp;&nbsp;&nbsp;&nbsp;&nbsp;&nbsp;&nbsp;&nbsp;&nbsp;&nbsp;&nbsp;&nbsp;&nbsp;&nbsp;&nbsp;&nbsp;<\/p>\n\n\n\n<p><strong>A h\u00e1ziorvosi, h\u00e1zi gyermekorvosi k\u00f6zponti \u00fcgyeleti feladatok ell\u00e1t\u00e1s\u00e1hoz ny\u00fajtott hozz\u00e1j\u00e1rul\u00e1s 2023. \u00e9vi d\u00edja<\/strong> 6\/2023.(I.26.) \u00d6h. hat\u00e1rozat<\/p>\n\n\n\n<p><strong>A R\u00e1k\u00f3czi Sz\u00f6vets\u00e9g B\u00e1cskai Szervezete t\u00e1mogat\u00e1s\u00e1r\u00f3l<\/strong><\/p>\n\n\n\n<p>54\/2023.(IV.27.) \u00d6h. &nbsp;&nbsp;&nbsp;&nbsp;&nbsp;&nbsp;&nbsp;&nbsp;&nbsp;&nbsp;&nbsp;&nbsp;&nbsp;&nbsp;&nbsp;&nbsp;&nbsp;&nbsp;&nbsp;&nbsp;&nbsp;<\/p>\n\n\n\n<p><strong>\u00c1temel\u0151 \u00e9p\u00edt\u00e9s\u00e9hez sz\u00fcks\u00e9ges f\u00f6ldter\u00fclet megv\u00e1s\u00e1rl\u00e1s\u00e1r\u00f3l<\/strong><\/p>\n\n\n\n<p>56\/2023.(IV.27.) \u00d6h. &nbsp;&nbsp;&nbsp;&nbsp;&nbsp;&nbsp;&nbsp;&nbsp;&nbsp;&nbsp;&nbsp;&nbsp;&nbsp;&nbsp;&nbsp;&nbsp;&nbsp;&nbsp;&nbsp;&nbsp;&nbsp;&nbsp;&nbsp;&nbsp;&nbsp;&nbsp;&nbsp;&nbsp;&nbsp;&nbsp;&nbsp;&nbsp;&nbsp;&nbsp;&nbsp;&nbsp;&nbsp;&nbsp;&nbsp;&nbsp;&nbsp;&nbsp;&nbsp;&nbsp;&nbsp;&nbsp;&nbsp;&nbsp;&nbsp;&nbsp;&nbsp;&nbsp; &nbsp;<\/p>\n\n\n\n<p><strong>BURSA HUNGARICA Fels\u0151oktat\u00e1si \u00d6nkorm\u00e1nyzati \u00d6szt\u00f6nd\u00edjrendszer 2023. \u00e9vi fordul\u00f3j\u00e1hoz csatlakoz\u00e1sr\u00f3l \u00e9s a 2023. \u00e9vi p\u00e1ly\u00e1zati ki\u00edr\u00e1s j\u00f3v\u00e1hagy\u00e1s\u00e1r\u00f3l<\/strong><\/p>\n\n\n\n<p>143\/2022.(IX.19.) \u00d6h.<strong>&nbsp;&nbsp;<\/strong><\/p>\n\n\n\n<p><strong>Szennyv\u00edztiszt\u00edt\u00f3 telep \u00e9p\u00edt\u00e9s\u00e9hez sz\u00fcks\u00e9ges f\u00f6ldter\u00fclet megv\u00e1s\u00e1rl\u00e1s\u00e1r\u00f3l sz\u00f3l\u00f3 <u>158\/2022.(IX.29.) \u00d6h.<\/u> hat\u00e1rozat m\u00f3dos\u00edt\u00e1s\u00e1r\u00f3l<\/strong><\/p>\n\n\n\n<p>&nbsp;7\/2023.(I.26.) \u00d6h.<\/p>\n\n\n\n<p><strong>B\u00f6lcs\u0151dei szolg\u00e1ltat\u00e1s ind\u00edt\u00e1sa Cs\u00e1volyon<\/strong><\/p>\n\n\n\n<p>142\/2021.(XI.23.) \u00d6h.&nbsp;&nbsp;&nbsp;&nbsp;&nbsp;&nbsp;&nbsp;&nbsp;&nbsp;&nbsp;&nbsp;&nbsp;&nbsp;&nbsp;&nbsp;&nbsp;&nbsp;&nbsp;&nbsp;&nbsp;&nbsp;&nbsp;&nbsp;&nbsp;&nbsp;&nbsp;&nbsp;&nbsp;&nbsp;&nbsp;&nbsp;&nbsp;&nbsp;&nbsp;&nbsp;&nbsp;&nbsp;&nbsp;&nbsp;&nbsp;&nbsp;&nbsp;&nbsp;&nbsp;&nbsp;&nbsp;&nbsp;&nbsp;&nbsp;&nbsp;<\/p>\n<div class=\"pvc_clear\"><\/div><p id=\"pvc_stats_7054\" class=\"pvc_stats all  \" data-element-id=\"7054\" style=\"\"><i class=\"pvc-stats-icon medium\" aria-hidden=\"true\"><svg aria-hidden=\"true\" focusable=\"false\" data-prefix=\"far\" data-icon=\"chart-bar\" role=\"img\" xmlns=\"http:\/\/www.w3.org\/2000\/svg\" viewBox=\"0 0 512 512\" class=\"svg-inline--fa fa-chart-bar fa-w-16 fa-2x\"><path fill=\"currentColor\" d=\"M396.8 352h22.4c6.4 0 12.8-6.4 12.8-12.8V108.8c0-6.4-6.4-12.8-12.8-12.8h-22.4c-6.4 0-12.8 6.4-12.8 12.8v230.4c0 6.4 6.4 12.8 12.8 12.8zm-192 0h22.4c6.4 0 12.8-6.4 12.8-12.8V140.8c0-6.4-6.4-12.8-12.8-12.8h-22.4c-6.4 0-12.8 6.4-12.8 12.8v198.4c0 6.4 6.4 12.8 12.8 12.8zm96 0h22.4c6.4 0 12.8-6.4 12.8-12.8V204.8c0-6.4-6.4-12.8-12.8-12.8h-22.4c-6.4 0-12.8 6.4-12.8 12.8v134.4c0 6.4 6.4 12.8 12.8 12.8zM496 400H48V80c0-8.84-7.16-16-16-16H16C7.16 64 0 71.16 0 80v336c0 17.67 14.33 32 32 32h464c8.84 0 16-7.16 16-16v-16c0-8.84-7.16-16-16-16zm-387.2-48h22.4c6.4 0 12.8-6.4 12.8-12.8v-70.4c0-6.4-6.4-12.8-12.8-12.8h-22.4c-6.4 0-12.8 6.4-12.8 12.8v70.4c0 6.4 6.4 12.8 12.8 12.8z\" class=\"\"><\/path><\/svg><\/i> <img loading=\"lazy\" decoding=\"async\" width=\"16\" height=\"16\" alt=\"Loading\" src=\"https:\/\/csavoly.hu\/wp\/wp-content\/plugins\/page-views-count\/ajax-loader-2x.gif\" border=0 \/><\/p><div class=\"pvc_clear\"><\/div>","protected":false},"excerpt":{"rendered":"<p>1. Az M\u00f6tv. 10. \u00a7 (2) bekezd\u00e9se szerinti \u00f6nkorm\u00e1nyzati fakultat\u00edv feladatell\u00e1t\u00e1s (Az adatszolg\u00e1ltat\u00e1s a 2023. \u00e9vre vonatkozik.) \u00dajsz\u00fcl\u00f6tt gyermek fogad\u00e1s\u00e1ra t\u00e1mogat\u00e1s ny\u00fajt\u00e1sa 136\/2021.(X.14.) \u00d6h hat\u00e1rozat alapj\u00e1n minden \u00e9vben a k\u00f6lts\u00e9gvet\u00e9sbe be\u00e9p\u00edtve: 11\/2023.(X.25.) \u00f6nkorm\u00e1nyzati rendelet 2. mell\u00e9klet\u00e9nek 57. sora Egy\u00e9b nem int\u00e9zm\u00e9nyi ell\u00e1t\u00e1sok&nbsp;&nbsp; K48 terh\u00e9re. Cs\u00e1volyi ingatlanok fel\u00faj\u00edt\u00e1sa&nbsp;&nbsp;&nbsp;&nbsp;&nbsp;&nbsp;&nbsp;&nbsp;&nbsp;&nbsp;&nbsp;&nbsp;&nbsp;&nbsp;&nbsp;&nbsp;&nbsp;&nbsp;&nbsp;&nbsp; 11\/2023.(X.25.) \u00f6nkorm\u00e1nyzati rendelet 5. mell\u00e9klet\u00e9nek 4. sora, saj\u00e1t &hellip; <a href=\"https:\/\/csavoly.hu\/wp\/?page_id=7054\" class=\"more-link\"><span class=\"screen-reader-text\">A helyi \u00f6nkorm\u00e1nyzat \u00f6nk\u00e9nt v\u00e1llalt feladatai\u00a0<\/span> b\u0151vebben&#8230; <span class=\"meta-nav\">&rarr;<\/span><\/a><\/p>\n<div class=\"pvc_clear\"><\/div>\n<p id=\"pvc_stats_7054\" class=\"pvc_stats all  \" data-element-id=\"7054\" style=\"\"><i class=\"pvc-stats-icon medium\" aria-hidden=\"true\"><svg aria-hidden=\"true\" focusable=\"false\" data-prefix=\"far\" data-icon=\"chart-bar\" role=\"img\" xmlns=\"http:\/\/www.w3.org\/2000\/svg\" viewBox=\"0 0 512 512\" class=\"svg-inline--fa fa-chart-bar fa-w-16 fa-2x\"><path fill=\"currentColor\" d=\"M396.8 352h22.4c6.4 0 12.8-6.4 12.8-12.8V108.8c0-6.4-6.4-12.8-12.8-12.8h-22.4c-6.4 0-12.8 6.4-12.8 12.8v230.4c0 6.4 6.4 12.8 12.8 12.8zm-192 0h22.4c6.4 0 12.8-6.4 12.8-12.8V140.8c0-6.4-6.4-12.8-12.8-12.8h-22.4c-6.4 0-12.8 6.4-12.8 12.8v198.4c0 6.4 6.4 12.8 12.8 12.8zm96 0h22.4c6.4 0 12.8-6.4 12.8-12.8V204.8c0-6.4-6.4-12.8-12.8-12.8h-22.4c-6.4 0-12.8 6.4-12.8 12.8v134.4c0 6.4 6.4 12.8 12.8 12.8zM496 400H48V80c0-8.84-7.16-16-16-16H16C7.16 64 0 71.16 0 80v336c0 17.67 14.33 32 32 32h464c8.84 0 16-7.16 16-16v-16c0-8.84-7.16-16-16-16zm-387.2-48h22.4c6.4 0 12.8-6.4 12.8-12.8v-70.4c0-6.4-6.4-12.8-12.8-12.8h-22.4c-6.4 0-12.8 6.4-12.8 12.8v70.4c0 6.4 6.4 12.8 12.8 12.8z\" class=\"\"><\/path><\/svg><\/i> <img loading=\"lazy\" decoding=\"async\" width=\"16\" height=\"16\" alt=\"Loading\" src=\"https:\/\/csavoly.hu\/wp\/wp-content\/plugins\/page-views-count\/ajax-loader-2x.gif\" border=0 \/><\/p>\n<div class=\"pvc_clear\"><\/div>\n","protected":false},"author":3,"featured_media":0,"parent":0,"menu_order":0,"comment_status":"closed","ping_status":"closed","template":"","meta":{"footnotes":""},"class_list":["post-7054","page","type-page","status-publish","hentry"],"_links":{"self":[{"href":"https:\/\/csavoly.hu\/wp\/index.php?rest_route=\/wp\/v2\/pages\/7054"}],"collection":[{"href":"https:\/\/csavoly.hu\/wp\/index.php?rest_route=\/wp\/v2\/pages"}],"about":[{"href":"https:\/\/csavoly.hu\/wp\/index.php?rest_route=\/wp\/v2\/types\/page"}],"author":[{"embeddable":true,"href":"https:\/\/csavoly.hu\/wp\/index.php?rest_route=\/wp\/v2\/users\/3"}],"replies":[{"embeddable":true,"href":"https:\/\/csavoly.hu\/wp\/index.php?rest_route=%2Fwp%2Fv2%2Fcomments&post=7054"}],"version-history":[{"count":2,"href":"https:\/\/csavoly.hu\/wp\/index.php?rest_route=\/wp\/v2\/pages\/7054\/revisions"}],"predecessor-version":[{"id":7221,"href":"https:\/\/csavoly.hu\/wp\/index.php?rest_route=\/wp\/v2\/pages\/7054\/revisions\/7221"}],"wp:attachment":[{"href":"https:\/\/csavoly.hu\/wp\/index.php?rest_route=%2Fwp%2Fv2%2Fmedia&parent=7054"}],"curies":[{"name":"wp","href":"https:\/\/api.w.org\/{rel}","templated":true}]}}