{"id":7060,"date":"2024-09-19T11:21:23","date_gmt":"2024-09-19T09:21:23","guid":{"rendered":"https:\/\/csavoly.hu\/wp\/?page_id=7060"},"modified":"2024-09-30T10:57:04","modified_gmt":"2024-09-30T08:57:04","slug":"donteshozatal","status":"publish","type":"page","link":"https:\/\/csavoly.hu\/wp\/?page_id=7060","title":{"rendered":"A test\u00fcleti szerv d\u00f6nt\u00e9sei el\u0151k\u00e9sz\u00edt\u00e9s\u00e9nek rendje, az \u00e1llampolg\u00e1ri k\u00f6zrem\u0171k\u00f6d\u00e9s (v\u00e9lem\u00e9nyez\u00e9s) m\u00f3dja, elj\u00e1r\u00e1si szab\u00e1lyai, a test\u00fcleti szerv \u00fcl\u00e9seinek helye, ideje, tov\u00e1bb\u00e1 nyilv\u00e1noss\u00e1ga, d\u00f6nt\u00e9sei, \u00fcl\u00e9s\u00e9nek jegyz\u0151k\u00f6nyvei, illetve \u00f6sszefoglal\u00f3i; a test\u00fcleti szerv szavaz\u00e1s\u00e1nak adatai, ha ezt jogszab\u00e1ly nem korl\u00e1tozza"},"content":{"rendered":"\n<p><\/p>\n\n\n\n<p>Cs\u00e1voly K\u00f6zs\u00e9gi \u00d6nkorm\u00e1nyzat K\u00e9pvisel\u0151-test\u00fclet\u00e9nek 10\/2019 (XII.19..) \u00f6nkorm\u00e1nyzati rendelete<\/p>\n\n\n\n<p>a K\u00e9pvisel\u0151-test\u00fclet Szervezeti \u00e9s M\u0171k\u00f6d\u00e9si Szab\u00e1lyzat\u00e1r\u00f3l<\/p>\n\n\n\n<p><a href=\"https:\/\/or.njt.hu\/eli\/724353\/r\/2019\/10\">https:\/\/or.njt.hu\/eli\/724353\/r\/2019\/10<\/a><\/p>\n\n\n\n<p>Fels\u0151szentiv\u00e1n K\u00f6zs\u00e9gi \u00d6nkorm\u00e1nyzat, Cs\u00e1voly K\u00f6zs\u00e9gi \u00d6nkorm\u00e1nyzat \u00e9s Fels\u0151szentiv\u00e1ni K\u00f6z\u00f6s \u00d6nkorm\u00e1nyzati Hivatal a hivatal feladatair\u00f3l, az \u00f6nkorm\u00e1nyzat munk\u00e1j\u00e1nak a szervez\u00e9s\u00e9ben, a d\u00f6nt\u00e9sek el\u0151k\u00e9sz\u00edt\u00e9s\u00e9ben \u00e9s v\u00e9grehajt\u00e1s\u00e1ban sz\u00f3l\u00f3 szab\u00e1lyzat\u00e1r\u00f3l sz\u00f3l\u00f3 4\/2019. polg\u00e1rmesteri-jegyz\u0151i egy\u00fcttes utas\u00edt\u00e1s<\/p>\n\n\n\n<div data-wp-interactive=\"core\/file\" class=\"wp-block-file\"><object data-wp-bind--hidden=\"!state.hasPdfPreview\"  class=\"wp-block-file__embed\" data=\"https:\/\/csavoly.hu\/wp\/wp-content\/uploads\/2024\/09\/II.8-ba-beilleszteni_4-2019EGY-dontesek-elokesziteserol_20190415-.pdf\" type=\"application\/pdf\" style=\"width:100%;height:600px\" aria-label=\"4-2019EGY-d\u00f6nt\u00e9sek el\u0151k\u00e9sz\u00edt\u00e9s\u00e9r\u0151l_20190415- be\u00e1gyaz\u00e1sa\"><\/object><a id=\"wp-block-file--media-d19ef0f0-d217-4e20-a3aa-68e2023c11b7\" href=\"https:\/\/csavoly.hu\/wp\/wp-content\/uploads\/2024\/09\/II.8-ba-beilleszteni_4-2019EGY-dontesek-elokesziteserol_20190415-.pdf\">4-2019EGY-d\u00f6nt\u00e9sek el\u0151k\u00e9sz\u00edt\u00e9s\u00e9r\u0151l_20190415-<\/a><a href=\"https:\/\/csavoly.hu\/wp\/wp-content\/uploads\/2024\/09\/II.8-ba-beilleszteni_4-2019EGY-dontesek-elokesziteserol_20190415-.pdf\" class=\"wp-block-file__button wp-element-button\" download aria-describedby=\"wp-block-file--media-d19ef0f0-d217-4e20-a3aa-68e2023c11b7\">Let\u00f6lt\u00e9s<\/a><\/div>\n<div class=\"pvc_clear\"><\/div><p id=\"pvc_stats_7060\" class=\"pvc_stats all  \" data-element-id=\"7060\" style=\"\"><i class=\"pvc-stats-icon medium\" aria-hidden=\"true\"><svg aria-hidden=\"true\" focusable=\"false\" data-prefix=\"far\" data-icon=\"chart-bar\" role=\"img\" xmlns=\"http:\/\/www.w3.org\/2000\/svg\" viewBox=\"0 0 512 512\" class=\"svg-inline--fa fa-chart-bar fa-w-16 fa-2x\"><path fill=\"currentColor\" d=\"M396.8 352h22.4c6.4 0 12.8-6.4 12.8-12.8V108.8c0-6.4-6.4-12.8-12.8-12.8h-22.4c-6.4 0-12.8 6.4-12.8 12.8v230.4c0 6.4 6.4 12.8 12.8 12.8zm-192 0h22.4c6.4 0 12.8-6.4 12.8-12.8V140.8c0-6.4-6.4-12.8-12.8-12.8h-22.4c-6.4 0-12.8 6.4-12.8 12.8v198.4c0 6.4 6.4 12.8 12.8 12.8zm96 0h22.4c6.4 0 12.8-6.4 12.8-12.8V204.8c0-6.4-6.4-12.8-12.8-12.8h-22.4c-6.4 0-12.8 6.4-12.8 12.8v134.4c0 6.4 6.4 12.8 12.8 12.8zM496 400H48V80c0-8.84-7.16-16-16-16H16C7.16 64 0 71.16 0 80v336c0 17.67 14.33 32 32 32h464c8.84 0 16-7.16 16-16v-16c0-8.84-7.16-16-16-16zm-387.2-48h22.4c6.4 0 12.8-6.4 12.8-12.8v-70.4c0-6.4-6.4-12.8-12.8-12.8h-22.4c-6.4 0-12.8 6.4-12.8 12.8v70.4c0 6.4 6.4 12.8 12.8 12.8z\" class=\"\"><\/path><\/svg><\/i> <img loading=\"lazy\" decoding=\"async\" width=\"16\" height=\"16\" alt=\"Loading\" src=\"https:\/\/csavoly.hu\/wp\/wp-content\/plugins\/page-views-count\/ajax-loader-2x.gif\" border=0 \/><\/p><div class=\"pvc_clear\"><\/div>","protected":false},"excerpt":{"rendered":"<p>Cs\u00e1voly K\u00f6zs\u00e9gi \u00d6nkorm\u00e1nyzat K\u00e9pvisel\u0151-test\u00fclet\u00e9nek 10\/2019 (XII.19..) \u00f6nkorm\u00e1nyzati rendelete a K\u00e9pvisel\u0151-test\u00fclet Szervezeti \u00e9s M\u0171k\u00f6d\u00e9si Szab\u00e1lyzat\u00e1r\u00f3l https:\/\/or.njt.hu\/eli\/724353\/r\/2019\/10 Fels\u0151szentiv\u00e1n K\u00f6zs\u00e9gi \u00d6nkorm\u00e1nyzat, Cs\u00e1voly K\u00f6zs\u00e9gi \u00d6nkorm\u00e1nyzat \u00e9s Fels\u0151szentiv\u00e1ni K\u00f6z\u00f6s \u00d6nkorm\u00e1nyzati Hivatal a hivatal feladatair\u00f3l, az \u00f6nkorm\u00e1nyzat munk\u00e1j\u00e1nak a szervez\u00e9s\u00e9ben, a d\u00f6nt\u00e9sek el\u0151k\u00e9sz\u00edt\u00e9s\u00e9ben \u00e9s v\u00e9grehajt\u00e1s\u00e1ban sz\u00f3l\u00f3 szab\u00e1lyzat\u00e1r\u00f3l sz\u00f3l\u00f3 4\/2019. polg\u00e1rmesteri-jegyz\u0151i egy\u00fcttes utas\u00edt\u00e1s<\/p>\n<div class=\"pvc_clear\"><\/div>\n<p id=\"pvc_stats_7060\" class=\"pvc_stats all  \" data-element-id=\"7060\" style=\"\"><i class=\"pvc-stats-icon medium\" aria-hidden=\"true\"><svg aria-hidden=\"true\" focusable=\"false\" data-prefix=\"far\" data-icon=\"chart-bar\" role=\"img\" xmlns=\"http:\/\/www.w3.org\/2000\/svg\" viewBox=\"0 0 512 512\" class=\"svg-inline--fa fa-chart-bar fa-w-16 fa-2x\"><path fill=\"currentColor\" d=\"M396.8 352h22.4c6.4 0 12.8-6.4 12.8-12.8V108.8c0-6.4-6.4-12.8-12.8-12.8h-22.4c-6.4 0-12.8 6.4-12.8 12.8v230.4c0 6.4 6.4 12.8 12.8 12.8zm-192 0h22.4c6.4 0 12.8-6.4 12.8-12.8V140.8c0-6.4-6.4-12.8-12.8-12.8h-22.4c-6.4 0-12.8 6.4-12.8 12.8v198.4c0 6.4 6.4 12.8 12.8 12.8zm96 0h22.4c6.4 0 12.8-6.4 12.8-12.8V204.8c0-6.4-6.4-12.8-12.8-12.8h-22.4c-6.4 0-12.8 6.4-12.8 12.8v134.4c0 6.4 6.4 12.8 12.8 12.8zM496 400H48V80c0-8.84-7.16-16-16-16H16C7.16 64 0 71.16 0 80v336c0 17.67 14.33 32 32 32h464c8.84 0 16-7.16 16-16v-16c0-8.84-7.16-16-16-16zm-387.2-48h22.4c6.4 0 12.8-6.4 12.8-12.8v-70.4c0-6.4-6.4-12.8-12.8-12.8h-22.4c-6.4 0-12.8 6.4-12.8 12.8v70.4c0 6.4 6.4 12.8 12.8 12.8z\" class=\"\"><\/path><\/svg><\/i> <img loading=\"lazy\" decoding=\"async\" width=\"16\" height=\"16\" alt=\"Loading\" src=\"https:\/\/csavoly.hu\/wp\/wp-content\/plugins\/page-views-count\/ajax-loader-2x.gif\" border=0 \/><\/p>\n<div class=\"pvc_clear\"><\/div>\n","protected":false},"author":3,"featured_media":0,"parent":0,"menu_order":0,"comment_status":"closed","ping_status":"closed","template":"","meta":{"footnotes":""},"class_list":["post-7060","page","type-page","status-publish","hentry"],"_links":{"self":[{"href":"https:\/\/csavoly.hu\/wp\/index.php?rest_route=\/wp\/v2\/pages\/7060"}],"collection":[{"href":"https:\/\/csavoly.hu\/wp\/index.php?rest_route=\/wp\/v2\/pages"}],"about":[{"href":"https:\/\/csavoly.hu\/wp\/index.php?rest_route=\/wp\/v2\/types\/page"}],"author":[{"embeddable":true,"href":"https:\/\/csavoly.hu\/wp\/index.php?rest_route=\/wp\/v2\/users\/3"}],"replies":[{"embeddable":true,"href":"https:\/\/csavoly.hu\/wp\/index.php?rest_route=%2Fwp%2Fv2%2Fcomments&post=7060"}],"version-history":[{"count":2,"href":"https:\/\/csavoly.hu\/wp\/index.php?rest_route=\/wp\/v2\/pages\/7060\/revisions"}],"predecessor-version":[{"id":7226,"href":"https:\/\/csavoly.hu\/wp\/index.php?rest_route=\/wp\/v2\/pages\/7060\/revisions\/7226"}],"wp:attachment":[{"href":"https:\/\/csavoly.hu\/wp\/index.php?rest_route=%2Fwp%2Fv2%2Fmedia&parent=7060"}],"curies":[{"name":"wp","href":"https:\/\/api.w.org\/{rel}","templated":true}]}}