{"id":7066,"date":"2024-09-19T11:22:25","date_gmt":"2024-09-19T09:22:25","guid":{"rendered":"https:\/\/csavoly.hu\/wp\/?page_id=7066"},"modified":"2024-09-30T14:18:27","modified_gmt":"2024-09-30T12:18:27","slug":"kozerdeku-adatigenyles-szabalyai","status":"publish","type":"page","link":"https:\/\/csavoly.hu\/wp\/?page_id=7066","title":{"rendered":"A k\u00f6z\u00e9rdek\u0171 adatok megismer\u00e9s\u00e9re ir\u00e1nyul\u00f3 ig\u00e9nyek int\u00e9zked\u00e9sek rendje, az illet\u00e9kes szervezeti egys\u00e9g neve, el\u00e9rhet\u0151s\u00e9ge, s ahol kijel\u00f6l\u00e9sre ker\u00fcl, az adatv\u00e9delmi felel\u0151s, vagy az inform\u00e1ci\u00f3s jogokkal foglalkoz\u00f3 szem\u00e9ly neve"},"content":{"rendered":"\n<p><strong>Az illet\u00e9kes szervezeti egys\u00e9g neve, el\u00e9rhet\u0151s\u00e9ge:<\/strong><\/p>\n\n\n\n<p>N\u00e9v: Cs\u00e1voly K\u00f6zs\u00e9gi \u00d6nkorm\u00e1nyzat \/ Fels\u0151szentiv\u00e1ni K\u00f6z\u00f6s \u00d6nkorm\u00e1nyzati Hivatal<br>El\u00e9rhet\u0151s\u00e9g: 6448 Cs\u00e1voly, Arany J\u00e1nos utca 39., <a href=\"mailto:adatigenyles@csavoly.hu\">adatigenyles@csavoly.hu<\/a><\/p>\n\n\n\n<p><br><strong>Az inform\u00e1ci\u00f3s jogokkal foglalkoz\u00f3 szem\u00e9ly neve:<\/strong> G\u00f6d\u00f6n S\u00e1ndorn\u00e9<\/p>\n\n\n\n<div data-wp-interactive=\"core\/file\" class=\"wp-block-file\"><object data-wp-bind--hidden=\"!state.hasPdfPreview\"  class=\"wp-block-file__embed\" data=\"https:\/\/csavoly.hu\/wp\/wp-content\/uploads\/2024\/09\/II.13-ba-beilleszteni_Kozerdeku-adatok-szabalyzat.pdf\" type=\"application\/pdf\" style=\"width:100%;height:600px\" aria-label=\"K\u00f6z\u00e9rdek\u0171 adatok szab\u00e1lyzat be\u00e1gyaz\u00e1sa\"><\/object><a id=\"wp-block-file--media-30ccacd0-e0a2-4745-9213-6902efe39e3b\" href=\"https:\/\/csavoly.hu\/wp\/wp-content\/uploads\/2024\/09\/II.13-ba-beilleszteni_Kozerdeku-adatok-szabalyzat.pdf\">K\u00f6z\u00e9rdek\u0171 adatok szab\u00e1lyzat<\/a><a href=\"https:\/\/csavoly.hu\/wp\/wp-content\/uploads\/2024\/09\/II.13-ba-beilleszteni_Kozerdeku-adatok-szabalyzat.pdf\" class=\"wp-block-file__button wp-element-button\" download aria-describedby=\"wp-block-file--media-30ccacd0-e0a2-4745-9213-6902efe39e3b\">Let\u00f6lt\u00e9s<\/a><\/div>\n\n\n\n<p><\/p>\n<div class=\"pvc_clear\"><\/div><p id=\"pvc_stats_7066\" class=\"pvc_stats all  \" data-element-id=\"7066\" style=\"\"><i class=\"pvc-stats-icon medium\" aria-hidden=\"true\"><svg aria-hidden=\"true\" focusable=\"false\" data-prefix=\"far\" data-icon=\"chart-bar\" role=\"img\" xmlns=\"http:\/\/www.w3.org\/2000\/svg\" viewBox=\"0 0 512 512\" class=\"svg-inline--fa fa-chart-bar fa-w-16 fa-2x\"><path fill=\"currentColor\" d=\"M396.8 352h22.4c6.4 0 12.8-6.4 12.8-12.8V108.8c0-6.4-6.4-12.8-12.8-12.8h-22.4c-6.4 0-12.8 6.4-12.8 12.8v230.4c0 6.4 6.4 12.8 12.8 12.8zm-192 0h22.4c6.4 0 12.8-6.4 12.8-12.8V140.8c0-6.4-6.4-12.8-12.8-12.8h-22.4c-6.4 0-12.8 6.4-12.8 12.8v198.4c0 6.4 6.4 12.8 12.8 12.8zm96 0h22.4c6.4 0 12.8-6.4 12.8-12.8V204.8c0-6.4-6.4-12.8-12.8-12.8h-22.4c-6.4 0-12.8 6.4-12.8 12.8v134.4c0 6.4 6.4 12.8 12.8 12.8zM496 400H48V80c0-8.84-7.16-16-16-16H16C7.16 64 0 71.16 0 80v336c0 17.67 14.33 32 32 32h464c8.84 0 16-7.16 16-16v-16c0-8.84-7.16-16-16-16zm-387.2-48h22.4c6.4 0 12.8-6.4 12.8-12.8v-70.4c0-6.4-6.4-12.8-12.8-12.8h-22.4c-6.4 0-12.8 6.4-12.8 12.8v70.4c0 6.4 6.4 12.8 12.8 12.8z\" class=\"\"><\/path><\/svg><\/i> <img loading=\"lazy\" decoding=\"async\" width=\"16\" height=\"16\" alt=\"Loading\" src=\"https:\/\/csavoly.hu\/wp\/wp-content\/plugins\/page-views-count\/ajax-loader-2x.gif\" border=0 \/><\/p><div class=\"pvc_clear\"><\/div>","protected":false},"excerpt":{"rendered":"<p>Az illet\u00e9kes szervezeti egys\u00e9g neve, el\u00e9rhet\u0151s\u00e9ge: N\u00e9v: Cs\u00e1voly K\u00f6zs\u00e9gi \u00d6nkorm\u00e1nyzat \/ Fels\u0151szentiv\u00e1ni K\u00f6z\u00f6s \u00d6nkorm\u00e1nyzati HivatalEl\u00e9rhet\u0151s\u00e9g: 6448 Cs\u00e1voly, Arany J\u00e1nos utca 39., adatigenyles@csavoly.hu Az inform\u00e1ci\u00f3s jogokkal foglalkoz\u00f3 szem\u00e9ly neve: G\u00f6d\u00f6n S\u00e1ndorn\u00e9<\/p>\n<div class=\"pvc_clear\"><\/div>\n<p id=\"pvc_stats_7066\" class=\"pvc_stats all  \" data-element-id=\"7066\" style=\"\"><i class=\"pvc-stats-icon medium\" aria-hidden=\"true\"><svg aria-hidden=\"true\" focusable=\"false\" data-prefix=\"far\" data-icon=\"chart-bar\" role=\"img\" xmlns=\"http:\/\/www.w3.org\/2000\/svg\" viewBox=\"0 0 512 512\" class=\"svg-inline--fa fa-chart-bar fa-w-16 fa-2x\"><path fill=\"currentColor\" d=\"M396.8 352h22.4c6.4 0 12.8-6.4 12.8-12.8V108.8c0-6.4-6.4-12.8-12.8-12.8h-22.4c-6.4 0-12.8 6.4-12.8 12.8v230.4c0 6.4 6.4 12.8 12.8 12.8zm-192 0h22.4c6.4 0 12.8-6.4 12.8-12.8V140.8c0-6.4-6.4-12.8-12.8-12.8h-22.4c-6.4 0-12.8 6.4-12.8 12.8v198.4c0 6.4 6.4 12.8 12.8 12.8zm96 0h22.4c6.4 0 12.8-6.4 12.8-12.8V204.8c0-6.4-6.4-12.8-12.8-12.8h-22.4c-6.4 0-12.8 6.4-12.8 12.8v134.4c0 6.4 6.4 12.8 12.8 12.8zM496 400H48V80c0-8.84-7.16-16-16-16H16C7.16 64 0 71.16 0 80v336c0 17.67 14.33 32 32 32h464c8.84 0 16-7.16 16-16v-16c0-8.84-7.16-16-16-16zm-387.2-48h22.4c6.4 0 12.8-6.4 12.8-12.8v-70.4c0-6.4-6.4-12.8-12.8-12.8h-22.4c-6.4 0-12.8 6.4-12.8 12.8v70.4c0 6.4 6.4 12.8 12.8 12.8z\" class=\"\"><\/path><\/svg><\/i> <img loading=\"lazy\" decoding=\"async\" width=\"16\" height=\"16\" alt=\"Loading\" src=\"https:\/\/csavoly.hu\/wp\/wp-content\/plugins\/page-views-count\/ajax-loader-2x.gif\" border=0 \/><\/p>\n<div class=\"pvc_clear\"><\/div>\n","protected":false},"author":3,"featured_media":0,"parent":0,"menu_order":0,"comment_status":"closed","ping_status":"closed","template":"","meta":{"footnotes":""},"class_list":["post-7066","page","type-page","status-publish","hentry"],"_links":{"self":[{"href":"https:\/\/csavoly.hu\/wp\/index.php?rest_route=\/wp\/v2\/pages\/7066"}],"collection":[{"href":"https:\/\/csavoly.hu\/wp\/index.php?rest_route=\/wp\/v2\/pages"}],"about":[{"href":"https:\/\/csavoly.hu\/wp\/index.php?rest_route=\/wp\/v2\/types\/page"}],"author":[{"embeddable":true,"href":"https:\/\/csavoly.hu\/wp\/index.php?rest_route=\/wp\/v2\/users\/3"}],"replies":[{"embeddable":true,"href":"https:\/\/csavoly.hu\/wp\/index.php?rest_route=%2Fwp%2Fv2%2Fcomments&post=7066"}],"version-history":[{"count":3,"href":"https:\/\/csavoly.hu\/wp\/index.php?rest_route=\/wp\/v2\/pages\/7066\/revisions"}],"predecessor-version":[{"id":7484,"href":"https:\/\/csavoly.hu\/wp\/index.php?rest_route=\/wp\/v2\/pages\/7066\/revisions\/7484"}],"wp:attachment":[{"href":"https:\/\/csavoly.hu\/wp\/index.php?rest_route=%2Fwp%2Fv2%2Fmedia&parent=7066"}],"curies":[{"name":"wp","href":"https:\/\/api.w.org\/{rel}","templated":true}]}}