{"id":7074,"date":"2024-09-19T11:24:19","date_gmt":"2024-09-19T09:24:19","guid":{"rendered":"https:\/\/csavoly.hu\/wp\/?page_id=7074"},"modified":"2024-09-30T13:32:46","modified_gmt":"2024-09-30T11:32:46","slug":"ellenorzesek-megallapitasai","status":"publish","type":"page","link":"https:\/\/csavoly.hu\/wp\/?page_id=7074","title":{"rendered":"A k\u00f6zfeladatot ell\u00e1t\u00f3 szervn\u00e9l v\u00e9gzett alaptev\u00e9kenys\u00e9ggel kapcsolatos vizsg\u00e1latok, ellen\u0151rz\u00e9sek nyilv\u00e1nos meg\u00e1llap\u00edt\u00e1sai"},"content":{"rendered":"\n<p><strong>II. 12. A k\u00f6zfeladatot ell\u00e1t\u00f3 szervn\u00e9l v\u00e9gzett alaptev\u00e9kenys\u00e9ggel kapcsolatos vizsg\u00e1latok, ellen\u0151rz\u00e9sek nyilv\u00e1nos meg\u00e1llap\u00edt\u00e1sai<br><br>Bels\u0151 ellen\u0151rz\u00e9s:<\/strong><\/p>\n\n\n\n<figure class=\"wp-block-table\"><table class=\"has-fixed-layout\"><tbody><tr><td><strong>Vizsg\u00e1lt szerv<\/strong><\/td><td><strong>Feladat<\/strong><\/td><\/tr><tr><td>Cs\u00e1volyi Napk\u00f6zi Otthonos \u00d3voda \u00e9s B\u00f6lcs\u0151de int\u00e9zm\u00e9ny B\u00f6lcs\u0151de int\u00e9zm\u00e9nyegys\u00e9ge<\/td><td>M\u0171k\u00f6d\u00e9s, l\u00e9tsz\u00e1m-gazd\u00e1lkod\u00e1s ellen\u0151rz\u00e9se<\/td><\/tr><tr><td>Fels\u0151szentiv\u00e1ni K\u00f6z\u00f6s \u00d6nkorm\u00e1nyzati Hivatal Cs\u00e1volyi Kirendelts\u00e9ge <em>(Cs\u00e1voly K\u00f6zs\u00e9gi \u00d6nkorm\u00e1nyzat vonatkoz\u00e1s\u00e1ban)<\/em><\/td><td>Kereskedelmi-ipari tev\u00e9kenys\u00e9g ell\u00e1t\u00e1s\u00e1nak, jogszab\u00e1lyi megfelel\u0151s\u00e9g\u00e9nek ellen\u0151rz\u00e9se<\/td><\/tr><\/tbody><\/table><\/figure>\n\n\n\n<p><strong>M\u00e9g nem ker\u00fclt sor 2024-ben ellen\u0151rz\u00e9sre.<\/strong><\/p>\n\n\n\n<p><strong>K\u00fcls\u0151 ellen\u0151rz\u00e9s:<\/strong><\/p>\n\n\n\n<p>2023.<\/p>\n\n\n\n<p>A B\u00e1cs-Kiskun V\u00e1rmegyei Korm\u00e1nyhivatal \u00e1ltal az anyak\u00f6nyvi elj\u00e1r\u00e1sr\u00f3l sz\u00f3l\u00f3 2010. \u00e9vi I. t\u00f6rv\u00e9ny 13. \u00a7 (2) bekezd\u00e9se, valamint, a f\u0151v\u00e1rosi \u00e9s v\u00e1rmegyei korm\u00e1nyhivatalokr\u00f3l, valamint a j\u00e1r\u00e1si (f\u0151v\u00e1rosi ker\u00fcleti) hivatalokr\u00f3l sz\u00f3l\u00f3 568\/2022. (XII.23.) korm\u00e1nyrendelet 43. \u00a7 (1) bekezd\u00e9s b) pontja alapj\u00e1n v\u00e9gzett fel\u00fcgyeleti vizsg\u00e1latr\u00f3l: <em>Hib\u00e1k, hi\u00e1nyoss\u00e1gok p\u00f3tl\u00e1s\u00e1sra 2023. okt\u00f3ber 30-ig sor ker\u00fclt.<\/em><\/p>\n\n\n\n<p>A Korm\u00e1ny az 1355\/2023. (VIII. 3.) sz\u00e1m\u00fa hat\u00e1rozat\u00e1ban a helyi \u00f6nkorm\u00e1nyzatok k\u00e9pvisel\u0151test\u00fcleteinek polg\u00e1rmesteri hivatalain\u00e1l \u00e9s k\u00f6z\u00f6s \u00f6nkorm\u00e1nyzati hivatalain\u00e1l (a tov\u00e1bbiakban egy\u00fctt: Hivatal) a korm\u00e1nyhivatalok bevon\u00e1s\u00e1val a k\u00f6zszolg\u00e1lati tisztvisel\u0151kr\u0151l sz\u00f3l\u00f3 2011. \u00e9vi CXCIX. t\u00f6rv\u00e9ny (a tov\u00e1bbiakban: Kttv.) 189.\u00a7 (1) bekezd\u00e9s\u00e9ben meghat\u00e1rozott ellen\u0151rz\u00e9s: <em>Jogszab\u00e1lys\u00e9rt\u00e9st az adott ellen\u0151rz\u00e9s vonatkoz\u00e1s\u00e1ban nem t\u00e1rtunk fel.<\/em><\/p>\n\n\n\n<p><strong>B\u00e1cs-Kiskun V\u00e1rmegyei Korm\u00e1nyhivatal Gy\u00e1m\u00fcgyi \u00e9s Igazs\u00e1g\u00fcgyi F\u0151oszt\u00e1ly Szoci\u00e1lis \u00e9s Gy\u00e1m\u00fcgyi Oszt\u00e1lya \u00e1ltal v\u00e9gzett <\/strong>\u00e1tfog\u00f3 szakmai fel\u00fcgyeleti ellen\u0151rz\u00e9s: <em>A Cs\u00e1voly K\u00f6zs\u00e9gi \u00d6nkorm\u00e1nyzat (sz\u00e9khelye: 6448 Cs\u00e1voly, Arany J\u00e1nos utca 39.) fenntart\u00e1s\u00e1ban m\u0171k\u00f6d\u0151 Cs\u00e1volyi Napk\u00f6zi Otthonos \u00d3voda \u00e9s B\u00f6lcs\u0151de (sz\u00e9khelye: 6448 Cs\u00e1voly, Arany J\u00e1nos utca 23., \u00e1gazati azonos\u00edt\u00f3ja: S0545513) \u00e1ltal m\u0171k\u00f6d\u0151 b\u00f6lcs\u0151dei ell\u00e1t\u00e1s \u2013 mini b\u00f6lcs\u0151de szolg\u00e1ltat\u00e1s tekintet\u00e9ben v\u00e9gzett 2024. \u00e9vi hat\u00f3s\u00e1gi ellen\u0151rz\u00e9s sor\u00e1n felt\u00e1rt hi\u00e1nyoss\u00e1gok megsz\u00fcntet\u00e9se t\u00e1rgy\u00e1ban megtett int\u00e9zked\u00e9seket elfogadom, az int\u00e9zked\u00e9sekr\u0151l sz\u00f3l\u00f3 fenntart\u00f3i t\u00e1j\u00e9koztat\u00e1st tudom\u00e1sul veszem.<\/em><\/p>\n\n\n\n<p><em>Erre tekintettel az enged\u00e9lyes 2024. \u00e9vi hat\u00f3s\u00e1gi ellen\u0151rz\u00e9s\u00e9t lez\u00e1rom \u00e9s az elj\u00e1r\u00e1st megsz\u00fcntetem azzal, hogy a fenntart\u00f3t folyamatosan terhel\u0151 int\u00e9zked\u00e9si k\u00f6telezetts\u00e9gek teljes\u00edt\u00e9se tekintet\u00e9ben a teljes\u00edt\u00e9s gyakorlati alkalmaz\u00e1s\u00e1t az enged\u00e9lyesek jogszab\u00e1ly szerinti, soron k\u00f6vetkez\u0151 hat\u00f3s\u00e1gi ellen\u0151rz\u00e9sei alkalm\u00e1val ism\u00e9telten ellen\u0151rz\u00f6m.<\/em><\/p>\n<div class=\"pvc_clear\"><\/div><p id=\"pvc_stats_7074\" class=\"pvc_stats all  \" data-element-id=\"7074\" style=\"\"><i class=\"pvc-stats-icon medium\" aria-hidden=\"true\"><svg aria-hidden=\"true\" focusable=\"false\" data-prefix=\"far\" data-icon=\"chart-bar\" role=\"img\" xmlns=\"http:\/\/www.w3.org\/2000\/svg\" viewBox=\"0 0 512 512\" class=\"svg-inline--fa fa-chart-bar fa-w-16 fa-2x\"><path fill=\"currentColor\" d=\"M396.8 352h22.4c6.4 0 12.8-6.4 12.8-12.8V108.8c0-6.4-6.4-12.8-12.8-12.8h-22.4c-6.4 0-12.8 6.4-12.8 12.8v230.4c0 6.4 6.4 12.8 12.8 12.8zm-192 0h22.4c6.4 0 12.8-6.4 12.8-12.8V140.8c0-6.4-6.4-12.8-12.8-12.8h-22.4c-6.4 0-12.8 6.4-12.8 12.8v198.4c0 6.4 6.4 12.8 12.8 12.8zm96 0h22.4c6.4 0 12.8-6.4 12.8-12.8V204.8c0-6.4-6.4-12.8-12.8-12.8h-22.4c-6.4 0-12.8 6.4-12.8 12.8v134.4c0 6.4 6.4 12.8 12.8 12.8zM496 400H48V80c0-8.84-7.16-16-16-16H16C7.16 64 0 71.16 0 80v336c0 17.67 14.33 32 32 32h464c8.84 0 16-7.16 16-16v-16c0-8.84-7.16-16-16-16zm-387.2-48h22.4c6.4 0 12.8-6.4 12.8-12.8v-70.4c0-6.4-6.4-12.8-12.8-12.8h-22.4c-6.4 0-12.8 6.4-12.8 12.8v70.4c0 6.4 6.4 12.8 12.8 12.8z\" class=\"\"><\/path><\/svg><\/i> <img loading=\"lazy\" decoding=\"async\" width=\"16\" height=\"16\" alt=\"Loading\" src=\"https:\/\/csavoly.hu\/wp\/wp-content\/plugins\/page-views-count\/ajax-loader-2x.gif\" border=0 \/><\/p><div class=\"pvc_clear\"><\/div>","protected":false},"excerpt":{"rendered":"<p>II. 12. A k\u00f6zfeladatot ell\u00e1t\u00f3 szervn\u00e9l v\u00e9gzett alaptev\u00e9kenys\u00e9ggel kapcsolatos vizsg\u00e1latok, ellen\u0151rz\u00e9sek nyilv\u00e1nos meg\u00e1llap\u00edt\u00e1sai Bels\u0151 ellen\u0151rz\u00e9s: Vizsg\u00e1lt szerv Feladat Cs\u00e1volyi Napk\u00f6zi Otthonos \u00d3voda \u00e9s B\u00f6lcs\u0151de int\u00e9zm\u00e9ny B\u00f6lcs\u0151de int\u00e9zm\u00e9nyegys\u00e9ge M\u0171k\u00f6d\u00e9s, l\u00e9tsz\u00e1m-gazd\u00e1lkod\u00e1s ellen\u0151rz\u00e9se Fels\u0151szentiv\u00e1ni K\u00f6z\u00f6s \u00d6nkorm\u00e1nyzati Hivatal Cs\u00e1volyi Kirendelts\u00e9ge (Cs\u00e1voly K\u00f6zs\u00e9gi \u00d6nkorm\u00e1nyzat vonatkoz\u00e1s\u00e1ban) Kereskedelmi-ipari tev\u00e9kenys\u00e9g ell\u00e1t\u00e1s\u00e1nak, jogszab\u00e1lyi megfelel\u0151s\u00e9g\u00e9nek ellen\u0151rz\u00e9se M\u00e9g nem ker\u00fclt sor 2024-ben ellen\u0151rz\u00e9sre. K\u00fcls\u0151 ellen\u0151rz\u00e9s: 2023. &hellip; <a href=\"https:\/\/csavoly.hu\/wp\/?page_id=7074\" class=\"more-link\"><span class=\"screen-reader-text\">A k\u00f6zfeladatot ell\u00e1t\u00f3 szervn\u00e9l v\u00e9gzett alaptev\u00e9kenys\u00e9ggel kapcsolatos vizsg\u00e1latok, ellen\u0151rz\u00e9sek nyilv\u00e1nos meg\u00e1llap\u00edt\u00e1sai<\/span> b\u0151vebben&#8230; <span class=\"meta-nav\">&rarr;<\/span><\/a><\/p>\n<div class=\"pvc_clear\"><\/div>\n<p id=\"pvc_stats_7074\" class=\"pvc_stats all  \" data-element-id=\"7074\" style=\"\"><i class=\"pvc-stats-icon medium\" aria-hidden=\"true\"><svg aria-hidden=\"true\" focusable=\"false\" data-prefix=\"far\" data-icon=\"chart-bar\" role=\"img\" xmlns=\"http:\/\/www.w3.org\/2000\/svg\" viewBox=\"0 0 512 512\" class=\"svg-inline--fa fa-chart-bar fa-w-16 fa-2x\"><path fill=\"currentColor\" d=\"M396.8 352h22.4c6.4 0 12.8-6.4 12.8-12.8V108.8c0-6.4-6.4-12.8-12.8-12.8h-22.4c-6.4 0-12.8 6.4-12.8 12.8v230.4c0 6.4 6.4 12.8 12.8 12.8zm-192 0h22.4c6.4 0 12.8-6.4 12.8-12.8V140.8c0-6.4-6.4-12.8-12.8-12.8h-22.4c-6.4 0-12.8 6.4-12.8 12.8v198.4c0 6.4 6.4 12.8 12.8 12.8zm96 0h22.4c6.4 0 12.8-6.4 12.8-12.8V204.8c0-6.4-6.4-12.8-12.8-12.8h-22.4c-6.4 0-12.8 6.4-12.8 12.8v134.4c0 6.4 6.4 12.8 12.8 12.8zM496 400H48V80c0-8.84-7.16-16-16-16H16C7.16 64 0 71.16 0 80v336c0 17.67 14.33 32 32 32h464c8.84 0 16-7.16 16-16v-16c0-8.84-7.16-16-16-16zm-387.2-48h22.4c6.4 0 12.8-6.4 12.8-12.8v-70.4c0-6.4-6.4-12.8-12.8-12.8h-22.4c-6.4 0-12.8 6.4-12.8 12.8v70.4c0 6.4 6.4 12.8 12.8 12.8z\" class=\"\"><\/path><\/svg><\/i> <img loading=\"lazy\" decoding=\"async\" width=\"16\" height=\"16\" alt=\"Loading\" src=\"https:\/\/csavoly.hu\/wp\/wp-content\/plugins\/page-views-count\/ajax-loader-2x.gif\" border=0 \/><\/p>\n<div class=\"pvc_clear\"><\/div>\n","protected":false},"author":3,"featured_media":0,"parent":0,"menu_order":0,"comment_status":"closed","ping_status":"closed","template":"","meta":{"footnotes":""},"class_list":["post-7074","page","type-page","status-publish","hentry"],"_links":{"self":[{"href":"https:\/\/csavoly.hu\/wp\/index.php?rest_route=\/wp\/v2\/pages\/7074"}],"collection":[{"href":"https:\/\/csavoly.hu\/wp\/index.php?rest_route=\/wp\/v2\/pages"}],"about":[{"href":"https:\/\/csavoly.hu\/wp\/index.php?rest_route=\/wp\/v2\/types\/page"}],"author":[{"embeddable":true,"href":"https:\/\/csavoly.hu\/wp\/index.php?rest_route=\/wp\/v2\/users\/3"}],"replies":[{"embeddable":true,"href":"https:\/\/csavoly.hu\/wp\/index.php?rest_route=%2Fwp%2Fv2%2Fcomments&post=7074"}],"version-history":[{"count":2,"href":"https:\/\/csavoly.hu\/wp\/index.php?rest_route=\/wp\/v2\/pages\/7074\/revisions"}],"predecessor-version":[{"id":7467,"href":"https:\/\/csavoly.hu\/wp\/index.php?rest_route=\/wp\/v2\/pages\/7074\/revisions\/7467"}],"wp:attachment":[{"href":"https:\/\/csavoly.hu\/wp\/index.php?rest_route=%2Fwp%2Fv2%2Fmedia&parent=7074"}],"curies":[{"name":"wp","href":"https:\/\/api.w.org\/{rel}","templated":true}]}}