{"id":72,"date":"2015-09-23T07:51:30","date_gmt":"2015-09-23T07:51:30","guid":{"rendered":"http:\/\/csavoly.hu\/wp\/?p=72"},"modified":"2020-05-13T10:22:12","modified_gmt":"2020-05-13T08:22:12","slug":"nemet-nemzetisegi-onkormanyzat-2","status":"publish","type":"page","link":"https:\/\/csavoly.hu\/wp\/?page_id=72","title":{"rendered":"N\u00e9met Nemzetis\u00e9gi \u00d6nkorm\u00e1nyzat"},"content":{"rendered":"<h1><a href=\"https:\/\/csavoly.hu\/wp\/wp-content\/uploads\/2015\/09\/SZMSZ-N\u00e9met-Nemzetis\u00e9gi-\u00d6nkorm\u00e1nyzat.pdf\" target=\"_blank\" rel=\"noopener noreferrer\">Szervezeti \u00e9s M\u0171k\u00f6d\u00e9si Szab\u00e1lyzat<\/a><\/h1>\n<h1><a href=\"https:\/\/csavoly.hu\/wp\/?page_id=1030\" target=\"_blank\" rel=\"noopener noreferrer\">TAGOK<\/a><\/h1>\n<h1><a href=\"https:\/\/csavoly.hu\/wp\/?page_id=978\" target=\"_blank\" rel=\"noopener noreferrer\">TEST\u00dcLETI \u00dcL\u00c9SEK<\/a><\/h1>\n","protected":false},"excerpt":{"rendered":"<p>Szervezeti \u00e9s M\u0171k\u00f6d\u00e9si Szab\u00e1lyzat TAGOK TEST\u00dcLETI \u00dcL\u00c9SEK<\/p>\n","protected":false},"author":1,"featured_media":0,"parent":0,"menu_order":0,"comment_status":"closed","ping_status":"open","template":"","meta":{"footnotes":""},"class_list":["post-72","page","type-page","status-publish","hentry"],"_links":{"self":[{"href":"https:\/\/csavoly.hu\/wp\/index.php?rest_route=\/wp\/v2\/pages\/72"}],"collection":[{"href":"https:\/\/csavoly.hu\/wp\/index.php?rest_route=\/wp\/v2\/pages"}],"about":[{"href":"https:\/\/csavoly.hu\/wp\/index.php?rest_route=\/wp\/v2\/types\/page"}],"author":[{"embeddable":true,"href":"https:\/\/csavoly.hu\/wp\/index.php?rest_route=\/wp\/v2\/users\/1"}],"replies":[{"embeddable":true,"href":"https:\/\/csavoly.hu\/wp\/index.php?rest_route=%2Fwp%2Fv2%2Fcomments&post=72"}],"version-history":[{"count":4,"href":"https:\/\/csavoly.hu\/wp\/index.php?rest_route=\/wp\/v2\/pages\/72\/revisions"}],"predecessor-version":[{"id":2809,"href":"https:\/\/csavoly.hu\/wp\/index.php?rest_route=\/wp\/v2\/pages\/72\/revisions\/2809"}],"wp:attachment":[{"href":"https:\/\/csavoly.hu\/wp\/index.php?rest_route=%2Fwp%2Fv2%2Fmedia&parent=72"}],"curies":[{"name":"wp","href":"https:\/\/api.w.org\/{rel}","templated":true}]}}