{"id":7282,"date":"2024-09-30T11:57:35","date_gmt":"2024-09-30T09:57:35","guid":{"rendered":"https:\/\/csavoly.hu\/wp\/?page_id=7282"},"modified":"2024-09-30T11:57:36","modified_gmt":"2024-09-30T09:57:36","slug":"2024-04-25","status":"publish","type":"page","link":"https:\/\/csavoly.hu\/wp\/?page_id=7282","title":{"rendered":"2024.04.25."},"content":{"rendered":"\n<div data-wp-interactive=\"core\/file\" class=\"wp-block-file\"><object data-wp-bind--hidden=\"!state.hasPdfPreview\"  class=\"wp-block-file__embed\" data=\"https:\/\/csavoly.hu\/wp\/wp-content\/uploads\/2024\/09\/Meghivo_2024.04.25_PB.pdf\" type=\"application\/pdf\" style=\"width:100%;height:600px\" aria-label=\"Megh\u00edv\u00f3_2024.04.25_PB be\u00e1gyaz\u00e1sa\"><\/object><a id=\"wp-block-file--media-f370c9da-8263-4188-9cdd-7f2d2e8ad0ed\" href=\"https:\/\/csavoly.hu\/wp\/wp-content\/uploads\/2024\/09\/Meghivo_2024.04.25_PB.pdf\">Megh\u00edv\u00f3_2024.04.25_PB<\/a><a href=\"https:\/\/csavoly.hu\/wp\/wp-content\/uploads\/2024\/09\/Meghivo_2024.04.25_PB.pdf\" class=\"wp-block-file__button wp-element-button\" download aria-describedby=\"wp-block-file--media-f370c9da-8263-4188-9cdd-7f2d2e8ad0ed\">Let\u00f6lt\u00e9s<\/a><\/div>\n\n\n\n<div data-wp-interactive=\"core\/file\" class=\"wp-block-file\"><object data-wp-bind--hidden=\"!state.hasPdfPreview\"  class=\"wp-block-file__embed\" data=\"https:\/\/csavoly.hu\/wp\/wp-content\/uploads\/2024\/09\/1_2023.-evi-ktgv-mod_teljes-6.pdf\" type=\"application\/pdf\" style=\"width:100%;height:600px\" aria-label=\"1_2023. \u00e9vi ktgv m\u00f3d_teljes (6) be\u00e1gyaz\u00e1sa\"><\/object><a id=\"wp-block-file--media-01a9b79e-d55f-414d-b8e2-0ac10267a4f4\" href=\"https:\/\/csavoly.hu\/wp\/wp-content\/uploads\/2024\/09\/1_2023.-evi-ktgv-mod_teljes-6.pdf\">1_2023. \u00e9vi ktgv m\u00f3d_teljes (6)<\/a><a href=\"https:\/\/csavoly.hu\/wp\/wp-content\/uploads\/2024\/09\/1_2023.-evi-ktgv-mod_teljes-6.pdf\" class=\"wp-block-file__button wp-element-button\" download aria-describedby=\"wp-block-file--media-01a9b79e-d55f-414d-b8e2-0ac10267a4f4\">Let\u00f6lt\u00e9s<\/a><\/div>\n\n\n\n<div data-wp-interactive=\"core\/file\" class=\"wp-block-file\"><object data-wp-bind--hidden=\"!state.hasPdfPreview\"  class=\"wp-block-file__embed\" data=\"https:\/\/csavoly.hu\/wp\/wp-content\/uploads\/2024\/09\/2.-Et_Csavoly-Kozsegi-Onkormanyzat-2023.-evi-koltsegvetesenek-vegrehajtasa-8.pdf\" type=\"application\/pdf\" style=\"width:100%;height:600px\" aria-label=\"2. Et_Cs\u00e1voly K\u00f6zs\u00e9gi \u00d6nkorm\u00e1nyzat 2023. \u00e9vi k\u00f6lts\u00e9gvet\u00e9s\u00e9nek v\u00e9grehajt\u00e1sa (8) be\u00e1gyaz\u00e1sa\"><\/object><a id=\"wp-block-file--media-2456e786-803b-4136-9874-4456b18291a6\" href=\"https:\/\/csavoly.hu\/wp\/wp-content\/uploads\/2024\/09\/2.-Et_Csavoly-Kozsegi-Onkormanyzat-2023.-evi-koltsegvetesenek-vegrehajtasa-8.pdf\">2. Et_Cs\u00e1voly K\u00f6zs\u00e9gi \u00d6nkorm\u00e1nyzat 2023. \u00e9vi k\u00f6lts\u00e9gvet\u00e9s\u00e9nek v\u00e9grehajt\u00e1sa (8)<\/a><a href=\"https:\/\/csavoly.hu\/wp\/wp-content\/uploads\/2024\/09\/2.-Et_Csavoly-Kozsegi-Onkormanyzat-2023.-evi-koltsegvetesenek-vegrehajtasa-8.pdf\" class=\"wp-block-file__button wp-element-button\" download aria-describedby=\"wp-block-file--media-2456e786-803b-4136-9874-4456b18291a6\">Let\u00f6lt\u00e9s<\/a><\/div>\n\n\n\n<div data-wp-interactive=\"core\/file\" class=\"wp-block-file\"><object data-wp-bind--hidden=\"!state.hasPdfPreview\"  class=\"wp-block-file__embed\" data=\"https:\/\/csavoly.hu\/wp\/wp-content\/uploads\/2024\/09\/3_KOH-ktgv_teljes-4.pdf\" type=\"application\/pdf\" style=\"width:100%;height:600px\" aria-label=\"3_K\u00d6H ktgv_teljes (4) be\u00e1gyaz\u00e1sa\"><\/object><a id=\"wp-block-file--media-747b39ce-eb80-49e5-9095-061f8b22462c\" href=\"https:\/\/csavoly.hu\/wp\/wp-content\/uploads\/2024\/09\/3_KOH-ktgv_teljes-4.pdf\">3_K\u00d6H ktgv_teljes (4)<\/a><a href=\"https:\/\/csavoly.hu\/wp\/wp-content\/uploads\/2024\/09\/3_KOH-ktgv_teljes-4.pdf\" class=\"wp-block-file__button wp-element-button\" download aria-describedby=\"wp-block-file--media-747b39ce-eb80-49e5-9095-061f8b22462c\">Let\u00f6lt\u00e9s<\/a><\/div>\n\n\n\n<div data-wp-interactive=\"core\/file\" class=\"wp-block-file\"><object data-wp-bind--hidden=\"!state.hasPdfPreview\"  class=\"wp-block-file__embed\" data=\"https:\/\/csavoly.hu\/wp\/wp-content\/uploads\/2024\/09\/4.-Et_KOH-2023.-evi-zarszamadas-7.pdf\" type=\"application\/pdf\" style=\"width:100%;height:600px\" aria-label=\"4. Et_K\u00d6H 2023. \u00e9vi z\u00e1rsz\u00e1mad\u00e1s (7) be\u00e1gyaz\u00e1sa\"><\/object><a id=\"wp-block-file--media-f7011d9f-6b03-4c68-acfa-2da3841acc47\" href=\"https:\/\/csavoly.hu\/wp\/wp-content\/uploads\/2024\/09\/4.-Et_KOH-2023.-evi-zarszamadas-7.pdf\">4. Et_K\u00d6H 2023. \u00e9vi z\u00e1rsz\u00e1mad\u00e1s (7)<\/a><a href=\"https:\/\/csavoly.hu\/wp\/wp-content\/uploads\/2024\/09\/4.-Et_KOH-2023.-evi-zarszamadas-7.pdf\" class=\"wp-block-file__button wp-element-button\" download aria-describedby=\"wp-block-file--media-f7011d9f-6b03-4c68-acfa-2da3841acc47\">Let\u00f6lt\u00e9s<\/a><\/div>\n\n\n\n<div data-wp-interactive=\"core\/file\" class=\"wp-block-file\"><object data-wp-bind--hidden=\"!state.hasPdfPreview\"  class=\"wp-block-file__embed\" data=\"https:\/\/csavoly.hu\/wp\/wp-content\/uploads\/2024\/09\/5.-Et_2023.-evi-belso-ellenori-jelentes-5.pdf\" type=\"application\/pdf\" style=\"width:100%;height:600px\" aria-label=\"5. Et_2023. \u00e9vi bels\u0151 ellen\u0151ri jelent\u00e9s (5) be\u00e1gyaz\u00e1sa\"><\/object><a id=\"wp-block-file--media-660b6e2d-365c-4560-b80d-43e23dae1805\" href=\"https:\/\/csavoly.hu\/wp\/wp-content\/uploads\/2024\/09\/5.-Et_2023.-evi-belso-ellenori-jelentes-5.pdf\">5. Et_2023. \u00e9vi bels\u0151 ellen\u0151ri jelent\u00e9s (5)<\/a><a href=\"https:\/\/csavoly.hu\/wp\/wp-content\/uploads\/2024\/09\/5.-Et_2023.-evi-belso-ellenori-jelentes-5.pdf\" class=\"wp-block-file__button wp-element-button\" download aria-describedby=\"wp-block-file--media-660b6e2d-365c-4560-b80d-43e23dae1805\">Let\u00f6lt\u00e9s<\/a><\/div>\n\n\n\n<div data-wp-interactive=\"core\/file\" class=\"wp-block-file\"><object data-wp-bind--hidden=\"!state.hasPdfPreview\"  class=\"wp-block-file__embed\" data=\"https:\/\/csavoly.hu\/wp\/wp-content\/uploads\/2024\/09\/6_et_nonprofit-uzleti-terv-2024-9.pdf\" type=\"application\/pdf\" style=\"width:100%;height:600px\" aria-label=\"6_et_nonprofit \u00fczleti terv 2024 (9) be\u00e1gyaz\u00e1sa\"><\/object><a id=\"wp-block-file--media-502772ae-ffcf-4b05-b3e7-057e00ad7d2f\" href=\"https:\/\/csavoly.hu\/wp\/wp-content\/uploads\/2024\/09\/6_et_nonprofit-uzleti-terv-2024-9.pdf\">6_et_nonprofit \u00fczleti terv 2024 (9)<\/a><a href=\"https:\/\/csavoly.hu\/wp\/wp-content\/uploads\/2024\/09\/6_et_nonprofit-uzleti-terv-2024-9.pdf\" class=\"wp-block-file__button wp-element-button\" download aria-describedby=\"wp-block-file--media-502772ae-ffcf-4b05-b3e7-057e00ad7d2f\">Let\u00f6lt\u00e9s<\/a><\/div>\n<div class=\"pvc_clear\"><\/div><p id=\"pvc_stats_7282\" class=\"pvc_stats all  \" data-element-id=\"7282\" style=\"\"><i class=\"pvc-stats-icon medium\" aria-hidden=\"true\"><svg aria-hidden=\"true\" focusable=\"false\" data-prefix=\"far\" data-icon=\"chart-bar\" role=\"img\" xmlns=\"http:\/\/www.w3.org\/2000\/svg\" viewBox=\"0 0 512 512\" class=\"svg-inline--fa fa-chart-bar fa-w-16 fa-2x\"><path fill=\"currentColor\" d=\"M396.8 352h22.4c6.4 0 12.8-6.4 12.8-12.8V108.8c0-6.4-6.4-12.8-12.8-12.8h-22.4c-6.4 0-12.8 6.4-12.8 12.8v230.4c0 6.4 6.4 12.8 12.8 12.8zm-192 0h22.4c6.4 0 12.8-6.4 12.8-12.8V140.8c0-6.4-6.4-12.8-12.8-12.8h-22.4c-6.4 0-12.8 6.4-12.8 12.8v198.4c0 6.4 6.4 12.8 12.8 12.8zm96 0h22.4c6.4 0 12.8-6.4 12.8-12.8V204.8c0-6.4-6.4-12.8-12.8-12.8h-22.4c-6.4 0-12.8 6.4-12.8 12.8v134.4c0 6.4 6.4 12.8 12.8 12.8zM496 400H48V80c0-8.84-7.16-16-16-16H16C7.16 64 0 71.16 0 80v336c0 17.67 14.33 32 32 32h464c8.84 0 16-7.16 16-16v-16c0-8.84-7.16-16-16-16zm-387.2-48h22.4c6.4 0 12.8-6.4 12.8-12.8v-70.4c0-6.4-6.4-12.8-12.8-12.8h-22.4c-6.4 0-12.8 6.4-12.8 12.8v70.4c0 6.4 6.4 12.8 12.8 12.8z\" class=\"\"><\/path><\/svg><\/i> <img loading=\"lazy\" decoding=\"async\" width=\"16\" height=\"16\" alt=\"Loading\" src=\"https:\/\/csavoly.hu\/wp\/wp-content\/plugins\/page-views-count\/ajax-loader-2x.gif\" border=0 \/><\/p><div class=\"pvc_clear\"><\/div>","protected":false},"excerpt":{"rendered":"<div class=\"pvc_clear\"><\/div>\n<p id=\"pvc_stats_7282\" class=\"pvc_stats all  \" data-element-id=\"7282\" style=\"\"><i class=\"pvc-stats-icon medium\" aria-hidden=\"true\"><svg aria-hidden=\"true\" focusable=\"false\" data-prefix=\"far\" data-icon=\"chart-bar\" role=\"img\" xmlns=\"http:\/\/www.w3.org\/2000\/svg\" viewBox=\"0 0 512 512\" class=\"svg-inline--fa fa-chart-bar fa-w-16 fa-2x\"><path fill=\"currentColor\" d=\"M396.8 352h22.4c6.4 0 12.8-6.4 12.8-12.8V108.8c0-6.4-6.4-12.8-12.8-12.8h-22.4c-6.4 0-12.8 6.4-12.8 12.8v230.4c0 6.4 6.4 12.8 12.8 12.8zm-192 0h22.4c6.4 0 12.8-6.4 12.8-12.8V140.8c0-6.4-6.4-12.8-12.8-12.8h-22.4c-6.4 0-12.8 6.4-12.8 12.8v198.4c0 6.4 6.4 12.8 12.8 12.8zm96 0h22.4c6.4 0 12.8-6.4 12.8-12.8V204.8c0-6.4-6.4-12.8-12.8-12.8h-22.4c-6.4 0-12.8 6.4-12.8 12.8v134.4c0 6.4 6.4 12.8 12.8 12.8zM496 400H48V80c0-8.84-7.16-16-16-16H16C7.16 64 0 71.16 0 80v336c0 17.67 14.33 32 32 32h464c8.84 0 16-7.16 16-16v-16c0-8.84-7.16-16-16-16zm-387.2-48h22.4c6.4 0 12.8-6.4 12.8-12.8v-70.4c0-6.4-6.4-12.8-12.8-12.8h-22.4c-6.4 0-12.8 6.4-12.8 12.8v70.4c0 6.4 6.4 12.8 12.8 12.8z\" class=\"\"><\/path><\/svg><\/i> <img loading=\"lazy\" decoding=\"async\" width=\"16\" height=\"16\" alt=\"Loading\" src=\"https:\/\/csavoly.hu\/wp\/wp-content\/plugins\/page-views-count\/ajax-loader-2x.gif\" border=0 \/><\/p>\n<div class=\"pvc_clear\"><\/div>\n","protected":false},"author":3,"featured_media":0,"parent":0,"menu_order":0,"comment_status":"closed","ping_status":"closed","template":"","meta":{"footnotes":""},"class_list":["post-7282","page","type-page","status-publish","hentry"],"_links":{"self":[{"href":"https:\/\/csavoly.hu\/wp\/index.php?rest_route=\/wp\/v2\/pages\/7282"}],"collection":[{"href":"https:\/\/csavoly.hu\/wp\/index.php?rest_route=\/wp\/v2\/pages"}],"about":[{"href":"https:\/\/csavoly.hu\/wp\/index.php?rest_route=\/wp\/v2\/types\/page"}],"author":[{"embeddable":true,"href":"https:\/\/csavoly.hu\/wp\/index.php?rest_route=\/wp\/v2\/users\/3"}],"replies":[{"embeddable":true,"href":"https:\/\/csavoly.hu\/wp\/index.php?rest_route=%2Fwp%2Fv2%2Fcomments&post=7282"}],"version-history":[{"count":1,"href":"https:\/\/csavoly.hu\/wp\/index.php?rest_route=\/wp\/v2\/pages\/7282\/revisions"}],"predecessor-version":[{"id":7290,"href":"https:\/\/csavoly.hu\/wp\/index.php?rest_route=\/wp\/v2\/pages\/7282\/revisions\/7290"}],"wp:attachment":[{"href":"https:\/\/csavoly.hu\/wp\/index.php?rest_route=%2Fwp%2Fv2%2Fmedia&parent=7282"}],"curies":[{"name":"wp","href":"https:\/\/api.w.org\/{rel}","templated":true}]}}