{"id":7293,"date":"2024-09-30T12:01:51","date_gmt":"2024-09-30T10:01:51","guid":{"rendered":"https:\/\/csavoly.hu\/wp\/?page_id=7293"},"modified":"2024-09-30T12:01:51","modified_gmt":"2024-09-30T10:01:51","slug":"2024-05-29","status":"publish","type":"page","link":"https:\/\/csavoly.hu\/wp\/?page_id=7293","title":{"rendered":"2024.05.29."},"content":{"rendered":"\n<div data-wp-interactive=\"core\/file\" class=\"wp-block-file\"><object data-wp-bind--hidden=\"!state.hasPdfPreview\"  class=\"wp-block-file__embed\" data=\"https:\/\/csavoly.hu\/wp\/wp-content\/uploads\/2024\/09\/Meghivo_2024.05.29.pdf\" type=\"application\/pdf\" style=\"width:100%;height:600px\" aria-label=\"Megh\u00edv\u00f3_2024.05.29. be\u00e1gyaz\u00e1sa\"><\/object><a id=\"wp-block-file--media-924c7c2c-9749-4747-a322-c4e6d33abea3\" href=\"https:\/\/csavoly.hu\/wp\/wp-content\/uploads\/2024\/09\/Meghivo_2024.05.29.pdf\">Megh\u00edv\u00f3_2024.05.29.<\/a><a href=\"https:\/\/csavoly.hu\/wp\/wp-content\/uploads\/2024\/09\/Meghivo_2024.05.29.pdf\" class=\"wp-block-file__button wp-element-button\" download aria-describedby=\"wp-block-file--media-924c7c2c-9749-4747-a322-c4e6d33abea3\">Let\u00f6lt\u00e9s<\/a><\/div>\n\n\n\n<div data-wp-interactive=\"core\/file\" class=\"wp-block-file\"><object data-wp-bind--hidden=\"!state.hasPdfPreview\"  class=\"wp-block-file__embed\" data=\"https:\/\/csavoly.hu\/wp\/wp-content\/uploads\/2024\/09\/1.-Et_panaszklezelesi-eljaras-kapcsan-kapott-torvenyessegi-felhivasrol_mellekletek.pdf\" type=\"application\/pdf\" style=\"width:100%;height:600px\" aria-label=\"1. Et_panaszklezel\u00e9si elj\u00e1r\u00e1s kapcs\u00e1n kapott t\u00f6rv\u00e9nyess\u00e9gi felh\u00edv\u00e1sr\u00f3l_mell\u00e9kletek be\u00e1gyaz\u00e1sa\"><\/object><a id=\"wp-block-file--media-d842e7fb-5af4-44f7-b386-9dc9c159efae\" href=\"https:\/\/csavoly.hu\/wp\/wp-content\/uploads\/2024\/09\/1.-Et_panaszklezelesi-eljaras-kapcsan-kapott-torvenyessegi-felhivasrol_mellekletek.pdf\">1. Et_panaszklezel\u00e9si elj\u00e1r\u00e1s kapcs\u00e1n kapott t\u00f6rv\u00e9nyess\u00e9gi felh\u00edv\u00e1sr\u00f3l_mell\u00e9kletek<\/a><a href=\"https:\/\/csavoly.hu\/wp\/wp-content\/uploads\/2024\/09\/1.-Et_panaszklezelesi-eljaras-kapcsan-kapott-torvenyessegi-felhivasrol_mellekletek.pdf\" class=\"wp-block-file__button wp-element-button\" download aria-describedby=\"wp-block-file--media-d842e7fb-5af4-44f7-b386-9dc9c159efae\">Let\u00f6lt\u00e9s<\/a><\/div>\n\n\n\n<div data-wp-interactive=\"core\/file\" class=\"wp-block-file\"><object data-wp-bind--hidden=\"!state.hasPdfPreview\"  class=\"wp-block-file__embed\" data=\"https:\/\/csavoly.hu\/wp\/wp-content\/uploads\/2024\/09\/2.-Et_Kavezo-uzemelteteserol-4.pdf\" type=\"application\/pdf\" style=\"width:100%;height:600px\" aria-label=\"2. Et_K\u00e1v\u00e9z\u00f3 \u00fczemeltet\u00e9s\u00e9r\u0151l (4) be\u00e1gyaz\u00e1sa\"><\/object><a id=\"wp-block-file--media-ff0949f0-841c-42a7-b72e-e8b594e9847c\" href=\"https:\/\/csavoly.hu\/wp\/wp-content\/uploads\/2024\/09\/2.-Et_Kavezo-uzemelteteserol-4.pdf\">2. Et_K\u00e1v\u00e9z\u00f3 \u00fczemeltet\u00e9s\u00e9r\u0151l (4)<\/a><a href=\"https:\/\/csavoly.hu\/wp\/wp-content\/uploads\/2024\/09\/2.-Et_Kavezo-uzemelteteserol-4.pdf\" class=\"wp-block-file__button wp-element-button\" download aria-describedby=\"wp-block-file--media-ff0949f0-841c-42a7-b72e-e8b594e9847c\">Let\u00f6lt\u00e9s<\/a><\/div>\n\n\n\n<div data-wp-interactive=\"core\/file\" class=\"wp-block-file\"><object data-wp-bind--hidden=\"!state.hasPdfPreview\"  class=\"wp-block-file__embed\" data=\"https:\/\/csavoly.hu\/wp\/wp-content\/uploads\/2024\/09\/3.-Et_Onkormanyzati-tulajdonu-gazdasagi-Tarsasagok-2023.-evi-gazdalkodasa-5.pdf\" type=\"application\/pdf\" style=\"width:100%;height:600px\" aria-label=\"3. Et_\u00d6nkorm\u00e1nyzati tulajdon\u00fa gazdas\u00e1gi T\u00e1rsas\u00e1gok 2023. \u00e9vi gazd\u00e1lkod\u00e1sa (5) be\u00e1gyaz\u00e1sa\"><\/object><a id=\"wp-block-file--media-30838438-2036-4267-ae36-0d451204e94d\" href=\"https:\/\/csavoly.hu\/wp\/wp-content\/uploads\/2024\/09\/3.-Et_Onkormanyzati-tulajdonu-gazdasagi-Tarsasagok-2023.-evi-gazdalkodasa-5.pdf\">3. Et_\u00d6nkorm\u00e1nyzati tulajdon\u00fa gazdas\u00e1gi T\u00e1rsas\u00e1gok 2023. \u00e9vi gazd\u00e1lkod\u00e1sa (5)<\/a><a href=\"https:\/\/csavoly.hu\/wp\/wp-content\/uploads\/2024\/09\/3.-Et_Onkormanyzati-tulajdonu-gazdasagi-Tarsasagok-2023.-evi-gazdalkodasa-5.pdf\" class=\"wp-block-file__button wp-element-button\" download aria-describedby=\"wp-block-file--media-30838438-2036-4267-ae36-0d451204e94d\">Let\u00f6lt\u00e9s<\/a><\/div>\n\n\n\n<div data-wp-interactive=\"core\/file\" class=\"wp-block-file\"><object data-wp-bind--hidden=\"!state.hasPdfPreview\"  class=\"wp-block-file__embed\" data=\"https:\/\/csavoly.hu\/wp\/wp-content\/uploads\/2024\/09\/4.-Et_Onkormanyzati-Tulajdonu-Gazdasagi-Tarsasagok-2024.-evi-uzleti-terve-6.pdf\" type=\"application\/pdf\" style=\"width:100%;height:600px\" aria-label=\"4. Et_\u00d6nkorm\u00e1nyzati Tulajdon\u00fa Gazdas\u00e1gi T\u00e1rsas\u00e1gok 2024. \u00e9vi \u00fczleti terve (6) be\u00e1gyaz\u00e1sa\"><\/object><a id=\"wp-block-file--media-7da7308f-c80c-405d-8610-0894f81fa10a\" href=\"https:\/\/csavoly.hu\/wp\/wp-content\/uploads\/2024\/09\/4.-Et_Onkormanyzati-Tulajdonu-Gazdasagi-Tarsasagok-2024.-evi-uzleti-terve-6.pdf\">4. Et_\u00d6nkorm\u00e1nyzati Tulajdon\u00fa Gazdas\u00e1gi T\u00e1rsas\u00e1gok 2024. \u00e9vi \u00fczleti terve (6)<\/a><a href=\"https:\/\/csavoly.hu\/wp\/wp-content\/uploads\/2024\/09\/4.-Et_Onkormanyzati-Tulajdonu-Gazdasagi-Tarsasagok-2024.-evi-uzleti-terve-6.pdf\" class=\"wp-block-file__button wp-element-button\" download aria-describedby=\"wp-block-file--media-7da7308f-c80c-405d-8610-0894f81fa10a\">Let\u00f6lt\u00e9s<\/a><\/div>\n\n\n\n<div data-wp-interactive=\"core\/file\" class=\"wp-block-file\"><object data-wp-bind--hidden=\"!state.hasPdfPreview\"  class=\"wp-block-file__embed\" data=\"https:\/\/csavoly.hu\/wp\/wp-content\/uploads\/2024\/09\/5.-Et_Tarsulasok-konzorciumok-2023.-evi-beszamoloja-2024.-evi-kultsegvetese-7.pdf\" type=\"application\/pdf\" style=\"width:100%;height:600px\" aria-label=\"5. Et_T\u00e1rsul\u00e1sok, konzorciumok 2023. \u00e9vi besz\u00e1mol\u00f3ja, 2024. \u00e9vi k\u00fclts\u00e9gvet\u00e9se (7) be\u00e1gyaz\u00e1sa\"><\/object><a id=\"wp-block-file--media-4dee1245-9de4-4b36-bc0c-c2944bd401be\" href=\"https:\/\/csavoly.hu\/wp\/wp-content\/uploads\/2024\/09\/5.-Et_Tarsulasok-konzorciumok-2023.-evi-beszamoloja-2024.-evi-kultsegvetese-7.pdf\">5. Et_T\u00e1rsul\u00e1sok, konzorciumok 2023. \u00e9vi besz\u00e1mol\u00f3ja, 2024. \u00e9vi k\u00fclts\u00e9gvet\u00e9se (7)<\/a><a href=\"https:\/\/csavoly.hu\/wp\/wp-content\/uploads\/2024\/09\/5.-Et_Tarsulasok-konzorciumok-2023.-evi-beszamoloja-2024.-evi-kultsegvetese-7.pdf\" class=\"wp-block-file__button wp-element-button\" download aria-describedby=\"wp-block-file--media-4dee1245-9de4-4b36-bc0c-c2944bd401be\">Let\u00f6lt\u00e9s<\/a><\/div>\n\n\n\n<div data-wp-interactive=\"core\/file\" class=\"wp-block-file\"><object data-wp-bind--hidden=\"!state.hasPdfPreview\"  class=\"wp-block-file__embed\" data=\"https:\/\/csavoly.hu\/wp\/wp-content\/uploads\/2024\/09\/6.-Et_-ovodai-csorortok-szama_2024_2025.-8.pdf\" type=\"application\/pdf\" style=\"width:100%;height:600px\" aria-label=\"6. Et_ \u00f3vodai csorortok sz\u00e1ma_2024_2025. (8) be\u00e1gyaz\u00e1sa\"><\/object><a id=\"wp-block-file--media-adce5885-f06a-403b-ac5d-2b6e23d74d3d\" href=\"https:\/\/csavoly.hu\/wp\/wp-content\/uploads\/2024\/09\/6.-Et_-ovodai-csorortok-szama_2024_2025.-8.pdf\">6. Et_ \u00f3vodai csorortok sz\u00e1ma_2024_2025. (8)<\/a><a href=\"https:\/\/csavoly.hu\/wp\/wp-content\/uploads\/2024\/09\/6.-Et_-ovodai-csorortok-szama_2024_2025.-8.pdf\" class=\"wp-block-file__button wp-element-button\" download aria-describedby=\"wp-block-file--media-adce5885-f06a-403b-ac5d-2b6e23d74d3d\">Let\u00f6lt\u00e9s<\/a><\/div>\n\n\n\n<div data-wp-interactive=\"core\/file\" class=\"wp-block-file\"><object data-wp-bind--hidden=\"!state.hasPdfPreview\"  class=\"wp-block-file__embed\" data=\"https:\/\/csavoly.hu\/wp\/wp-content\/uploads\/2024\/09\/7.-Et_mini-bolcsode-mukodese_-fentartoi-ertekeles-10.pdf\" type=\"application\/pdf\" style=\"width:100%;height:600px\" aria-label=\"7. Et_mini b\u00f6lcs\u0151de m\u0171k\u00f6dese_ fentart\u00f3i \u00e9rt\u00e9kel\u00e9s (10) be\u00e1gyaz\u00e1sa\"><\/object><a id=\"wp-block-file--media-4c1bdceb-262e-4337-987f-150c65080f70\" href=\"https:\/\/csavoly.hu\/wp\/wp-content\/uploads\/2024\/09\/7.-Et_mini-bolcsode-mukodese_-fentartoi-ertekeles-10.pdf\">7. Et_mini b\u00f6lcs\u0151de m\u0171k\u00f6dese_ fentart\u00f3i \u00e9rt\u00e9kel\u00e9s (10)<\/a><a href=\"https:\/\/csavoly.hu\/wp\/wp-content\/uploads\/2024\/09\/7.-Et_mini-bolcsode-mukodese_-fentartoi-ertekeles-10.pdf\" class=\"wp-block-file__button wp-element-button\" download aria-describedby=\"wp-block-file--media-4c1bdceb-262e-4337-987f-150c65080f70\">Let\u00f6lt\u00e9s<\/a><\/div>\n<div class=\"pvc_clear\"><\/div><p id=\"pvc_stats_7293\" class=\"pvc_stats all  \" data-element-id=\"7293\" style=\"\"><i class=\"pvc-stats-icon medium\" aria-hidden=\"true\"><svg aria-hidden=\"true\" focusable=\"false\" data-prefix=\"far\" data-icon=\"chart-bar\" role=\"img\" xmlns=\"http:\/\/www.w3.org\/2000\/svg\" viewBox=\"0 0 512 512\" class=\"svg-inline--fa fa-chart-bar fa-w-16 fa-2x\"><path fill=\"currentColor\" d=\"M396.8 352h22.4c6.4 0 12.8-6.4 12.8-12.8V108.8c0-6.4-6.4-12.8-12.8-12.8h-22.4c-6.4 0-12.8 6.4-12.8 12.8v230.4c0 6.4 6.4 12.8 12.8 12.8zm-192 0h22.4c6.4 0 12.8-6.4 12.8-12.8V140.8c0-6.4-6.4-12.8-12.8-12.8h-22.4c-6.4 0-12.8 6.4-12.8 12.8v198.4c0 6.4 6.4 12.8 12.8 12.8zm96 0h22.4c6.4 0 12.8-6.4 12.8-12.8V204.8c0-6.4-6.4-12.8-12.8-12.8h-22.4c-6.4 0-12.8 6.4-12.8 12.8v134.4c0 6.4 6.4 12.8 12.8 12.8zM496 400H48V80c0-8.84-7.16-16-16-16H16C7.16 64 0 71.16 0 80v336c0 17.67 14.33 32 32 32h464c8.84 0 16-7.16 16-16v-16c0-8.84-7.16-16-16-16zm-387.2-48h22.4c6.4 0 12.8-6.4 12.8-12.8v-70.4c0-6.4-6.4-12.8-12.8-12.8h-22.4c-6.4 0-12.8 6.4-12.8 12.8v70.4c0 6.4 6.4 12.8 12.8 12.8z\" class=\"\"><\/path><\/svg><\/i> <img loading=\"lazy\" decoding=\"async\" width=\"16\" height=\"16\" alt=\"Loading\" src=\"https:\/\/csavoly.hu\/wp\/wp-content\/plugins\/page-views-count\/ajax-loader-2x.gif\" border=0 \/><\/p><div class=\"pvc_clear\"><\/div>","protected":false},"excerpt":{"rendered":"<div class=\"pvc_clear\"><\/div>\n<p id=\"pvc_stats_7293\" class=\"pvc_stats all  \" data-element-id=\"7293\" style=\"\"><i class=\"pvc-stats-icon medium\" aria-hidden=\"true\"><svg aria-hidden=\"true\" focusable=\"false\" data-prefix=\"far\" data-icon=\"chart-bar\" role=\"img\" xmlns=\"http:\/\/www.w3.org\/2000\/svg\" viewBox=\"0 0 512 512\" class=\"svg-inline--fa fa-chart-bar fa-w-16 fa-2x\"><path fill=\"currentColor\" d=\"M396.8 352h22.4c6.4 0 12.8-6.4 12.8-12.8V108.8c0-6.4-6.4-12.8-12.8-12.8h-22.4c-6.4 0-12.8 6.4-12.8 12.8v230.4c0 6.4 6.4 12.8 12.8 12.8zm-192 0h22.4c6.4 0 12.8-6.4 12.8-12.8V140.8c0-6.4-6.4-12.8-12.8-12.8h-22.4c-6.4 0-12.8 6.4-12.8 12.8v198.4c0 6.4 6.4 12.8 12.8 12.8zm96 0h22.4c6.4 0 12.8-6.4 12.8-12.8V204.8c0-6.4-6.4-12.8-12.8-12.8h-22.4c-6.4 0-12.8 6.4-12.8 12.8v134.4c0 6.4 6.4 12.8 12.8 12.8zM496 400H48V80c0-8.84-7.16-16-16-16H16C7.16 64 0 71.16 0 80v336c0 17.67 14.33 32 32 32h464c8.84 0 16-7.16 16-16v-16c0-8.84-7.16-16-16-16zm-387.2-48h22.4c6.4 0 12.8-6.4 12.8-12.8v-70.4c0-6.4-6.4-12.8-12.8-12.8h-22.4c-6.4 0-12.8 6.4-12.8 12.8v70.4c0 6.4 6.4 12.8 12.8 12.8z\" class=\"\"><\/path><\/svg><\/i> <img loading=\"lazy\" decoding=\"async\" width=\"16\" height=\"16\" alt=\"Loading\" src=\"https:\/\/csavoly.hu\/wp\/wp-content\/plugins\/page-views-count\/ajax-loader-2x.gif\" border=0 \/><\/p>\n<div class=\"pvc_clear\"><\/div>\n","protected":false},"author":3,"featured_media":0,"parent":0,"menu_order":0,"comment_status":"closed","ping_status":"closed","template":"","meta":{"footnotes":""},"class_list":["post-7293","page","type-page","status-publish","hentry"],"_links":{"self":[{"href":"https:\/\/csavoly.hu\/wp\/index.php?rest_route=\/wp\/v2\/pages\/7293"}],"collection":[{"href":"https:\/\/csavoly.hu\/wp\/index.php?rest_route=\/wp\/v2\/pages"}],"about":[{"href":"https:\/\/csavoly.hu\/wp\/index.php?rest_route=\/wp\/v2\/types\/page"}],"author":[{"embeddable":true,"href":"https:\/\/csavoly.hu\/wp\/index.php?rest_route=\/wp\/v2\/users\/3"}],"replies":[{"embeddable":true,"href":"https:\/\/csavoly.hu\/wp\/index.php?rest_route=%2Fwp%2Fv2%2Fcomments&post=7293"}],"version-history":[{"count":1,"href":"https:\/\/csavoly.hu\/wp\/index.php?rest_route=\/wp\/v2\/pages\/7293\/revisions"}],"predecessor-version":[{"id":7302,"href":"https:\/\/csavoly.hu\/wp\/index.php?rest_route=\/wp\/v2\/pages\/7293\/revisions\/7302"}],"wp:attachment":[{"href":"https:\/\/csavoly.hu\/wp\/index.php?rest_route=%2Fwp%2Fv2%2Fmedia&parent=7293"}],"curies":[{"name":"wp","href":"https:\/\/api.w.org\/{rel}","templated":true}]}}