{"id":7313,"date":"2024-09-30T12:09:32","date_gmt":"2024-09-30T10:09:32","guid":{"rendered":"https:\/\/csavoly.hu\/wp\/?page_id=7313"},"modified":"2024-09-30T12:09:33","modified_gmt":"2024-09-30T10:09:33","slug":"2024-09-16","status":"publish","type":"page","link":"https:\/\/csavoly.hu\/wp\/?page_id=7313","title":{"rendered":"2024.09.16."},"content":{"rendered":"\n<div data-wp-interactive=\"core\/file\" class=\"wp-block-file\"><object data-wp-bind--hidden=\"!state.hasPdfPreview\"  class=\"wp-block-file__embed\" data=\"https:\/\/csavoly.hu\/wp\/wp-content\/uploads\/2024\/09\/Meghivo_2024.09.26.-PB.pdf\" type=\"application\/pdf\" style=\"width:100%;height:600px\" aria-label=\"Megh\u00edv\u00f3_2024.09.26. PB be\u00e1gyaz\u00e1sa\"><\/object><a id=\"wp-block-file--media-6fce97e0-9058-4c0a-9936-c7b4c7dfc447\" href=\"https:\/\/csavoly.hu\/wp\/wp-content\/uploads\/2024\/09\/Meghivo_2024.09.26.-PB.pdf\">Megh\u00edv\u00f3_2024.09.26. PB<\/a><a href=\"https:\/\/csavoly.hu\/wp\/wp-content\/uploads\/2024\/09\/Meghivo_2024.09.26.-PB.pdf\" class=\"wp-block-file__button wp-element-button\" download aria-describedby=\"wp-block-file--media-6fce97e0-9058-4c0a-9936-c7b4c7dfc447\">Let\u00f6lt\u00e9s<\/a><\/div>\n\n\n\n<div data-wp-interactive=\"core\/file\" class=\"wp-block-file\"><object data-wp-bind--hidden=\"!state.hasPdfPreview\"  class=\"wp-block-file__embed\" data=\"https:\/\/csavoly.hu\/wp\/wp-content\/uploads\/2024\/09\/jelenleti-pb0926.pdf\" type=\"application\/pdf\" style=\"width:100%;height:600px\" aria-label=\"jelenl\u00e9ti pb0926 be\u00e1gyaz\u00e1sa\"><\/object><a id=\"wp-block-file--media-0a206b63-4ebf-47d1-8804-4a48b3c26378\" href=\"https:\/\/csavoly.hu\/wp\/wp-content\/uploads\/2024\/09\/jelenleti-pb0926.pdf\">jelenl\u00e9ti pb0926<\/a><a href=\"https:\/\/csavoly.hu\/wp\/wp-content\/uploads\/2024\/09\/jelenleti-pb0926.pdf\" class=\"wp-block-file__button wp-element-button\" download aria-describedby=\"wp-block-file--media-0a206b63-4ebf-47d1-8804-4a48b3c26378\">Let\u00f6lt\u00e9s<\/a><\/div>\n\n\n\n<div data-wp-interactive=\"core\/file\" class=\"wp-block-file\"><object data-wp-bind--hidden=\"!state.hasPdfPreview\"  class=\"wp-block-file__embed\" data=\"https:\/\/csavoly.hu\/wp\/wp-content\/uploads\/2024\/09\/3_teljes-osszefuzott-2.-verzio.pdf\" type=\"application\/pdf\" style=\"width:100%;height:600px\" aria-label=\"3_teljes \u00f6sszef\u0171z\u00f6tt 2. verzi\u00f3 be\u00e1gyaz\u00e1sa\"><\/object><a id=\"wp-block-file--media-02187f4c-6a37-4f32-a483-ceb309d62e92\" href=\"https:\/\/csavoly.hu\/wp\/wp-content\/uploads\/2024\/09\/3_teljes-osszefuzott-2.-verzio.pdf\">3_teljes \u00f6sszef\u0171z\u00f6tt 2. verzi\u00f3<\/a><a href=\"https:\/\/csavoly.hu\/wp\/wp-content\/uploads\/2024\/09\/3_teljes-osszefuzott-2.-verzio.pdf\" class=\"wp-block-file__button wp-element-button\" download aria-describedby=\"wp-block-file--media-02187f4c-6a37-4f32-a483-ceb309d62e92\">Let\u00f6lt\u00e9s<\/a><\/div>\n<div class=\"pvc_clear\"><\/div><p id=\"pvc_stats_7313\" class=\"pvc_stats all  \" data-element-id=\"7313\" style=\"\"><i class=\"pvc-stats-icon medium\" aria-hidden=\"true\"><svg aria-hidden=\"true\" focusable=\"false\" data-prefix=\"far\" data-icon=\"chart-bar\" role=\"img\" xmlns=\"http:\/\/www.w3.org\/2000\/svg\" viewBox=\"0 0 512 512\" class=\"svg-inline--fa fa-chart-bar fa-w-16 fa-2x\"><path fill=\"currentColor\" d=\"M396.8 352h22.4c6.4 0 12.8-6.4 12.8-12.8V108.8c0-6.4-6.4-12.8-12.8-12.8h-22.4c-6.4 0-12.8 6.4-12.8 12.8v230.4c0 6.4 6.4 12.8 12.8 12.8zm-192 0h22.4c6.4 0 12.8-6.4 12.8-12.8V140.8c0-6.4-6.4-12.8-12.8-12.8h-22.4c-6.4 0-12.8 6.4-12.8 12.8v198.4c0 6.4 6.4 12.8 12.8 12.8zm96 0h22.4c6.4 0 12.8-6.4 12.8-12.8V204.8c0-6.4-6.4-12.8-12.8-12.8h-22.4c-6.4 0-12.8 6.4-12.8 12.8v134.4c0 6.4 6.4 12.8 12.8 12.8zM496 400H48V80c0-8.84-7.16-16-16-16H16C7.16 64 0 71.16 0 80v336c0 17.67 14.33 32 32 32h464c8.84 0 16-7.16 16-16v-16c0-8.84-7.16-16-16-16zm-387.2-48h22.4c6.4 0 12.8-6.4 12.8-12.8v-70.4c0-6.4-6.4-12.8-12.8-12.8h-22.4c-6.4 0-12.8 6.4-12.8 12.8v70.4c0 6.4 6.4 12.8 12.8 12.8z\" class=\"\"><\/path><\/svg><\/i> <img loading=\"lazy\" decoding=\"async\" width=\"16\" height=\"16\" alt=\"Loading\" src=\"https:\/\/csavoly.hu\/wp\/wp-content\/plugins\/page-views-count\/ajax-loader-2x.gif\" border=0 \/><\/p><div class=\"pvc_clear\"><\/div>","protected":false},"excerpt":{"rendered":"<div class=\"pvc_clear\"><\/div>\n<p id=\"pvc_stats_7313\" class=\"pvc_stats all  \" data-element-id=\"7313\" style=\"\"><i class=\"pvc-stats-icon medium\" aria-hidden=\"true\"><svg aria-hidden=\"true\" focusable=\"false\" data-prefix=\"far\" data-icon=\"chart-bar\" role=\"img\" xmlns=\"http:\/\/www.w3.org\/2000\/svg\" viewBox=\"0 0 512 512\" class=\"svg-inline--fa fa-chart-bar fa-w-16 fa-2x\"><path fill=\"currentColor\" d=\"M396.8 352h22.4c6.4 0 12.8-6.4 12.8-12.8V108.8c0-6.4-6.4-12.8-12.8-12.8h-22.4c-6.4 0-12.8 6.4-12.8 12.8v230.4c0 6.4 6.4 12.8 12.8 12.8zm-192 0h22.4c6.4 0 12.8-6.4 12.8-12.8V140.8c0-6.4-6.4-12.8-12.8-12.8h-22.4c-6.4 0-12.8 6.4-12.8 12.8v198.4c0 6.4 6.4 12.8 12.8 12.8zm96 0h22.4c6.4 0 12.8-6.4 12.8-12.8V204.8c0-6.4-6.4-12.8-12.8-12.8h-22.4c-6.4 0-12.8 6.4-12.8 12.8v134.4c0 6.4 6.4 12.8 12.8 12.8zM496 400H48V80c0-8.84-7.16-16-16-16H16C7.16 64 0 71.16 0 80v336c0 17.67 14.33 32 32 32h464c8.84 0 16-7.16 16-16v-16c0-8.84-7.16-16-16-16zm-387.2-48h22.4c6.4 0 12.8-6.4 12.8-12.8v-70.4c0-6.4-6.4-12.8-12.8-12.8h-22.4c-6.4 0-12.8 6.4-12.8 12.8v70.4c0 6.4 6.4 12.8 12.8 12.8z\" class=\"\"><\/path><\/svg><\/i> <img loading=\"lazy\" decoding=\"async\" width=\"16\" height=\"16\" alt=\"Loading\" src=\"https:\/\/csavoly.hu\/wp\/wp-content\/plugins\/page-views-count\/ajax-loader-2x.gif\" border=0 \/><\/p>\n<div class=\"pvc_clear\"><\/div>\n","protected":false},"author":3,"featured_media":0,"parent":0,"menu_order":0,"comment_status":"closed","ping_status":"closed","template":"","meta":{"footnotes":""},"class_list":["post-7313","page","type-page","status-publish","hentry"],"_links":{"self":[{"href":"https:\/\/csavoly.hu\/wp\/index.php?rest_route=\/wp\/v2\/pages\/7313"}],"collection":[{"href":"https:\/\/csavoly.hu\/wp\/index.php?rest_route=\/wp\/v2\/pages"}],"about":[{"href":"https:\/\/csavoly.hu\/wp\/index.php?rest_route=\/wp\/v2\/types\/page"}],"author":[{"embeddable":true,"href":"https:\/\/csavoly.hu\/wp\/index.php?rest_route=\/wp\/v2\/users\/3"}],"replies":[{"embeddable":true,"href":"https:\/\/csavoly.hu\/wp\/index.php?rest_route=%2Fwp%2Fv2%2Fcomments&post=7313"}],"version-history":[{"count":1,"href":"https:\/\/csavoly.hu\/wp\/index.php?rest_route=\/wp\/v2\/pages\/7313\/revisions"}],"predecessor-version":[{"id":7317,"href":"https:\/\/csavoly.hu\/wp\/index.php?rest_route=\/wp\/v2\/pages\/7313\/revisions\/7317"}],"wp:attachment":[{"href":"https:\/\/csavoly.hu\/wp\/index.php?rest_route=%2Fwp%2Fv2%2Fmedia&parent=7313"}],"curies":[{"name":"wp","href":"https:\/\/api.w.org\/{rel}","templated":true}]}}