{"id":7325,"date":"2024-09-30T12:26:03","date_gmt":"2024-09-30T10:26:03","guid":{"rendered":"https:\/\/csavoly.hu\/wp\/?page_id=7325"},"modified":"2024-09-30T12:26:03","modified_gmt":"2024-09-30T10:26:03","slug":"2024-01-25-2","status":"publish","type":"page","link":"https:\/\/csavoly.hu\/wp\/?page_id=7325","title":{"rendered":"2024.01.25."},"content":{"rendered":"\n<div data-wp-interactive=\"core\/file\" class=\"wp-block-file\"><object data-wp-bind--hidden=\"!state.hasPdfPreview\"  class=\"wp-block-file__embed\" data=\"https:\/\/csavoly.hu\/wp\/wp-content\/uploads\/2024\/09\/Meghivo.pdf\" type=\"application\/pdf\" style=\"width:100%;height:600px\" aria-label=\"Megh\u00edv\u00f3 be\u00e1gyaz\u00e1sa\"><\/object><a id=\"wp-block-file--media-5d753395-63f5-427b-8991-3821e0e366c1\" href=\"https:\/\/csavoly.hu\/wp\/wp-content\/uploads\/2024\/09\/Meghivo.pdf\">Megh\u00edv\u00f3<\/a><a href=\"https:\/\/csavoly.hu\/wp\/wp-content\/uploads\/2024\/09\/Meghivo.pdf\" class=\"wp-block-file__button wp-element-button\" download aria-describedby=\"wp-block-file--media-5d753395-63f5-427b-8991-3821e0e366c1\">Let\u00f6lt\u00e9s<\/a><\/div>\n\n\n\n<div data-wp-interactive=\"core\/file\" class=\"wp-block-file\"><object data-wp-bind--hidden=\"!state.hasPdfPreview\"  class=\"wp-block-file__embed\" data=\"https:\/\/csavoly.hu\/wp\/wp-content\/uploads\/2024\/09\/1_A.-Et_jelentes.pdf\" type=\"application\/pdf\" style=\"width:100%;height:600px\" aria-label=\"1_A. Et_jelent\u00e9s be\u00e1gyaz\u00e1sa\"><\/object><a id=\"wp-block-file--media-2255a8ce-e082-4357-b240-94de2b0e1486\" href=\"https:\/\/csavoly.hu\/wp\/wp-content\/uploads\/2024\/09\/1_A.-Et_jelentes.pdf\">1_A. Et_jelent\u00e9s<\/a><a href=\"https:\/\/csavoly.hu\/wp\/wp-content\/uploads\/2024\/09\/1_A.-Et_jelentes.pdf\" class=\"wp-block-file__button wp-element-button\" download aria-describedby=\"wp-block-file--media-2255a8ce-e082-4357-b240-94de2b0e1486\">Let\u00f6lt\u00e9s<\/a><\/div>\n\n\n\n<div data-wp-interactive=\"core\/file\" class=\"wp-block-file\"><object data-wp-bind--hidden=\"!state.hasPdfPreview\"  class=\"wp-block-file__embed\" data=\"https:\/\/csavoly.hu\/wp\/wp-content\/uploads\/2024\/09\/1_B.-Et_Tajekoztato.pdf\" type=\"application\/pdf\" style=\"width:100%;height:600px\" aria-label=\"1_B. Et_T\u00e1j\u00e9koztat\u00f3 be\u00e1gyaz\u00e1sa\"><\/object><a id=\"wp-block-file--media-8a6e453a-629e-4633-92c6-c7a4e1e64dcc\" href=\"https:\/\/csavoly.hu\/wp\/wp-content\/uploads\/2024\/09\/1_B.-Et_Tajekoztato.pdf\">1_B. Et_T\u00e1j\u00e9koztat\u00f3<\/a><a href=\"https:\/\/csavoly.hu\/wp\/wp-content\/uploads\/2024\/09\/1_B.-Et_Tajekoztato.pdf\" class=\"wp-block-file__button wp-element-button\" download aria-describedby=\"wp-block-file--media-8a6e453a-629e-4633-92c6-c7a4e1e64dcc\">Let\u00f6lt\u00e9s<\/a><\/div>\n\n\n\n<div data-wp-interactive=\"core\/file\" class=\"wp-block-file\"><object data-wp-bind--hidden=\"!state.hasPdfPreview\"  class=\"wp-block-file__embed\" data=\"https:\/\/csavoly.hu\/wp\/wp-content\/uploads\/2024\/09\/2_A.-Et_Beszamolo.pdf\" type=\"application\/pdf\" style=\"width:100%;height:600px\" aria-label=\"2_A. Et_Besz\u00e1mol\u00f3 be\u00e1gyaz\u00e1sa\"><\/object><a id=\"wp-block-file--media-1f4129f4-c8ac-4ef8-b9b7-38e724ee6590\" href=\"https:\/\/csavoly.hu\/wp\/wp-content\/uploads\/2024\/09\/2_A.-Et_Beszamolo.pdf\">2_A. Et_Besz\u00e1mol\u00f3<\/a><a href=\"https:\/\/csavoly.hu\/wp\/wp-content\/uploads\/2024\/09\/2_A.-Et_Beszamolo.pdf\" class=\"wp-block-file__button wp-element-button\" download aria-describedby=\"wp-block-file--media-1f4129f4-c8ac-4ef8-b9b7-38e724ee6590\">Let\u00f6lt\u00e9s<\/a><\/div>\n\n\n\n<div data-wp-interactive=\"core\/file\" class=\"wp-block-file\"><object data-wp-bind--hidden=\"!state.hasPdfPreview\"  class=\"wp-block-file__embed\" data=\"https:\/\/csavoly.hu\/wp\/wp-content\/uploads\/2024\/09\/2_B.-Et_PB-beszamolo.pdf\" type=\"application\/pdf\" style=\"width:100%;height:600px\" aria-label=\"2_B. Et_PB besz\u00e1mol\u00f3 be\u00e1gyaz\u00e1sa\"><\/object><a id=\"wp-block-file--media-8e140af8-cb3c-4610-8d7e-0b74cd018400\" href=\"https:\/\/csavoly.hu\/wp\/wp-content\/uploads\/2024\/09\/2_B.-Et_PB-beszamolo.pdf\">2_B. Et_PB besz\u00e1mol\u00f3<\/a><a href=\"https:\/\/csavoly.hu\/wp\/wp-content\/uploads\/2024\/09\/2_B.-Et_PB-beszamolo.pdf\" class=\"wp-block-file__button wp-element-button\" download aria-describedby=\"wp-block-file--media-8e140af8-cb3c-4610-8d7e-0b74cd018400\">Let\u00f6lt\u00e9s<\/a><\/div>\n\n\n\n<div data-wp-interactive=\"core\/file\" class=\"wp-block-file\"><object data-wp-bind--hidden=\"!state.hasPdfPreview\"  class=\"wp-block-file__embed\" data=\"https:\/\/csavoly.hu\/wp\/wp-content\/uploads\/2024\/09\/3.-Et_2024.-evi-koltsegvetest-erinto-ugyek.pdf\" type=\"application\/pdf\" style=\"width:100%;height:600px\" aria-label=\"3. Et_2024. \u00e9vi k\u00f6lts\u00e9gvet\u00e9st \u00e9rint\u0151 \u00fcgyek be\u00e1gyaz\u00e1sa\"><\/object><a id=\"wp-block-file--media-afe27743-4231-4080-882f-a94c6196dc24\" href=\"https:\/\/csavoly.hu\/wp\/wp-content\/uploads\/2024\/09\/3.-Et_2024.-evi-koltsegvetest-erinto-ugyek.pdf\">3. Et_2024. \u00e9vi k\u00f6lts\u00e9gvet\u00e9st \u00e9rint\u0151 \u00fcgyek<\/a><a href=\"https:\/\/csavoly.hu\/wp\/wp-content\/uploads\/2024\/09\/3.-Et_2024.-evi-koltsegvetest-erinto-ugyek.pdf\" class=\"wp-block-file__button wp-element-button\" download aria-describedby=\"wp-block-file--media-afe27743-4231-4080-882f-a94c6196dc24\">Let\u00f6lt\u00e9s<\/a><\/div>\n\n\n\n<div data-wp-interactive=\"core\/file\" class=\"wp-block-file\"><object data-wp-bind--hidden=\"!state.hasPdfPreview\"  class=\"wp-block-file__embed\" data=\"https:\/\/csavoly.hu\/wp\/wp-content\/uploads\/2024\/09\/4.-Et_-Ovodai-beiratkozas-idopontjarol.pdf\" type=\"application\/pdf\" style=\"width:100%;height:600px\" aria-label=\"4. Et_ \u00d3vodai be\u00edratkoz\u00e1s id\u0151pontj\u00e1r\u00f3l be\u00e1gyaz\u00e1sa\"><\/object><a id=\"wp-block-file--media-b7b25965-64dd-49c7-99fb-611a71361cba\" href=\"https:\/\/csavoly.hu\/wp\/wp-content\/uploads\/2024\/09\/4.-Et_-Ovodai-beiratkozas-idopontjarol.pdf\">4. Et_ \u00d3vodai be\u00edratkoz\u00e1s id\u0151pontj\u00e1r\u00f3l<\/a><a href=\"https:\/\/csavoly.hu\/wp\/wp-content\/uploads\/2024\/09\/4.-Et_-Ovodai-beiratkozas-idopontjarol.pdf\" class=\"wp-block-file__button wp-element-button\" download aria-describedby=\"wp-block-file--media-b7b25965-64dd-49c7-99fb-611a71361cba\">Let\u00f6lt\u00e9s<\/a><\/div>\n\n\n\n<div data-wp-interactive=\"core\/file\" class=\"wp-block-file\"><object data-wp-bind--hidden=\"!state.hasPdfPreview\"  class=\"wp-block-file__embed\" data=\"https:\/\/csavoly.hu\/wp\/wp-content\/uploads\/2024\/09\/5.-Et_Ovoda_bolcsode-igazgato-bere-megallapitasarol.pdf\" type=\"application\/pdf\" style=\"width:100%;height:600px\" aria-label=\"5. Et_\u00d3voda_b\u00f6lcs\u0151de igazgat\u00f3 b\u00e9re meg\u00e1llap\u00edt\u00e1s\u00e1r\u00f3l be\u00e1gyaz\u00e1sa\"><\/object><a id=\"wp-block-file--media-a981dd79-b695-43c1-bcb1-197a4dfefb34\" href=\"https:\/\/csavoly.hu\/wp\/wp-content\/uploads\/2024\/09\/5.-Et_Ovoda_bolcsode-igazgato-bere-megallapitasarol.pdf\">5. Et_\u00d3voda_b\u00f6lcs\u0151de igazgat\u00f3 b\u00e9re meg\u00e1llap\u00edt\u00e1s\u00e1r\u00f3l<\/a><a href=\"https:\/\/csavoly.hu\/wp\/wp-content\/uploads\/2024\/09\/5.-Et_Ovoda_bolcsode-igazgato-bere-megallapitasarol.pdf\" class=\"wp-block-file__button wp-element-button\" download aria-describedby=\"wp-block-file--media-a981dd79-b695-43c1-bcb1-197a4dfefb34\">Let\u00f6lt\u00e9s<\/a><\/div>\n\n\n\n<div data-wp-interactive=\"core\/file\" class=\"wp-block-file\"><object data-wp-bind--hidden=\"!state.hasPdfPreview\"  class=\"wp-block-file__embed\" data=\"https:\/\/csavoly.hu\/wp\/wp-content\/uploads\/2024\/09\/6.-Et_2024.-evi-nyari-teli-es-a-munkaszuneti-napok-koroli-hivatali-munkarend.pdf\" type=\"application\/pdf\" style=\"width:100%;height:600px\" aria-label=\"6. Et_2024. \u00e9vi ny\u00e1ri-t\u00e9li \u00e9s a munkasz\u00fcneti napok k\u00f6r\u00f6li hivatali munkarend be\u00e1gyaz\u00e1sa\"><\/object><a id=\"wp-block-file--media-be14cefb-1407-4d9e-aadd-cf09e87000fb\" href=\"https:\/\/csavoly.hu\/wp\/wp-content\/uploads\/2024\/09\/6.-Et_2024.-evi-nyari-teli-es-a-munkaszuneti-napok-koroli-hivatali-munkarend.pdf\">6. Et_2024. \u00e9vi ny\u00e1ri-t\u00e9li \u00e9s a munkasz\u00fcneti napok k\u00f6r\u00f6li hivatali munkarend<\/a><a href=\"https:\/\/csavoly.hu\/wp\/wp-content\/uploads\/2024\/09\/6.-Et_2024.-evi-nyari-teli-es-a-munkaszuneti-napok-koroli-hivatali-munkarend.pdf\" class=\"wp-block-file__button wp-element-button\" download aria-describedby=\"wp-block-file--media-be14cefb-1407-4d9e-aadd-cf09e87000fb\">Let\u00f6lt\u00e9s<\/a><\/div>\n\n\n\n<div data-wp-interactive=\"core\/file\" class=\"wp-block-file\"><object data-wp-bind--hidden=\"!state.hasPdfPreview\"  class=\"wp-block-file__embed\" data=\"https:\/\/csavoly.hu\/wp\/wp-content\/uploads\/2024\/09\/7.-Et_-A-polgarmester-2024.-evi-szabadsag-utemezese.pdf\" type=\"application\/pdf\" style=\"width:100%;height:600px\" aria-label=\"7. Et_ A polg\u00e1rmester 2024. \u00e9vi szabads\u00e1g \u00fctemez\u00e9se be\u00e1gyaz\u00e1sa\"><\/object><a id=\"wp-block-file--media-8db5121c-665e-4389-8bf2-eff0b1271563\" href=\"https:\/\/csavoly.hu\/wp\/wp-content\/uploads\/2024\/09\/7.-Et_-A-polgarmester-2024.-evi-szabadsag-utemezese.pdf\">7. Et_ A polg\u00e1rmester 2024. \u00e9vi szabads\u00e1g \u00fctemez\u00e9se<\/a><a href=\"https:\/\/csavoly.hu\/wp\/wp-content\/uploads\/2024\/09\/7.-Et_-A-polgarmester-2024.-evi-szabadsag-utemezese.pdf\" class=\"wp-block-file__button wp-element-button\" download aria-describedby=\"wp-block-file--media-8db5121c-665e-4389-8bf2-eff0b1271563\">Let\u00f6lt\u00e9s<\/a><\/div>\n\n\n\n<div data-wp-interactive=\"core\/file\" class=\"wp-block-file\"><object data-wp-bind--hidden=\"!state.hasPdfPreview\"  class=\"wp-block-file__embed\" data=\"https:\/\/csavoly.hu\/wp\/wp-content\/uploads\/2024\/09\/Egyeb-mellekle_PB-dontes.pdf\" type=\"application\/pdf\" style=\"width:100%;height:600px\" aria-label=\"Egy\u00e9b mell\u00e9kle_PB d\u00f6nt\u00e9s be\u00e1gyaz\u00e1sa\"><\/object><a id=\"wp-block-file--media-36fec1b5-0dcf-472a-b1c5-e8f8d4c30189\" href=\"https:\/\/csavoly.hu\/wp\/wp-content\/uploads\/2024\/09\/Egyeb-mellekle_PB-dontes.pdf\">Egy\u00e9b mell\u00e9kle_PB d\u00f6nt\u00e9s<\/a><a href=\"https:\/\/csavoly.hu\/wp\/wp-content\/uploads\/2024\/09\/Egyeb-mellekle_PB-dontes.pdf\" class=\"wp-block-file__button wp-element-button\" download aria-describedby=\"wp-block-file--media-36fec1b5-0dcf-472a-b1c5-e8f8d4c30189\">Let\u00f6lt\u00e9s<\/a><\/div>\n<div class=\"pvc_clear\"><\/div><p id=\"pvc_stats_7325\" class=\"pvc_stats all  \" data-element-id=\"7325\" style=\"\"><i class=\"pvc-stats-icon medium\" aria-hidden=\"true\"><svg aria-hidden=\"true\" focusable=\"false\" data-prefix=\"far\" data-icon=\"chart-bar\" role=\"img\" xmlns=\"http:\/\/www.w3.org\/2000\/svg\" viewBox=\"0 0 512 512\" class=\"svg-inline--fa fa-chart-bar fa-w-16 fa-2x\"><path fill=\"currentColor\" d=\"M396.8 352h22.4c6.4 0 12.8-6.4 12.8-12.8V108.8c0-6.4-6.4-12.8-12.8-12.8h-22.4c-6.4 0-12.8 6.4-12.8 12.8v230.4c0 6.4 6.4 12.8 12.8 12.8zm-192 0h22.4c6.4 0 12.8-6.4 12.8-12.8V140.8c0-6.4-6.4-12.8-12.8-12.8h-22.4c-6.4 0-12.8 6.4-12.8 12.8v198.4c0 6.4 6.4 12.8 12.8 12.8zm96 0h22.4c6.4 0 12.8-6.4 12.8-12.8V204.8c0-6.4-6.4-12.8-12.8-12.8h-22.4c-6.4 0-12.8 6.4-12.8 12.8v134.4c0 6.4 6.4 12.8 12.8 12.8zM496 400H48V80c0-8.84-7.16-16-16-16H16C7.16 64 0 71.16 0 80v336c0 17.67 14.33 32 32 32h464c8.84 0 16-7.16 16-16v-16c0-8.84-7.16-16-16-16zm-387.2-48h22.4c6.4 0 12.8-6.4 12.8-12.8v-70.4c0-6.4-6.4-12.8-12.8-12.8h-22.4c-6.4 0-12.8 6.4-12.8 12.8v70.4c0 6.4 6.4 12.8 12.8 12.8z\" class=\"\"><\/path><\/svg><\/i> <img loading=\"lazy\" decoding=\"async\" width=\"16\" height=\"16\" alt=\"Loading\" src=\"https:\/\/csavoly.hu\/wp\/wp-content\/plugins\/page-views-count\/ajax-loader-2x.gif\" border=0 \/><\/p><div class=\"pvc_clear\"><\/div>","protected":false},"excerpt":{"rendered":"<div class=\"pvc_clear\"><\/div>\n<p id=\"pvc_stats_7325\" class=\"pvc_stats all  \" data-element-id=\"7325\" style=\"\"><i class=\"pvc-stats-icon medium\" aria-hidden=\"true\"><svg aria-hidden=\"true\" focusable=\"false\" data-prefix=\"far\" data-icon=\"chart-bar\" role=\"img\" xmlns=\"http:\/\/www.w3.org\/2000\/svg\" viewBox=\"0 0 512 512\" class=\"svg-inline--fa fa-chart-bar fa-w-16 fa-2x\"><path fill=\"currentColor\" d=\"M396.8 352h22.4c6.4 0 12.8-6.4 12.8-12.8V108.8c0-6.4-6.4-12.8-12.8-12.8h-22.4c-6.4 0-12.8 6.4-12.8 12.8v230.4c0 6.4 6.4 12.8 12.8 12.8zm-192 0h22.4c6.4 0 12.8-6.4 12.8-12.8V140.8c0-6.4-6.4-12.8-12.8-12.8h-22.4c-6.4 0-12.8 6.4-12.8 12.8v198.4c0 6.4 6.4 12.8 12.8 12.8zm96 0h22.4c6.4 0 12.8-6.4 12.8-12.8V204.8c0-6.4-6.4-12.8-12.8-12.8h-22.4c-6.4 0-12.8 6.4-12.8 12.8v134.4c0 6.4 6.4 12.8 12.8 12.8zM496 400H48V80c0-8.84-7.16-16-16-16H16C7.16 64 0 71.16 0 80v336c0 17.67 14.33 32 32 32h464c8.84 0 16-7.16 16-16v-16c0-8.84-7.16-16-16-16zm-387.2-48h22.4c6.4 0 12.8-6.4 12.8-12.8v-70.4c0-6.4-6.4-12.8-12.8-12.8h-22.4c-6.4 0-12.8 6.4-12.8 12.8v70.4c0 6.4 6.4 12.8 12.8 12.8z\" class=\"\"><\/path><\/svg><\/i> <img loading=\"lazy\" decoding=\"async\" width=\"16\" height=\"16\" alt=\"Loading\" src=\"https:\/\/csavoly.hu\/wp\/wp-content\/plugins\/page-views-count\/ajax-loader-2x.gif\" border=0 \/><\/p>\n<div class=\"pvc_clear\"><\/div>\n","protected":false},"author":3,"featured_media":0,"parent":0,"menu_order":0,"comment_status":"closed","ping_status":"closed","template":"","meta":{"footnotes":""},"class_list":["post-7325","page","type-page","status-publish","hentry"],"_links":{"self":[{"href":"https:\/\/csavoly.hu\/wp\/index.php?rest_route=\/wp\/v2\/pages\/7325"}],"collection":[{"href":"https:\/\/csavoly.hu\/wp\/index.php?rest_route=\/wp\/v2\/pages"}],"about":[{"href":"https:\/\/csavoly.hu\/wp\/index.php?rest_route=\/wp\/v2\/types\/page"}],"author":[{"embeddable":true,"href":"https:\/\/csavoly.hu\/wp\/index.php?rest_route=\/wp\/v2\/users\/3"}],"replies":[{"embeddable":true,"href":"https:\/\/csavoly.hu\/wp\/index.php?rest_route=%2Fwp%2Fv2%2Fcomments&post=7325"}],"version-history":[{"count":1,"href":"https:\/\/csavoly.hu\/wp\/index.php?rest_route=\/wp\/v2\/pages\/7325\/revisions"}],"predecessor-version":[{"id":7337,"href":"https:\/\/csavoly.hu\/wp\/index.php?rest_route=\/wp\/v2\/pages\/7325\/revisions\/7337"}],"wp:attachment":[{"href":"https:\/\/csavoly.hu\/wp\/index.php?rest_route=%2Fwp%2Fv2%2Fmedia&parent=7325"}],"curies":[{"name":"wp","href":"https:\/\/api.w.org\/{rel}","templated":true}]}}