{"id":7352,"date":"2024-09-30T12:34:52","date_gmt":"2024-09-30T10:34:52","guid":{"rendered":"https:\/\/csavoly.hu\/wp\/?page_id=7352"},"modified":"2024-09-30T12:34:53","modified_gmt":"2024-09-30T10:34:53","slug":"2024-02-29-egyuttes","status":"publish","type":"page","link":"https:\/\/csavoly.hu\/wp\/?page_id=7352","title":{"rendered":"2024.02.29.egy\u00fcttes"},"content":{"rendered":"\n<div data-wp-interactive=\"core\/file\" class=\"wp-block-file\"><object data-wp-bind--hidden=\"!state.hasPdfPreview\"  class=\"wp-block-file__embed\" data=\"https:\/\/csavoly.hu\/wp\/wp-content\/uploads\/2024\/09\/Meghivo_2024.02.29_egyuttes.pdf\" type=\"application\/pdf\" style=\"width:100%;height:600px\" aria-label=\"Megh\u00edv\u00f3_2024.02.29_egy\u00fcttes be\u00e1gyaz\u00e1sa\"><\/object><a id=\"wp-block-file--media-0b559704-febc-491c-be7b-84283124b142\" href=\"https:\/\/csavoly.hu\/wp\/wp-content\/uploads\/2024\/09\/Meghivo_2024.02.29_egyuttes.pdf\">Megh\u00edv\u00f3_2024.02.29_egy\u00fcttes<\/a><a href=\"https:\/\/csavoly.hu\/wp\/wp-content\/uploads\/2024\/09\/Meghivo_2024.02.29_egyuttes.pdf\" class=\"wp-block-file__button wp-element-button\" download aria-describedby=\"wp-block-file--media-0b559704-febc-491c-be7b-84283124b142\">Let\u00f6lt\u00e9s<\/a><\/div>\n\n\n\n<div data-wp-interactive=\"core\/file\" class=\"wp-block-file\"><object data-wp-bind--hidden=\"!state.hasPdfPreview\"  class=\"wp-block-file__embed\" data=\"https:\/\/csavoly.hu\/wp\/wp-content\/uploads\/2024\/09\/1.-Et_-Felsoszentivani-Kozos-Onkormanyzati-Hivatal-2024.-evi-koltsegveteserol-1.pdf\" type=\"application\/pdf\" style=\"width:100%;height:600px\" aria-label=\"1. Et_ Fels\u0151szentiv\u00e1ni K\u00f6z\u00f6s \u00d6nkorm\u00e1nyzati Hivatal 2024. \u00e9vi k\u00f6lts\u00e9gvet\u00e9s\u00e9r\u0151l be\u00e1gyaz\u00e1sa\"><\/object><a id=\"wp-block-file--media-826939f6-b8b8-457e-8f3f-89a02aef955d\" href=\"https:\/\/csavoly.hu\/wp\/wp-content\/uploads\/2024\/09\/1.-Et_-Felsoszentivani-Kozos-Onkormanyzati-Hivatal-2024.-evi-koltsegveteserol-1.pdf\">1. Et_ Fels\u0151szentiv\u00e1ni K\u00f6z\u00f6s \u00d6nkorm\u00e1nyzati Hivatal 2024. \u00e9vi k\u00f6lts\u00e9gvet\u00e9s\u00e9r\u0151l<\/a><a href=\"https:\/\/csavoly.hu\/wp\/wp-content\/uploads\/2024\/09\/1.-Et_-Felsoszentivani-Kozos-Onkormanyzati-Hivatal-2024.-evi-koltsegveteserol-1.pdf\" class=\"wp-block-file__button wp-element-button\" download aria-describedby=\"wp-block-file--media-826939f6-b8b8-457e-8f3f-89a02aef955d\">Let\u00f6lt\u00e9s<\/a><\/div>\n\n\n\n<div data-wp-interactive=\"core\/file\" class=\"wp-block-file\"><object data-wp-bind--hidden=\"!state.hasPdfPreview\"  class=\"wp-block-file__embed\" data=\"https:\/\/csavoly.hu\/wp\/wp-content\/uploads\/2024\/09\/14.melleklet-KOH-merleg.pdf\" type=\"application\/pdf\" style=\"width:100%;height:600px\" aria-label=\"14.mell\u00e9klet K\u00d6H m\u00e9rleg be\u00e1gyaz\u00e1sa\"><\/object><a id=\"wp-block-file--media-a4ec9a78-f309-4556-9697-df8f47f57f44\" href=\"https:\/\/csavoly.hu\/wp\/wp-content\/uploads\/2024\/09\/14.melleklet-KOH-merleg.pdf\">14.mell\u00e9klet K\u00d6H m\u00e9rleg<\/a><a href=\"https:\/\/csavoly.hu\/wp\/wp-content\/uploads\/2024\/09\/14.melleklet-KOH-merleg.pdf\" class=\"wp-block-file__button wp-element-button\" download aria-describedby=\"wp-block-file--media-a4ec9a78-f309-4556-9697-df8f47f57f44\">Let\u00f6lt\u00e9s<\/a><\/div>\n\n\n\n<div data-wp-interactive=\"core\/file\" class=\"wp-block-file\"><object data-wp-bind--hidden=\"!state.hasPdfPreview\"  class=\"wp-block-file__embed\" data=\"https:\/\/csavoly.hu\/wp\/wp-content\/uploads\/2024\/09\/15.melleklet-KOH-kiadasok.pdf\" type=\"application\/pdf\" style=\"width:100%;height:600px\" aria-label=\"15.mell\u00e9klet K\u00d6H kiad\u00e1sok be\u00e1gyaz\u00e1sa\"><\/object><a id=\"wp-block-file--media-8f493391-9c6a-438f-97d9-543f5335a71e\" href=\"https:\/\/csavoly.hu\/wp\/wp-content\/uploads\/2024\/09\/15.melleklet-KOH-kiadasok.pdf\">15.mell\u00e9klet K\u00d6H kiad\u00e1sok<\/a><a href=\"https:\/\/csavoly.hu\/wp\/wp-content\/uploads\/2024\/09\/15.melleklet-KOH-kiadasok.pdf\" class=\"wp-block-file__button wp-element-button\" download aria-describedby=\"wp-block-file--media-8f493391-9c6a-438f-97d9-543f5335a71e\">Let\u00f6lt\u00e9s<\/a><\/div>\n\n\n\n<div data-wp-interactive=\"core\/file\" class=\"wp-block-file\"><object data-wp-bind--hidden=\"!state.hasPdfPreview\"  class=\"wp-block-file__embed\" data=\"https:\/\/csavoly.hu\/wp\/wp-content\/uploads\/2024\/09\/16.melleklet-KOH-bevetelek.pdf\" type=\"application\/pdf\" style=\"width:100%;height:600px\" aria-label=\"16.mell\u00e9klet K\u00d6H bev\u00e9telek be\u00e1gyaz\u00e1sa\"><\/object><a id=\"wp-block-file--media-e5f52745-0dd4-4cd4-a502-b21355a99a64\" href=\"https:\/\/csavoly.hu\/wp\/wp-content\/uploads\/2024\/09\/16.melleklet-KOH-bevetelek.pdf\">16.mell\u00e9klet K\u00d6H bev\u00e9telek<\/a><a href=\"https:\/\/csavoly.hu\/wp\/wp-content\/uploads\/2024\/09\/16.melleklet-KOH-bevetelek.pdf\" class=\"wp-block-file__button wp-element-button\" download aria-describedby=\"wp-block-file--media-e5f52745-0dd4-4cd4-a502-b21355a99a64\">Let\u00f6lt\u00e9s<\/a><\/div>\n\n\n\n<div data-wp-interactive=\"core\/file\" class=\"wp-block-file\"><object data-wp-bind--hidden=\"!state.hasPdfPreview\"  class=\"wp-block-file__embed\" data=\"https:\/\/csavoly.hu\/wp\/wp-content\/uploads\/2024\/09\/Egyeb-melleklet_PB-hatarozatok-1.pdf\" type=\"application\/pdf\" style=\"width:100%;height:600px\" aria-label=\"Egy\u00e9b mell\u00e9klet_PB hat\u00e1rozatok be\u00e1gyaz\u00e1sa\"><\/object><a id=\"wp-block-file--media-4f5992d5-7096-4b13-bcbc-c6b5683f5802\" href=\"https:\/\/csavoly.hu\/wp\/wp-content\/uploads\/2024\/09\/Egyeb-melleklet_PB-hatarozatok-1.pdf\">Egy\u00e9b mell\u00e9klet_PB hat\u00e1rozatok<\/a><a href=\"https:\/\/csavoly.hu\/wp\/wp-content\/uploads\/2024\/09\/Egyeb-melleklet_PB-hatarozatok-1.pdf\" class=\"wp-block-file__button wp-element-button\" download aria-describedby=\"wp-block-file--media-4f5992d5-7096-4b13-bcbc-c6b5683f5802\">Let\u00f6lt\u00e9s<\/a><\/div>\n\n\n\n<div data-wp-interactive=\"core\/file\" class=\"wp-block-file\"><object data-wp-bind--hidden=\"!state.hasPdfPreview\"  class=\"wp-block-file__embed\" data=\"https:\/\/csavoly.hu\/wp\/wp-content\/uploads\/2024\/09\/Egyeb-melleklet_PB-dontes.pdf\" type=\"application\/pdf\" style=\"width:100%;height:600px\" aria-label=\"Egy\u00e9b mell\u00e9klet_PB d\u00f6nt\u00e9s be\u00e1gyaz\u00e1sa\"><\/object><a id=\"wp-block-file--media-16fdf677-17eb-46dc-aee2-6720b057aba2\" href=\"https:\/\/csavoly.hu\/wp\/wp-content\/uploads\/2024\/09\/Egyeb-melleklet_PB-dontes.pdf\">Egy\u00e9b mell\u00e9klet_PB d\u00f6nt\u00e9s<\/a><a href=\"https:\/\/csavoly.hu\/wp\/wp-content\/uploads\/2024\/09\/Egyeb-melleklet_PB-dontes.pdf\" class=\"wp-block-file__button wp-element-button\" download aria-describedby=\"wp-block-file--media-16fdf677-17eb-46dc-aee2-6720b057aba2\">Let\u00f6lt\u00e9s<\/a><\/div>\n<div class=\"pvc_clear\"><\/div><p id=\"pvc_stats_7352\" class=\"pvc_stats all  \" data-element-id=\"7352\" style=\"\"><i class=\"pvc-stats-icon medium\" aria-hidden=\"true\"><svg aria-hidden=\"true\" focusable=\"false\" data-prefix=\"far\" data-icon=\"chart-bar\" role=\"img\" xmlns=\"http:\/\/www.w3.org\/2000\/svg\" viewBox=\"0 0 512 512\" class=\"svg-inline--fa fa-chart-bar fa-w-16 fa-2x\"><path fill=\"currentColor\" d=\"M396.8 352h22.4c6.4 0 12.8-6.4 12.8-12.8V108.8c0-6.4-6.4-12.8-12.8-12.8h-22.4c-6.4 0-12.8 6.4-12.8 12.8v230.4c0 6.4 6.4 12.8 12.8 12.8zm-192 0h22.4c6.4 0 12.8-6.4 12.8-12.8V140.8c0-6.4-6.4-12.8-12.8-12.8h-22.4c-6.4 0-12.8 6.4-12.8 12.8v198.4c0 6.4 6.4 12.8 12.8 12.8zm96 0h22.4c6.4 0 12.8-6.4 12.8-12.8V204.8c0-6.4-6.4-12.8-12.8-12.8h-22.4c-6.4 0-12.8 6.4-12.8 12.8v134.4c0 6.4 6.4 12.8 12.8 12.8zM496 400H48V80c0-8.84-7.16-16-16-16H16C7.16 64 0 71.16 0 80v336c0 17.67 14.33 32 32 32h464c8.84 0 16-7.16 16-16v-16c0-8.84-7.16-16-16-16zm-387.2-48h22.4c6.4 0 12.8-6.4 12.8-12.8v-70.4c0-6.4-6.4-12.8-12.8-12.8h-22.4c-6.4 0-12.8 6.4-12.8 12.8v70.4c0 6.4 6.4 12.8 12.8 12.8z\" class=\"\"><\/path><\/svg><\/i> <img loading=\"lazy\" decoding=\"async\" width=\"16\" height=\"16\" alt=\"Loading\" src=\"https:\/\/csavoly.hu\/wp\/wp-content\/plugins\/page-views-count\/ajax-loader-2x.gif\" border=0 \/><\/p><div class=\"pvc_clear\"><\/div>","protected":false},"excerpt":{"rendered":"<div class=\"pvc_clear\"><\/div>\n<p id=\"pvc_stats_7352\" class=\"pvc_stats all  \" data-element-id=\"7352\" style=\"\"><i class=\"pvc-stats-icon medium\" aria-hidden=\"true\"><svg aria-hidden=\"true\" focusable=\"false\" data-prefix=\"far\" data-icon=\"chart-bar\" role=\"img\" xmlns=\"http:\/\/www.w3.org\/2000\/svg\" viewBox=\"0 0 512 512\" class=\"svg-inline--fa fa-chart-bar fa-w-16 fa-2x\"><path fill=\"currentColor\" d=\"M396.8 352h22.4c6.4 0 12.8-6.4 12.8-12.8V108.8c0-6.4-6.4-12.8-12.8-12.8h-22.4c-6.4 0-12.8 6.4-12.8 12.8v230.4c0 6.4 6.4 12.8 12.8 12.8zm-192 0h22.4c6.4 0 12.8-6.4 12.8-12.8V140.8c0-6.4-6.4-12.8-12.8-12.8h-22.4c-6.4 0-12.8 6.4-12.8 12.8v198.4c0 6.4 6.4 12.8 12.8 12.8zm96 0h22.4c6.4 0 12.8-6.4 12.8-12.8V204.8c0-6.4-6.4-12.8-12.8-12.8h-22.4c-6.4 0-12.8 6.4-12.8 12.8v134.4c0 6.4 6.4 12.8 12.8 12.8zM496 400H48V80c0-8.84-7.16-16-16-16H16C7.16 64 0 71.16 0 80v336c0 17.67 14.33 32 32 32h464c8.84 0 16-7.16 16-16v-16c0-8.84-7.16-16-16-16zm-387.2-48h22.4c6.4 0 12.8-6.4 12.8-12.8v-70.4c0-6.4-6.4-12.8-12.8-12.8h-22.4c-6.4 0-12.8 6.4-12.8 12.8v70.4c0 6.4 6.4 12.8 12.8 12.8z\" class=\"\"><\/path><\/svg><\/i> <img loading=\"lazy\" decoding=\"async\" width=\"16\" height=\"16\" alt=\"Loading\" src=\"https:\/\/csavoly.hu\/wp\/wp-content\/plugins\/page-views-count\/ajax-loader-2x.gif\" border=0 \/><\/p>\n<div class=\"pvc_clear\"><\/div>\n","protected":false},"author":3,"featured_media":0,"parent":0,"menu_order":0,"comment_status":"closed","ping_status":"closed","template":"","meta":{"footnotes":""},"class_list":["post-7352","page","type-page","status-publish","hentry"],"_links":{"self":[{"href":"https:\/\/csavoly.hu\/wp\/index.php?rest_route=\/wp\/v2\/pages\/7352"}],"collection":[{"href":"https:\/\/csavoly.hu\/wp\/index.php?rest_route=\/wp\/v2\/pages"}],"about":[{"href":"https:\/\/csavoly.hu\/wp\/index.php?rest_route=\/wp\/v2\/types\/page"}],"author":[{"embeddable":true,"href":"https:\/\/csavoly.hu\/wp\/index.php?rest_route=\/wp\/v2\/users\/3"}],"replies":[{"embeddable":true,"href":"https:\/\/csavoly.hu\/wp\/index.php?rest_route=%2Fwp%2Fv2%2Fcomments&post=7352"}],"version-history":[{"count":1,"href":"https:\/\/csavoly.hu\/wp\/index.php?rest_route=\/wp\/v2\/pages\/7352\/revisions"}],"predecessor-version":[{"id":7360,"href":"https:\/\/csavoly.hu\/wp\/index.php?rest_route=\/wp\/v2\/pages\/7352\/revisions\/7360"}],"wp:attachment":[{"href":"https:\/\/csavoly.hu\/wp\/index.php?rest_route=%2Fwp%2Fv2%2Fmedia&parent=7352"}],"curies":[{"name":"wp","href":"https:\/\/api.w.org\/{rel}","templated":true}]}}