{"id":7363,"date":"2024-09-30T12:38:57","date_gmt":"2024-09-30T10:38:57","guid":{"rendered":"https:\/\/csavoly.hu\/wp\/?page_id=7363"},"modified":"2024-09-30T12:38:57","modified_gmt":"2024-09-30T10:38:57","slug":"2024-04-04-2","status":"publish","type":"page","link":"https:\/\/csavoly.hu\/wp\/?page_id=7363","title":{"rendered":"2024.04.04."},"content":{"rendered":"\n<div data-wp-interactive=\"core\/file\" class=\"wp-block-file\"><object data-wp-bind--hidden=\"!state.hasPdfPreview\"  class=\"wp-block-file__embed\" data=\"https:\/\/csavoly.hu\/wp\/wp-content\/uploads\/2024\/09\/Meghivo_2024.04.04.-nyilvanos.pdf\" type=\"application\/pdf\" style=\"width:100%;height:600px\" aria-label=\"Megh\u00edv\u00f3_2024.04.04. nyilv\u00e1nos be\u00e1gyaz\u00e1sa\"><\/object><a id=\"wp-block-file--media-4edfcb50-49bd-4bc3-8d56-2ce72cd368bf\" href=\"https:\/\/csavoly.hu\/wp\/wp-content\/uploads\/2024\/09\/Meghivo_2024.04.04.-nyilvanos.pdf\">Megh\u00edv\u00f3_2024.04.04. nyilv\u00e1nos<\/a><a href=\"https:\/\/csavoly.hu\/wp\/wp-content\/uploads\/2024\/09\/Meghivo_2024.04.04.-nyilvanos.pdf\" class=\"wp-block-file__button wp-element-button\" download aria-describedby=\"wp-block-file--media-4edfcb50-49bd-4bc3-8d56-2ce72cd368bf\">Let\u00f6lt\u00e9s<\/a><\/div>\n\n\n\n<div data-wp-interactive=\"core\/file\" class=\"wp-block-file\"><object data-wp-bind--hidden=\"!state.hasPdfPreview\"  class=\"wp-block-file__embed\" data=\"https:\/\/csavoly.hu\/wp\/wp-content\/uploads\/2024\/09\/1.A_Jelentes.pdf\" type=\"application\/pdf\" style=\"width:100%;height:600px\" aria-label=\"1.A_Jelent\u00e9s be\u00e1gyaz\u00e1sa\"><\/object><a id=\"wp-block-file--media-77933b20-057f-4cb6-8320-6bcac72016fa\" href=\"https:\/\/csavoly.hu\/wp\/wp-content\/uploads\/2024\/09\/1.A_Jelentes.pdf\">1.A_Jelent\u00e9s<\/a><a href=\"https:\/\/csavoly.hu\/wp\/wp-content\/uploads\/2024\/09\/1.A_Jelentes.pdf\" class=\"wp-block-file__button wp-element-button\" download aria-describedby=\"wp-block-file--media-77933b20-057f-4cb6-8320-6bcac72016fa\">Let\u00f6lt\u00e9s<\/a><\/div>\n\n\n\n<div data-wp-interactive=\"core\/file\" class=\"wp-block-file\"><object data-wp-bind--hidden=\"!state.hasPdfPreview\"  class=\"wp-block-file__embed\" data=\"https:\/\/csavoly.hu\/wp\/wp-content\/uploads\/2024\/09\/1.B_Et_Tajekoztato.pdf\" type=\"application\/pdf\" style=\"width:100%;height:600px\" aria-label=\"1.B_Et_T\u00e1j\u00e9koztat\u00f3 be\u00e1gyaz\u00e1sa\"><\/object><a id=\"wp-block-file--media-334d2260-7ccf-4a01-838d-2bf5ae86e458\" href=\"https:\/\/csavoly.hu\/wp\/wp-content\/uploads\/2024\/09\/1.B_Et_Tajekoztato.pdf\">1.B_Et_T\u00e1j\u00e9koztat\u00f3<\/a><a href=\"https:\/\/csavoly.hu\/wp\/wp-content\/uploads\/2024\/09\/1.B_Et_Tajekoztato.pdf\" class=\"wp-block-file__button wp-element-button\" download aria-describedby=\"wp-block-file--media-334d2260-7ccf-4a01-838d-2bf5ae86e458\">Let\u00f6lt\u00e9s<\/a><\/div>\n\n\n\n<div data-wp-interactive=\"core\/file\" class=\"wp-block-file\"><object data-wp-bind--hidden=\"!state.hasPdfPreview\"  class=\"wp-block-file__embed\" data=\"https:\/\/csavoly.hu\/wp\/wp-content\/uploads\/2024\/09\/2.A_Beszamolo-a-polgarmester-atruhazott-hataskorben-hozott-donteseirol.pdf\" type=\"application\/pdf\" style=\"width:100%;height:600px\" aria-label=\"2.A_Besz\u00e1mol\u00f3 a polg\u00e1rmester \u00e1truh\u00e1zott hat\u00e1sk\u00f6rben hozott d\u00f6nt\u00e9seir\u0151l be\u00e1gyaz\u00e1sa\"><\/object><a id=\"wp-block-file--media-77abd062-db8d-4e24-95bf-25e4aee3b3bd\" href=\"https:\/\/csavoly.hu\/wp\/wp-content\/uploads\/2024\/09\/2.A_Beszamolo-a-polgarmester-atruhazott-hataskorben-hozott-donteseirol.pdf\">2.A_Besz\u00e1mol\u00f3 a polg\u00e1rmester \u00e1truh\u00e1zott hat\u00e1sk\u00f6rben hozott d\u00f6nt\u00e9seir\u0151l<\/a><a href=\"https:\/\/csavoly.hu\/wp\/wp-content\/uploads\/2024\/09\/2.A_Beszamolo-a-polgarmester-atruhazott-hataskorben-hozott-donteseirol.pdf\" class=\"wp-block-file__button wp-element-button\" download aria-describedby=\"wp-block-file--media-77abd062-db8d-4e24-95bf-25e4aee3b3bd\">Let\u00f6lt\u00e9s<\/a><\/div>\n\n\n\n<div data-wp-interactive=\"core\/file\" class=\"wp-block-file\"><object data-wp-bind--hidden=\"!state.hasPdfPreview\"  class=\"wp-block-file__embed\" data=\"https:\/\/csavoly.hu\/wp\/wp-content\/uploads\/2024\/09\/2_B-Et_Beszamolo.pdf\" type=\"application\/pdf\" style=\"width:100%;height:600px\" aria-label=\"2_B Et_Besz\u00e1mol\u00f3 be\u00e1gyaz\u00e1sa\"><\/object><a id=\"wp-block-file--media-769e3742-a4a0-4016-b358-55304bdf56a3\" href=\"https:\/\/csavoly.hu\/wp\/wp-content\/uploads\/2024\/09\/2_B-Et_Beszamolo.pdf\">2_B Et_Besz\u00e1mol\u00f3<\/a><a href=\"https:\/\/csavoly.hu\/wp\/wp-content\/uploads\/2024\/09\/2_B-Et_Beszamolo.pdf\" class=\"wp-block-file__button wp-element-button\" download aria-describedby=\"wp-block-file--media-769e3742-a4a0-4016-b358-55304bdf56a3\">Let\u00f6lt\u00e9s<\/a><\/div>\n\n\n\n<div data-wp-interactive=\"core\/file\" class=\"wp-block-file\"><object data-wp-bind--hidden=\"!state.hasPdfPreview\"  class=\"wp-block-file__embed\" data=\"https:\/\/csavoly.hu\/wp\/wp-content\/uploads\/2024\/09\/3.-Et_2024.-evi-szocialis-tuzifa-palyazat-benyujtasarol.pdf\" type=\"application\/pdf\" style=\"width:100%;height:600px\" aria-label=\"3. Et_2024. \u00e9vi szoci\u00e1lis t\u0171zifa p\u00e1ly\u00e1zat beny\u00fajt\u00e1s\u00e1r\u00f3l be\u00e1gyaz\u00e1sa\"><\/object><a id=\"wp-block-file--media-b670c344-ec3a-4c4f-9cee-2c497102bf56\" href=\"https:\/\/csavoly.hu\/wp\/wp-content\/uploads\/2024\/09\/3.-Et_2024.-evi-szocialis-tuzifa-palyazat-benyujtasarol.pdf\">3. Et_2024. \u00e9vi szoci\u00e1lis t\u0171zifa p\u00e1ly\u00e1zat beny\u00fajt\u00e1s\u00e1r\u00f3l<\/a><a href=\"https:\/\/csavoly.hu\/wp\/wp-content\/uploads\/2024\/09\/3.-Et_2024.-evi-szocialis-tuzifa-palyazat-benyujtasarol.pdf\" class=\"wp-block-file__button wp-element-button\" download aria-describedby=\"wp-block-file--media-b670c344-ec3a-4c4f-9cee-2c497102bf56\">Let\u00f6lt\u00e9s<\/a><\/div>\n\n\n\n<div data-wp-interactive=\"core\/file\" class=\"wp-block-file\"><object data-wp-bind--hidden=\"!state.hasPdfPreview\"  class=\"wp-block-file__embed\" data=\"https:\/\/csavoly.hu\/wp\/wp-content\/uploads\/2024\/09\/4.-Et_A-telepulesi-Ertektar-Bizottsag-2023.-evi-mukodeserol.pdf\" type=\"application\/pdf\" style=\"width:100%;height:600px\" aria-label=\"4. Et_A telep\u00fcl\u00e9si \u00c9rt\u00e9kt\u00e1r Bizotts\u00e1g 2023. \u00e9vi m\u0171k\u00f6d\u00e9s\u00e9r\u0151l be\u00e1gyaz\u00e1sa\"><\/object><a id=\"wp-block-file--media-048533b0-f14a-4e49-baf0-e5c54d6452d4\" href=\"https:\/\/csavoly.hu\/wp\/wp-content\/uploads\/2024\/09\/4.-Et_A-telepulesi-Ertektar-Bizottsag-2023.-evi-mukodeserol.pdf\">4. Et_A telep\u00fcl\u00e9si \u00c9rt\u00e9kt\u00e1r Bizotts\u00e1g 2023. \u00e9vi m\u0171k\u00f6d\u00e9s\u00e9r\u0151l<\/a><a href=\"https:\/\/csavoly.hu\/wp\/wp-content\/uploads\/2024\/09\/4.-Et_A-telepulesi-Ertektar-Bizottsag-2023.-evi-mukodeserol.pdf\" class=\"wp-block-file__button wp-element-button\" download aria-describedby=\"wp-block-file--media-048533b0-f14a-4e49-baf0-e5c54d6452d4\">Let\u00f6lt\u00e9s<\/a><\/div>\n\n\n\n<div data-wp-interactive=\"core\/file\" class=\"wp-block-file\"><object data-wp-bind--hidden=\"!state.hasPdfPreview\"  class=\"wp-block-file__embed\" data=\"https:\/\/csavoly.hu\/wp\/wp-content\/uploads\/2024\/09\/6.-Et_-Tersegi-kozlorendszer-kiepiteserol.pdf\" type=\"application\/pdf\" style=\"width:100%;height:600px\" aria-label=\"6. Et_ T\u00e9rs\u00e9gi k\u00f6zl\u0151rendszer ki\u00e9p\u00edt\u00e9s\u00e9r\u0151l be\u00e1gyaz\u00e1sa\"><\/object><a id=\"wp-block-file--media-c5399c21-00c7-4a03-818b-5ce4a772f88c\" href=\"https:\/\/csavoly.hu\/wp\/wp-content\/uploads\/2024\/09\/6.-Et_-Tersegi-kozlorendszer-kiepiteserol.pdf\">6. Et_ T\u00e9rs\u00e9gi k\u00f6zl\u0151rendszer ki\u00e9p\u00edt\u00e9s\u00e9r\u0151l<\/a><a href=\"https:\/\/csavoly.hu\/wp\/wp-content\/uploads\/2024\/09\/6.-Et_-Tersegi-kozlorendszer-kiepiteserol.pdf\" class=\"wp-block-file__button wp-element-button\" download aria-describedby=\"wp-block-file--media-c5399c21-00c7-4a03-818b-5ce4a772f88c\">Let\u00f6lt\u00e9s<\/a><\/div>\n\n\n\n<div data-wp-interactive=\"core\/file\" class=\"wp-block-file\"><object data-wp-bind--hidden=\"!state.hasPdfPreview\"  class=\"wp-block-file__embed\" data=\"https:\/\/csavoly.hu\/wp\/wp-content\/uploads\/2024\/09\/7.-E_-Vagyonnyilatkozat-teteli-kotelezettseg-teljesiteserol.pdf\" type=\"application\/pdf\" style=\"width:100%;height:600px\" aria-label=\"7. E_ Vagyonnyilatkozat t\u00e9teli k\u00f6telezetts\u00e9g teljes\u00edt\u00e9s\u00e9r\u0151l be\u00e1gyaz\u00e1sa\"><\/object><a id=\"wp-block-file--media-e0d74f2e-dba3-4203-acd5-6d88bd87c012\" href=\"https:\/\/csavoly.hu\/wp\/wp-content\/uploads\/2024\/09\/7.-E_-Vagyonnyilatkozat-teteli-kotelezettseg-teljesiteserol.pdf\">7. E_ Vagyonnyilatkozat t\u00e9teli k\u00f6telezetts\u00e9g teljes\u00edt\u00e9s\u00e9r\u0151l<\/a><a href=\"https:\/\/csavoly.hu\/wp\/wp-content\/uploads\/2024\/09\/7.-E_-Vagyonnyilatkozat-teteli-kotelezettseg-teljesiteserol.pdf\" class=\"wp-block-file__button wp-element-button\" download aria-describedby=\"wp-block-file--media-e0d74f2e-dba3-4203-acd5-6d88bd87c012\">Let\u00f6lt\u00e9s<\/a><\/div>\n\n\n\n<p><\/p>\n<div class=\"pvc_clear\"><\/div><p id=\"pvc_stats_7363\" class=\"pvc_stats all  \" data-element-id=\"7363\" style=\"\"><i class=\"pvc-stats-icon medium\" aria-hidden=\"true\"><svg aria-hidden=\"true\" focusable=\"false\" data-prefix=\"far\" data-icon=\"chart-bar\" role=\"img\" xmlns=\"http:\/\/www.w3.org\/2000\/svg\" viewBox=\"0 0 512 512\" class=\"svg-inline--fa fa-chart-bar fa-w-16 fa-2x\"><path fill=\"currentColor\" d=\"M396.8 352h22.4c6.4 0 12.8-6.4 12.8-12.8V108.8c0-6.4-6.4-12.8-12.8-12.8h-22.4c-6.4 0-12.8 6.4-12.8 12.8v230.4c0 6.4 6.4 12.8 12.8 12.8zm-192 0h22.4c6.4 0 12.8-6.4 12.8-12.8V140.8c0-6.4-6.4-12.8-12.8-12.8h-22.4c-6.4 0-12.8 6.4-12.8 12.8v198.4c0 6.4 6.4 12.8 12.8 12.8zm96 0h22.4c6.4 0 12.8-6.4 12.8-12.8V204.8c0-6.4-6.4-12.8-12.8-12.8h-22.4c-6.4 0-12.8 6.4-12.8 12.8v134.4c0 6.4 6.4 12.8 12.8 12.8zM496 400H48V80c0-8.84-7.16-16-16-16H16C7.16 64 0 71.16 0 80v336c0 17.67 14.33 32 32 32h464c8.84 0 16-7.16 16-16v-16c0-8.84-7.16-16-16-16zm-387.2-48h22.4c6.4 0 12.8-6.4 12.8-12.8v-70.4c0-6.4-6.4-12.8-12.8-12.8h-22.4c-6.4 0-12.8 6.4-12.8 12.8v70.4c0 6.4 6.4 12.8 12.8 12.8z\" class=\"\"><\/path><\/svg><\/i> <img loading=\"lazy\" decoding=\"async\" width=\"16\" height=\"16\" alt=\"Loading\" src=\"https:\/\/csavoly.hu\/wp\/wp-content\/plugins\/page-views-count\/ajax-loader-2x.gif\" border=0 \/><\/p><div class=\"pvc_clear\"><\/div>","protected":false},"excerpt":{"rendered":"<div class=\"pvc_clear\"><\/div>\n<p id=\"pvc_stats_7363\" class=\"pvc_stats all  \" data-element-id=\"7363\" style=\"\"><i class=\"pvc-stats-icon medium\" aria-hidden=\"true\"><svg aria-hidden=\"true\" focusable=\"false\" data-prefix=\"far\" data-icon=\"chart-bar\" role=\"img\" xmlns=\"http:\/\/www.w3.org\/2000\/svg\" viewBox=\"0 0 512 512\" class=\"svg-inline--fa fa-chart-bar fa-w-16 fa-2x\"><path fill=\"currentColor\" d=\"M396.8 352h22.4c6.4 0 12.8-6.4 12.8-12.8V108.8c0-6.4-6.4-12.8-12.8-12.8h-22.4c-6.4 0-12.8 6.4-12.8 12.8v230.4c0 6.4 6.4 12.8 12.8 12.8zm-192 0h22.4c6.4 0 12.8-6.4 12.8-12.8V140.8c0-6.4-6.4-12.8-12.8-12.8h-22.4c-6.4 0-12.8 6.4-12.8 12.8v198.4c0 6.4 6.4 12.8 12.8 12.8zm96 0h22.4c6.4 0 12.8-6.4 12.8-12.8V204.8c0-6.4-6.4-12.8-12.8-12.8h-22.4c-6.4 0-12.8 6.4-12.8 12.8v134.4c0 6.4 6.4 12.8 12.8 12.8zM496 400H48V80c0-8.84-7.16-16-16-16H16C7.16 64 0 71.16 0 80v336c0 17.67 14.33 32 32 32h464c8.84 0 16-7.16 16-16v-16c0-8.84-7.16-16-16-16zm-387.2-48h22.4c6.4 0 12.8-6.4 12.8-12.8v-70.4c0-6.4-6.4-12.8-12.8-12.8h-22.4c-6.4 0-12.8 6.4-12.8 12.8v70.4c0 6.4 6.4 12.8 12.8 12.8z\" class=\"\"><\/path><\/svg><\/i> <img loading=\"lazy\" decoding=\"async\" width=\"16\" height=\"16\" alt=\"Loading\" src=\"https:\/\/csavoly.hu\/wp\/wp-content\/plugins\/page-views-count\/ajax-loader-2x.gif\" border=0 \/><\/p>\n<div class=\"pvc_clear\"><\/div>\n","protected":false},"author":3,"featured_media":0,"parent":0,"menu_order":0,"comment_status":"closed","ping_status":"closed","template":"","meta":{"footnotes":""},"class_list":["post-7363","page","type-page","status-publish","hentry"],"_links":{"self":[{"href":"https:\/\/csavoly.hu\/wp\/index.php?rest_route=\/wp\/v2\/pages\/7363"}],"collection":[{"href":"https:\/\/csavoly.hu\/wp\/index.php?rest_route=\/wp\/v2\/pages"}],"about":[{"href":"https:\/\/csavoly.hu\/wp\/index.php?rest_route=\/wp\/v2\/types\/page"}],"author":[{"embeddable":true,"href":"https:\/\/csavoly.hu\/wp\/index.php?rest_route=\/wp\/v2\/users\/3"}],"replies":[{"embeddable":true,"href":"https:\/\/csavoly.hu\/wp\/index.php?rest_route=%2Fwp%2Fv2%2Fcomments&post=7363"}],"version-history":[{"count":1,"href":"https:\/\/csavoly.hu\/wp\/index.php?rest_route=\/wp\/v2\/pages\/7363\/revisions"}],"predecessor-version":[{"id":7373,"href":"https:\/\/csavoly.hu\/wp\/index.php?rest_route=\/wp\/v2\/pages\/7363\/revisions\/7373"}],"wp:attachment":[{"href":"https:\/\/csavoly.hu\/wp\/index.php?rest_route=%2Fwp%2Fv2%2Fmedia&parent=7363"}],"curies":[{"name":"wp","href":"https:\/\/api.w.org\/{rel}","templated":true}]}}