{"id":7398,"date":"2024-09-30T12:47:07","date_gmt":"2024-09-30T10:47:07","guid":{"rendered":"https:\/\/csavoly.hu\/wp\/?page_id=7398"},"modified":"2024-09-30T12:47:07","modified_gmt":"2024-09-30T10:47:07","slug":"2024-04-30","status":"publish","type":"page","link":"https:\/\/csavoly.hu\/wp\/?page_id=7398","title":{"rendered":"2024.04.30."},"content":{"rendered":"\n<div data-wp-interactive=\"core\/file\" class=\"wp-block-file\"><object data-wp-bind--hidden=\"!state.hasPdfPreview\"  class=\"wp-block-file__embed\" data=\"https:\/\/csavoly.hu\/wp\/wp-content\/uploads\/2024\/09\/Meghivo_2024.04.30_rendkivuli.pdf\" type=\"application\/pdf\" style=\"width:100%;height:600px\" aria-label=\"Megh\u00edv\u00f3_2024.04.30_rendk\u00edv\u00fcli be\u00e1gyaz\u00e1sa\"><\/object><a id=\"wp-block-file--media-224f00d9-b7ca-4712-8d0c-86d4763a1554\" href=\"https:\/\/csavoly.hu\/wp\/wp-content\/uploads\/2024\/09\/Meghivo_2024.04.30_rendkivuli.pdf\">Megh\u00edv\u00f3_2024.04.30_rendk\u00edv\u00fcli<\/a><a href=\"https:\/\/csavoly.hu\/wp\/wp-content\/uploads\/2024\/09\/Meghivo_2024.04.30_rendkivuli.pdf\" class=\"wp-block-file__button wp-element-button\" download aria-describedby=\"wp-block-file--media-224f00d9-b7ca-4712-8d0c-86d4763a1554\">Let\u00f6lt\u00e9s<\/a><\/div>\n\n\n\n<div data-wp-interactive=\"core\/file\" class=\"wp-block-file\"><object data-wp-bind--hidden=\"!state.hasPdfPreview\"  class=\"wp-block-file__embed\" data=\"https:\/\/csavoly.hu\/wp\/wp-content\/uploads\/2024\/09\/1.-Et_KEHOP_ingatlanszerzes-atcsoportositasa.pdf\" type=\"application\/pdf\" style=\"width:100%;height:600px\" aria-label=\"1. Et_KEHOP_ingatlanszerz\u00e9s \u00e1tcsoportos\u00edt\u00e1sa be\u00e1gyaz\u00e1sa\"><\/object><a id=\"wp-block-file--media-2d7398cc-b00f-43bb-80f9-09e86b946313\" href=\"https:\/\/csavoly.hu\/wp\/wp-content\/uploads\/2024\/09\/1.-Et_KEHOP_ingatlanszerzes-atcsoportositasa.pdf\">1. Et_KEHOP_ingatlanszerz\u00e9s \u00e1tcsoportos\u00edt\u00e1sa<\/a><a href=\"https:\/\/csavoly.hu\/wp\/wp-content\/uploads\/2024\/09\/1.-Et_KEHOP_ingatlanszerzes-atcsoportositasa.pdf\" class=\"wp-block-file__button wp-element-button\" download aria-describedby=\"wp-block-file--media-2d7398cc-b00f-43bb-80f9-09e86b946313\">Let\u00f6lt\u00e9s<\/a><\/div>\n\n\n\n<div data-wp-interactive=\"core\/file\" class=\"wp-block-file\"><object data-wp-bind--hidden=\"!state.hasPdfPreview\"  class=\"wp-block-file__embed\" data=\"https:\/\/csavoly.hu\/wp\/wp-content\/uploads\/2024\/09\/2.-Et_Szszb_Hvb.pdf\" type=\"application\/pdf\" style=\"width:100%;height:600px\" aria-label=\"2. Et_Szszb_Hvb be\u00e1gyaz\u00e1sa\"><\/object><a id=\"wp-block-file--media-9612b4bf-cdf6-4819-8260-23127ccc3741\" href=\"https:\/\/csavoly.hu\/wp\/wp-content\/uploads\/2024\/09\/2.-Et_Szszb_Hvb.pdf\">2. Et_Szszb_Hvb<\/a><a href=\"https:\/\/csavoly.hu\/wp\/wp-content\/uploads\/2024\/09\/2.-Et_Szszb_Hvb.pdf\" class=\"wp-block-file__button wp-element-button\" download aria-describedby=\"wp-block-file--media-9612b4bf-cdf6-4819-8260-23127ccc3741\">Let\u00f6lt\u00e9s<\/a><\/div>\n<div class=\"pvc_clear\"><\/div><p id=\"pvc_stats_7398\" class=\"pvc_stats all  \" data-element-id=\"7398\" style=\"\"><i class=\"pvc-stats-icon medium\" aria-hidden=\"true\"><svg aria-hidden=\"true\" focusable=\"false\" data-prefix=\"far\" data-icon=\"chart-bar\" role=\"img\" xmlns=\"http:\/\/www.w3.org\/2000\/svg\" viewBox=\"0 0 512 512\" class=\"svg-inline--fa fa-chart-bar fa-w-16 fa-2x\"><path fill=\"currentColor\" d=\"M396.8 352h22.4c6.4 0 12.8-6.4 12.8-12.8V108.8c0-6.4-6.4-12.8-12.8-12.8h-22.4c-6.4 0-12.8 6.4-12.8 12.8v230.4c0 6.4 6.4 12.8 12.8 12.8zm-192 0h22.4c6.4 0 12.8-6.4 12.8-12.8V140.8c0-6.4-6.4-12.8-12.8-12.8h-22.4c-6.4 0-12.8 6.4-12.8 12.8v198.4c0 6.4 6.4 12.8 12.8 12.8zm96 0h22.4c6.4 0 12.8-6.4 12.8-12.8V204.8c0-6.4-6.4-12.8-12.8-12.8h-22.4c-6.4 0-12.8 6.4-12.8 12.8v134.4c0 6.4 6.4 12.8 12.8 12.8zM496 400H48V80c0-8.84-7.16-16-16-16H16C7.16 64 0 71.16 0 80v336c0 17.67 14.33 32 32 32h464c8.84 0 16-7.16 16-16v-16c0-8.84-7.16-16-16-16zm-387.2-48h22.4c6.4 0 12.8-6.4 12.8-12.8v-70.4c0-6.4-6.4-12.8-12.8-12.8h-22.4c-6.4 0-12.8 6.4-12.8 12.8v70.4c0 6.4 6.4 12.8 12.8 12.8z\" class=\"\"><\/path><\/svg><\/i> <img loading=\"lazy\" decoding=\"async\" width=\"16\" height=\"16\" alt=\"Loading\" src=\"https:\/\/csavoly.hu\/wp\/wp-content\/plugins\/page-views-count\/ajax-loader-2x.gif\" border=0 \/><\/p><div class=\"pvc_clear\"><\/div>","protected":false},"excerpt":{"rendered":"<div class=\"pvc_clear\"><\/div>\n<p id=\"pvc_stats_7398\" class=\"pvc_stats all  \" data-element-id=\"7398\" style=\"\"><i class=\"pvc-stats-icon medium\" aria-hidden=\"true\"><svg aria-hidden=\"true\" focusable=\"false\" data-prefix=\"far\" data-icon=\"chart-bar\" role=\"img\" xmlns=\"http:\/\/www.w3.org\/2000\/svg\" viewBox=\"0 0 512 512\" class=\"svg-inline--fa fa-chart-bar fa-w-16 fa-2x\"><path fill=\"currentColor\" d=\"M396.8 352h22.4c6.4 0 12.8-6.4 12.8-12.8V108.8c0-6.4-6.4-12.8-12.8-12.8h-22.4c-6.4 0-12.8 6.4-12.8 12.8v230.4c0 6.4 6.4 12.8 12.8 12.8zm-192 0h22.4c6.4 0 12.8-6.4 12.8-12.8V140.8c0-6.4-6.4-12.8-12.8-12.8h-22.4c-6.4 0-12.8 6.4-12.8 12.8v198.4c0 6.4 6.4 12.8 12.8 12.8zm96 0h22.4c6.4 0 12.8-6.4 12.8-12.8V204.8c0-6.4-6.4-12.8-12.8-12.8h-22.4c-6.4 0-12.8 6.4-12.8 12.8v134.4c0 6.4 6.4 12.8 12.8 12.8zM496 400H48V80c0-8.84-7.16-16-16-16H16C7.16 64 0 71.16 0 80v336c0 17.67 14.33 32 32 32h464c8.84 0 16-7.16 16-16v-16c0-8.84-7.16-16-16-16zm-387.2-48h22.4c6.4 0 12.8-6.4 12.8-12.8v-70.4c0-6.4-6.4-12.8-12.8-12.8h-22.4c-6.4 0-12.8 6.4-12.8 12.8v70.4c0 6.4 6.4 12.8 12.8 12.8z\" class=\"\"><\/path><\/svg><\/i> <img loading=\"lazy\" decoding=\"async\" width=\"16\" height=\"16\" alt=\"Loading\" src=\"https:\/\/csavoly.hu\/wp\/wp-content\/plugins\/page-views-count\/ajax-loader-2x.gif\" border=0 \/><\/p>\n<div class=\"pvc_clear\"><\/div>\n","protected":false},"author":3,"featured_media":0,"parent":0,"menu_order":0,"comment_status":"closed","ping_status":"closed","template":"","meta":{"footnotes":""},"class_list":["post-7398","page","type-page","status-publish","hentry"],"_links":{"self":[{"href":"https:\/\/csavoly.hu\/wp\/index.php?rest_route=\/wp\/v2\/pages\/7398"}],"collection":[{"href":"https:\/\/csavoly.hu\/wp\/index.php?rest_route=\/wp\/v2\/pages"}],"about":[{"href":"https:\/\/csavoly.hu\/wp\/index.php?rest_route=\/wp\/v2\/types\/page"}],"author":[{"embeddable":true,"href":"https:\/\/csavoly.hu\/wp\/index.php?rest_route=\/wp\/v2\/users\/3"}],"replies":[{"embeddable":true,"href":"https:\/\/csavoly.hu\/wp\/index.php?rest_route=%2Fwp%2Fv2%2Fcomments&post=7398"}],"version-history":[{"count":1,"href":"https:\/\/csavoly.hu\/wp\/index.php?rest_route=\/wp\/v2\/pages\/7398\/revisions"}],"predecessor-version":[{"id":7402,"href":"https:\/\/csavoly.hu\/wp\/index.php?rest_route=\/wp\/v2\/pages\/7398\/revisions\/7402"}],"wp:attachment":[{"href":"https:\/\/csavoly.hu\/wp\/index.php?rest_route=%2Fwp%2Fv2%2Fmedia&parent=7398"}],"curies":[{"name":"wp","href":"https:\/\/api.w.org\/{rel}","templated":true}]}}