{"id":74,"date":"2015-09-23T07:51:52","date_gmt":"2015-09-23T07:51:52","guid":{"rendered":"http:\/\/csavoly.hu\/wp\/?p=74"},"modified":"2020-05-13T10:22:43","modified_gmt":"2020-05-13T08:22:43","slug":"horvat-nemzetisegi-onkormanyzat-2","status":"publish","type":"page","link":"https:\/\/csavoly.hu\/wp\/?page_id=74","title":{"rendered":"Horv\u00e1t Nemzetis\u00e9gi \u00d6nkorm\u00e1nyzat"},"content":{"rendered":"<p>Id\u00e9n m\u00e1r a 90. alkalommal ker\u00fclt megrendez\u00e9sre a cs\u00e1volyi Bunyev\u00e1c Pr\u00e9l\u00f3. Az el\u0151ad\u00e1s \u00e9s a j\u00f3 hangulat m\u00e9lt\u00f3k\u00e9ppen hozz\u00e1j\u00e1rult ennek a jubileumi alkalomnak a meg\u00fcnnepl\u00e9s\u00e9hez.<\/p>\n<p><img loading=\"lazy\" decoding=\"async\" class=\"alignnone size-large wp-image-2071\" src=\"https:\/\/csavoly.hu\/wp\/wp-content\/uploads\/2015\/09\/k\u00e9p5-1024x683.jpg\" alt=\"\" width=\"734\" height=\"490\" srcset=\"https:\/\/csavoly.hu\/wp\/wp-content\/uploads\/2015\/09\/k\u00e9p5-1024x683.jpg 1024w, https:\/\/csavoly.hu\/wp\/wp-content\/uploads\/2015\/09\/k\u00e9p5-300x200.jpg 300w, https:\/\/csavoly.hu\/wp\/wp-content\/uploads\/2015\/09\/k\u00e9p5-768x512.jpg 768w, https:\/\/csavoly.hu\/wp\/wp-content\/uploads\/2015\/09\/k\u00e9p5-1170x780.jpg 1170w, https:\/\/csavoly.hu\/wp\/wp-content\/uploads\/2015\/09\/k\u00e9p5.jpg 1728w\" sizes=\"(max-width: 734px) 100vw, 734px\" \/> <img loading=\"lazy\" decoding=\"async\" class=\"alignnone size-large wp-image-2070\" src=\"https:\/\/csavoly.hu\/wp\/wp-content\/uploads\/2015\/09\/k\u00e9p4-1024x683.jpg\" alt=\"\" width=\"734\" height=\"490\" srcset=\"https:\/\/csavoly.hu\/wp\/wp-content\/uploads\/2015\/09\/k\u00e9p4-1024x683.jpg 1024w, https:\/\/csavoly.hu\/wp\/wp-content\/uploads\/2015\/09\/k\u00e9p4-300x200.jpg 300w, https:\/\/csavoly.hu\/wp\/wp-content\/uploads\/2015\/09\/k\u00e9p4-768x512.jpg 768w, https:\/\/csavoly.hu\/wp\/wp-content\/uploads\/2015\/09\/k\u00e9p4-1170x780.jpg 1170w, https:\/\/csavoly.hu\/wp\/wp-content\/uploads\/2015\/09\/k\u00e9p4.jpg 1728w\" sizes=\"(max-width: 734px) 100vw, 734px\" \/> <img loading=\"lazy\" decoding=\"async\" class=\"alignnone size-large wp-image-2069\" src=\"https:\/\/csavoly.hu\/wp\/wp-content\/uploads\/2015\/09\/k\u00e9p3-1024x683.jpg\" alt=\"\" width=\"734\" height=\"490\" srcset=\"https:\/\/csavoly.hu\/wp\/wp-content\/uploads\/2015\/09\/k\u00e9p3-1024x683.jpg 1024w, https:\/\/csavoly.hu\/wp\/wp-content\/uploads\/2015\/09\/k\u00e9p3-300x200.jpg 300w, https:\/\/csavoly.hu\/wp\/wp-content\/uploads\/2015\/09\/k\u00e9p3-768x512.jpg 768w, https:\/\/csavoly.hu\/wp\/wp-content\/uploads\/2015\/09\/k\u00e9p3-1170x780.jpg 1170w, https:\/\/csavoly.hu\/wp\/wp-content\/uploads\/2015\/09\/k\u00e9p3.jpg 1728w\" sizes=\"(max-width: 734px) 100vw, 734px\" \/> <img loading=\"lazy\" decoding=\"async\" class=\"alignnone size-full wp-image-2068\" src=\"https:\/\/csavoly.hu\/wp\/wp-content\/uploads\/2015\/09\/k\u00e9p2.jpg\" alt=\"\" width=\"640\" height=\"960\" srcset=\"https:\/\/csavoly.hu\/wp\/wp-content\/uploads\/2015\/09\/k\u00e9p2.jpg 640w, https:\/\/csavoly.hu\/wp\/wp-content\/uploads\/2015\/09\/k\u00e9p2-200x300.jpg 200w\" sizes=\"(max-width: 640px) 100vw, 640px\" \/> <img loading=\"lazy\" decoding=\"async\" class=\"alignnone size-large wp-image-2067\" src=\"https:\/\/csavoly.hu\/wp\/wp-content\/uploads\/2015\/09\/k\u00e9p1-1024x683.jpg\" alt=\"\" width=\"734\" height=\"490\" srcset=\"https:\/\/csavoly.hu\/wp\/wp-content\/uploads\/2015\/09\/k\u00e9p1-1024x683.jpg 1024w, https:\/\/csavoly.hu\/wp\/wp-content\/uploads\/2015\/09\/k\u00e9p1-300x200.jpg 300w, https:\/\/csavoly.hu\/wp\/wp-content\/uploads\/2015\/09\/k\u00e9p1-768x512.jpg 768w, https:\/\/csavoly.hu\/wp\/wp-content\/uploads\/2015\/09\/k\u00e9p1-1170x780.jpg 1170w, https:\/\/csavoly.hu\/wp\/wp-content\/uploads\/2015\/09\/k\u00e9p1.jpg 1728w\" sizes=\"(max-width: 734px) 100vw, 734px\" \/> <img loading=\"lazy\" decoding=\"async\" class=\"alignnone size-large wp-image-2066\" src=\"https:\/\/csavoly.hu\/wp\/wp-content\/uploads\/2015\/09\/1IMG_5689-1024x768.jpg\" alt=\"\" width=\"734\" height=\"551\" srcset=\"https:\/\/csavoly.hu\/wp\/wp-content\/uploads\/2015\/09\/1IMG_5689-1024x768.jpg 1024w, https:\/\/csavoly.hu\/wp\/wp-content\/uploads\/2015\/09\/1IMG_5689-300x225.jpg 300w, https:\/\/csavoly.hu\/wp\/wp-content\/uploads\/2015\/09\/1IMG_5689-768x576.jpg 768w, https:\/\/csavoly.hu\/wp\/wp-content\/uploads\/2015\/09\/1IMG_5689-1170x878.jpg 1170w\" sizes=\"(max-width: 734px) 100vw, 734px\" \/> <img loading=\"lazy\" decoding=\"async\" class=\"alignnone size-large wp-image-2065\" src=\"https:\/\/csavoly.hu\/wp\/wp-content\/uploads\/2015\/09\/1IMG_5675-1024x768.jpg\" alt=\"\" width=\"734\" height=\"551\" srcset=\"https:\/\/csavoly.hu\/wp\/wp-content\/uploads\/2015\/09\/1IMG_5675-1024x768.jpg 1024w, https:\/\/csavoly.hu\/wp\/wp-content\/uploads\/2015\/09\/1IMG_5675-300x225.jpg 300w, https:\/\/csavoly.hu\/wp\/wp-content\/uploads\/2015\/09\/1IMG_5675-768x576.jpg 768w, https:\/\/csavoly.hu\/wp\/wp-content\/uploads\/2015\/09\/1IMG_5675-1170x878.jpg 1170w\" sizes=\"(max-width: 734px) 100vw, 734px\" \/> <img loading=\"lazy\" decoding=\"async\" class=\"alignnone size-large wp-image-2064\" src=\"https:\/\/csavoly.hu\/wp\/wp-content\/uploads\/2015\/09\/1IMG_5644-1024x768.jpg\" alt=\"\" width=\"734\" height=\"551\" srcset=\"https:\/\/csavoly.hu\/wp\/wp-content\/uploads\/2015\/09\/1IMG_5644-1024x768.jpg 1024w, https:\/\/csavoly.hu\/wp\/wp-content\/uploads\/2015\/09\/1IMG_5644-300x225.jpg 300w, https:\/\/csavoly.hu\/wp\/wp-content\/uploads\/2015\/09\/1IMG_5644-768x576.jpg 768w, https:\/\/csavoly.hu\/wp\/wp-content\/uploads\/2015\/09\/1IMG_5644-1170x878.jpg 1170w\" sizes=\"(max-width: 734px) 100vw, 734px\" \/> <img loading=\"lazy\" decoding=\"async\" class=\"alignnone size-large wp-image-2063\" src=\"https:\/\/csavoly.hu\/wp\/wp-content\/uploads\/2015\/09\/1IMG_5641-1024x768.jpg\" alt=\"\" width=\"734\" height=\"551\" srcset=\"https:\/\/csavoly.hu\/wp\/wp-content\/uploads\/2015\/09\/1IMG_5641-1024x768.jpg 1024w, https:\/\/csavoly.hu\/wp\/wp-content\/uploads\/2015\/09\/1IMG_5641-300x225.jpg 300w, https:\/\/csavoly.hu\/wp\/wp-content\/uploads\/2015\/09\/1IMG_5641-768x576.jpg 768w, https:\/\/csavoly.hu\/wp\/wp-content\/uploads\/2015\/09\/1IMG_5641-1170x878.jpg 1170w\" sizes=\"(max-width: 734px) 100vw, 734px\" \/><\/p>\n\n\n<p class=\"has-medium-font-size\"><a rel=\"noreferrer noopener\" aria-label=\"SZERVEZETI \u00c9S M\u0170K\u00d6D\u00c9SI SZAB\u00c1LYZAT (\u00faj f\u00fcl\u00f6n nyitja meg)\" href=\"https:\/\/csavoly.hu\/wp\/?page_id=2073\" target=\"_blank\">SZERVEZETI \u00c9S M\u0170K\u00d6D\u00c9SI SZAB\u00c1LYZAT<\/a><\/p>\n\n\n\n<p class=\"has-medium-font-size\"><a rel=\"noreferrer noopener\" aria-label=\"TAGOK (\u00faj f\u00fcl\u00f6n nyitja meg)\" href=\"https:\/\/csavoly.hu\/wp\/?page_id=1032\" target=\"_blank\">TAGOK<\/a><\/p>\n\n\n\n<p class=\"has-medium-font-size\"><a href=\"https:\/\/csavoly.hu\/wp\/?page_id=978\" target=\"_blank\" rel=\"noreferrer noopener\" aria-label=\"TEST\u00dcLETI \u00dcL\u00c9SEK (\u00faj f\u00fcl\u00f6n nyitja meg)\">TEST\u00dcLETI \u00dcL\u00c9SEK<\/a><\/p>\n","protected":false},"excerpt":{"rendered":"<p>Id\u00e9n m\u00e1r a 90. alkalommal ker\u00fclt megrendez\u00e9sre a cs\u00e1volyi Bunyev\u00e1c Pr\u00e9l\u00f3. Az el\u0151ad\u00e1s \u00e9s a j\u00f3 hangulat m\u00e9lt\u00f3k\u00e9ppen hozz\u00e1j\u00e1rult ennek a jubileumi alkalomnak a meg\u00fcnnepl\u00e9s\u00e9hez. SZERVEZETI \u00c9S M\u0170K\u00d6D\u00c9SI SZAB\u00c1LYZAT TAGOK TEST\u00dcLETI \u00dcL\u00c9SEK<\/p>\n","protected":false},"author":1,"featured_media":0,"parent":0,"menu_order":0,"comment_status":"closed","ping_status":"open","template":"","meta":{"footnotes":""},"class_list":["post-74","page","type-page","status-publish","hentry"],"_links":{"self":[{"href":"https:\/\/csavoly.hu\/wp\/index.php?rest_route=\/wp\/v2\/pages\/74"}],"collection":[{"href":"https:\/\/csavoly.hu\/wp\/index.php?rest_route=\/wp\/v2\/pages"}],"about":[{"href":"https:\/\/csavoly.hu\/wp\/index.php?rest_route=\/wp\/v2\/types\/page"}],"author":[{"embeddable":true,"href":"https:\/\/csavoly.hu\/wp\/index.php?rest_route=\/wp\/v2\/users\/1"}],"replies":[{"embeddable":true,"href":"https:\/\/csavoly.hu\/wp\/index.php?rest_route=%2Fwp%2Fv2%2Fcomments&post=74"}],"version-history":[{"count":5,"href":"https:\/\/csavoly.hu\/wp\/index.php?rest_route=\/wp\/v2\/pages\/74\/revisions"}],"predecessor-version":[{"id":3136,"href":"https:\/\/csavoly.hu\/wp\/index.php?rest_route=\/wp\/v2\/pages\/74\/revisions\/3136"}],"wp:attachment":[{"href":"https:\/\/csavoly.hu\/wp\/index.php?rest_route=%2Fwp%2Fv2%2Fmedia&parent=74"}],"curies":[{"name":"wp","href":"https:\/\/api.w.org\/{rel}","templated":true}]}}