{"id":7431,"date":"2024-09-30T13:01:08","date_gmt":"2024-09-30T11:01:08","guid":{"rendered":"https:\/\/csavoly.hu\/wp\/?page_id=7431"},"modified":"2024-09-30T13:01:08","modified_gmt":"2024-09-30T11:01:08","slug":"2024-06-27-2","status":"publish","type":"page","link":"https:\/\/csavoly.hu\/wp\/?page_id=7431","title":{"rendered":"2024.06.27."},"content":{"rendered":"\n<div data-wp-interactive=\"core\/file\" class=\"wp-block-file\"><object data-wp-bind--hidden=\"!state.hasPdfPreview\"  class=\"wp-block-file__embed\" data=\"https:\/\/csavoly.hu\/wp\/wp-content\/uploads\/2024\/09\/Meghivo_2024.06.27.pdf\" type=\"application\/pdf\" style=\"width:100%;height:600px\" aria-label=\"Megh\u00edv\u00f3_2024.06.27. be\u00e1gyaz\u00e1sa\"><\/object><a id=\"wp-block-file--media-4b1f737c-68bd-4ee6-ae92-d5230c1434a8\" href=\"https:\/\/csavoly.hu\/wp\/wp-content\/uploads\/2024\/09\/Meghivo_2024.06.27.pdf\">Megh\u00edv\u00f3_2024.06.27.<\/a><a href=\"https:\/\/csavoly.hu\/wp\/wp-content\/uploads\/2024\/09\/Meghivo_2024.06.27.pdf\" class=\"wp-block-file__button wp-element-button\" download aria-describedby=\"wp-block-file--media-4b1f737c-68bd-4ee6-ae92-d5230c1434a8\">Let\u00f6lt\u00e9s<\/a><\/div>\n\n\n\n<div data-wp-interactive=\"core\/file\" class=\"wp-block-file\"><object data-wp-bind--hidden=\"!state.hasPdfPreview\"  class=\"wp-block-file__embed\" data=\"https:\/\/csavoly.hu\/wp\/wp-content\/uploads\/2024\/09\/1_A_lejart.pdf\" type=\"application\/pdf\" style=\"width:100%;height:600px\" aria-label=\"1_A_lej\u00e1rt be\u00e1gyaz\u00e1sa\"><\/object><a id=\"wp-block-file--media-7571cfe3-eefa-40b3-9268-bde424caca77\" href=\"https:\/\/csavoly.hu\/wp\/wp-content\/uploads\/2024\/09\/1_A_lejart.pdf\">1_A_lej\u00e1rt<\/a><a href=\"https:\/\/csavoly.hu\/wp\/wp-content\/uploads\/2024\/09\/1_A_lejart.pdf\" class=\"wp-block-file__button wp-element-button\" download aria-describedby=\"wp-block-file--media-7571cfe3-eefa-40b3-9268-bde424caca77\">Let\u00f6lt\u00e9s<\/a><\/div>\n\n\n\n<div data-wp-interactive=\"core\/file\" class=\"wp-block-file\"><object data-wp-bind--hidden=\"!state.hasPdfPreview\"  class=\"wp-block-file__embed\" data=\"https:\/\/csavoly.hu\/wp\/wp-content\/uploads\/2024\/09\/1_B_ket-ules-kozti-taj.pdf\" type=\"application\/pdf\" style=\"width:100%;height:600px\" aria-label=\"1_B_k\u00e9t \u00fcl\u00e9s k\u00f6zti t\u00e1j be\u00e1gyaz\u00e1sa\"><\/object><a id=\"wp-block-file--media-f3b92295-487e-4181-b89b-e9f0d325119a\" href=\"https:\/\/csavoly.hu\/wp\/wp-content\/uploads\/2024\/09\/1_B_ket-ules-kozti-taj.pdf\">1_B_k\u00e9t \u00fcl\u00e9s k\u00f6zti t\u00e1j<\/a><a href=\"https:\/\/csavoly.hu\/wp\/wp-content\/uploads\/2024\/09\/1_B_ket-ules-kozti-taj.pdf\" class=\"wp-block-file__button wp-element-button\" download aria-describedby=\"wp-block-file--media-f3b92295-487e-4181-b89b-e9f0d325119a\">Let\u00f6lt\u00e9s<\/a><\/div>\n\n\n\n<div data-wp-interactive=\"core\/file\" class=\"wp-block-file\"><object data-wp-bind--hidden=\"!state.hasPdfPreview\"  class=\"wp-block-file__embed\" data=\"https:\/\/csavoly.hu\/wp\/wp-content\/uploads\/2024\/09\/1_C_pm-atruhazott.pdf\" type=\"application\/pdf\" style=\"width:100%;height:600px\" aria-label=\"1_C_pm \u00e1truh\u00e1zott be\u00e1gyaz\u00e1sa\"><\/object><a id=\"wp-block-file--media-c45956f7-f523-4e4b-a44c-c3da58555fb3\" href=\"https:\/\/csavoly.hu\/wp\/wp-content\/uploads\/2024\/09\/1_C_pm-atruhazott.pdf\">1_C_pm \u00e1truh\u00e1zott<\/a><a href=\"https:\/\/csavoly.hu\/wp\/wp-content\/uploads\/2024\/09\/1_C_pm-atruhazott.pdf\" class=\"wp-block-file__button wp-element-button\" download aria-describedby=\"wp-block-file--media-c45956f7-f523-4e4b-a44c-c3da58555fb3\">Let\u00f6lt\u00e9s<\/a><\/div>\n\n\n\n<div data-wp-interactive=\"core\/file\" class=\"wp-block-file\"><object data-wp-bind--hidden=\"!state.hasPdfPreview\"  class=\"wp-block-file__embed\" data=\"https:\/\/csavoly.hu\/wp\/wp-content\/uploads\/2024\/09\/2.-Et_-Torvenyessegi-felhivasrol.pdf\" type=\"application\/pdf\" style=\"width:100%;height:600px\" aria-label=\"2. Et_ T\u00f6rv\u00e9nyess\u00e9gi felh\u00edv\u00e1sr\u00f3l be\u00e1gyaz\u00e1sa\"><\/object><a id=\"wp-block-file--media-f0dfc4fa-df1c-4fdc-bf60-a63fb9c4a6a1\" href=\"https:\/\/csavoly.hu\/wp\/wp-content\/uploads\/2024\/09\/2.-Et_-Torvenyessegi-felhivasrol.pdf\">2. Et_ T\u00f6rv\u00e9nyess\u00e9gi felh\u00edv\u00e1sr\u00f3l<\/a><a href=\"https:\/\/csavoly.hu\/wp\/wp-content\/uploads\/2024\/09\/2.-Et_-Torvenyessegi-felhivasrol.pdf\" class=\"wp-block-file__button wp-element-button\" download aria-describedby=\"wp-block-file--media-f0dfc4fa-df1c-4fdc-bf60-a63fb9c4a6a1\">Let\u00f6lt\u00e9s<\/a><\/div>\n\n\n\n<div data-wp-interactive=\"core\/file\" class=\"wp-block-file\"><object data-wp-bind--hidden=\"!state.hasPdfPreview\"  class=\"wp-block-file__embed\" data=\"https:\/\/csavoly.hu\/wp\/wp-content\/uploads\/2024\/09\/3.-Et_Ovoda-igazgato-ismetelt-megbizasararol.pdf\" type=\"application\/pdf\" style=\"width:100%;height:600px\" aria-label=\"3. Et_\u00d3voda igazgat\u00f3 ism\u00e9telt megb\u00edz\u00e1s\u00e1r\u00e1r\u00f3l be\u00e1gyaz\u00e1sa\"><\/object><a id=\"wp-block-file--media-26b5455c-f46f-4a9b-b9a9-c7822fe11433\" href=\"https:\/\/csavoly.hu\/wp\/wp-content\/uploads\/2024\/09\/3.-Et_Ovoda-igazgato-ismetelt-megbizasararol.pdf\">3. Et_\u00d3voda igazgat\u00f3 ism\u00e9telt megb\u00edz\u00e1s\u00e1r\u00e1r\u00f3l<\/a><a href=\"https:\/\/csavoly.hu\/wp\/wp-content\/uploads\/2024\/09\/3.-Et_Ovoda-igazgato-ismetelt-megbizasararol.pdf\" class=\"wp-block-file__button wp-element-button\" download aria-describedby=\"wp-block-file--media-26b5455c-f46f-4a9b-b9a9-c7822fe11433\">Let\u00f6lt\u00e9s<\/a><\/div>\n\n\n\n<div data-wp-interactive=\"core\/file\" class=\"wp-block-file\"><object data-wp-bind--hidden=\"!state.hasPdfPreview\"  class=\"wp-block-file__embed\" data=\"https:\/\/csavoly.hu\/wp\/wp-content\/uploads\/2024\/09\/4.-Et_HRHOT-beszamolo.pdf\" type=\"application\/pdf\" style=\"width:100%;height:600px\" aria-label=\"4. Et_HRH\u00d6T besz\u00e1mol\u00f3 be\u00e1gyaz\u00e1sa\"><\/object><a id=\"wp-block-file--media-f1f90edf-a1ed-4e33-a331-b96c2a0d799a\" href=\"https:\/\/csavoly.hu\/wp\/wp-content\/uploads\/2024\/09\/4.-Et_HRHOT-beszamolo.pdf\">4. Et_HRH\u00d6T besz\u00e1mol\u00f3<\/a><a href=\"https:\/\/csavoly.hu\/wp\/wp-content\/uploads\/2024\/09\/4.-Et_HRHOT-beszamolo.pdf\" class=\"wp-block-file__button wp-element-button\" download aria-describedby=\"wp-block-file--media-f1f90edf-a1ed-4e33-a331-b96c2a0d799a\">Let\u00f6lt\u00e9s<\/a><\/div>\n\n\n\n<div data-wp-interactive=\"core\/file\" class=\"wp-block-file\"><object data-wp-bind--hidden=\"!state.hasPdfPreview\"  class=\"wp-block-file__embed\" data=\"https:\/\/csavoly.hu\/wp\/wp-content\/uploads\/2024\/09\/5.-Et_-Jatszoteri-napelemes-kozvilagitas.pdf\" type=\"application\/pdf\" style=\"width:100%;height:600px\" aria-label=\"5. Et_ J\u00e1tsz\u00f3t\u00e9ri napelemes k\u00f6zvil\u00e1g\u00edt\u00e1s be\u00e1gyaz\u00e1sa\"><\/object><a id=\"wp-block-file--media-baf50429-c3cc-4f9f-9220-ca4b1012faaf\" href=\"https:\/\/csavoly.hu\/wp\/wp-content\/uploads\/2024\/09\/5.-Et_-Jatszoteri-napelemes-kozvilagitas.pdf\">5. Et_ J\u00e1tsz\u00f3t\u00e9ri napelemes k\u00f6zvil\u00e1g\u00edt\u00e1s<\/a><a href=\"https:\/\/csavoly.hu\/wp\/wp-content\/uploads\/2024\/09\/5.-Et_-Jatszoteri-napelemes-kozvilagitas.pdf\" class=\"wp-block-file__button wp-element-button\" download aria-describedby=\"wp-block-file--media-baf50429-c3cc-4f9f-9220-ca4b1012faaf\">Let\u00f6lt\u00e9s<\/a><\/div>\n\n\n\n<div data-wp-interactive=\"core\/file\" class=\"wp-block-file\"><object data-wp-bind--hidden=\"!state.hasPdfPreview\"  class=\"wp-block-file__embed\" data=\"https:\/\/csavoly.hu\/wp\/wp-content\/uploads\/2024\/09\/6.-Et_-Rehab.pdf\" type=\"application\/pdf\" style=\"width:100%;height:600px\" aria-label=\"6. Et_ Rehab be\u00e1gyaz\u00e1sa\"><\/object><a id=\"wp-block-file--media-2f29a121-5c93-424a-8238-fd2bc54fd6db\" href=\"https:\/\/csavoly.hu\/wp\/wp-content\/uploads\/2024\/09\/6.-Et_-Rehab.pdf\">6. Et_ Rehab<\/a><a href=\"https:\/\/csavoly.hu\/wp\/wp-content\/uploads\/2024\/09\/6.-Et_-Rehab.pdf\" class=\"wp-block-file__button wp-element-button\" download aria-describedby=\"wp-block-file--media-2f29a121-5c93-424a-8238-fd2bc54fd6db\">Let\u00f6lt\u00e9s<\/a><\/div>\n\n\n\n<div data-wp-interactive=\"core\/file\" class=\"wp-block-file\"><object data-wp-bind--hidden=\"!state.hasPdfPreview\"  class=\"wp-block-file__embed\" data=\"https:\/\/csavoly.hu\/wp\/wp-content\/uploads\/2024\/09\/7_rendorsegi-beszamolo.pdf\" type=\"application\/pdf\" style=\"width:100%;height:600px\" aria-label=\"7_rend\u0151rs\u00e9gi besz\u00e1mol\u00f3 be\u00e1gyaz\u00e1sa\"><\/object><a id=\"wp-block-file--media-792cf9f0-f8a4-4d08-8bd3-57c360879726\" href=\"https:\/\/csavoly.hu\/wp\/wp-content\/uploads\/2024\/09\/7_rendorsegi-beszamolo.pdf\">7_rend\u0151rs\u00e9gi besz\u00e1mol\u00f3<\/a><a href=\"https:\/\/csavoly.hu\/wp\/wp-content\/uploads\/2024\/09\/7_rendorsegi-beszamolo.pdf\" class=\"wp-block-file__button wp-element-button\" download aria-describedby=\"wp-block-file--media-792cf9f0-f8a4-4d08-8bd3-57c360879726\">Let\u00f6lt\u00e9s<\/a><\/div>\n\n\n\n<div data-wp-interactive=\"core\/file\" class=\"wp-block-file\"><object data-wp-bind--hidden=\"!state.hasPdfPreview\"  class=\"wp-block-file__embed\" data=\"https:\/\/csavoly.hu\/wp\/wp-content\/uploads\/2024\/09\/8.-Et_-Konyvtar-beszamolo.pdf\" type=\"application\/pdf\" style=\"width:100%;height:600px\" aria-label=\"8. Et_ K\u00f6nyvt\u00e1r besz\u00e1mol\u00f3 be\u00e1gyaz\u00e1sa\"><\/object><a id=\"wp-block-file--media-012f8a34-5576-4cc9-a990-8d370a27411a\" href=\"https:\/\/csavoly.hu\/wp\/wp-content\/uploads\/2024\/09\/8.-Et_-Konyvtar-beszamolo.pdf\">8. Et_ K\u00f6nyvt\u00e1r besz\u00e1mol\u00f3<\/a><a href=\"https:\/\/csavoly.hu\/wp\/wp-content\/uploads\/2024\/09\/8.-Et_-Konyvtar-beszamolo.pdf\" class=\"wp-block-file__button wp-element-button\" download aria-describedby=\"wp-block-file--media-012f8a34-5576-4cc9-a990-8d370a27411a\">Let\u00f6lt\u00e9s<\/a><\/div>\n\n\n\n<div data-wp-interactive=\"core\/file\" class=\"wp-block-file\"><object data-wp-bind--hidden=\"!state.hasPdfPreview\"  class=\"wp-block-file__embed\" data=\"https:\/\/csavoly.hu\/wp\/wp-content\/uploads\/2024\/09\/9.-Et_-haziorvos_vedono-beszamolo.pdf\" type=\"application\/pdf\" style=\"width:100%;height:600px\" aria-label=\"9. Et_ h\u00e1ziorvos_v\u00e9d\u0151n\u0151 besz\u00e1mol\u00f3 be\u00e1gyaz\u00e1sa\"><\/object><a id=\"wp-block-file--media-de562715-64ff-454b-9664-9d313bc82be5\" href=\"https:\/\/csavoly.hu\/wp\/wp-content\/uploads\/2024\/09\/9.-Et_-haziorvos_vedono-beszamolo.pdf\">9. Et_ h\u00e1ziorvos_v\u00e9d\u0151n\u0151 besz\u00e1mol\u00f3<\/a><a href=\"https:\/\/csavoly.hu\/wp\/wp-content\/uploads\/2024\/09\/9.-Et_-haziorvos_vedono-beszamolo.pdf\" class=\"wp-block-file__button wp-element-button\" download aria-describedby=\"wp-block-file--media-de562715-64ff-454b-9664-9d313bc82be5\">Let\u00f6lt\u00e9s<\/a><\/div>\n\n\n\n<div data-wp-interactive=\"core\/file\" class=\"wp-block-file\"><object data-wp-bind--hidden=\"!state.hasPdfPreview\"  class=\"wp-block-file__embed\" data=\"https:\/\/csavoly.hu\/wp\/wp-content\/uploads\/2024\/09\/10_reki.pdf\" type=\"application\/pdf\" style=\"width:100%;height:600px\" aria-label=\"10_reki be\u00e1gyaz\u00e1sa\"><\/object><a id=\"wp-block-file--media-9b005a0b-b205-4d61-a280-585d5ff8fe5c\" href=\"https:\/\/csavoly.hu\/wp\/wp-content\/uploads\/2024\/09\/10_reki.pdf\">10_reki<\/a><a href=\"https:\/\/csavoly.hu\/wp\/wp-content\/uploads\/2024\/09\/10_reki.pdf\" class=\"wp-block-file__button wp-element-button\" download aria-describedby=\"wp-block-file--media-9b005a0b-b205-4d61-a280-585d5ff8fe5c\">Let\u00f6lt\u00e9s<\/a><\/div>\n\n\n\n<div data-wp-interactive=\"core\/file\" class=\"wp-block-file\"><object data-wp-bind--hidden=\"!state.hasPdfPreview\"  class=\"wp-block-file__embed\" data=\"https:\/\/csavoly.hu\/wp\/wp-content\/uploads\/2024\/09\/11.-Et_-Egyeb-ugyek.pdf\" type=\"application\/pdf\" style=\"width:100%;height:600px\" aria-label=\"11. Et_ Egy\u00e9b \u00fcgyek be\u00e1gyaz\u00e1sa\"><\/object><a id=\"wp-block-file--media-93c3bd24-10ab-42ce-9887-b54095bd233d\" href=\"https:\/\/csavoly.hu\/wp\/wp-content\/uploads\/2024\/09\/11.-Et_-Egyeb-ugyek.pdf\">11. Et_ Egy\u00e9b \u00fcgyek<\/a><a href=\"https:\/\/csavoly.hu\/wp\/wp-content\/uploads\/2024\/09\/11.-Et_-Egyeb-ugyek.pdf\" class=\"wp-block-file__button wp-element-button\" download aria-describedby=\"wp-block-file--media-93c3bd24-10ab-42ce-9887-b54095bd233d\">Let\u00f6lt\u00e9s<\/a><\/div>\n\n\n\n<div data-wp-interactive=\"core\/file\" class=\"wp-block-file\"><object data-wp-bind--hidden=\"!state.hasPdfPreview\"  class=\"wp-block-file__embed\" data=\"https:\/\/csavoly.hu\/wp\/wp-content\/uploads\/2024\/09\/11.-S_et_Onkormanyzati-Nonprofit-Kft._surgossegi.pdf\" type=\"application\/pdf\" style=\"width:100%;height:600px\" aria-label=\"11. S_et_\u00d6nkorm\u00e1nyzati Nonprofit Kft._s\u00fcrg\u0151ss\u00e9gi be\u00e1gyaz\u00e1sa\"><\/object><a id=\"wp-block-file--media-4d8098cd-920a-454c-a303-62b6b95fcf07\" href=\"https:\/\/csavoly.hu\/wp\/wp-content\/uploads\/2024\/09\/11.-S_et_Onkormanyzati-Nonprofit-Kft._surgossegi.pdf\">11. S_et_\u00d6nkorm\u00e1nyzati Nonprofit Kft._s\u00fcrg\u0151ss\u00e9gi<\/a><a href=\"https:\/\/csavoly.hu\/wp\/wp-content\/uploads\/2024\/09\/11.-S_et_Onkormanyzati-Nonprofit-Kft._surgossegi.pdf\" class=\"wp-block-file__button wp-element-button\" download aria-describedby=\"wp-block-file--media-4d8098cd-920a-454c-a303-62b6b95fcf07\">Let\u00f6lt\u00e9s<\/a><\/div>\n\n\n\n<div data-wp-interactive=\"core\/file\" class=\"wp-block-file\"><object data-wp-bind--hidden=\"!state.hasPdfPreview\"  class=\"wp-block-file__embed\" data=\"https:\/\/csavoly.hu\/wp\/wp-content\/uploads\/2024\/09\/11_tamogatasi-szerzodes-Muzeum.pdf\" type=\"application\/pdf\" style=\"width:100%;height:600px\" aria-label=\"11_t\u00e1mogat\u00e1si szerz\u0151d\u00e9s M\u00fazeum be\u00e1gyaz\u00e1sa\"><\/object><a id=\"wp-block-file--media-b1b8dc7c-4030-4a95-87cc-9eb5d7394bb6\" href=\"https:\/\/csavoly.hu\/wp\/wp-content\/uploads\/2024\/09\/11_tamogatasi-szerzodes-Muzeum.pdf\">11_t\u00e1mogat\u00e1si szerz\u0151d\u00e9s M\u00fazeum<\/a><a href=\"https:\/\/csavoly.hu\/wp\/wp-content\/uploads\/2024\/09\/11_tamogatasi-szerzodes-Muzeum.pdf\" class=\"wp-block-file__button wp-element-button\" download aria-describedby=\"wp-block-file--media-b1b8dc7c-4030-4a95-87cc-9eb5d7394bb6\">Let\u00f6lt\u00e9s<\/a><\/div>\n\n\n\n<div data-wp-interactive=\"core\/file\" class=\"wp-block-file\"><object data-wp-bind--hidden=\"!state.hasPdfPreview\"  class=\"wp-block-file__embed\" data=\"https:\/\/csavoly.hu\/wp\/wp-content\/uploads\/2024\/09\/S_1.-mell_KFT.-Alapito-Okirat-Csavoly_IV.-modositassal-egyseges.pdf\" type=\"application\/pdf\" style=\"width:100%;height:600px\" aria-label=\"S_1. mell_KFT. Alap\u00edt\u00f3 Okirat Cs\u00e1voly_IV. m\u00f3dos\u00edt\u00e1ssal egys\u00e9ges be\u00e1gyaz\u00e1sa\"><\/object><a id=\"wp-block-file--media-b1961e2f-2a1b-44b5-bdc3-a2a19679e16c\" href=\"https:\/\/csavoly.hu\/wp\/wp-content\/uploads\/2024\/09\/S_1.-mell_KFT.-Alapito-Okirat-Csavoly_IV.-modositassal-egyseges.pdf\">S_1. mell_KFT. Alap\u00edt\u00f3 Okirat Cs\u00e1voly_IV. m\u00f3dos\u00edt\u00e1ssal egys\u00e9ges<\/a><a href=\"https:\/\/csavoly.hu\/wp\/wp-content\/uploads\/2024\/09\/S_1.-mell_KFT.-Alapito-Okirat-Csavoly_IV.-modositassal-egyseges.pdf\" class=\"wp-block-file__button wp-element-button\" download aria-describedby=\"wp-block-file--media-b1961e2f-2a1b-44b5-bdc3-a2a19679e16c\">Let\u00f6lt\u00e9s<\/a><\/div>\n\n\n\n<div data-wp-interactive=\"core\/file\" class=\"wp-block-file\"><object data-wp-bind--hidden=\"!state.hasPdfPreview\"  class=\"wp-block-file__embed\" data=\"https:\/\/csavoly.hu\/wp\/wp-content\/uploads\/2024\/09\/S_1.mell_Csavolyi-Onkormanyzati-Nonprofit-Kft.-alapito-okiratanak-MODOSITO-okirata.pdf\" type=\"application\/pdf\" style=\"width:100%;height:600px\" aria-label=\"S_1.mell_Cs\u00e1volyi \u00d6nkorm\u00e1nyzati Nonprofit Kft. alap\u00edt\u00f3 okirat\u00e1nak M\u00d3DOS\u00cdT\u00d3 okirata be\u00e1gyaz\u00e1sa\"><\/object><a id=\"wp-block-file--media-688270cf-ecea-44ad-89fb-9720f58f8c1c\" href=\"https:\/\/csavoly.hu\/wp\/wp-content\/uploads\/2024\/09\/S_1.mell_Csavolyi-Onkormanyzati-Nonprofit-Kft.-alapito-okiratanak-MODOSITO-okirata.pdf\">S_1.mell_Cs\u00e1volyi \u00d6nkorm\u00e1nyzati Nonprofit Kft. alap\u00edt\u00f3 okirat\u00e1nak M\u00d3DOS\u00cdT\u00d3 okirata<\/a><a href=\"https:\/\/csavoly.hu\/wp\/wp-content\/uploads\/2024\/09\/S_1.mell_Csavolyi-Onkormanyzati-Nonprofit-Kft.-alapito-okiratanak-MODOSITO-okirata.pdf\" class=\"wp-block-file__button wp-element-button\" download aria-describedby=\"wp-block-file--media-688270cf-ecea-44ad-89fb-9720f58f8c1c\">Let\u00f6lt\u00e9s<\/a><\/div>\n<div class=\"pvc_clear\"><\/div><p id=\"pvc_stats_7431\" class=\"pvc_stats all  \" data-element-id=\"7431\" style=\"\"><i class=\"pvc-stats-icon medium\" aria-hidden=\"true\"><svg aria-hidden=\"true\" focusable=\"false\" data-prefix=\"far\" data-icon=\"chart-bar\" role=\"img\" xmlns=\"http:\/\/www.w3.org\/2000\/svg\" viewBox=\"0 0 512 512\" class=\"svg-inline--fa fa-chart-bar fa-w-16 fa-2x\"><path fill=\"currentColor\" d=\"M396.8 352h22.4c6.4 0 12.8-6.4 12.8-12.8V108.8c0-6.4-6.4-12.8-12.8-12.8h-22.4c-6.4 0-12.8 6.4-12.8 12.8v230.4c0 6.4 6.4 12.8 12.8 12.8zm-192 0h22.4c6.4 0 12.8-6.4 12.8-12.8V140.8c0-6.4-6.4-12.8-12.8-12.8h-22.4c-6.4 0-12.8 6.4-12.8 12.8v198.4c0 6.4 6.4 12.8 12.8 12.8zm96 0h22.4c6.4 0 12.8-6.4 12.8-12.8V204.8c0-6.4-6.4-12.8-12.8-12.8h-22.4c-6.4 0-12.8 6.4-12.8 12.8v134.4c0 6.4 6.4 12.8 12.8 12.8zM496 400H48V80c0-8.84-7.16-16-16-16H16C7.16 64 0 71.16 0 80v336c0 17.67 14.33 32 32 32h464c8.84 0 16-7.16 16-16v-16c0-8.84-7.16-16-16-16zm-387.2-48h22.4c6.4 0 12.8-6.4 12.8-12.8v-70.4c0-6.4-6.4-12.8-12.8-12.8h-22.4c-6.4 0-12.8 6.4-12.8 12.8v70.4c0 6.4 6.4 12.8 12.8 12.8z\" class=\"\"><\/path><\/svg><\/i> <img loading=\"lazy\" decoding=\"async\" width=\"16\" height=\"16\" alt=\"Loading\" src=\"https:\/\/csavoly.hu\/wp\/wp-content\/plugins\/page-views-count\/ajax-loader-2x.gif\" border=0 \/><\/p><div class=\"pvc_clear\"><\/div>","protected":false},"excerpt":{"rendered":"<div class=\"pvc_clear\"><\/div>\n<p id=\"pvc_stats_7431\" class=\"pvc_stats all  \" data-element-id=\"7431\" style=\"\"><i class=\"pvc-stats-icon medium\" aria-hidden=\"true\"><svg aria-hidden=\"true\" focusable=\"false\" data-prefix=\"far\" data-icon=\"chart-bar\" role=\"img\" xmlns=\"http:\/\/www.w3.org\/2000\/svg\" viewBox=\"0 0 512 512\" class=\"svg-inline--fa fa-chart-bar fa-w-16 fa-2x\"><path fill=\"currentColor\" d=\"M396.8 352h22.4c6.4 0 12.8-6.4 12.8-12.8V108.8c0-6.4-6.4-12.8-12.8-12.8h-22.4c-6.4 0-12.8 6.4-12.8 12.8v230.4c0 6.4 6.4 12.8 12.8 12.8zm-192 0h22.4c6.4 0 12.8-6.4 12.8-12.8V140.8c0-6.4-6.4-12.8-12.8-12.8h-22.4c-6.4 0-12.8 6.4-12.8 12.8v198.4c0 6.4 6.4 12.8 12.8 12.8zm96 0h22.4c6.4 0 12.8-6.4 12.8-12.8V204.8c0-6.4-6.4-12.8-12.8-12.8h-22.4c-6.4 0-12.8 6.4-12.8 12.8v134.4c0 6.4 6.4 12.8 12.8 12.8zM496 400H48V80c0-8.84-7.16-16-16-16H16C7.16 64 0 71.16 0 80v336c0 17.67 14.33 32 32 32h464c8.84 0 16-7.16 16-16v-16c0-8.84-7.16-16-16-16zm-387.2-48h22.4c6.4 0 12.8-6.4 12.8-12.8v-70.4c0-6.4-6.4-12.8-12.8-12.8h-22.4c-6.4 0-12.8 6.4-12.8 12.8v70.4c0 6.4 6.4 12.8 12.8 12.8z\" class=\"\"><\/path><\/svg><\/i> <img loading=\"lazy\" decoding=\"async\" width=\"16\" height=\"16\" alt=\"Loading\" src=\"https:\/\/csavoly.hu\/wp\/wp-content\/plugins\/page-views-count\/ajax-loader-2x.gif\" border=0 \/><\/p>\n<div class=\"pvc_clear\"><\/div>\n","protected":false},"author":3,"featured_media":0,"parent":0,"menu_order":0,"comment_status":"closed","ping_status":"closed","template":"","meta":{"footnotes":""},"class_list":["post-7431","page","type-page","status-publish","hentry"],"_links":{"self":[{"href":"https:\/\/csavoly.hu\/wp\/index.php?rest_route=\/wp\/v2\/pages\/7431"}],"collection":[{"href":"https:\/\/csavoly.hu\/wp\/index.php?rest_route=\/wp\/v2\/pages"}],"about":[{"href":"https:\/\/csavoly.hu\/wp\/index.php?rest_route=\/wp\/v2\/types\/page"}],"author":[{"embeddable":true,"href":"https:\/\/csavoly.hu\/wp\/index.php?rest_route=\/wp\/v2\/users\/3"}],"replies":[{"embeddable":true,"href":"https:\/\/csavoly.hu\/wp\/index.php?rest_route=%2Fwp%2Fv2%2Fcomments&post=7431"}],"version-history":[{"count":1,"href":"https:\/\/csavoly.hu\/wp\/index.php?rest_route=\/wp\/v2\/pages\/7431\/revisions"}],"predecessor-version":[{"id":7450,"href":"https:\/\/csavoly.hu\/wp\/index.php?rest_route=\/wp\/v2\/pages\/7431\/revisions\/7450"}],"wp:attachment":[{"href":"https:\/\/csavoly.hu\/wp\/index.php?rest_route=%2Fwp%2Fv2%2Fmedia&parent=7431"}],"curies":[{"name":"wp","href":"https:\/\/api.w.org\/{rel}","templated":true}]}}