{"id":7453,"date":"2024-09-30T13:03:36","date_gmt":"2024-09-30T11:03:36","guid":{"rendered":"https:\/\/csavoly.hu\/wp\/?page_id=7453"},"modified":"2024-09-30T13:03:36","modified_gmt":"2024-09-30T11:03:36","slug":"2024-08-13","status":"publish","type":"page","link":"https:\/\/csavoly.hu\/wp\/?page_id=7453","title":{"rendered":"2024.08.13."},"content":{"rendered":"\n<div data-wp-interactive=\"core\/file\" class=\"wp-block-file\"><object data-wp-bind--hidden=\"!state.hasPdfPreview\"  class=\"wp-block-file__embed\" data=\"https:\/\/csavoly.hu\/wp\/wp-content\/uploads\/2024\/09\/meghivo_20240813.pdf\" type=\"application\/pdf\" style=\"width:100%;height:600px\" aria-label=\"megh\u00edv\u00f3_20240813 be\u00e1gyaz\u00e1sa\"><\/object><a id=\"wp-block-file--media-ff22b5bd-bf34-4537-9a2a-7f95ef0f69aa\" href=\"https:\/\/csavoly.hu\/wp\/wp-content\/uploads\/2024\/09\/meghivo_20240813.pdf\">megh\u00edv\u00f3_20240813<\/a><a href=\"https:\/\/csavoly.hu\/wp\/wp-content\/uploads\/2024\/09\/meghivo_20240813.pdf\" class=\"wp-block-file__button wp-element-button\" download aria-describedby=\"wp-block-file--media-ff22b5bd-bf34-4537-9a2a-7f95ef0f69aa\">Let\u00f6lt\u00e9s<\/a><\/div>\n\n\n\n<div data-wp-interactive=\"core\/file\" class=\"wp-block-file\"><object data-wp-bind--hidden=\"!state.hasPdfPreview\"  class=\"wp-block-file__embed\" data=\"https:\/\/csavoly.hu\/wp\/wp-content\/uploads\/2024\/09\/1.Et_DTKH-uzletresz-ertekesiteserol.pdf\" type=\"application\/pdf\" style=\"width:100%;height:600px\" aria-label=\"1.Et_DTKH \u00fczletr\u00e9sz \u00e9rt\u00e9kes\u00edt\u00e9s\u00e9r\u0151l be\u00e1gyaz\u00e1sa\"><\/object><a id=\"wp-block-file--media-0f0c52f1-ee5c-4985-951d-cfb6409042a1\" href=\"https:\/\/csavoly.hu\/wp\/wp-content\/uploads\/2024\/09\/1.Et_DTKH-uzletresz-ertekesiteserol.pdf\">1.Et_DTKH \u00fczletr\u00e9sz \u00e9rt\u00e9kes\u00edt\u00e9s\u00e9r\u0151l<\/a><a href=\"https:\/\/csavoly.hu\/wp\/wp-content\/uploads\/2024\/09\/1.Et_DTKH-uzletresz-ertekesiteserol.pdf\" class=\"wp-block-file__button wp-element-button\" download aria-describedby=\"wp-block-file--media-0f0c52f1-ee5c-4985-951d-cfb6409042a1\">Let\u00f6lt\u00e9s<\/a><\/div>\n\n\n\n<div data-wp-interactive=\"core\/file\" class=\"wp-block-file\"><object data-wp-bind--hidden=\"!state.hasPdfPreview\"  class=\"wp-block-file__embed\" data=\"https:\/\/csavoly.hu\/wp\/wp-content\/uploads\/2024\/09\/DTKH_TGY_20240826_1.napirend_eloterjesztes_uzletresz-advet.pdf\" type=\"application\/pdf\" style=\"width:100%;height:600px\" aria-label=\"DTKH_TGY_20240826_1.napirend_el\u0151terjeszt\u00e9s_\u00fczletr\u00e9sz adv\u00e9t be\u00e1gyaz\u00e1sa\"><\/object><a id=\"wp-block-file--media-7e13bea0-7f25-42d8-b44c-e6bb988e611b\" href=\"https:\/\/csavoly.hu\/wp\/wp-content\/uploads\/2024\/09\/DTKH_TGY_20240826_1.napirend_eloterjesztes_uzletresz-advet.pdf\">DTKH_TGY_20240826_1.napirend_el\u0151terjeszt\u00e9s_\u00fczletr\u00e9sz adv\u00e9t<\/a><a href=\"https:\/\/csavoly.hu\/wp\/wp-content\/uploads\/2024\/09\/DTKH_TGY_20240826_1.napirend_eloterjesztes_uzletresz-advet.pdf\" class=\"wp-block-file__button wp-element-button\" download aria-describedby=\"wp-block-file--media-7e13bea0-7f25-42d8-b44c-e6bb988e611b\">Let\u00f6lt\u00e9s<\/a><\/div>\n\n\n\n<div data-wp-interactive=\"core\/file\" class=\"wp-block-file\"><object data-wp-bind--hidden=\"!state.hasPdfPreview\"  class=\"wp-block-file__embed\" data=\"https:\/\/csavoly.hu\/wp\/wp-content\/uploads\/2024\/09\/Tajekoztato-level_Bedo-Peter.pdf\" type=\"application\/pdf\" style=\"width:100%;height:600px\" aria-label=\"T\u00e1j\u00e9koztat\u00f3 lev\u00e9l_Bed\u0151 P\u00e9ter be\u00e1gyaz\u00e1sa\"><\/object><a id=\"wp-block-file--media-ebff356d-4b05-45c8-8b8c-f919e1fa5cce\" href=\"https:\/\/csavoly.hu\/wp\/wp-content\/uploads\/2024\/09\/Tajekoztato-level_Bedo-Peter.pdf\">T\u00e1j\u00e9koztat\u00f3 lev\u00e9l_Bed\u0151 P\u00e9ter<\/a><a href=\"https:\/\/csavoly.hu\/wp\/wp-content\/uploads\/2024\/09\/Tajekoztato-level_Bedo-Peter.pdf\" class=\"wp-block-file__button wp-element-button\" download aria-describedby=\"wp-block-file--media-ebff356d-4b05-45c8-8b8c-f919e1fa5cce\">Let\u00f6lt\u00e9s<\/a><\/div>\n<div class=\"pvc_clear\"><\/div><p id=\"pvc_stats_7453\" class=\"pvc_stats all  \" data-element-id=\"7453\" style=\"\"><i class=\"pvc-stats-icon medium\" aria-hidden=\"true\"><svg aria-hidden=\"true\" focusable=\"false\" data-prefix=\"far\" data-icon=\"chart-bar\" role=\"img\" xmlns=\"http:\/\/www.w3.org\/2000\/svg\" viewBox=\"0 0 512 512\" class=\"svg-inline--fa fa-chart-bar fa-w-16 fa-2x\"><path fill=\"currentColor\" d=\"M396.8 352h22.4c6.4 0 12.8-6.4 12.8-12.8V108.8c0-6.4-6.4-12.8-12.8-12.8h-22.4c-6.4 0-12.8 6.4-12.8 12.8v230.4c0 6.4 6.4 12.8 12.8 12.8zm-192 0h22.4c6.4 0 12.8-6.4 12.8-12.8V140.8c0-6.4-6.4-12.8-12.8-12.8h-22.4c-6.4 0-12.8 6.4-12.8 12.8v198.4c0 6.4 6.4 12.8 12.8 12.8zm96 0h22.4c6.4 0 12.8-6.4 12.8-12.8V204.8c0-6.4-6.4-12.8-12.8-12.8h-22.4c-6.4 0-12.8 6.4-12.8 12.8v134.4c0 6.4 6.4 12.8 12.8 12.8zM496 400H48V80c0-8.84-7.16-16-16-16H16C7.16 64 0 71.16 0 80v336c0 17.67 14.33 32 32 32h464c8.84 0 16-7.16 16-16v-16c0-8.84-7.16-16-16-16zm-387.2-48h22.4c6.4 0 12.8-6.4 12.8-12.8v-70.4c0-6.4-6.4-12.8-12.8-12.8h-22.4c-6.4 0-12.8 6.4-12.8 12.8v70.4c0 6.4 6.4 12.8 12.8 12.8z\" class=\"\"><\/path><\/svg><\/i> <img loading=\"lazy\" decoding=\"async\" width=\"16\" height=\"16\" alt=\"Loading\" src=\"https:\/\/csavoly.hu\/wp\/wp-content\/plugins\/page-views-count\/ajax-loader-2x.gif\" border=0 \/><\/p><div class=\"pvc_clear\"><\/div>","protected":false},"excerpt":{"rendered":"<div class=\"pvc_clear\"><\/div>\n<p id=\"pvc_stats_7453\" class=\"pvc_stats all  \" data-element-id=\"7453\" style=\"\"><i class=\"pvc-stats-icon medium\" aria-hidden=\"true\"><svg aria-hidden=\"true\" focusable=\"false\" data-prefix=\"far\" data-icon=\"chart-bar\" role=\"img\" xmlns=\"http:\/\/www.w3.org\/2000\/svg\" viewBox=\"0 0 512 512\" class=\"svg-inline--fa fa-chart-bar fa-w-16 fa-2x\"><path fill=\"currentColor\" d=\"M396.8 352h22.4c6.4 0 12.8-6.4 12.8-12.8V108.8c0-6.4-6.4-12.8-12.8-12.8h-22.4c-6.4 0-12.8 6.4-12.8 12.8v230.4c0 6.4 6.4 12.8 12.8 12.8zm-192 0h22.4c6.4 0 12.8-6.4 12.8-12.8V140.8c0-6.4-6.4-12.8-12.8-12.8h-22.4c-6.4 0-12.8 6.4-12.8 12.8v198.4c0 6.4 6.4 12.8 12.8 12.8zm96 0h22.4c6.4 0 12.8-6.4 12.8-12.8V204.8c0-6.4-6.4-12.8-12.8-12.8h-22.4c-6.4 0-12.8 6.4-12.8 12.8v134.4c0 6.4 6.4 12.8 12.8 12.8zM496 400H48V80c0-8.84-7.16-16-16-16H16C7.16 64 0 71.16 0 80v336c0 17.67 14.33 32 32 32h464c8.84 0 16-7.16 16-16v-16c0-8.84-7.16-16-16-16zm-387.2-48h22.4c6.4 0 12.8-6.4 12.8-12.8v-70.4c0-6.4-6.4-12.8-12.8-12.8h-22.4c-6.4 0-12.8 6.4-12.8 12.8v70.4c0 6.4 6.4 12.8 12.8 12.8z\" class=\"\"><\/path><\/svg><\/i> <img loading=\"lazy\" decoding=\"async\" width=\"16\" height=\"16\" alt=\"Loading\" src=\"https:\/\/csavoly.hu\/wp\/wp-content\/plugins\/page-views-count\/ajax-loader-2x.gif\" border=0 \/><\/p>\n<div class=\"pvc_clear\"><\/div>\n","protected":false},"author":3,"featured_media":0,"parent":0,"menu_order":0,"comment_status":"closed","ping_status":"closed","template":"","meta":{"footnotes":""},"class_list":["post-7453","page","type-page","status-publish","hentry"],"_links":{"self":[{"href":"https:\/\/csavoly.hu\/wp\/index.php?rest_route=\/wp\/v2\/pages\/7453"}],"collection":[{"href":"https:\/\/csavoly.hu\/wp\/index.php?rest_route=\/wp\/v2\/pages"}],"about":[{"href":"https:\/\/csavoly.hu\/wp\/index.php?rest_route=\/wp\/v2\/types\/page"}],"author":[{"embeddable":true,"href":"https:\/\/csavoly.hu\/wp\/index.php?rest_route=\/wp\/v2\/users\/3"}],"replies":[{"embeddable":true,"href":"https:\/\/csavoly.hu\/wp\/index.php?rest_route=%2Fwp%2Fv2%2Fcomments&post=7453"}],"version-history":[{"count":1,"href":"https:\/\/csavoly.hu\/wp\/index.php?rest_route=\/wp\/v2\/pages\/7453\/revisions"}],"predecessor-version":[{"id":7458,"href":"https:\/\/csavoly.hu\/wp\/index.php?rest_route=\/wp\/v2\/pages\/7453\/revisions\/7458"}],"wp:attachment":[{"href":"https:\/\/csavoly.hu\/wp\/index.php?rest_route=%2Fwp%2Fv2%2Fmedia&parent=7453"}],"curies":[{"name":"wp","href":"https:\/\/api.w.org\/{rel}","templated":true}]}}