{"id":7495,"date":"2024-10-01T09:52:41","date_gmt":"2024-10-01T07:52:41","guid":{"rendered":"https:\/\/csavoly.hu\/wp\/?page_id=7495"},"modified":"2024-10-01T09:52:42","modified_gmt":"2024-10-01T07:52:42","slug":"az-orszagos-illetekessegu-szervek-valamint-a-fovarosi-es-megyei-kormanyhivatal-eseteben-a-kozfeladatot-ellato-szerv-feladatarol-tevekenysegerol-szolo-tajekoztato-szovege-magyar-es-angol-nyelven","status":"publish","type":"page","link":"https:\/\/csavoly.hu\/wp\/?page_id=7495","title":{"rendered":"Az orsz\u00e1gos illet\u00e9kess\u00e9g\u0171 szervek, valamint a f\u0151v\u00e1rosi \u00e9s megyei korm\u00e1nyhivatal eset\u00e9ben a k\u00f6zfeladatot ell\u00e1t\u00f3 szerv feladat\u00e1r\u00f3l, tev\u00e9kenys\u00e9g\u00e9r\u0151l sz\u00f3l\u00f3 t\u00e1j\u00e9koztat\u00f3 sz\u00f6vege magyar \u00e9s angol nyelven"},"content":{"rendered":"\n<p>Nem relev\u00e1ns<\/p>\n<div class=\"pvc_clear\"><\/div><p id=\"pvc_stats_7495\" class=\"pvc_stats all  \" data-element-id=\"7495\" style=\"\"><i class=\"pvc-stats-icon medium\" aria-hidden=\"true\"><svg aria-hidden=\"true\" focusable=\"false\" data-prefix=\"far\" data-icon=\"chart-bar\" role=\"img\" xmlns=\"http:\/\/www.w3.org\/2000\/svg\" viewBox=\"0 0 512 512\" class=\"svg-inline--fa fa-chart-bar fa-w-16 fa-2x\"><path fill=\"currentColor\" d=\"M396.8 352h22.4c6.4 0 12.8-6.4 12.8-12.8V108.8c0-6.4-6.4-12.8-12.8-12.8h-22.4c-6.4 0-12.8 6.4-12.8 12.8v230.4c0 6.4 6.4 12.8 12.8 12.8zm-192 0h22.4c6.4 0 12.8-6.4 12.8-12.8V140.8c0-6.4-6.4-12.8-12.8-12.8h-22.4c-6.4 0-12.8 6.4-12.8 12.8v198.4c0 6.4 6.4 12.8 12.8 12.8zm96 0h22.4c6.4 0 12.8-6.4 12.8-12.8V204.8c0-6.4-6.4-12.8-12.8-12.8h-22.4c-6.4 0-12.8 6.4-12.8 12.8v134.4c0 6.4 6.4 12.8 12.8 12.8zM496 400H48V80c0-8.84-7.16-16-16-16H16C7.16 64 0 71.16 0 80v336c0 17.67 14.33 32 32 32h464c8.84 0 16-7.16 16-16v-16c0-8.84-7.16-16-16-16zm-387.2-48h22.4c6.4 0 12.8-6.4 12.8-12.8v-70.4c0-6.4-6.4-12.8-12.8-12.8h-22.4c-6.4 0-12.8 6.4-12.8 12.8v70.4c0 6.4 6.4 12.8 12.8 12.8z\" class=\"\"><\/path><\/svg><\/i> <img loading=\"lazy\" decoding=\"async\" width=\"16\" height=\"16\" alt=\"Loading\" src=\"https:\/\/csavoly.hu\/wp\/wp-content\/plugins\/page-views-count\/ajax-loader-2x.gif\" border=0 \/><\/p><div class=\"pvc_clear\"><\/div>","protected":false},"excerpt":{"rendered":"<p>Nem relev\u00e1ns<\/p>\n<div class=\"pvc_clear\"><\/div>\n<p id=\"pvc_stats_7495\" class=\"pvc_stats all  \" data-element-id=\"7495\" style=\"\"><i class=\"pvc-stats-icon medium\" aria-hidden=\"true\"><svg aria-hidden=\"true\" focusable=\"false\" data-prefix=\"far\" data-icon=\"chart-bar\" role=\"img\" xmlns=\"http:\/\/www.w3.org\/2000\/svg\" viewBox=\"0 0 512 512\" class=\"svg-inline--fa fa-chart-bar fa-w-16 fa-2x\"><path fill=\"currentColor\" d=\"M396.8 352h22.4c6.4 0 12.8-6.4 12.8-12.8V108.8c0-6.4-6.4-12.8-12.8-12.8h-22.4c-6.4 0-12.8 6.4-12.8 12.8v230.4c0 6.4 6.4 12.8 12.8 12.8zm-192 0h22.4c6.4 0 12.8-6.4 12.8-12.8V140.8c0-6.4-6.4-12.8-12.8-12.8h-22.4c-6.4 0-12.8 6.4-12.8 12.8v198.4c0 6.4 6.4 12.8 12.8 12.8zm96 0h22.4c6.4 0 12.8-6.4 12.8-12.8V204.8c0-6.4-6.4-12.8-12.8-12.8h-22.4c-6.4 0-12.8 6.4-12.8 12.8v134.4c0 6.4 6.4 12.8 12.8 12.8zM496 400H48V80c0-8.84-7.16-16-16-16H16C7.16 64 0 71.16 0 80v336c0 17.67 14.33 32 32 32h464c8.84 0 16-7.16 16-16v-16c0-8.84-7.16-16-16-16zm-387.2-48h22.4c6.4 0 12.8-6.4 12.8-12.8v-70.4c0-6.4-6.4-12.8-12.8-12.8h-22.4c-6.4 0-12.8 6.4-12.8 12.8v70.4c0 6.4 6.4 12.8 12.8 12.8z\" class=\"\"><\/path><\/svg><\/i> <img loading=\"lazy\" decoding=\"async\" width=\"16\" height=\"16\" alt=\"Loading\" src=\"https:\/\/csavoly.hu\/wp\/wp-content\/plugins\/page-views-count\/ajax-loader-2x.gif\" border=0 \/><\/p>\n<div class=\"pvc_clear\"><\/div>\n","protected":false},"author":3,"featured_media":0,"parent":0,"menu_order":0,"comment_status":"closed","ping_status":"closed","template":"","meta":{"footnotes":""},"class_list":["post-7495","page","type-page","status-publish","hentry"],"_links":{"self":[{"href":"https:\/\/csavoly.hu\/wp\/index.php?rest_route=\/wp\/v2\/pages\/7495"}],"collection":[{"href":"https:\/\/csavoly.hu\/wp\/index.php?rest_route=\/wp\/v2\/pages"}],"about":[{"href":"https:\/\/csavoly.hu\/wp\/index.php?rest_route=\/wp\/v2\/types\/page"}],"author":[{"embeddable":true,"href":"https:\/\/csavoly.hu\/wp\/index.php?rest_route=\/wp\/v2\/users\/3"}],"replies":[{"embeddable":true,"href":"https:\/\/csavoly.hu\/wp\/index.php?rest_route=%2Fwp%2Fv2%2Fcomments&post=7495"}],"version-history":[{"count":1,"href":"https:\/\/csavoly.hu\/wp\/index.php?rest_route=\/wp\/v2\/pages\/7495\/revisions"}],"predecessor-version":[{"id":7496,"href":"https:\/\/csavoly.hu\/wp\/index.php?rest_route=\/wp\/v2\/pages\/7495\/revisions\/7496"}],"wp:attachment":[{"href":"https:\/\/csavoly.hu\/wp\/index.php?rest_route=%2Fwp%2Fv2%2Fmedia&parent=7495"}],"curies":[{"name":"wp","href":"https:\/\/api.w.org\/{rel}","templated":true}]}}