{"id":7510,"date":"2024-10-03T10:09:46","date_gmt":"2024-10-03T08:09:46","guid":{"rendered":"https:\/\/csavoly.hu\/wp\/?page_id=7510"},"modified":"2024-10-03T10:09:46","modified_gmt":"2024-10-03T08:09:46","slug":"az-allamhaztartas-penzeszkozei-felhasznalasaval-az-allamhaztartashoz-tartozo-vagyonnal-torteno-gazdalkodassal-osszefuggo-otmillio-forintot-elero-vagy-azt-meghalado-erteku-arubeszerzesre-epitesi-ber","status":"publish","type":"page","link":"https:\/\/csavoly.hu\/wp\/?page_id=7510","title":{"rendered":"Az \u00e1llamh\u00e1ztart\u00e1s p\u00e9nzeszk\u00f6zei felhaszn\u00e1l\u00e1s\u00e1val, az \u00e1llamh\u00e1ztart\u00e1shoz tartoz\u00f3 vagyonnal t\u00f6rt\u00e9n\u0151 gazd\u00e1lkod\u00e1ssal \u00f6sszef\u00fcgg\u0151, \u00f6tmilli\u00f3 forintot el\u00e9r\u0151 vagy azt meghalad\u00f3 \u00e9rt\u00e9k\u0171 \u00e1rubeszerz\u00e9sre, \u00e9p\u00edt\u00e9si beruh\u00e1z\u00e1sra, szolg\u00e1ltat\u00e1s megrendel\u00e9sre, vagyon \u00e9rt\u00e9kes\u00edt\u00e9sre, vagyonhasznos\u00edt\u00e1sra, vagyon vagy vagyoni \u00e9rt\u00e9k\u0171 jog \u00e1tad\u00e1s\u00e1ra, valamint koncesszi\u00f3ba ad\u00e1sra vonatkoz\u00f3 szerz\u0151d\u00e9sek megnevez\u00e9se (t\u00edpusa), t\u00e1rgya, a szerz\u0151d\u00e9st k\u00f6t\u0151 felek neve, a szerz\u0151d\u00e9s \u00e9rt\u00e9ke, hat\u00e1rozott id\u0151re k\u00f6t\u00f6tt szerz\u0151d\u00e9s eset\u00e9ben annak id\u0151tartama, valamint az eml\u00edtett adatok v\u00e1ltoz\u00e1sai, a v\u00e9delmi \u00e9s biztons\u00e1gi c\u00e9l\u00fa beszerz\u00e9sek adatai, \u00e9s a min\u0151s\u00edtett adatok, tov\u00e1bb\u00e1 a k\u00f6zbeszerz\u00e9sekr\u0151l sz\u00f3l\u00f3 2015. \u00e9vi CXLIII t\u00f6rv\u00e9ny 9. \u00a7 (1) bekezd\u00e9s b) pontja szerinti beszerz\u00e9sek, \u00e9s az azok eredm\u00e9nyek\u00e9ppen k\u00f6t\u00f6tt szerz\u0151d\u00e9sek adatai kiv\u00e9tel\u00e9vel. A szerz\u0151d\u00e9s \u00e9rt\u00e9ke alatt a szerz\u0151d\u00e9s t\u00e1rgy\u00e1\u00e9rt kik\u00f6t\u00f6tt &#8211; \u00e1ltal\u00e1nos forgalmi ad\u00f3 n\u00e9lk\u00fcl sz\u00e1m\u00edtott &#8211; ellenszolg\u00e1ltat\u00e1st kell \u00e9rteni, ingyenes \u00fcgylet eset\u00e9n a vagyon piaci vagy k\u00f6nyv szerinti \u00e9rt\u00e9ke k\u00f6z\u00fcl a magasabb \u00f6sszeget kell figyelembe venni. Az id\u0151szakonk\u00e9nt visszat\u00e9r\u0151 &#8211; egy \u00e9vn\u00e9l hosszabb id\u0151tartamra k\u00f6t\u00f6tt &#8211; szerz\u0151d\u00e9sekn\u00e9l az \u00e9rt\u00e9k kisz\u00e1m\u00edt\u00e1sakor az ellenszolg\u00e1ltat\u00e1s egy \u00e9vre sz\u00e1m\u00edtott \u00f6sszeg\u00e9t kell alapul venni. Az egy k\u00f6lts\u00e9gvet\u00e9si \u00e9vben ugyanazon szerz\u0151d\u0151 f\u00e9llel k\u00f6t\u00f6tt azonos t\u00e1rgy\u00fa szerz\u0151d\u00e9sek \u00e9rt\u00e9k\u00e9t egybe kell sz\u00e1m\u00edtani."},"content":{"rendered":"\n<p><\/p>\n\n\n\n<figure class=\"wp-block-table\"><table class=\"has-fixed-layout\"><tbody><tr><td><strong>Szerz\u0151d\u0151 f\u00e9l neve<\/strong><\/td><td><strong>Szerz\u0151d\u00e9s t\u00e1rgya<\/strong><\/td><td><strong>Szerz\u0151d\u00e9s megnevez\u00e9se<\/strong> <strong>(t\u00edpusa)<\/strong><\/td><td><strong>Kelte<\/strong><\/td><td><strong>Szerz\u0151d\u00e9s \u00e9rt\u00e9ke&nbsp;&nbsp;&nbsp;&nbsp;&nbsp;&nbsp;&nbsp;&nbsp;&nbsp;&nbsp;&nbsp;&nbsp;&nbsp;&nbsp;&nbsp;&nbsp;&nbsp;&nbsp;&nbsp;&nbsp; (nett\u00f3)<\/strong><\/td><td><strong>Id\u0151tartam<\/strong><\/td><\/tr><tr><td>Kova Bau K\u00f6ve \u00c9p\u00edt\u0151ipari Korl\u00e1tolt Felel\u0151ss\u00e9g\u0171 T\u00e1rsas\u00e1g<\/td><td>Fels\u0151-B\u00e1cska Vid\u00e9kfejleszt\u00e9si Egyes\u00fclet &#8211; \u00c9letmin\u0151s\u00e9g jav\u00edt\u00e1s\u00e1t c\u00e9lz\u00f3 telep\u00fcl\u00e9si fejleszt\u00e9sek c\u00edm\u0171, VP6-19.2.1.-32-10-21 k\u00f3dsz\u00e1m\u00fa felh\u00edv\u00e1sra beny\u00fajtott, 3499563713 iratazonos\u00edt\u00f3 sz\u00e1mon nyilv\u00e1ntartott \u201eSzenth\u00e1roms\u00e1g t\u00e9r fel\u00faj\u00edt\u00e1s\u00e1nak folytat\u00e1sa Cs\u00e1volyon\u201d c\u00edm\u0171 \u00e9s 3450570756 projektazonos\u00edt\u00f3 sz\u00e1m\u00fa t\u00e1mogatott projekt kivitelez\u00e9si munk\u00e1i<\/td><td>V\u00e1llalkoz\u00e1si szerz\u0151d\u00e9s<\/td><td>&nbsp; 2024.03.04<\/td><td>8.425.037, &#8211; Ft<\/td><td>Teljes\u00edt\u00e9si hat\u00e1rid\u0151: 2024.05.15<\/td><\/tr><tr><td>DENTAL-EXPRESS HUNG\u00c1RIA Kft.<\/td><td>\u00d6nkorm\u00e1nyzati tulajdon\u00fa ingatlanok fejleszt\u00e9se, \u00f6nkorm\u00e1nyzati feladatell\u00e1t\u00e1shoz kapcsol\u00f3d\u00f3 beszerz\u00e9sek-2024 c\u00edm\u0171, MFP-\u00d6TIFB\/2024 k\u00f3dsz\u00e1m\u00fa felh\u00edv\u00e1sra beny\u00fajtott, 1005358856 iratazonos\u00edt\u00f3 sz\u00e1mon nyilv\u00e1ntartott \u201eFog\u00e1szati kezel\u0151egys\u00e9g beszerz\u00e9se Cs\u00e1volyon\u201d c\u00edm\u0171 \u00e9s 3504851042 projektazonos\u00edt\u00f3 sz\u00e1m\u00fa t\u00e1mogatott p\u00e1ly\u00e1zat\u00e1ban eszk\u00f6zbeszerz\u00e9si elj\u00e1r\u00e1s<\/td><td>Ad\u00e1sv\u00e9teli szerz\u0151d\u00e9s<\/td><td>2024.05.16<\/td><td>4. 724. 409, &#8211; Ft<\/td><td>Sz\u00e1ll\u00edt\u00e1si hat\u00e1rid\u0151: 2024.10.10<\/td><\/tr><\/tbody><\/table><\/figure>\n<div class=\"pvc_clear\"><\/div><p id=\"pvc_stats_7510\" class=\"pvc_stats all  \" data-element-id=\"7510\" style=\"\"><i class=\"pvc-stats-icon medium\" aria-hidden=\"true\"><svg aria-hidden=\"true\" focusable=\"false\" data-prefix=\"far\" data-icon=\"chart-bar\" role=\"img\" xmlns=\"http:\/\/www.w3.org\/2000\/svg\" viewBox=\"0 0 512 512\" class=\"svg-inline--fa fa-chart-bar fa-w-16 fa-2x\"><path fill=\"currentColor\" d=\"M396.8 352h22.4c6.4 0 12.8-6.4 12.8-12.8V108.8c0-6.4-6.4-12.8-12.8-12.8h-22.4c-6.4 0-12.8 6.4-12.8 12.8v230.4c0 6.4 6.4 12.8 12.8 12.8zm-192 0h22.4c6.4 0 12.8-6.4 12.8-12.8V140.8c0-6.4-6.4-12.8-12.8-12.8h-22.4c-6.4 0-12.8 6.4-12.8 12.8v198.4c0 6.4 6.4 12.8 12.8 12.8zm96 0h22.4c6.4 0 12.8-6.4 12.8-12.8V204.8c0-6.4-6.4-12.8-12.8-12.8h-22.4c-6.4 0-12.8 6.4-12.8 12.8v134.4c0 6.4 6.4 12.8 12.8 12.8zM496 400H48V80c0-8.84-7.16-16-16-16H16C7.16 64 0 71.16 0 80v336c0 17.67 14.33 32 32 32h464c8.84 0 16-7.16 16-16v-16c0-8.84-7.16-16-16-16zm-387.2-48h22.4c6.4 0 12.8-6.4 12.8-12.8v-70.4c0-6.4-6.4-12.8-12.8-12.8h-22.4c-6.4 0-12.8 6.4-12.8 12.8v70.4c0 6.4 6.4 12.8 12.8 12.8z\" class=\"\"><\/path><\/svg><\/i> <img loading=\"lazy\" decoding=\"async\" width=\"16\" height=\"16\" alt=\"Loading\" src=\"https:\/\/csavoly.hu\/wp\/wp-content\/plugins\/page-views-count\/ajax-loader-2x.gif\" border=0 \/><\/p><div class=\"pvc_clear\"><\/div>","protected":false},"excerpt":{"rendered":"<p>Szerz\u0151d\u0151 f\u00e9l neve Szerz\u0151d\u00e9s t\u00e1rgya Szerz\u0151d\u00e9s megnevez\u00e9se (t\u00edpusa) Kelte Szerz\u0151d\u00e9s \u00e9rt\u00e9ke&nbsp;&nbsp;&nbsp;&nbsp;&nbsp;&nbsp;&nbsp;&nbsp;&nbsp;&nbsp;&nbsp;&nbsp;&nbsp;&nbsp;&nbsp;&nbsp;&nbsp;&nbsp;&nbsp;&nbsp; (nett\u00f3) Id\u0151tartam Kova Bau K\u00f6ve \u00c9p\u00edt\u0151ipari Korl\u00e1tolt Felel\u0151ss\u00e9g\u0171 T\u00e1rsas\u00e1g Fels\u0151-B\u00e1cska Vid\u00e9kfejleszt\u00e9si Egyes\u00fclet &#8211; \u00c9letmin\u0151s\u00e9g jav\u00edt\u00e1s\u00e1t c\u00e9lz\u00f3 telep\u00fcl\u00e9si fejleszt\u00e9sek c\u00edm\u0171, VP6-19.2.1.-32-10-21 k\u00f3dsz\u00e1m\u00fa felh\u00edv\u00e1sra beny\u00fajtott, 3499563713 iratazonos\u00edt\u00f3 sz\u00e1mon nyilv\u00e1ntartott \u201eSzenth\u00e1roms\u00e1g t\u00e9r fel\u00faj\u00edt\u00e1s\u00e1nak folytat\u00e1sa Cs\u00e1volyon\u201d c\u00edm\u0171 \u00e9s 3450570756 projektazonos\u00edt\u00f3 sz\u00e1m\u00fa t\u00e1mogatott projekt kivitelez\u00e9si munk\u00e1i V\u00e1llalkoz\u00e1si szerz\u0151d\u00e9s &nbsp; &hellip; <a href=\"https:\/\/csavoly.hu\/wp\/?page_id=7510\" class=\"more-link\"><span class=\"screen-reader-text\">Az \u00e1llamh\u00e1ztart\u00e1s p\u00e9nzeszk\u00f6zei felhaszn\u00e1l\u00e1s\u00e1val, az \u00e1llamh\u00e1ztart\u00e1shoz tartoz\u00f3 vagyonnal t\u00f6rt\u00e9n\u0151 gazd\u00e1lkod\u00e1ssal \u00f6sszef\u00fcgg\u0151, \u00f6tmilli\u00f3 forintot el\u00e9r\u0151 vagy azt meghalad\u00f3 \u00e9rt\u00e9k\u0171 \u00e1rubeszerz\u00e9sre, \u00e9p\u00edt\u00e9si beruh\u00e1z\u00e1sra, szolg\u00e1ltat\u00e1s megrendel\u00e9sre, vagyon \u00e9rt\u00e9kes\u00edt\u00e9sre, vagyonhasznos\u00edt\u00e1sra, vagyon vagy vagyoni \u00e9rt\u00e9k\u0171 jog \u00e1tad\u00e1s\u00e1ra, valamint koncesszi\u00f3ba ad\u00e1sra vonatkoz\u00f3 szerz\u0151d\u00e9sek megnevez\u00e9se (t\u00edpusa), t\u00e1rgya, a szerz\u0151d\u00e9st k\u00f6t\u0151 felek neve, a szerz\u0151d\u00e9s \u00e9rt\u00e9ke, hat\u00e1rozott id\u0151re k\u00f6t\u00f6tt szerz\u0151d\u00e9s eset\u00e9ben annak id\u0151tartama, valamint az eml\u00edtett adatok v\u00e1ltoz\u00e1sai, a v\u00e9delmi \u00e9s biztons\u00e1gi c\u00e9l\u00fa beszerz\u00e9sek adatai, \u00e9s a min\u0151s\u00edtett adatok, tov\u00e1bb\u00e1 a k\u00f6zbeszerz\u00e9sekr\u0151l sz\u00f3l\u00f3 2015. \u00e9vi CXLIII t\u00f6rv\u00e9ny 9. \u00a7 (1) bekezd\u00e9s b) pontja szerinti beszerz\u00e9sek, \u00e9s az azok eredm\u00e9nyek\u00e9ppen k\u00f6t\u00f6tt szerz\u0151d\u00e9sek adatai kiv\u00e9tel\u00e9vel. A szerz\u0151d\u00e9s \u00e9rt\u00e9ke alatt a szerz\u0151d\u00e9s t\u00e1rgy\u00e1\u00e9rt kik\u00f6t\u00f6tt &#8211; \u00e1ltal\u00e1nos forgalmi ad\u00f3 n\u00e9lk\u00fcl sz\u00e1m\u00edtott &#8211; ellenszolg\u00e1ltat\u00e1st kell \u00e9rteni, ingyenes \u00fcgylet eset\u00e9n a vagyon piaci vagy k\u00f6nyv szerinti \u00e9rt\u00e9ke k\u00f6z\u00fcl a magasabb \u00f6sszeget kell figyelembe venni. Az id\u0151szakonk\u00e9nt visszat\u00e9r\u0151 &#8211; egy \u00e9vn\u00e9l hosszabb id\u0151tartamra k\u00f6t\u00f6tt &#8211; szerz\u0151d\u00e9sekn\u00e9l az \u00e9rt\u00e9k kisz\u00e1m\u00edt\u00e1sakor az ellenszolg\u00e1ltat\u00e1s egy \u00e9vre sz\u00e1m\u00edtott \u00f6sszeg\u00e9t kell alapul venni. Az egy k\u00f6lts\u00e9gvet\u00e9si \u00e9vben ugyanazon szerz\u0151d\u0151 f\u00e9llel k\u00f6t\u00f6tt azonos t\u00e1rgy\u00fa szerz\u0151d\u00e9sek \u00e9rt\u00e9k\u00e9t egybe kell sz\u00e1m\u00edtani.<\/span> b\u0151vebben&#8230; <span class=\"meta-nav\">&rarr;<\/span><\/a><\/p>\n<div class=\"pvc_clear\"><\/div>\n<p id=\"pvc_stats_7510\" class=\"pvc_stats all  \" data-element-id=\"7510\" style=\"\"><i class=\"pvc-stats-icon medium\" aria-hidden=\"true\"><svg aria-hidden=\"true\" focusable=\"false\" data-prefix=\"far\" data-icon=\"chart-bar\" role=\"img\" xmlns=\"http:\/\/www.w3.org\/2000\/svg\" viewBox=\"0 0 512 512\" class=\"svg-inline--fa fa-chart-bar fa-w-16 fa-2x\"><path fill=\"currentColor\" d=\"M396.8 352h22.4c6.4 0 12.8-6.4 12.8-12.8V108.8c0-6.4-6.4-12.8-12.8-12.8h-22.4c-6.4 0-12.8 6.4-12.8 12.8v230.4c0 6.4 6.4 12.8 12.8 12.8zm-192 0h22.4c6.4 0 12.8-6.4 12.8-12.8V140.8c0-6.4-6.4-12.8-12.8-12.8h-22.4c-6.4 0-12.8 6.4-12.8 12.8v198.4c0 6.4 6.4 12.8 12.8 12.8zm96 0h22.4c6.4 0 12.8-6.4 12.8-12.8V204.8c0-6.4-6.4-12.8-12.8-12.8h-22.4c-6.4 0-12.8 6.4-12.8 12.8v134.4c0 6.4 6.4 12.8 12.8 12.8zM496 400H48V80c0-8.84-7.16-16-16-16H16C7.16 64 0 71.16 0 80v336c0 17.67 14.33 32 32 32h464c8.84 0 16-7.16 16-16v-16c0-8.84-7.16-16-16-16zm-387.2-48h22.4c6.4 0 12.8-6.4 12.8-12.8v-70.4c0-6.4-6.4-12.8-12.8-12.8h-22.4c-6.4 0-12.8 6.4-12.8 12.8v70.4c0 6.4 6.4 12.8 12.8 12.8z\" class=\"\"><\/path><\/svg><\/i> <img loading=\"lazy\" decoding=\"async\" width=\"16\" height=\"16\" alt=\"Loading\" src=\"https:\/\/csavoly.hu\/wp\/wp-content\/plugins\/page-views-count\/ajax-loader-2x.gif\" border=0 \/><\/p>\n<div class=\"pvc_clear\"><\/div>\n","protected":false},"author":3,"featured_media":0,"parent":0,"menu_order":0,"comment_status":"closed","ping_status":"closed","template":"","meta":{"footnotes":""},"class_list":["post-7510","page","type-page","status-publish","hentry"],"_links":{"self":[{"href":"https:\/\/csavoly.hu\/wp\/index.php?rest_route=\/wp\/v2\/pages\/7510"}],"collection":[{"href":"https:\/\/csavoly.hu\/wp\/index.php?rest_route=\/wp\/v2\/pages"}],"about":[{"href":"https:\/\/csavoly.hu\/wp\/index.php?rest_route=\/wp\/v2\/types\/page"}],"author":[{"embeddable":true,"href":"https:\/\/csavoly.hu\/wp\/index.php?rest_route=\/wp\/v2\/users\/3"}],"replies":[{"embeddable":true,"href":"https:\/\/csavoly.hu\/wp\/index.php?rest_route=%2Fwp%2Fv2%2Fcomments&post=7510"}],"version-history":[{"count":1,"href":"https:\/\/csavoly.hu\/wp\/index.php?rest_route=\/wp\/v2\/pages\/7510\/revisions"}],"predecessor-version":[{"id":7511,"href":"https:\/\/csavoly.hu\/wp\/index.php?rest_route=\/wp\/v2\/pages\/7510\/revisions\/7511"}],"wp:attachment":[{"href":"https:\/\/csavoly.hu\/wp\/index.php?rest_route=%2Fwp%2Fv2%2Fmedia&parent=7510"}],"curies":[{"name":"wp","href":"https:\/\/api.w.org\/{rel}","templated":true}]}}