{"id":7821,"date":"2025-09-26T08:53:12","date_gmt":"2025-09-26T06:53:12","guid":{"rendered":"https:\/\/csavoly.hu\/wp\/?page_id=7821"},"modified":"2025-12-10T07:24:25","modified_gmt":"2025-12-10T05:24:25","slug":"egyutt-az-egeszsegert-egyutt-a-kozossegertplusz-3-1-3-23-bk1-2024-00016-palyazat","status":"publish","type":"page","link":"https:\/\/csavoly.hu\/wp\/?page_id=7821","title":{"rendered":"&#8222;Egy\u00fctt az eg\u00e9szs\u00e9g\u00e9rt, egy\u00fctt a k\u00f6z\u00f6ss\u00e9g\u00e9rt!&#8221;PLUSZ-3.1.3-23-BK1-2024- 00016 p\u00e1ly\u00e1zat"},"content":{"rendered":"\n<ul class=\"wp-block-list\">\n<li><\/li>\n<\/ul>\n\n\n\n<p>A projekt az Eur\u00f3pai Uni\u00f3 t\u00e1mogat\u00e1s\u00e1val, a magyar \u00c1llam t\u00e1rsfinansz\u00edroz\u00e1s\u00e1val val\u00f3sul meg.<\/p>\n\n\n\n<p>H<strong>\u00e1rom \u00f6nkorm\u00e1nyzat sikeresen p\u00e1ly\u00e1zott \u00e9s konzorciumban val\u00f3s\u00edtja meg az \u201eEgy\u00fctt az eg\u00e9szs\u00e9g\u00e9rt, egy\u00fctt a k\u00f6z\u00f6ss\u00e9g\u00e9rt\u201d c\u00edm\u0171 projektet<\/strong>, amelynek c\u00e9lja a h\u00e1tr\u00e1nyos helyzet\u0171 lakosok \u00e9letmin\u0151s\u00e9g\u00e9nek jav\u00edt\u00e1sa, az eg\u00e9szs\u00e9gtudatoss\u00e1g er\u0151s\u00edt\u00e9se \u00e9s a k\u00f6z\u00f6ss\u00e9gi \u00f6sszetartoz\u00e1s t\u00e1mogat\u00e1sa.&nbsp;<strong>A konzorcium vezet\u0151je R\u00e9m K\u00f6zs\u00e9g \u00d6nkorm\u00e1nyzata.<\/strong><\/p>\n\n\n\n<p><strong>R\u00e9m, Cs\u00e1voly, \u00e9s Borota \u00d6nkorm\u00e1nyzat\u00e1nak k\u00f6z\u00f6s \u00f6sszefog\u00e1s\u00e1val&nbsp;<\/strong>megval\u00f3sul\u00f3 program \u00e1tfog\u00f3 szeml\u00e9letv\u00e1lt\u00e1st szeretne el\u00e9rni a helyi k\u00f6z\u00f6ss\u00e9gekben. A projekt keret\u00e9ben k\u00fcl\u00f6nb\u00f6z\u0151 ingyenes programok, el\u0151ad\u00e1sok, eg\u00e9szs\u00e9gmeg\u0151rz\u0151 \u00e9s k\u00f6z\u00f6ss\u00e9g\u00e9p\u00edt\u0151 rendezv\u00e9nyek v\u00e1rj\u00e1k a r\u00e9sztvev\u0151ket.<\/p>\n\n\n\n<p>C\u00e9l, hogy a projekt seg\u00edts\u00e9g\u00e9vel olyan lehet\u0151s\u00e9geket biztos\u00edtsanak, amelyek hossz\u00fa t\u00e1von jav\u00edtj\u00e1k a lakosok \u00e9letmin\u0151s\u00e9g\u00e9t, el\u0151seg\u00edtik az eg\u00e9szs\u00e9ges \u00e9letm\u00f3d kialak\u00edt\u00e1s\u00e1t \u00e9s er\u0151s\u00edtik a helyi k\u00f6z\u00f6ss\u00e9geket.&nbsp;<\/p>\n\n\n\n<p>A&nbsp;<strong>TOP_PLUSZ-3.1.3-23 \u2013 \u201eHelyi hum\u00e1n fejleszt\u00e9sek<\/strong>\u201d c\u00edm\u0171 p\u00e1ly\u00e1zati felh\u00edv\u00e1s keret\u00e9ben a Ter\u00fclet- \u00e9s Telep\u00fcl\u00e9sfejleszt\u00e9s Operat\u00edv Program Plusz strat\u00e9giai c\u00e9ljaihoz igazodva R\u00e9m K\u00f6zs\u00e9g \u00d6nkorm\u00e1nyzata&nbsp;<strong>\u201eEgy\u00fctt az eg\u00e9szs\u00e9g\u00e9rt, egy\u00fctt a k\u00f6z\u00f6ss\u00e9g\u00e9rt\u201d<\/strong>&nbsp;c\u00edm\u0171&nbsp;<strong>TOP_PLUSZ-3.1.3-23-BK1-2024-00016&nbsp;<\/strong>k\u00f3dsz\u00e1m\u00fa projekt megval\u00f3s\u00edt\u00e1s\u00e1ra Eur\u00f3pai Uni\u00f3s forr\u00e1sb\u00f3l&nbsp;<strong>&nbsp;<\/strong><strong>54,9 milli\u00f3 Ft&nbsp;<\/strong>vissza nem t\u00e9r\u00edtend\u0151 t\u00e1mogat\u00e1st nyert.<\/p>\n\n\n\n<p><\/p>\n\n\n\n<p>Csatolm\u00e1ny(ok):<\/p>\n\n\n\n<figure class=\"wp-block-image size-full\"><a href=\"https:\/\/csavoly.hu\/wp\/wp-content\/uploads\/2025\/09\/sztp_sajtokozlemeny_konzi_kezdo_0903_page-0001.jpg\"><img loading=\"lazy\" decoding=\"async\" width=\"1241\" height=\"1755\" src=\"https:\/\/csavoly.hu\/wp\/wp-content\/uploads\/2025\/09\/sztp_sajtokozlemeny_konzi_kezdo_0903_page-0001.jpg\" alt=\"\" class=\"wp-image-7820\" srcset=\"https:\/\/csavoly.hu\/wp\/wp-content\/uploads\/2025\/09\/sztp_sajtokozlemeny_konzi_kezdo_0903_page-0001.jpg 1241w, https:\/\/csavoly.hu\/wp\/wp-content\/uploads\/2025\/09\/sztp_sajtokozlemeny_konzi_kezdo_0903_page-0001-768x1086.jpg 768w, https:\/\/csavoly.hu\/wp\/wp-content\/uploads\/2025\/09\/sztp_sajtokozlemeny_konzi_kezdo_0903_page-0001-1086x1536.jpg 1086w\" sizes=\"(max-width: 1241px) 100vw, 1241px\" \/><\/a><\/figure>\n\n\n\n<p class=\"has-text-align-center has-x-large-font-size\"><strong><em>Programok:<\/em><\/strong><\/p>\n\n\n\n<p class=\"has-text-align-center has-medium-font-size\"><strong><a href=\"https:\/\/csavoly.hu\/wp\/?page_id=7870\">B\u0171nmegel\u0151z\u00e9s a csal\u00e1dban<\/a><\/strong><\/p>\n\n\n\n<p class=\"has-text-align-center has-medium-font-size\"><strong><a href=\"https:\/\/csavoly.hu\/wp\/?page_id=7882\">Eg\u00e9szs\u00e9gmeg\u00f3v\u00e1s a csal\u00e1dban, balesetmegel\u0151z\u00e9s, els\u0151seg\u00e9lyny\u00fajt\u00e1s<\/a><\/strong><\/p>\n\n\n\n<p class=\"has-text-align-center has-medium-font-size\"><a href=\"https:\/\/csavoly.hu\/wp\/?page_id=7890\"><strong>Eg\u00e9szs\u00e9gmeg\u00f3v\u00e1s a csal\u00e1dban, eg\u00e9szs\u00e9ges t\u00e1pl\u00e1lkoz\u00e1s<\/strong><\/a><\/p>\n\n\n\n<p class=\"has-text-align-center has-medium-font-size\"><strong><a href=\"https:\/\/csavoly.hu\/wp\/?page_id=7896\">Eszk\u00f6z\u00f6s \u00e1llapotfelm\u00e9r\u00e9s<\/a><\/strong><\/p>\n\n\n\n<p class=\"has-text-align-center has-medium-font-size\"><strong><a href=\"https:\/\/csavoly.hu\/wp\/?page_id=7911\">Bar\u00e1tunk \u00e9s seg\u00edt\u0151nk a kutya<\/a><\/strong><\/p>\n\n\n\n<p class=\"has-text-align-center has-medium-font-size\"><strong><a href=\"https:\/\/csavoly.hu\/wp\/?page_id=7923\">Egy\u00fctt a csal\u00e1d k\u00e9t ker\u00e9ken<\/a><\/strong><\/p>\n\n\n\n<p class=\"has-text-align-center has-medium-font-size\"><strong><a href=\"https:\/\/csavoly.hu\/wp\/?page_id=7935\">A pszichol\u00f3gus v\u00e1laszol<\/a><\/strong><\/p>\n\n\n\n<p class=\"has-text-align-center has-medium-font-size\"><strong><a href=\"https:\/\/csavoly.hu\/wp\/?page_id=7947\">Id\u0151sek megseg\u00edt\u00e9se<\/a><\/strong><\/p>\n\n\n\n<p class=\"has-text-align-center has-medium-font-size\"><strong><a href=\"https:\/\/csavoly.hu\/wp\/?page_id=8043\">Mozogj vel\u00fcnk!<\/a><\/strong><\/p>\n\n\n\n<p class=\"has-text-align-center has-medium-font-size\"><a href=\"https:\/\/csavoly.hu\/wp\/?page_id=8066\"><strong>T\u00e1ncoljunk egy\u00fctt<\/strong><\/a><\/p>\n\n\n\n<p class=\"has-text-align-center has-medium-font-size\"><strong><a href=\"https:\/\/csavoly.hu\/wp\/?page_id=8082\">\u00d6nkifejez\u00e9s lehet\u0151s\u00e9gei &#8211; k\u00e9zm\u0171veskedik a csal\u00e1d<\/a><\/strong><\/p>\n\n\n\n<p class=\"has-text-align-center has-medium-font-size\"><strong><a href=\"https:\/\/csavoly.hu\/wp\/?page_id=8161\">Egy\u00fctt az \u00e1llatok \u00e9s a term\u00e9szet v\u00e9delm\u00e9\u00e9rt<\/a><\/strong><\/p>\n\n\n\n<p class=\"has-text-align-center has-medium-font-size\"><strong><a href=\"https:\/\/csavoly.hu\/wp\/?page_id=8285\">\u00c9beren id\u0151s korban<\/a><\/strong><\/p>\n\n\n\n<p class=\"has-text-align-center has-medium-font-size\"><strong><a href=\"https:\/\/csavoly.hu\/wp\/?page_id=8311\">Egy\u00fctt fut a csal\u00e1d<\/a><\/strong><\/p>\n<div class=\"pvc_clear\"><\/div><p id=\"pvc_stats_7821\" class=\"pvc_stats all  \" data-element-id=\"7821\" style=\"\"><i class=\"pvc-stats-icon medium\" aria-hidden=\"true\"><svg aria-hidden=\"true\" focusable=\"false\" data-prefix=\"far\" data-icon=\"chart-bar\" role=\"img\" xmlns=\"http:\/\/www.w3.org\/2000\/svg\" viewBox=\"0 0 512 512\" class=\"svg-inline--fa fa-chart-bar fa-w-16 fa-2x\"><path fill=\"currentColor\" d=\"M396.8 352h22.4c6.4 0 12.8-6.4 12.8-12.8V108.8c0-6.4-6.4-12.8-12.8-12.8h-22.4c-6.4 0-12.8 6.4-12.8 12.8v230.4c0 6.4 6.4 12.8 12.8 12.8zm-192 0h22.4c6.4 0 12.8-6.4 12.8-12.8V140.8c0-6.4-6.4-12.8-12.8-12.8h-22.4c-6.4 0-12.8 6.4-12.8 12.8v198.4c0 6.4 6.4 12.8 12.8 12.8zm96 0h22.4c6.4 0 12.8-6.4 12.8-12.8V204.8c0-6.4-6.4-12.8-12.8-12.8h-22.4c-6.4 0-12.8 6.4-12.8 12.8v134.4c0 6.4 6.4 12.8 12.8 12.8zM496 400H48V80c0-8.84-7.16-16-16-16H16C7.16 64 0 71.16 0 80v336c0 17.67 14.33 32 32 32h464c8.84 0 16-7.16 16-16v-16c0-8.84-7.16-16-16-16zm-387.2-48h22.4c6.4 0 12.8-6.4 12.8-12.8v-70.4c0-6.4-6.4-12.8-12.8-12.8h-22.4c-6.4 0-12.8 6.4-12.8 12.8v70.4c0 6.4 6.4 12.8 12.8 12.8z\" class=\"\"><\/path><\/svg><\/i> <img loading=\"lazy\" decoding=\"async\" width=\"16\" height=\"16\" alt=\"Loading\" src=\"https:\/\/csavoly.hu\/wp\/wp-content\/plugins\/page-views-count\/ajax-loader-2x.gif\" border=0 \/><\/p><div class=\"pvc_clear\"><\/div>","protected":false},"excerpt":{"rendered":"<p>A projekt az Eur\u00f3pai Uni\u00f3 t\u00e1mogat\u00e1s\u00e1val, a magyar \u00c1llam t\u00e1rsfinansz\u00edroz\u00e1s\u00e1val val\u00f3sul meg. H\u00e1rom \u00f6nkorm\u00e1nyzat sikeresen p\u00e1ly\u00e1zott \u00e9s konzorciumban val\u00f3s\u00edtja meg az \u201eEgy\u00fctt az eg\u00e9szs\u00e9g\u00e9rt, egy\u00fctt a k\u00f6z\u00f6ss\u00e9g\u00e9rt\u201d c\u00edm\u0171 projektet, amelynek c\u00e9lja a h\u00e1tr\u00e1nyos helyzet\u0171 lakosok \u00e9letmin\u0151s\u00e9g\u00e9nek jav\u00edt\u00e1sa, az eg\u00e9szs\u00e9gtudatoss\u00e1g er\u0151s\u00edt\u00e9se \u00e9s a k\u00f6z\u00f6ss\u00e9gi \u00f6sszetartoz\u00e1s t\u00e1mogat\u00e1sa.&nbsp;A konzorcium vezet\u0151je R\u00e9m K\u00f6zs\u00e9g \u00d6nkorm\u00e1nyzata. R\u00e9m, Cs\u00e1voly, \u00e9s Borota \u00d6nkorm\u00e1nyzat\u00e1nak &hellip; <a href=\"https:\/\/csavoly.hu\/wp\/?page_id=7821\" class=\"more-link\"><span class=\"screen-reader-text\">&#8222;Egy\u00fctt az eg\u00e9szs\u00e9g\u00e9rt, egy\u00fctt a k\u00f6z\u00f6ss\u00e9g\u00e9rt!&#8221;PLUSZ-3.1.3-23-BK1-2024- 00016 p\u00e1ly\u00e1zat<\/span> b\u0151vebben&#8230; <span class=\"meta-nav\">&rarr;<\/span><\/a><\/p>\n<div class=\"pvc_clear\"><\/div>\n<p id=\"pvc_stats_7821\" class=\"pvc_stats all  \" data-element-id=\"7821\" style=\"\"><i class=\"pvc-stats-icon medium\" aria-hidden=\"true\"><svg aria-hidden=\"true\" focusable=\"false\" data-prefix=\"far\" data-icon=\"chart-bar\" role=\"img\" xmlns=\"http:\/\/www.w3.org\/2000\/svg\" viewBox=\"0 0 512 512\" class=\"svg-inline--fa fa-chart-bar fa-w-16 fa-2x\"><path fill=\"currentColor\" d=\"M396.8 352h22.4c6.4 0 12.8-6.4 12.8-12.8V108.8c0-6.4-6.4-12.8-12.8-12.8h-22.4c-6.4 0-12.8 6.4-12.8 12.8v230.4c0 6.4 6.4 12.8 12.8 12.8zm-192 0h22.4c6.4 0 12.8-6.4 12.8-12.8V140.8c0-6.4-6.4-12.8-12.8-12.8h-22.4c-6.4 0-12.8 6.4-12.8 12.8v198.4c0 6.4 6.4 12.8 12.8 12.8zm96 0h22.4c6.4 0 12.8-6.4 12.8-12.8V204.8c0-6.4-6.4-12.8-12.8-12.8h-22.4c-6.4 0-12.8 6.4-12.8 12.8v134.4c0 6.4 6.4 12.8 12.8 12.8zM496 400H48V80c0-8.84-7.16-16-16-16H16C7.16 64 0 71.16 0 80v336c0 17.67 14.33 32 32 32h464c8.84 0 16-7.16 16-16v-16c0-8.84-7.16-16-16-16zm-387.2-48h22.4c6.4 0 12.8-6.4 12.8-12.8v-70.4c0-6.4-6.4-12.8-12.8-12.8h-22.4c-6.4 0-12.8 6.4-12.8 12.8v70.4c0 6.4 6.4 12.8 12.8 12.8z\" class=\"\"><\/path><\/svg><\/i> <img loading=\"lazy\" decoding=\"async\" width=\"16\" height=\"16\" alt=\"Loading\" src=\"https:\/\/csavoly.hu\/wp\/wp-content\/plugins\/page-views-count\/ajax-loader-2x.gif\" border=0 \/><\/p>\n<div class=\"pvc_clear\"><\/div>\n","protected":false},"author":3,"featured_media":0,"parent":0,"menu_order":0,"comment_status":"closed","ping_status":"closed","template":"","meta":{"footnotes":""},"class_list":["post-7821","page","type-page","status-publish","hentry"],"_links":{"self":[{"href":"https:\/\/csavoly.hu\/wp\/index.php?rest_route=\/wp\/v2\/pages\/7821"}],"collection":[{"href":"https:\/\/csavoly.hu\/wp\/index.php?rest_route=\/wp\/v2\/pages"}],"about":[{"href":"https:\/\/csavoly.hu\/wp\/index.php?rest_route=\/wp\/v2\/types\/page"}],"author":[{"embeddable":true,"href":"https:\/\/csavoly.hu\/wp\/index.php?rest_route=\/wp\/v2\/users\/3"}],"replies":[{"embeddable":true,"href":"https:\/\/csavoly.hu\/wp\/index.php?rest_route=%2Fwp%2Fv2%2Fcomments&post=7821"}],"version-history":[{"count":29,"href":"https:\/\/csavoly.hu\/wp\/index.php?rest_route=\/wp\/v2\/pages\/7821\/revisions"}],"predecessor-version":[{"id":8315,"href":"https:\/\/csavoly.hu\/wp\/index.php?rest_route=\/wp\/v2\/pages\/7821\/revisions\/8315"}],"wp:attachment":[{"href":"https:\/\/csavoly.hu\/wp\/index.php?rest_route=%2Fwp%2Fv2%2Fmedia&parent=7821"}],"curies":[{"name":"wp","href":"https:\/\/api.w.org\/{rel}","templated":true}]}}