{"id":7973,"date":"2025-10-14T12:02:47","date_gmt":"2025-10-14T10:02:47","guid":{"rendered":"https:\/\/csavoly.hu\/wp\/?page_id=7973"},"modified":"2025-10-14T13:49:57","modified_gmt":"2025-10-14T11:49:57","slug":"az-europai-uniostamogatasokbol-megvalosulo-fejlesztesek","status":"publish","type":"page","link":"https:\/\/csavoly.hu\/wp\/?page_id=7973","title":{"rendered":"eur\u00f3pai uni\u00f3st\u00e1mogat\u00e1sokb\u00f3l megval\u00f3sul\u00f3 fejleszt\u00e9sek:"},"content":{"rendered":"\n<figure class=\"wp-block-image size-full\"><a href=\"https:\/\/csavoly.hu\/wp\/?page_id=7821\"><img loading=\"lazy\" decoding=\"async\" width=\"2048\" height=\"1448\" src=\"https:\/\/csavoly.hu\/wp\/wp-content\/uploads\/2025\/10\/2025-51-13_16-37-52_a3_fekvo_vagojel_nelkuli_0-2048x1448-1.jpg\" alt=\"\" class=\"wp-image-8028\" srcset=\"https:\/\/csavoly.hu\/wp\/wp-content\/uploads\/2025\/10\/2025-51-13_16-37-52_a3_fekvo_vagojel_nelkuli_0-2048x1448-1.jpg 2048w, https:\/\/csavoly.hu\/wp\/wp-content\/uploads\/2025\/10\/2025-51-13_16-37-52_a3_fekvo_vagojel_nelkuli_0-2048x1448-1-768x543.jpg 768w, https:\/\/csavoly.hu\/wp\/wp-content\/uploads\/2025\/10\/2025-51-13_16-37-52_a3_fekvo_vagojel_nelkuli_0-2048x1448-1-1536x1086.jpg 1536w\" sizes=\"(max-width: 2048px) 100vw, 2048px\" \/><\/a><\/figure>\n\n\n\n<figure class=\"wp-block-image size-full\"><a href=\"https:\/\/csavoly.hu\/wp\/?page_id=6590\"><img loading=\"lazy\" decoding=\"async\" width=\"2560\" height=\"1811\" src=\"https:\/\/csavoly.hu\/wp\/wp-content\/uploads\/2025\/10\/kehop_2_2_2_15_2021_00166_c_fekvo_crop_page-0001-2-scaled.jpg\" alt=\"\" class=\"wp-image-8025\" srcset=\"https:\/\/csavoly.hu\/wp\/wp-content\/uploads\/2025\/10\/kehop_2_2_2_15_2021_00166_c_fekvo_crop_page-0001-2-scaled.jpg 2560w, https:\/\/csavoly.hu\/wp\/wp-content\/uploads\/2025\/10\/kehop_2_2_2_15_2021_00166_c_fekvo_crop_page-0001-2-768x543.jpg 768w, https:\/\/csavoly.hu\/wp\/wp-content\/uploads\/2025\/10\/kehop_2_2_2_15_2021_00166_c_fekvo_crop_page-0001-2-1536x1086.jpg 1536w, https:\/\/csavoly.hu\/wp\/wp-content\/uploads\/2025\/10\/kehop_2_2_2_15_2021_00166_c_fekvo_crop_page-0001-2-2048x1449.jpg 2048w\" sizes=\"(max-width: 2560px) 100vw, 2560px\" \/><\/a><\/figure>\n\n\n\n<figure class=\"wp-block-image size-full\"><a href=\"https:\/\/csavoly.hu\/wp\/?page_id=6710\"><img loading=\"lazy\" decoding=\"async\" width=\"2048\" height=\"1448\" src=\"https:\/\/csavoly.hu\/wp\/wp-content\/uploads\/2025\/10\/3450570756_d_fekvo_vajojel_nelkuli-2_page-0001-1-2048x1448-1.jpg\" alt=\"\" class=\"wp-image-8022\" srcset=\"https:\/\/csavoly.hu\/wp\/wp-content\/uploads\/2025\/10\/3450570756_d_fekvo_vajojel_nelkuli-2_page-0001-1-2048x1448-1.jpg 2048w, https:\/\/csavoly.hu\/wp\/wp-content\/uploads\/2025\/10\/3450570756_d_fekvo_vajojel_nelkuli-2_page-0001-1-2048x1448-1-768x543.jpg 768w, https:\/\/csavoly.hu\/wp\/wp-content\/uploads\/2025\/10\/3450570756_d_fekvo_vajojel_nelkuli-2_page-0001-1-2048x1448-1-1536x1086.jpg 1536w\" sizes=\"(max-width: 2048px) 100vw, 2048px\" \/><\/a><\/figure>\n\n\n\n<figure class=\"wp-block-image size-full\"><a href=\"https:\/\/csavoly.hu\/wp\/?page_id=6463\"><img loading=\"lazy\" decoding=\"async\" width=\"2481\" height=\"1754\" src=\"https:\/\/csavoly.hu\/wp\/wp-content\/uploads\/2025\/10\/3341097711_d_fekvo_vajojel_nelkuli._page-0001-2.jpg\" alt=\"\" class=\"wp-image-8018\" srcset=\"https:\/\/csavoly.hu\/wp\/wp-content\/uploads\/2025\/10\/3341097711_d_fekvo_vajojel_nelkuli._page-0001-2.jpg 2481w, https:\/\/csavoly.hu\/wp\/wp-content\/uploads\/2025\/10\/3341097711_d_fekvo_vajojel_nelkuli._page-0001-2-768x543.jpg 768w, https:\/\/csavoly.hu\/wp\/wp-content\/uploads\/2025\/10\/3341097711_d_fekvo_vajojel_nelkuli._page-0001-2-1536x1086.jpg 1536w, https:\/\/csavoly.hu\/wp\/wp-content\/uploads\/2025\/10\/3341097711_d_fekvo_vajojel_nelkuli._page-0001-2-2048x1448.jpg 2048w\" sizes=\"(max-width: 2481px) 100vw, 2481px\" \/><\/a><\/figure>\n\n\n\n<figure class=\"wp-block-image size-full\"><a href=\"https:\/\/csavoly.hu\/wp\/?page_id=6161\"><img loading=\"lazy\" decoding=\"async\" width=\"2560\" height=\"1836\" src=\"https:\/\/csavoly.hu\/wp\/wp-content\/uploads\/2025\/10\/00025_a2_fekvo_nyomda_pages-to-jpg-0001-2-scaled.jpg\" alt=\"\" class=\"wp-image-8009\" srcset=\"https:\/\/csavoly.hu\/wp\/wp-content\/uploads\/2025\/10\/00025_a2_fekvo_nyomda_pages-to-jpg-0001-2-scaled.jpg 2560w, https:\/\/csavoly.hu\/wp\/wp-content\/uploads\/2025\/10\/00025_a2_fekvo_nyomda_pages-to-jpg-0001-2-768x551.jpg 768w, https:\/\/csavoly.hu\/wp\/wp-content\/uploads\/2025\/10\/00025_a2_fekvo_nyomda_pages-to-jpg-0001-2-1536x1102.jpg 1536w, https:\/\/csavoly.hu\/wp\/wp-content\/uploads\/2025\/10\/00025_a2_fekvo_nyomda_pages-to-jpg-0001-2-2048x1469.jpg 2048w\" sizes=\"(max-width: 2560px) 100vw, 2560px\" \/><\/a><\/figure>\n\n\n\n<p>                                                               <strong><em>TAVI V\u00c1S\u00c1R 2023:<\/em><\/strong><\/p>\n\n\n\n<figure class=\"wp-block-image size-full is-resized\"><a href=\"https:\/\/csavoly.hu\/wp\/?page_id=6003\"><img loading=\"lazy\" decoding=\"async\" width=\"2560\" height=\"905\" src=\"https:\/\/csavoly.hu\/wp\/wp-content\/uploads\/2025\/10\/Uj-projekt-2-1-1-scaled.jpg\" alt=\"\" class=\"wp-image-8003\" style=\"width:800px;height:auto\" srcset=\"https:\/\/csavoly.hu\/wp\/wp-content\/uploads\/2025\/10\/Uj-projekt-2-1-1-scaled.jpg 2560w, https:\/\/csavoly.hu\/wp\/wp-content\/uploads\/2025\/10\/Uj-projekt-2-1-1-768x271.jpg 768w, https:\/\/csavoly.hu\/wp\/wp-content\/uploads\/2025\/10\/Uj-projekt-2-1-1-1536x543.jpg 1536w, https:\/\/csavoly.hu\/wp\/wp-content\/uploads\/2025\/10\/Uj-projekt-2-1-1-2048x724.jpg 2048w\" sizes=\"(max-width: 2560px) 100vw, 2560px\" \/><\/a><\/figure>\n\n\n\n<figure class=\"wp-block-image size-full\"><a href=\"https:\/\/csavoly.hu\/wp\/?page_id=4859\"><img loading=\"lazy\" decoding=\"async\" width=\"2560\" height=\"1889\" src=\"https:\/\/csavoly.hu\/wp\/wp-content\/uploads\/2025\/10\/banner-1-scaled.jpg\" alt=\"\" class=\"wp-image-8000\" srcset=\"https:\/\/csavoly.hu\/wp\/wp-content\/uploads\/2025\/10\/banner-1-scaled.jpg 2560w, https:\/\/csavoly.hu\/wp\/wp-content\/uploads\/2025\/10\/banner-1-768x567.jpg 768w, https:\/\/csavoly.hu\/wp\/wp-content\/uploads\/2025\/10\/banner-1-1536x1133.jpg 1536w, https:\/\/csavoly.hu\/wp\/wp-content\/uploads\/2025\/10\/banner-1-2048x1511.jpg 2048w\" sizes=\"(max-width: 2560px) 100vw, 2560px\" \/><\/a><\/figure>\n\n\n\n<figure class=\"wp-block-image size-full\"><a href=\"https:\/\/csavoly.hu\/wp\/?page_id=4642\"><img loading=\"lazy\" decoding=\"async\" width=\"2560\" height=\"1811\" src=\"https:\/\/csavoly.hu\/wp\/wp-content\/uploads\/2025\/10\/top_3_2_1_16_bk1_2021_00094_d_fekvo_vajojel_nelkuli_198M-1-scaled.jpg\" alt=\"\" class=\"wp-image-7996\" srcset=\"https:\/\/csavoly.hu\/wp\/wp-content\/uploads\/2025\/10\/top_3_2_1_16_bk1_2021_00094_d_fekvo_vajojel_nelkuli_198M-1-scaled.jpg 2560w, https:\/\/csavoly.hu\/wp\/wp-content\/uploads\/2025\/10\/top_3_2_1_16_bk1_2021_00094_d_fekvo_vajojel_nelkuli_198M-1-768x543.jpg 768w, https:\/\/csavoly.hu\/wp\/wp-content\/uploads\/2025\/10\/top_3_2_1_16_bk1_2021_00094_d_fekvo_vajojel_nelkuli_198M-1-1536x1086.jpg 1536w, https:\/\/csavoly.hu\/wp\/wp-content\/uploads\/2025\/10\/top_3_2_1_16_bk1_2021_00094_d_fekvo_vajojel_nelkuli_198M-1-2048x1449.jpg 2048w\" sizes=\"(max-width: 2560px) 100vw, 2560px\" \/><\/a><\/figure>\n\n\n\n<figure class=\"wp-block-image size-full\"><a href=\"https:\/\/csavoly.hu\/wp\/?page_id=4217\"><img loading=\"lazy\" decoding=\"async\" width=\"2560\" height=\"1835\" src=\"https:\/\/csavoly.hu\/wp\/wp-content\/uploads\/2025\/10\/top_1_4_1_19_bk1_2019_00028_c_fekvo_nyomdai_jav_page-0001-1-scaled.jpg\" alt=\"\" class=\"wp-image-7993\" srcset=\"https:\/\/csavoly.hu\/wp\/wp-content\/uploads\/2025\/10\/top_1_4_1_19_bk1_2019_00028_c_fekvo_nyomdai_jav_page-0001-1-scaled.jpg 2560w, https:\/\/csavoly.hu\/wp\/wp-content\/uploads\/2025\/10\/top_1_4_1_19_bk1_2019_00028_c_fekvo_nyomdai_jav_page-0001-1-768x551.jpg 768w, https:\/\/csavoly.hu\/wp\/wp-content\/uploads\/2025\/10\/top_1_4_1_19_bk1_2019_00028_c_fekvo_nyomdai_jav_page-0001-1-1536x1101.jpg 1536w, https:\/\/csavoly.hu\/wp\/wp-content\/uploads\/2025\/10\/top_1_4_1_19_bk1_2019_00028_c_fekvo_nyomdai_jav_page-0001-1-2048x1468.jpg 2048w\" sizes=\"(max-width: 2560px) 100vw, 2560px\" \/><\/a><\/figure>\n\n\n\n<figure class=\"wp-block-image size-full\"><a href=\"https:\/\/csavoly.hu\/wp\/?page_id=4219\"><img loading=\"lazy\" decoding=\"async\" width=\"2560\" height=\"1835\" src=\"https:\/\/csavoly.hu\/wp\/wp-content\/uploads\/2025\/10\/top_4_1_1_16_bk1_2020_00026_c_fekvo_nyomdai_jav_page-0001-1-scaled.jpg\" alt=\"\" class=\"wp-image-7990\" srcset=\"https:\/\/csavoly.hu\/wp\/wp-content\/uploads\/2025\/10\/top_4_1_1_16_bk1_2020_00026_c_fekvo_nyomdai_jav_page-0001-1-scaled.jpg 2560w, https:\/\/csavoly.hu\/wp\/wp-content\/uploads\/2025\/10\/top_4_1_1_16_bk1_2020_00026_c_fekvo_nyomdai_jav_page-0001-1-768x551.jpg 768w, https:\/\/csavoly.hu\/wp\/wp-content\/uploads\/2025\/10\/top_4_1_1_16_bk1_2020_00026_c_fekvo_nyomdai_jav_page-0001-1-1536x1101.jpg 1536w, https:\/\/csavoly.hu\/wp\/wp-content\/uploads\/2025\/10\/top_4_1_1_16_bk1_2020_00026_c_fekvo_nyomdai_jav_page-0001-1-2048x1468.jpg 2048w\" sizes=\"(max-width: 2560px) 100vw, 2560px\" \/><\/a><\/figure>\n\n\n\n<p><\/p>\n<div class=\"pvc_clear\"><\/div><p id=\"pvc_stats_7973\" class=\"pvc_stats all  \" data-element-id=\"7973\" style=\"\"><i class=\"pvc-stats-icon medium\" aria-hidden=\"true\"><svg aria-hidden=\"true\" focusable=\"false\" data-prefix=\"far\" data-icon=\"chart-bar\" role=\"img\" xmlns=\"http:\/\/www.w3.org\/2000\/svg\" viewBox=\"0 0 512 512\" class=\"svg-inline--fa fa-chart-bar fa-w-16 fa-2x\"><path fill=\"currentColor\" d=\"M396.8 352h22.4c6.4 0 12.8-6.4 12.8-12.8V108.8c0-6.4-6.4-12.8-12.8-12.8h-22.4c-6.4 0-12.8 6.4-12.8 12.8v230.4c0 6.4 6.4 12.8 12.8 12.8zm-192 0h22.4c6.4 0 12.8-6.4 12.8-12.8V140.8c0-6.4-6.4-12.8-12.8-12.8h-22.4c-6.4 0-12.8 6.4-12.8 12.8v198.4c0 6.4 6.4 12.8 12.8 12.8zm96 0h22.4c6.4 0 12.8-6.4 12.8-12.8V204.8c0-6.4-6.4-12.8-12.8-12.8h-22.4c-6.4 0-12.8 6.4-12.8 12.8v134.4c0 6.4 6.4 12.8 12.8 12.8zM496 400H48V80c0-8.84-7.16-16-16-16H16C7.16 64 0 71.16 0 80v336c0 17.67 14.33 32 32 32h464c8.84 0 16-7.16 16-16v-16c0-8.84-7.16-16-16-16zm-387.2-48h22.4c6.4 0 12.8-6.4 12.8-12.8v-70.4c0-6.4-6.4-12.8-12.8-12.8h-22.4c-6.4 0-12.8 6.4-12.8 12.8v70.4c0 6.4 6.4 12.8 12.8 12.8z\" class=\"\"><\/path><\/svg><\/i> <img loading=\"lazy\" decoding=\"async\" width=\"16\" height=\"16\" alt=\"Loading\" src=\"https:\/\/csavoly.hu\/wp\/wp-content\/plugins\/page-views-count\/ajax-loader-2x.gif\" border=0 \/><\/p><div class=\"pvc_clear\"><\/div>","protected":false},"excerpt":{"rendered":"<p>TAVI V\u00c1S\u00c1R 2023:<\/p>\n<div class=\"pvc_clear\"><\/div>\n<p id=\"pvc_stats_7973\" class=\"pvc_stats all  \" data-element-id=\"7973\" style=\"\"><i class=\"pvc-stats-icon medium\" aria-hidden=\"true\"><svg aria-hidden=\"true\" focusable=\"false\" data-prefix=\"far\" data-icon=\"chart-bar\" role=\"img\" xmlns=\"http:\/\/www.w3.org\/2000\/svg\" viewBox=\"0 0 512 512\" class=\"svg-inline--fa fa-chart-bar fa-w-16 fa-2x\"><path fill=\"currentColor\" d=\"M396.8 352h22.4c6.4 0 12.8-6.4 12.8-12.8V108.8c0-6.4-6.4-12.8-12.8-12.8h-22.4c-6.4 0-12.8 6.4-12.8 12.8v230.4c0 6.4 6.4 12.8 12.8 12.8zm-192 0h22.4c6.4 0 12.8-6.4 12.8-12.8V140.8c0-6.4-6.4-12.8-12.8-12.8h-22.4c-6.4 0-12.8 6.4-12.8 12.8v198.4c0 6.4 6.4 12.8 12.8 12.8zm96 0h22.4c6.4 0 12.8-6.4 12.8-12.8V204.8c0-6.4-6.4-12.8-12.8-12.8h-22.4c-6.4 0-12.8 6.4-12.8 12.8v134.4c0 6.4 6.4 12.8 12.8 12.8zM496 400H48V80c0-8.84-7.16-16-16-16H16C7.16 64 0 71.16 0 80v336c0 17.67 14.33 32 32 32h464c8.84 0 16-7.16 16-16v-16c0-8.84-7.16-16-16-16zm-387.2-48h22.4c6.4 0 12.8-6.4 12.8-12.8v-70.4c0-6.4-6.4-12.8-12.8-12.8h-22.4c-6.4 0-12.8 6.4-12.8 12.8v70.4c0 6.4 6.4 12.8 12.8 12.8z\" class=\"\"><\/path><\/svg><\/i> <img loading=\"lazy\" decoding=\"async\" width=\"16\" height=\"16\" alt=\"Loading\" src=\"https:\/\/csavoly.hu\/wp\/wp-content\/plugins\/page-views-count\/ajax-loader-2x.gif\" border=0 \/><\/p>\n<div class=\"pvc_clear\"><\/div>\n","protected":false},"author":3,"featured_media":0,"parent":0,"menu_order":0,"comment_status":"closed","ping_status":"closed","template":"","meta":{"footnotes":""},"class_list":["post-7973","page","type-page","status-publish","hentry"],"_links":{"self":[{"href":"https:\/\/csavoly.hu\/wp\/index.php?rest_route=\/wp\/v2\/pages\/7973"}],"collection":[{"href":"https:\/\/csavoly.hu\/wp\/index.php?rest_route=\/wp\/v2\/pages"}],"about":[{"href":"https:\/\/csavoly.hu\/wp\/index.php?rest_route=\/wp\/v2\/types\/page"}],"author":[{"embeddable":true,"href":"https:\/\/csavoly.hu\/wp\/index.php?rest_route=\/wp\/v2\/users\/3"}],"replies":[{"embeddable":true,"href":"https:\/\/csavoly.hu\/wp\/index.php?rest_route=%2Fwp%2Fv2%2Fcomments&post=7973"}],"version-history":[{"count":21,"href":"https:\/\/csavoly.hu\/wp\/index.php?rest_route=\/wp\/v2\/pages\/7973\/revisions"}],"predecessor-version":[{"id":8031,"href":"https:\/\/csavoly.hu\/wp\/index.php?rest_route=\/wp\/v2\/pages\/7973\/revisions\/8031"}],"wp:attachment":[{"href":"https:\/\/csavoly.hu\/wp\/index.php?rest_route=%2Fwp%2Fv2%2Fmedia&parent=7973"}],"curies":[{"name":"wp","href":"https:\/\/api.w.org\/{rel}","templated":true}]}}