{"id":800,"date":"2017-04-07T06:13:37","date_gmt":"2017-04-07T06:13:37","guid":{"rendered":"http:\/\/csavoly.hu\/wp\/?page_id=800"},"modified":"2019-04-24T08:27:21","modified_gmt":"2019-04-24T06:27:21","slug":"szemetszallitas","status":"publish","type":"page","link":"https:\/\/csavoly.hu\/wp\/?page_id=800","title":{"rendered":"Szem\u00e9tsz\u00e1ll\u00edt\u00e1s"},"content":{"rendered":"<h3 style=\"text-align: center;\"><strong><u>FONTOS TUDNI, HOGY A K\u00d6VETKEZ\u0150 SZOLG\u00c1LAT\u00c1SOK MINDEGYIKE \u00c9L\u0150 HULLAD\u00c9KGAZD\u00c1LKOD\u00c1SI SZERZ\u0150D\u00c9S ALAPJ\u00c1N TELJESEN INGYENES, PLUSZ K\u00d6LTS\u00c9GET NEM JELENT!!!!!!<\/u><\/strong><\/h3>\n<ul style=\"text-align: center;\">\n<li style=\"text-align: left;\"><strong><u>AZ \u00c9VENK\u00c9NTI 2 ALKALOMMAL T\u00d6RT\u00c9N\u0150 TELEFONON EL\u0150RE EGYEZTETETT LOMTALAN\u00cdT\u00c1S<\/u><\/strong><\/li>\n<\/ul>\n<ul style=\"text-align: left;\">\n<li><strong><u>4 HETENTE MEGJELEN\u0150 Z\u00d6LDJ\u00c1RAT IG\u00c9NYBE V\u00c9TELE AZ ERRE A C\u00c9LRA GY\u00c1RTOTT BIOL\u00d3GIAILAG LEBOML\u00d3 ZS\u00c1KOK IG\u00c9NYBEV\u00c9TEL\u00c9VEL EGY\u00dcTT<\/u><\/strong><\/li>\n<\/ul>\n<ul style=\"text-align: left;\">\n<li><strong><u>VESZ\u00c9LYES HULLAD\u00c9KOK LEAD\u00c1SA A (BAJAI) TELEPHELYRE \u2013 LIMIT\u00c1LT MENNYIS\u00c9GBEN<\/u><\/strong><\/li>\n<\/ul>\n<ul style=\"text-align: left;\">\n<li><strong><u>\u00c1TT\u00c9R\u00c9S KISEBB ED\u00c9NYZETRE (KIV\u00c9VE AZ \u00daJ KUKA BESZERZ\u00c9SI \u00c1R\u00c1T)<\/u><\/strong><\/li>\n<\/ul>\n<p style=\"text-align: center;\"><strong><u>R\u00c9SZLETESEN A FOTOSABB TUDNIVAL\u00d3KR\u00d3L:<\/u><\/strong><\/p>\n<p style=\"text-align: center;\"><strong><u>LOMTALAN\u00cdT\u00c1S \u00c9S VESZ\u00c9LYES HULLAD\u00c9K<\/u><\/strong><\/p>\n<p style=\"text-align: center;\">Az \u00e9venk\u00e9nti lomtalan\u00edt\u00e1s az el\u0151z\u0151 gyakorlatt\u00f3l elt\u00e9r\u0151en m\u0171k\u00f6dik imm\u00e1ron egy \u00e9ve, amelyr\u0151l kor\u00e1bban sz\u00f3r\u00f3lap form\u00e1j\u00e1ban \u00e9rtes\u00fclt is a lakoss\u00e1g. A vask\u00fati hullad\u00e9kkezel\u0151 biztos\u00edt egy t\u00f6bb h\u00f3napos id\u0151szakot, \u00e9s ezen id\u0151intervallumon bel\u00fcl telefonon kereszt\u00fcl, csak erre a c\u00e9lra szolg\u00e1l\u00f3 vonal fog m\u0171k\u00f6dni,<\/p>\n<p style=\"text-align: center;\">+3620\/401-43-04<\/p>\n<p style=\"text-align: center;\">amely t\u00e1rcs\u00e1z\u00e1sakor a szerz\u0151d\u00e9ssz\u00e1m, vagy egy\u00e9b azonos\u00edthat\u00f3 adatok bedikt\u00e1l\u00e1sa ut\u00e1n lehet lejelenteni a lomtalan\u00edt\u00e1si sz\u00e1nd\u00e9kot, megadva a d\u00e1tumot, illetve, hogy milyen hullad\u00e9kot szeretne kirakni a szerz\u0151d\u00f6tt \u00fcgyf\u00e9l a h\u00e1za el\u00e9, \u00e9s \u00edgy t\u00f6rt\u00e9nik majd meg a szem\u00e9t elsz\u00e1ll\u00edt\u00e1sa a szolg\u00e1ltat\u00f3 r\u00e9sz\u00e9r\u0151l szervezetten. \u00c9venk\u00e9nti 2 lomtalan\u00edt\u00e1sra van ingyenes lehet\u0151s\u00e9ge a lakoss\u00e1gnak a h\u00e1ztart\u00e1sokra k\u00f6t\u00f6tt szerz\u0151d\u00e9s keretein bel\u00fcl.<\/p>\n<p style=\"text-align: center;\">\u00c9p\u00edt\u00e9si t\u00f6rmel\u00e9k, vesz\u00e9lyes \u00e9s z\u00f6ld hullad\u00e9kot most sem lehet a lomtalan\u00edt\u00e1s alkalm\u00e1val kihelyezni (akkumul\u00e1torok, r\u0151zse \u00e9s lombhullad\u00e9k, elektronikai hullad\u00e9k, gumiabroncs, vegyszeres, olajos \u00e9s fest\u00e9kes dobozok\u2026stb), mindannak tiszt\u00e1z\u00e1sa v\u00e9gett is ker\u00fclt bevezet\u00e9sre a k\u00f6zvetlen telefonos bejelent\u0151 rendszer. Term\u00e9szetesen az el\u0151z\u0151ekben eml\u00edtett vesz\u00e9lyes hullad\u00e9k lead\u00e1s\u00e1ra is van lehet\u0151s\u00e9g, amelyet \u00e9rv\u00e9nyes szerz\u0151d\u00e9s igazol\u00e1sa (utols\u00f3 befizettet csekk bizonylata vagy lakc\u00edmk\u00e1rtya\u2026stb) mellett, a Bajai Hullad\u00e9kudvarban van lehet\u0151s\u00e9ge a lakoss\u00e1gnak. Persze mindannak mennyis\u00e9ge korl\u00e1tozva van, mindaz el\u00e9rhet\u0151 a http:\/\/www.fbhkft.hu\/hulladekudvarok\/ honlapon.<\/p>\n<p style=\"text-align: center;\">Bajai hullad\u00e9kudvar el\u00e9rhet\u0151s\u00e9ge:<\/p>\n<p style=\"text-align: center;\">6500 Baja, Bokodi \u00fat 10020\/8 hrsz.\u00a0\u00a0\u00a0\u00a0\u00a0\u00a0\u00a0\u00a0\u00a0\u00a0\u00a0\u00a0\u00a0\u00a0\u00a0\u00a0 Telefon: +36 20 325 99 76<\/p>\n<p>&nbsp;<\/p>\n<p style=\"text-align: center;\"><strong><u>Z\u00d6LDHULLAD\u00c9K KEZEL\u00c9S \u2013 Z\u00d6LDJ\u00c1RAT<\/u><\/strong><\/p>\n<p style=\"text-align: center;\">4 hetente K\u00dcL\u00d6N lehet\u0151s\u00e9g ny\u00edlik r\u0151zse, \u00e9s egy\u00e9b leboml\u00f3 kerti, udvari \u00e9s konyhai z\u00f6ldhullad\u00e9k elsz\u00e1ll\u00edt\u00e1s\u00e1ra a h\u00e1ztart\u00e1sok el\u0151l. Az erre a c\u00e9lra szolg\u00e1ltat\u00f3 \u00e1ltal rendszeres\u00edtett zs\u00e1kok \u00e1tvehet\u0151k az \u00d6nkorm\u00e1nyzatn\u00e1l, illetve a szolg\u00e1ltat\u00f3 kirendelts\u00e9gein.<\/p>\n<p style=\"text-align: center;\">A k\u00e9v\u00e9ket k\u00f6tegelve, maximum 70 cm-es hossz\u00fas\u00e1ggal, 50 cm-es \u00e1tm\u00e9r\u0151vel \u00e9s f\u00e9l k\u00f6bm\u00e9ternyi mennyis\u00e9gben, a tov\u00e1bbi z\u00f6ldhullad\u00e9kot pedig az ingyenesen rendelkez\u00e9sre bocs\u00e1tott zs\u00e1kban (2 darab) kell a megadott id\u0151pontokban a h\u00e1ztart\u00e1sok el\u00e9 4 hetente kihelyezni.<\/p>\n<p style=\"text-align: center;\">\u00d6NKORM\u00c1NYZATUNK A J\u00d6V\u0150BEN NEM SZ\u00c1LL\u00cdT EL SEMMILYEN K\u00d6ZTER\u00dcLETRE KIHELYEZETT R\u00d6ZS\u00c9T \u00c9S Z\u00d6LDHULLAD\u00c9KOT! MINDARRA A FENTIEKBEN EML\u00cdTETT M\u00d3DON A HULLAD\u00c9KKEZEL\u0150 SZERZ\u0150D\u00c9SSEL RENDELKEZ\u0150 \u00dcGYFELEI SZ\u00c1M\u00c1RA BIZTOS\u00cdTOTT SZOLG\u00c1LTAT\u00c1S IG\u00c9NYBE V\u00c9TEL\u00c9VEL VAN LEHET\u0150SEGE A KEDVES LAKOSS\u00c1GNAK, AMI SEMMILYEN T\u00d6BBLETK\u00d6LTS\u00c9GET NEM JELENT. Viszont a r\u0151zse \u00e9s egy\u00e9b fa nyesed\u00e9k t\u00e9li t\u00fczel\u00e9s c\u00e9lj\u00e1ra t\u00f6rt\u00e9n\u0151 h\u00e1zt\u00f3l h\u00e1zig t\u00f6rt\u00e9n\u0151 sz\u00e1ll\u00edt\u00e1s\u00e1ban tov\u00e1bbra is seg\u00edts\u00e9get ny\u00fajt \u00d6nkorm\u00e1nyzatunk.<\/p>\n<p style=\"text-align: center;\">A z\u00f6ldj\u00e1rat havi \u00e9rkez\u00e9s\u00e9nek pontos idej\u00e9r\u0151l a rendszer rugalmasabb\u00e1 t\u00e9tel\u00e9nek \u00e9rdek\u00e9ben sz\u00f3r\u00f3lap \u00e9s \u00d6nkorm\u00e1nyzatunk Facebook csoportj\u00e1n t\u00f6rt\u00e9n\u0151 t\u00e1j\u00e9koztat\u00e1s form\u00e1j\u00e1ban fogjuk \u00e9rtes\u00edteni a lakoss\u00e1got.<\/p>\n<p>&nbsp;<\/p>\n<p style=\"text-align: center;\"><strong><u>\u00c1TT\u00c9R\u00c9S KISEBB ED\u00c9NYZETRE<\/u><\/strong><\/p>\n<p style=\"text-align: center;\">Lehet\u0151s\u00e9g ny\u00edlt tov\u00e1bb\u00e1 az eddig megszokott 110 literes kuk\u00e1kr\u00f3l kisebb ed\u00e9nyzetre val\u00f3 \u00e1tt\u00e9r\u00e9sre is. Egyed\u00fcl\u00e1ll\u00f3 eset\u00e9ben a jegyz\u0151 \u00e1ltal kiadott igazol\u00e1ssal kell mindazt egy bejelent\u0151 lapon (formanyomtatv\u00e1nyon) jelezni a szolg\u00e1ltat\u00f3 fel\u00e9. Mindaz lehet\u0151v\u00e9 teszi a 60 literes ed\u00e9nyzetre val\u00f3 \u00e1tt\u00e9r\u00e9st.\u00a0 Nem egyed\u00fcl\u00e1ll\u00f3 est\u00e9n is van m\u00f3d kisebb kuk\u00e1ra val\u00f3 \u00e1tt\u00e9r\u00e9sre, ami 80 literes nagys\u00e1grend\u0171 ed\u00e9nyzetet jelent. Ez esetben nem kell jegyz\u0151i igazol\u00e1s, csup\u00e1n a bejelent\u0151 lap sz\u00fcks\u00e9geltetik.\u00a0 Mindk\u00e9t esetben az \u00faj, szabv\u00e1ny szerinti kuk\u00e1t annak kell megv\u00e1s\u00e1rolnia (pl. gazdaboltokban) n\u00e9vre ki\u00e1ll\u00edtott sz\u00e1ml\u00e1val, akinek a nev\u00e9re sz\u00f3l a szolg\u00e1ltat\u00f3val k\u00f6t\u00f6tt szerz\u0151d\u00e9s.<\/p>\n<p style=\"text-align: center;\">Mindannak d\u00edjszab\u00e1sa is az ed\u00e9nyzet nagys\u00e1g\u00e1val ar\u00e1nyosan cs\u00f6kken:<\/p>\n<p style=\"text-align: center;\">110 l. &#8211; 367 Ft\/ alk.\u00a0 80 l. &#8211; 270 Ft\/ alk.\u00a0 60 l. &#8211; 200Ft\/ alk. Tov\u00e1bbi felvil\u00e1gos\u00edt\u00e1s: FBH-NP\u00a0 Vask\u00fat, Kossuth Lajos u. 90. Tel.:\u00a0 (79) 572 050, vagy Vask\u00fat k\u00fclter\u00fclet 0551\/2 &#8211; Telefon: 79\/524-821, Baja \u2013 Szabads\u00e1g utca 22. \u2013 420609<\/p>\n<p style=\"text-align: center;\">Mindezen el\u00e9rhet\u0151s\u00e9gek olvashat\u00f3ak a K\u00f6zs\u00e9gh\u00e1za el\u0151tti hirdet\u0151t\u00e1bl\u00e1nkon, \u00e9s a szolg\u00e1ltat\u00f3 sz\u00f3r\u00f3lapjain.<\/p>\n<p style=\"text-align: center;\"><strong><u>S\u00c1RGA FEDEL\u0170 KUK\u00c1K<\/u><\/strong><\/p>\n<p style=\"text-align: center;\">Aki v\u00e9letlen elmulasztotta s\u00e1rga fedel\u0171 kuk\u00e1j\u00e1nak \u00e1tv\u00e9tel\u00e9t Cs\u00e1volyon az erre biztos\u00edtott id\u0151szakban, annak tov\u00e1bbra is lehet\u0151s\u00e9ge van mindarra ingyenesen \u00e9l\u0151 szerz\u0151d\u00e9s ellen\u00e9ben a Hullad\u00e9klerak\u00f3 bajai vagy vask\u00fati irod\u00e1j\u00e1ban.<\/p>\n<p style=\"text-align: center;\">S\u00e1rga fedel\u0171 kuk\u00e1ba a biol\u00f3giailag nem leboml\u00f3 (szervetlen) hullad\u00e9k helyezhet\u0151 (m\u0171anyagok, pap\u00edrok\u2026stb.<\/p>\n<p style=\"text-align: center;\">A \u201ehagyom\u00e1nyos fekete fedel\u0171 kuk\u00e1ba a biol\u00f3giailag leboml\u00f3, szerves hullad\u00e9kot lehet helyezni.<\/p>\n<p style=\"text-align: center;\">A s\u00e1rga fedel\u0171 kuka \u00fcr\u00edt\u00e9s\u00e9re k\u00e9thetente, a fekete fedel\u0171 kuka \u00fcr\u00edt\u00e9s\u00e9re hetente ker\u00fcl,<\/p>\n<p style=\"text-align: center;\">MINDKETT\u0150 ESET\u00c9BEN H\u00c9TF\u0150I NAPKON!<\/p>\n<p>&nbsp;<\/p>\n<p style=\"text-align: center;\"><strong><u>JOGSZAB\u00c1LY \u00c9S EL\u0150\u00cdR\u00c1S<\/u><\/strong><\/p>\n<p style=\"text-align: center;\">Azon h\u00e1ztar\u00e1sok sz\u00e1m\u00e1ra, amelyek m\u00e9g nem rendelkeznek \u00e9rv\u00e9nyes hullad\u00e9kgazd\u00e1lkod\u00e1si szerz\u0151d\u00e9ssel, a szolg\u00e1ltat\u00f3 tov\u00e1bbra is lehet\u0151s\u00e9get ny\u00fajt (ami egy\u00e9bk\u00e9nt t\u00f6rv\u00e9nyi k\u00f6telezetts\u00e9g is egyben) mindannak megk\u00f6t\u00e9s\u00e9re. A szerz\u0151d\u00e9sk\u00f6t\u00e9s tov\u00e1bbra is ingyenes!<\/p>\n<p>&nbsp;<\/p>\n<p style=\"text-align: center;\"><strong>Egyszeri, nagyobb mennyis\u00e9g\u0171 hullad\u00e9k eset\u00e9ben term\u00e9szetesen lehet\u0151s\u00e9ge van mindenkinek k\u00fcl\u00f6n d\u00edjaz\u00e1s \u00e9s erre vonatkoz\u00f3 szab\u00e1lyok betart\u00e1sa mellett kont\u00e9nert b\u00e9relni ugyanezen szolg\u00e1ltat\u00f3n\u00e1l!<\/strong><\/p>\n<p style=\"text-align: center;\"><strong><span style=\"color: #008000;\"><em><u>Fels\u0151-B\u00e1cskai<\/u><\/em><\/span><\/strong><\/p>\n<p style=\"text-align: center;\"><strong><span style=\"color: #008000;\"><em><u>Hullad\u00e9kgazd\u00e1lkod\u00e1si Kft.<\/u><\/em> \u2003<\/span><\/strong><\/p>\n<p style=\"text-align: center;\"><strong><span style=\"color: #008000;\">C\u00edm: 6521 Vask\u00fat, Kossuth Lajos u. 90<\/span><\/strong><\/p>\n<p style=\"text-align: center;\"><strong><span style=\"color: #008000;\">Telefon:(79) 572 050<\/span><\/strong><\/p>\n<p style=\"text-align: center;\"><strong><span style=\"color: #008000;\">Nyitva tart\u00e1s<\/span><\/strong><\/p>\n<p style=\"text-align: center;\"><strong><span style=\"color: #008000;\">h\u00e9tf\u0151 &#8211; 08:00-18:00<\/span><\/strong><\/p>\n<p style=\"text-align: center;\"><strong><span style=\"color: #008000;\">kedd &#8211; 08:00-18:00<\/span><\/strong><\/p>\n<p style=\"text-align: center;\"><strong><span style=\"color: #008000;\">szerda &#8211; 08:00-18:00<\/span><\/strong><\/p>\n<p style=\"text-align: center;\"><strong><span style=\"color: #008000;\">cs\u00fct\u00f6rt\u00f6k &#8211; 08:00-18:00<\/span><\/strong><\/p>\n<p style=\"text-align: center;\"><strong><span style=\"color: #008000;\">p\u00e9ntek &#8211; 08:00-18:00<\/span><\/strong><\/p>\n<p style=\"text-align: center;\"><strong><span style=\"color: #008000;\">szombat &#8211; 08:00-16:00<\/span><\/strong><\/p>\n<p style=\"text-align: center;\"><strong><span style=\"color: #008000;\">vas\u00e1rnap \u2013 Z\u00e1rva<\/span><\/strong><\/p>\n<p style=\"text-align: center;\"><strong><span style=\"color: #000080;\"><em><u>Bajai hullad\u00e9kudvar<\/u><\/em><\/span><\/strong><\/p>\n<p style=\"text-align: center;\"><strong><span style=\"color: #000080;\">C\u00edm: 6500 Baja, Bokodi \u00fat 10020\/8.<\/span><\/strong><\/p>\n<p style=\"text-align: center;\"><strong><span style=\"color: #000080;\">Telefon: +36 20 325 99 76<\/span><\/strong><\/p>\n<p style=\"text-align: center;\"><strong><span style=\"color: #000080;\">Nyitva tart\u00e1s:<\/span><\/strong><\/p>\n<p style=\"text-align: center;\"><strong><span style=\"color: #000080;\">h\u00e9tf\u0151 &#8211; Z\u00e1rva<\/span><\/strong><\/p>\n<p style=\"text-align: center;\"><strong><span style=\"color: #000080;\">kedd &#8211; 14:00-17:00<\/span><\/strong><\/p>\n<p style=\"text-align: center;\"><strong><span style=\"color: #000080;\">szerda &#8211; Z\u00e1rva<\/span><\/strong><\/p>\n<p style=\"text-align: center;\"><strong><span style=\"color: #000080;\">cs\u00fct\u00f6rt\u00f6k &#8211; 14:00-17:00<\/span><\/strong><\/p>\n<p style=\"text-align: center;\"><strong><span style=\"color: #000080;\">p\u00e9ntek &#8211; 08:00-12:00<\/span><\/strong><\/p>\n<p style=\"text-align: center;\"><strong><span style=\"color: #000080;\">szombat &#8211; 07:00-11:00<\/span><\/strong><\/p>\n<p style=\"text-align: center;\"><strong><span style=\"color: #000080;\">vas\u00e1rnap &#8211; Z\u00e1rva<\/span><\/strong><\/p>\n<div class=\"pvc_clear\"><\/div>\n<p id=\"pvc_stats_800\" class=\"pvc_stats all  \" data-element-id=\"800\" style=\"\"><i class=\"pvc-stats-icon medium\" aria-hidden=\"true\"><svg aria-hidden=\"true\" focusable=\"false\" data-prefix=\"far\" data-icon=\"chart-bar\" role=\"img\" xmlns=\"http:\/\/www.w3.org\/2000\/svg\" viewBox=\"0 0 512 512\" class=\"svg-inline--fa fa-chart-bar fa-w-16 fa-2x\"><path fill=\"currentColor\" d=\"M396.8 352h22.4c6.4 0 12.8-6.4 12.8-12.8V108.8c0-6.4-6.4-12.8-12.8-12.8h-22.4c-6.4 0-12.8 6.4-12.8 12.8v230.4c0 6.4 6.4 12.8 12.8 12.8zm-192 0h22.4c6.4 0 12.8-6.4 12.8-12.8V140.8c0-6.4-6.4-12.8-12.8-12.8h-22.4c-6.4 0-12.8 6.4-12.8 12.8v198.4c0 6.4 6.4 12.8 12.8 12.8zm96 0h22.4c6.4 0 12.8-6.4 12.8-12.8V204.8c0-6.4-6.4-12.8-12.8-12.8h-22.4c-6.4 0-12.8 6.4-12.8 12.8v134.4c0 6.4 6.4 12.8 12.8 12.8zM496 400H48V80c0-8.84-7.16-16-16-16H16C7.16 64 0 71.16 0 80v336c0 17.67 14.33 32 32 32h464c8.84 0 16-7.16 16-16v-16c0-8.84-7.16-16-16-16zm-387.2-48h22.4c6.4 0 12.8-6.4 12.8-12.8v-70.4c0-6.4-6.4-12.8-12.8-12.8h-22.4c-6.4 0-12.8 6.4-12.8 12.8v70.4c0 6.4 6.4 12.8 12.8 12.8z\" class=\"\"><\/path><\/svg><\/i> <img loading=\"lazy\" decoding=\"async\" width=\"16\" height=\"16\" alt=\"Loading\" src=\"https:\/\/csavoly.hu\/wp\/wp-content\/plugins\/page-views-count\/ajax-loader-2x.gif\" border=0 \/><\/p>\n<div class=\"pvc_clear\"><\/div>\n","protected":false},"excerpt":{"rendered":"<p>FONTOS TUDNI, HOGY A K\u00d6VETKEZ\u0150 SZOLG\u00c1LAT\u00c1SOK MINDEGYIKE \u00c9L\u0150 HULLAD\u00c9KGAZD\u00c1LKOD\u00c1SI SZERZ\u0150D\u00c9S ALAPJ\u00c1N TELJESEN INGYENES, PLUSZ K\u00d6LTS\u00c9GET NEM JELENT!!!!!! AZ \u00c9VENK\u00c9NTI 2 ALKALOMMAL T\u00d6RT\u00c9N\u0150 TELEFONON EL\u0150RE EGYEZTETETT LOMTALAN\u00cdT\u00c1S 4 HETENTE MEGJELEN\u0150 Z\u00d6LDJ\u00c1RAT IG\u00c9NYBE V\u00c9TELE AZ ERRE A C\u00c9LRA GY\u00c1RTOTT BIOL\u00d3GIAILAG LEBOML\u00d3 ZS\u00c1KOK IG\u00c9NYBEV\u00c9TEL\u00c9VEL EGY\u00dcTT VESZ\u00c9LYES HULLAD\u00c9KOK LEAD\u00c1SA A (BAJAI) TELEPHELYRE \u2013 LIMIT\u00c1LT MENNYIS\u00c9GBEN \u00c1TT\u00c9R\u00c9S KISEBB ED\u00c9NYZETRE (KIV\u00c9VE &hellip; <a href=\"https:\/\/csavoly.hu\/wp\/?page_id=800\" class=\"more-link\"><span class=\"screen-reader-text\">Szem\u00e9tsz\u00e1ll\u00edt\u00e1s<\/span> b\u0151vebben&#8230; <span class=\"meta-nav\">&rarr;<\/span><\/a><\/p>\n<div class=\"pvc_clear\"><\/div>\n<p id=\"pvc_stats_800\" class=\"pvc_stats all  \" data-element-id=\"800\" style=\"\"><i class=\"pvc-stats-icon medium\" aria-hidden=\"true\"><svg aria-hidden=\"true\" focusable=\"false\" data-prefix=\"far\" data-icon=\"chart-bar\" role=\"img\" xmlns=\"http:\/\/www.w3.org\/2000\/svg\" viewBox=\"0 0 512 512\" class=\"svg-inline--fa fa-chart-bar fa-w-16 fa-2x\"><path fill=\"currentColor\" d=\"M396.8 352h22.4c6.4 0 12.8-6.4 12.8-12.8V108.8c0-6.4-6.4-12.8-12.8-12.8h-22.4c-6.4 0-12.8 6.4-12.8 12.8v230.4c0 6.4 6.4 12.8 12.8 12.8zm-192 0h22.4c6.4 0 12.8-6.4 12.8-12.8V140.8c0-6.4-6.4-12.8-12.8-12.8h-22.4c-6.4 0-12.8 6.4-12.8 12.8v198.4c0 6.4 6.4 12.8 12.8 12.8zm96 0h22.4c6.4 0 12.8-6.4 12.8-12.8V204.8c0-6.4-6.4-12.8-12.8-12.8h-22.4c-6.4 0-12.8 6.4-12.8 12.8v134.4c0 6.4 6.4 12.8 12.8 12.8zM496 400H48V80c0-8.84-7.16-16-16-16H16C7.16 64 0 71.16 0 80v336c0 17.67 14.33 32 32 32h464c8.84 0 16-7.16 16-16v-16c0-8.84-7.16-16-16-16zm-387.2-48h22.4c6.4 0 12.8-6.4 12.8-12.8v-70.4c0-6.4-6.4-12.8-12.8-12.8h-22.4c-6.4 0-12.8 6.4-12.8 12.8v70.4c0 6.4 6.4 12.8 12.8 12.8z\" class=\"\"><\/path><\/svg><\/i> <img loading=\"lazy\" decoding=\"async\" width=\"16\" height=\"16\" alt=\"Loading\" src=\"https:\/\/csavoly.hu\/wp\/wp-content\/plugins\/page-views-count\/ajax-loader-2x.gif\" border=0 \/><\/p>\n<div class=\"pvc_clear\"><\/div>\n","protected":false},"author":3,"featured_media":0,"parent":0,"menu_order":0,"comment_status":"closed","ping_status":"closed","template":"","meta":{"footnotes":""},"class_list":["post-800","page","type-page","status-publish","hentry"],"_links":{"self":[{"href":"https:\/\/csavoly.hu\/wp\/index.php?rest_route=\/wp\/v2\/pages\/800"}],"collection":[{"href":"https:\/\/csavoly.hu\/wp\/index.php?rest_route=\/wp\/v2\/pages"}],"about":[{"href":"https:\/\/csavoly.hu\/wp\/index.php?rest_route=\/wp\/v2\/types\/page"}],"author":[{"embeddable":true,"href":"https:\/\/csavoly.hu\/wp\/index.php?rest_route=\/wp\/v2\/users\/3"}],"replies":[{"embeddable":true,"href":"https:\/\/csavoly.hu\/wp\/index.php?rest_route=%2Fwp%2Fv2%2Fcomments&post=800"}],"version-history":[{"count":1,"href":"https:\/\/csavoly.hu\/wp\/index.php?rest_route=\/wp\/v2\/pages\/800\/revisions"}],"predecessor-version":[{"id":1643,"href":"https:\/\/csavoly.hu\/wp\/index.php?rest_route=\/wp\/v2\/pages\/800\/revisions\/1643"}],"wp:attachment":[{"href":"https:\/\/csavoly.hu\/wp\/index.php?rest_route=%2Fwp%2Fv2%2Fmedia&parent=800"}],"curies":[{"name":"wp","href":"https:\/\/api.w.org\/{rel}","templated":true}]}}