{"id":8043,"date":"2025-10-15T06:49:08","date_gmt":"2025-10-15T04:49:08","guid":{"rendered":"https:\/\/csavoly.hu\/wp\/?page_id=8043"},"modified":"2026-05-06T13:35:40","modified_gmt":"2026-05-06T11:35:40","slug":"mozogj-velunk","status":"publish","type":"page","link":"https:\/\/csavoly.hu\/wp\/?page_id=8043","title":{"rendered":"Mozogj vel\u00fcnk!"},"content":{"rendered":"\n<p><a href=\"https:\/\/csavoly.hu\/wp\/?page_id=8040\">2025. okt\u00f3ber 10. <\/a><\/p>\n\n\n\n<p><a href=\"https:\/\/csavoly.hu\/wp\/?page_id=8047\">2025. okt\u00f3ber 15.<\/a><\/p>\n\n\n\n<p><a href=\"https:\/\/csavoly.hu\/wp\/?page_id=8165\">2025. november 5.<\/a><\/p>\n\n\n\n<p><a href=\"https:\/\/csavoly.hu\/wp\/?page_id=8231\">2025. november 19. <\/a><\/p>\n\n\n\n<p><a href=\"https:\/\/csavoly.hu\/wp\/?page_id=8317\">2025. december 3.<\/a><\/p>\n\n\n\n<p><a href=\"https:\/\/csavoly.hu\/wp\/?page_id=8403\">2026. janu\u00e1r. 07.<\/a><\/p>\n\n\n\n<p><a href=\"https:\/\/csavoly.hu\/wp\/?page_id=8422\">2026. janu\u00e1r 21.<\/a><\/p>\n\n\n\n<p><a href=\"https:\/\/csavoly.hu\/wp\/?page_id=8535\">2026. febru\u00e1r 04.<\/a><\/p>\n\n\n\n<p><a href=\"https:\/\/csavoly.hu\/wp\/?page_id=8585\">2026. febru\u00e1r 18.<\/a><\/p>\n\n\n\n<p><a href=\"https:\/\/csavoly.hu\/wp\/?page_id=8744\">2026. m\u00e1rcius 4.<\/a><\/p>\n\n\n\n<p><a href=\"https:\/\/csavoly.hu\/wp\/?page_id=8807\">2026. m\u00e1rcuis 18.<\/a><\/p>\n\n\n\n<p><a href=\"https:\/\/csavoly.hu\/wp\/?page_id=8845\">2026. \u00e1prilis 01.<\/a><\/p>\n\n\n\n<p><a href=\"https:\/\/csavoly.hu\/wp\/?page_id=8849\">2026. \u00e1prilis 15.<\/a><\/p>\n\n\n\n<p><a href=\"https:\/\/csavoly.hu\/wp\/?page_id=8911\">2026 \u00e1prilis 29.<\/a><\/p>\n<div class=\"pvc_clear\"><\/div><p id=\"pvc_stats_8043\" class=\"pvc_stats all  \" data-element-id=\"8043\" style=\"\"><i class=\"pvc-stats-icon medium\" aria-hidden=\"true\"><svg aria-hidden=\"true\" focusable=\"false\" data-prefix=\"far\" data-icon=\"chart-bar\" role=\"img\" xmlns=\"http:\/\/www.w3.org\/2000\/svg\" viewBox=\"0 0 512 512\" class=\"svg-inline--fa fa-chart-bar fa-w-16 fa-2x\"><path fill=\"currentColor\" d=\"M396.8 352h22.4c6.4 0 12.8-6.4 12.8-12.8V108.8c0-6.4-6.4-12.8-12.8-12.8h-22.4c-6.4 0-12.8 6.4-12.8 12.8v230.4c0 6.4 6.4 12.8 12.8 12.8zm-192 0h22.4c6.4 0 12.8-6.4 12.8-12.8V140.8c0-6.4-6.4-12.8-12.8-12.8h-22.4c-6.4 0-12.8 6.4-12.8 12.8v198.4c0 6.4 6.4 12.8 12.8 12.8zm96 0h22.4c6.4 0 12.8-6.4 12.8-12.8V204.8c0-6.4-6.4-12.8-12.8-12.8h-22.4c-6.4 0-12.8 6.4-12.8 12.8v134.4c0 6.4 6.4 12.8 12.8 12.8zM496 400H48V80c0-8.84-7.16-16-16-16H16C7.16 64 0 71.16 0 80v336c0 17.67 14.33 32 32 32h464c8.84 0 16-7.16 16-16v-16c0-8.84-7.16-16-16-16zm-387.2-48h22.4c6.4 0 12.8-6.4 12.8-12.8v-70.4c0-6.4-6.4-12.8-12.8-12.8h-22.4c-6.4 0-12.8 6.4-12.8 12.8v70.4c0 6.4 6.4 12.8 12.8 12.8z\" class=\"\"><\/path><\/svg><\/i> <img loading=\"lazy\" decoding=\"async\" width=\"16\" height=\"16\" alt=\"Loading\" src=\"https:\/\/csavoly.hu\/wp\/wp-content\/plugins\/page-views-count\/ajax-loader-2x.gif\" border=0 \/><\/p><div class=\"pvc_clear\"><\/div>","protected":false},"excerpt":{"rendered":"<p>2025. okt\u00f3ber 10. 2025. okt\u00f3ber 15. 2025. november 5. 2025. november 19. 2025. december 3. 2026. janu\u00e1r. 07. 2026. janu\u00e1r 21. 2026. febru\u00e1r 04. 2026. febru\u00e1r 18. 2026. m\u00e1rcius 4. 2026. m\u00e1rcuis 18. 2026. \u00e1prilis 01. 2026. \u00e1prilis 15. 2026 \u00e1prilis 29.<\/p>\n<div class=\"pvc_clear\"><\/div>\n<p id=\"pvc_stats_8043\" class=\"pvc_stats all  \" data-element-id=\"8043\" style=\"\"><i class=\"pvc-stats-icon medium\" aria-hidden=\"true\"><svg aria-hidden=\"true\" focusable=\"false\" data-prefix=\"far\" data-icon=\"chart-bar\" role=\"img\" xmlns=\"http:\/\/www.w3.org\/2000\/svg\" viewBox=\"0 0 512 512\" class=\"svg-inline--fa fa-chart-bar fa-w-16 fa-2x\"><path fill=\"currentColor\" d=\"M396.8 352h22.4c6.4 0 12.8-6.4 12.8-12.8V108.8c0-6.4-6.4-12.8-12.8-12.8h-22.4c-6.4 0-12.8 6.4-12.8 12.8v230.4c0 6.4 6.4 12.8 12.8 12.8zm-192 0h22.4c6.4 0 12.8-6.4 12.8-12.8V140.8c0-6.4-6.4-12.8-12.8-12.8h-22.4c-6.4 0-12.8 6.4-12.8 12.8v198.4c0 6.4 6.4 12.8 12.8 12.8zm96 0h22.4c6.4 0 12.8-6.4 12.8-12.8V204.8c0-6.4-6.4-12.8-12.8-12.8h-22.4c-6.4 0-12.8 6.4-12.8 12.8v134.4c0 6.4 6.4 12.8 12.8 12.8zM496 400H48V80c0-8.84-7.16-16-16-16H16C7.16 64 0 71.16 0 80v336c0 17.67 14.33 32 32 32h464c8.84 0 16-7.16 16-16v-16c0-8.84-7.16-16-16-16zm-387.2-48h22.4c6.4 0 12.8-6.4 12.8-12.8v-70.4c0-6.4-6.4-12.8-12.8-12.8h-22.4c-6.4 0-12.8 6.4-12.8 12.8v70.4c0 6.4 6.4 12.8 12.8 12.8z\" class=\"\"><\/path><\/svg><\/i> <img loading=\"lazy\" decoding=\"async\" width=\"16\" height=\"16\" alt=\"Loading\" src=\"https:\/\/csavoly.hu\/wp\/wp-content\/plugins\/page-views-count\/ajax-loader-2x.gif\" border=0 \/><\/p>\n<div class=\"pvc_clear\"><\/div>\n","protected":false},"author":3,"featured_media":0,"parent":0,"menu_order":0,"comment_status":"closed","ping_status":"closed","template":"","meta":{"footnotes":""},"class_list":["post-8043","page","type-page","status-publish","hentry"],"_links":{"self":[{"href":"https:\/\/csavoly.hu\/wp\/index.php?rest_route=\/wp\/v2\/pages\/8043"}],"collection":[{"href":"https:\/\/csavoly.hu\/wp\/index.php?rest_route=\/wp\/v2\/pages"}],"about":[{"href":"https:\/\/csavoly.hu\/wp\/index.php?rest_route=\/wp\/v2\/types\/page"}],"author":[{"embeddable":true,"href":"https:\/\/csavoly.hu\/wp\/index.php?rest_route=\/wp\/v2\/users\/3"}],"replies":[{"embeddable":true,"href":"https:\/\/csavoly.hu\/wp\/index.php?rest_route=%2Fwp%2Fv2%2Fcomments&post=8043"}],"version-history":[{"count":16,"href":"https:\/\/csavoly.hu\/wp\/index.php?rest_route=\/wp\/v2\/pages\/8043\/revisions"}],"predecessor-version":[{"id":8920,"href":"https:\/\/csavoly.hu\/wp\/index.php?rest_route=\/wp\/v2\/pages\/8043\/revisions\/8920"}],"wp:attachment":[{"href":"https:\/\/csavoly.hu\/wp\/index.php?rest_route=%2Fwp%2Fv2%2Fmedia&parent=8043"}],"curies":[{"name":"wp","href":"https:\/\/api.w.org\/{rel}","templated":true}]}}