{"id":8066,"date":"2025-10-15T08:23:28","date_gmt":"2025-10-15T06:23:28","guid":{"rendered":"https:\/\/csavoly.hu\/wp\/?page_id=8066"},"modified":"2026-05-12T11:45:12","modified_gmt":"2026-05-12T09:45:12","slug":"tancoljunk-egyutt","status":"publish","type":"page","link":"https:\/\/csavoly.hu\/wp\/?page_id=8066","title":{"rendered":"T\u00e1ncoljunk egy\u00fctt"},"content":{"rendered":"\n<p class=\"has-medium-font-size\"><strong><a href=\"https:\/\/csavoly.hu\/wp\/?page_id=8057\">2025. okt\u00f3ber 13.<\/a><\/strong><\/p>\n\n\n\n<p class=\"has-medium-font-size\"><strong><a href=\"https:\/\/csavoly.hu\/wp\/?page_id=8071\">2025. okt\u00f3ber 22.<\/a><\/strong><\/p>\n\n\n\n<p class=\"has-medium-font-size\"><a href=\"https:\/\/csavoly.hu\/wp\/?page_id=8251\"><strong>2025. november 26. <\/strong><\/a><\/p>\n\n\n\n<p class=\"has-medium-font-size\"><strong><a href=\"https:\/\/csavoly.hu\/wp\/?page_id=8556\">2026. febru\u00e1r 11. <\/a><\/strong><\/p>\n\n\n\n<p class=\"has-medium-font-size\"><strong><a href=\"https:\/\/csavoly.hu\/wp\/?page_id=8580\">2026. febru\u00e1r 16.<\/a><\/strong><\/p>\n\n\n\n<p class=\"has-medium-font-size\"><strong><a href=\"https:\/\/csavoly.hu\/wp\/?page_id=8770\">2026. m\u00e1rcius 9. <\/a><\/strong><\/p>\n\n\n\n<p class=\"has-medium-font-size\"><strong><a href=\"https:\/\/csavoly.hu\/wp\/?page_id=8898\">2026. \u00e1prilis 22.<\/a><\/strong><\/p>\n\n\n\n<p class=\"has-medium-font-size\"><a href=\"https:\/\/csavoly.hu\/wp\/?page_id=8958\"><strong>2026. m\u00e1jus 11.<\/strong><\/a><\/p>\n\n\n\n<p class=\"has-medium-font-size\"><strong><a href=\"https:\/\/csavoly.hu\/wp\/?page_id=9071\">2026. j\u00fanius 08.<\/a><\/strong><\/p>\n\n\n\n<p class=\"has-medium-font-size\"><strong><a href=\"https:\/\/csavoly.hu\/wp\/?page_id=9074\">2026. szeptember 14.<\/a><\/strong><\/p>\n<div class=\"pvc_clear\"><\/div><p id=\"pvc_stats_8066\" class=\"pvc_stats all  \" data-element-id=\"8066\" style=\"\"><i class=\"pvc-stats-icon medium\" aria-hidden=\"true\"><svg aria-hidden=\"true\" focusable=\"false\" data-prefix=\"far\" data-icon=\"chart-bar\" role=\"img\" xmlns=\"http:\/\/www.w3.org\/2000\/svg\" viewBox=\"0 0 512 512\" class=\"svg-inline--fa fa-chart-bar fa-w-16 fa-2x\"><path fill=\"currentColor\" d=\"M396.8 352h22.4c6.4 0 12.8-6.4 12.8-12.8V108.8c0-6.4-6.4-12.8-12.8-12.8h-22.4c-6.4 0-12.8 6.4-12.8 12.8v230.4c0 6.4 6.4 12.8 12.8 12.8zm-192 0h22.4c6.4 0 12.8-6.4 12.8-12.8V140.8c0-6.4-6.4-12.8-12.8-12.8h-22.4c-6.4 0-12.8 6.4-12.8 12.8v198.4c0 6.4 6.4 12.8 12.8 12.8zm96 0h22.4c6.4 0 12.8-6.4 12.8-12.8V204.8c0-6.4-6.4-12.8-12.8-12.8h-22.4c-6.4 0-12.8 6.4-12.8 12.8v134.4c0 6.4 6.4 12.8 12.8 12.8zM496 400H48V80c0-8.84-7.16-16-16-16H16C7.16 64 0 71.16 0 80v336c0 17.67 14.33 32 32 32h464c8.84 0 16-7.16 16-16v-16c0-8.84-7.16-16-16-16zm-387.2-48h22.4c6.4 0 12.8-6.4 12.8-12.8v-70.4c0-6.4-6.4-12.8-12.8-12.8h-22.4c-6.4 0-12.8 6.4-12.8 12.8v70.4c0 6.4 6.4 12.8 12.8 12.8z\" class=\"\"><\/path><\/svg><\/i> <img loading=\"lazy\" decoding=\"async\" width=\"16\" height=\"16\" alt=\"Loading\" src=\"https:\/\/csavoly.hu\/wp\/wp-content\/plugins\/page-views-count\/ajax-loader-2x.gif\" border=0 \/><\/p><div class=\"pvc_clear\"><\/div>","protected":false},"excerpt":{"rendered":"<p>2025. okt\u00f3ber 13. 2025. okt\u00f3ber 22. 2025. november 26. 2026. febru\u00e1r 11. 2026. febru\u00e1r 16. 2026. m\u00e1rcius 9. 2026. \u00e1prilis 22. 2026. m\u00e1jus 11. 2026. j\u00fanius 08. 2026. szeptember 14.<\/p>\n<div class=\"pvc_clear\"><\/div>\n<p id=\"pvc_stats_8066\" class=\"pvc_stats all  \" data-element-id=\"8066\" style=\"\"><i class=\"pvc-stats-icon medium\" aria-hidden=\"true\"><svg aria-hidden=\"true\" focusable=\"false\" data-prefix=\"far\" data-icon=\"chart-bar\" role=\"img\" xmlns=\"http:\/\/www.w3.org\/2000\/svg\" viewBox=\"0 0 512 512\" class=\"svg-inline--fa fa-chart-bar fa-w-16 fa-2x\"><path fill=\"currentColor\" d=\"M396.8 352h22.4c6.4 0 12.8-6.4 12.8-12.8V108.8c0-6.4-6.4-12.8-12.8-12.8h-22.4c-6.4 0-12.8 6.4-12.8 12.8v230.4c0 6.4 6.4 12.8 12.8 12.8zm-192 0h22.4c6.4 0 12.8-6.4 12.8-12.8V140.8c0-6.4-6.4-12.8-12.8-12.8h-22.4c-6.4 0-12.8 6.4-12.8 12.8v198.4c0 6.4 6.4 12.8 12.8 12.8zm96 0h22.4c6.4 0 12.8-6.4 12.8-12.8V204.8c0-6.4-6.4-12.8-12.8-12.8h-22.4c-6.4 0-12.8 6.4-12.8 12.8v134.4c0 6.4 6.4 12.8 12.8 12.8zM496 400H48V80c0-8.84-7.16-16-16-16H16C7.16 64 0 71.16 0 80v336c0 17.67 14.33 32 32 32h464c8.84 0 16-7.16 16-16v-16c0-8.84-7.16-16-16-16zm-387.2-48h22.4c6.4 0 12.8-6.4 12.8-12.8v-70.4c0-6.4-6.4-12.8-12.8-12.8h-22.4c-6.4 0-12.8 6.4-12.8 12.8v70.4c0 6.4 6.4 12.8 12.8 12.8z\" class=\"\"><\/path><\/svg><\/i> <img loading=\"lazy\" decoding=\"async\" width=\"16\" height=\"16\" alt=\"Loading\" src=\"https:\/\/csavoly.hu\/wp\/wp-content\/plugins\/page-views-count\/ajax-loader-2x.gif\" border=0 \/><\/p>\n<div class=\"pvc_clear\"><\/div>\n","protected":false},"author":3,"featured_media":0,"parent":0,"menu_order":0,"comment_status":"closed","ping_status":"closed","template":"","meta":{"footnotes":""},"class_list":["post-8066","page","type-page","status-publish","hentry"],"_links":{"self":[{"href":"https:\/\/csavoly.hu\/wp\/index.php?rest_route=\/wp\/v2\/pages\/8066"}],"collection":[{"href":"https:\/\/csavoly.hu\/wp\/index.php?rest_route=\/wp\/v2\/pages"}],"about":[{"href":"https:\/\/csavoly.hu\/wp\/index.php?rest_route=\/wp\/v2\/types\/page"}],"author":[{"embeddable":true,"href":"https:\/\/csavoly.hu\/wp\/index.php?rest_route=\/wp\/v2\/users\/3"}],"replies":[{"embeddable":true,"href":"https:\/\/csavoly.hu\/wp\/index.php?rest_route=%2Fwp%2Fv2%2Fcomments&post=8066"}],"version-history":[{"count":16,"href":"https:\/\/csavoly.hu\/wp\/index.php?rest_route=\/wp\/v2\/pages\/8066\/revisions"}],"predecessor-version":[{"id":9076,"href":"https:\/\/csavoly.hu\/wp\/index.php?rest_route=\/wp\/v2\/pages\/8066\/revisions\/9076"}],"wp:attachment":[{"href":"https:\/\/csavoly.hu\/wp\/index.php?rest_route=%2Fwp%2Fv2%2Fmedia&parent=8066"}],"curies":[{"name":"wp","href":"https:\/\/api.w.org\/{rel}","templated":true}]}}