{"id":841,"date":"2017-06-07T11:28:42","date_gmt":"2017-06-07T11:28:42","guid":{"rendered":"http:\/\/csavoly.hu\/wp\/?page_id=841"},"modified":"2017-06-07T11:55:36","modified_gmt":"2017-06-07T11:55:36","slug":"uj-hivatal-atado","status":"publish","type":"page","link":"https:\/\/csavoly.hu\/wp\/?page_id=841","title":{"rendered":"\u00daJ HIVATAL \u00c1TAD\u00d3"},"content":{"rendered":"<p><a href=\"http:\/\/zsigorobert.hu\/baja-es-ter\u2026\/regi-pompajaban-tundokol\/\">http:\/\/zsigorobert.hu\/baja-es-ter\u2026\/regi-pompajaban-tundokol\/<\/a><\/p>\n<p><a href=\"https:\/\/www.facebook.com\/zsigorobert\/posts\/1212879918823529\">https:\/\/www.facebook.com\/zsigorobert\/posts\/1212879918823529<\/a><\/p>\n<p><a href=\"https:\/\/www.youtube.com\/watch?v=WJmYX55zBNc\">https:\/\/www.youtube.com\/watch?v=WJmYX55zBNc<\/a><\/p>\n<p><a href=\"http:\/\/sugopart.hu\/kozelet\/uj-epuletbe-koltozott-a-csavolyi-onkormanyzat\">http:\/\/sugopart.hu\/kozelet\/uj-epuletbe-koltozott-a-csavolyi-onkormanyzat<\/a><\/p>\n<p><a href=\"https:\/\/www.facebook.com\/kovacs.gabor.5832\/posts\/968316196605248\">https:\/\/www.facebook.com\/kovacs.gabor.5832\/posts\/968316196605248<\/a><\/p>\n<p><a href=\"http:\/\/www.baon.hu\/bacs-kiskun\/kozelet\/kereskedocsalade-volt-a-kozseghaza-728683\/\">http:\/\/www.baon.hu\/bacs-kiskun\/kozelet\/kereskedocsalade-volt-a-kozseghaza-728683\/<\/a><\/p>\n<p><a href=\"http:\/\/baja.hu\/index.php\/aktualis-hirek\/item\/5887-uj-epuletben-az-onkormanyzat\">http:\/\/baja.hu\/index.php\/aktualis-hirek\/item\/5887-uj-epuletben-az-onkormanyzat<\/a><\/p>\n<p>&nbsp;<\/p>\n<p>Pet\u0151fi N\u00e9pe m\u00e1jus 27-i, szombati sz\u00e1m\u00e1nak 2. oldala<\/p>\n<div class=\"pvc_clear\"><\/div>\n<p id=\"pvc_stats_841\" class=\"pvc_stats all  \" data-element-id=\"841\" style=\"\"><i class=\"pvc-stats-icon medium\" aria-hidden=\"true\"><svg aria-hidden=\"true\" focusable=\"false\" data-prefix=\"far\" data-icon=\"chart-bar\" role=\"img\" xmlns=\"http:\/\/www.w3.org\/2000\/svg\" viewBox=\"0 0 512 512\" class=\"svg-inline--fa fa-chart-bar fa-w-16 fa-2x\"><path fill=\"currentColor\" d=\"M396.8 352h22.4c6.4 0 12.8-6.4 12.8-12.8V108.8c0-6.4-6.4-12.8-12.8-12.8h-22.4c-6.4 0-12.8 6.4-12.8 12.8v230.4c0 6.4 6.4 12.8 12.8 12.8zm-192 0h22.4c6.4 0 12.8-6.4 12.8-12.8V140.8c0-6.4-6.4-12.8-12.8-12.8h-22.4c-6.4 0-12.8 6.4-12.8 12.8v198.4c0 6.4 6.4 12.8 12.8 12.8zm96 0h22.4c6.4 0 12.8-6.4 12.8-12.8V204.8c0-6.4-6.4-12.8-12.8-12.8h-22.4c-6.4 0-12.8 6.4-12.8 12.8v134.4c0 6.4 6.4 12.8 12.8 12.8zM496 400H48V80c0-8.84-7.16-16-16-16H16C7.16 64 0 71.16 0 80v336c0 17.67 14.33 32 32 32h464c8.84 0 16-7.16 16-16v-16c0-8.84-7.16-16-16-16zm-387.2-48h22.4c6.4 0 12.8-6.4 12.8-12.8v-70.4c0-6.4-6.4-12.8-12.8-12.8h-22.4c-6.4 0-12.8 6.4-12.8 12.8v70.4c0 6.4 6.4 12.8 12.8 12.8z\" class=\"\"><\/path><\/svg><\/i> <img loading=\"lazy\" decoding=\"async\" width=\"16\" height=\"16\" alt=\"Loading\" src=\"https:\/\/csavoly.hu\/wp\/wp-content\/plugins\/page-views-count\/ajax-loader-2x.gif\" border=0 \/><\/p>\n<div class=\"pvc_clear\"><\/div>\n","protected":false},"excerpt":{"rendered":"<p>http:\/\/zsigorobert.hu\/baja-es-ter\u2026\/regi-pompajaban-tundokol\/ https:\/\/www.facebook.com\/zsigorobert\/posts\/1212879918823529 https:\/\/www.youtube.com\/watch?v=WJmYX55zBNc http:\/\/sugopart.hu\/kozelet\/uj-epuletbe-koltozott-a-csavolyi-onkormanyzat https:\/\/www.facebook.com\/kovacs.gabor.5832\/posts\/968316196605248 http:\/\/www.baon.hu\/bacs-kiskun\/kozelet\/kereskedocsalade-volt-a-kozseghaza-728683\/ http:\/\/baja.hu\/index.php\/aktualis-hirek\/item\/5887-uj-epuletben-az-onkormanyzat &nbsp; Pet\u0151fi N\u00e9pe m\u00e1jus 27-i, szombati sz\u00e1m\u00e1nak 2. oldala<\/p>\n<div class=\"pvc_clear\"><\/div>\n<p id=\"pvc_stats_841\" class=\"pvc_stats all  \" data-element-id=\"841\" style=\"\"><i class=\"pvc-stats-icon medium\" aria-hidden=\"true\"><svg aria-hidden=\"true\" focusable=\"false\" data-prefix=\"far\" data-icon=\"chart-bar\" role=\"img\" xmlns=\"http:\/\/www.w3.org\/2000\/svg\" viewBox=\"0 0 512 512\" class=\"svg-inline--fa fa-chart-bar fa-w-16 fa-2x\"><path fill=\"currentColor\" d=\"M396.8 352h22.4c6.4 0 12.8-6.4 12.8-12.8V108.8c0-6.4-6.4-12.8-12.8-12.8h-22.4c-6.4 0-12.8 6.4-12.8 12.8v230.4c0 6.4 6.4 12.8 12.8 12.8zm-192 0h22.4c6.4 0 12.8-6.4 12.8-12.8V140.8c0-6.4-6.4-12.8-12.8-12.8h-22.4c-6.4 0-12.8 6.4-12.8 12.8v198.4c0 6.4 6.4 12.8 12.8 12.8zm96 0h22.4c6.4 0 12.8-6.4 12.8-12.8V204.8c0-6.4-6.4-12.8-12.8-12.8h-22.4c-6.4 0-12.8 6.4-12.8 12.8v134.4c0 6.4 6.4 12.8 12.8 12.8zM496 400H48V80c0-8.84-7.16-16-16-16H16C7.16 64 0 71.16 0 80v336c0 17.67 14.33 32 32 32h464c8.84 0 16-7.16 16-16v-16c0-8.84-7.16-16-16-16zm-387.2-48h22.4c6.4 0 12.8-6.4 12.8-12.8v-70.4c0-6.4-6.4-12.8-12.8-12.8h-22.4c-6.4 0-12.8 6.4-12.8 12.8v70.4c0 6.4 6.4 12.8 12.8 12.8z\" class=\"\"><\/path><\/svg><\/i> <img loading=\"lazy\" decoding=\"async\" width=\"16\" height=\"16\" alt=\"Loading\" src=\"https:\/\/csavoly.hu\/wp\/wp-content\/plugins\/page-views-count\/ajax-loader-2x.gif\" border=0 \/><\/p>\n<div class=\"pvc_clear\"><\/div>\n","protected":false},"author":3,"featured_media":0,"parent":0,"menu_order":0,"comment_status":"closed","ping_status":"closed","template":"","meta":{"footnotes":""},"class_list":["post-841","page","type-page","status-publish","hentry"],"_links":{"self":[{"href":"https:\/\/csavoly.hu\/wp\/index.php?rest_route=\/wp\/v2\/pages\/841"}],"collection":[{"href":"https:\/\/csavoly.hu\/wp\/index.php?rest_route=\/wp\/v2\/pages"}],"about":[{"href":"https:\/\/csavoly.hu\/wp\/index.php?rest_route=\/wp\/v2\/types\/page"}],"author":[{"embeddable":true,"href":"https:\/\/csavoly.hu\/wp\/index.php?rest_route=\/wp\/v2\/users\/3"}],"replies":[{"embeddable":true,"href":"https:\/\/csavoly.hu\/wp\/index.php?rest_route=%2Fwp%2Fv2%2Fcomments&post=841"}],"version-history":[{"count":0,"href":"https:\/\/csavoly.hu\/wp\/index.php?rest_route=\/wp\/v2\/pages\/841\/revisions"}],"wp:attachment":[{"href":"https:\/\/csavoly.hu\/wp\/index.php?rest_route=%2Fwp%2Fv2%2Fmedia&parent=841"}],"curies":[{"name":"wp","href":"https:\/\/api.w.org\/{rel}","templated":true}]}}