{"id":898,"date":"2017-07-28T08:52:21","date_gmt":"2017-07-28T08:52:21","guid":{"rendered":"http:\/\/csavoly.hu\/wp\/?page_id=898"},"modified":"2020-05-12T09:13:35","modified_gmt":"2020-05-12T07:13:35","slug":"nyilvantartasok","status":"publish","type":"page","link":"https:\/\/csavoly.hu\/wp\/?page_id=898","title":{"rendered":"Nyilv\u00e1ntart\u00e1sok"},"content":{"rendered":"<h2><a href=\"https:\/\/csavoly.hu\/wp\/wp-content\/uploads\/2017\/07\/Telepenged\u00e9lyek-nyilv\u00e1ntart\u00e1sa.docx\">Telepenged\u00e9lyek nyilv\u00e1ntart\u00e1sa<\/a><\/h2>\n<p>&nbsp;<\/p>\n<h2><a href=\"https:\/\/csavoly.hu\/wp\/wp-content\/uploads\/2017\/07\/Kereskedelmi-tev\u00e9kenys\u00e9gek-nyilv\u00e1ntart\u00e1sa.docx\">Kereskedelmi tev\u00e9kenys\u00e9gek nyilv\u00e1ntart\u00e1sa<\/a><\/h2>\n<p>&nbsp;<\/p>\n","protected":false},"excerpt":{"rendered":"<p>Telepenged\u00e9lyek nyilv\u00e1ntart\u00e1sa &nbsp; Kereskedelmi tev\u00e9kenys\u00e9gek nyilv\u00e1ntart\u00e1sa &nbsp;<\/p>\n","protected":false},"author":3,"featured_media":0,"parent":0,"menu_order":0,"comment_status":"closed","ping_status":"closed","template":"","meta":{"footnotes":""},"class_list":["post-898","page","type-page","status-publish","hentry"],"_links":{"self":[{"href":"https:\/\/csavoly.hu\/wp\/index.php?rest_route=\/wp\/v2\/pages\/898"}],"collection":[{"href":"https:\/\/csavoly.hu\/wp\/index.php?rest_route=\/wp\/v2\/pages"}],"about":[{"href":"https:\/\/csavoly.hu\/wp\/index.php?rest_route=\/wp\/v2\/types\/page"}],"author":[{"embeddable":true,"href":"https:\/\/csavoly.hu\/wp\/index.php?rest_route=\/wp\/v2\/users\/3"}],"replies":[{"embeddable":true,"href":"https:\/\/csavoly.hu\/wp\/index.php?rest_route=%2Fwp%2Fv2%2Fcomments&post=898"}],"version-history":[{"count":2,"href":"https:\/\/csavoly.hu\/wp\/index.php?rest_route=\/wp\/v2\/pages\/898\/revisions"}],"predecessor-version":[{"id":5242,"href":"https:\/\/csavoly.hu\/wp\/index.php?rest_route=\/wp\/v2\/pages\/898\/revisions\/5242"}],"wp:attachment":[{"href":"https:\/\/csavoly.hu\/wp\/index.php?rest_route=%2Fwp%2Fv2%2Fmedia&parent=898"}],"curies":[{"name":"wp","href":"https:\/\/api.w.org\/{rel}","templated":true}]}}